{"id":8705,"date":"2026-04-10T21:47:44","date_gmt":"2026-04-10T18:47:44","guid":{"rendered":"https:\/\/rubikap.com\/?post_type=product&#038;p=8705"},"modified":"2026-04-10T22:18:43","modified_gmt":"2026-04-10T19:18:43","slug":"fp-bes-002-wastespresso-pipet-24x8-mm","status":"publish","type":"product","link":"https:\/\/rubikap.com\/en\/product\/fp-bes-002-wastespresso-pipet-24x8-mm\/","title":{"rendered":"FP-BES-002 Wastespresso Pipet 24&#215;8 mm"},"content":{"rendered":"<p><strong>Wastespresso<\/strong> ile S\u00fcrd\u00fcr\u00fclebilirlik. Kahve \u00c7ekirde\u011fi &#8211; M\u0131s\u0131r Ni\u015fastas\u0131 kar\u0131\u015f\u0131m\u0131 %100 biyobozunur s\u0131f\u0131r at\u0131k, s\u0131f\u0131r mikroplastik.<\/p>","protected":false},"excerpt":{"rendered":"<table class=\"woocommerce-product-attributes shop_attributes\" aria-label=\"\u00dcr\u00fcn Ayr\u0131nt\u0131lar\u0131\">\n<tbody>\n<tr class=\"woocommerce-product-attributes-item woocommerce-product-attributes-item--attribute_stok-kodu\">\n<th class=\"woocommerce-product-attributes-item__label\" scope=\"row\">STOCK CODE<\/th>\n<td class=\"woocommerce-product-attributes-item__value\">FP-BES-002<\/td>\n<\/tr>\n<tr class=\"woocommerce-product-attributes-item woocommerce-product-attributes-item--attribute_max-%c3%a7ap\">\n<th class=\"woocommerce-product-attributes-item__label\" scope=\"row\">MAX. DIAMETER<\/th>\n<td class=\"woocommerce-product-attributes-item__value\">8mm<\/td>\n<\/tr>\n<tr class=\"woocommerce-product-attributes-item woocommerce-product-attributes-item--attribute_y%c3%bckseklik\">\n<th class=\"woocommerce-product-attributes-item__label\" scope=\"row\">HEIGHT<\/th>\n<td class=\"woocommerce-product-attributes-item__value\">240mm<\/td>\n<\/tr>\n<tr class=\"woocommerce-product-attributes-item woocommerce-product-attributes-item--attribute_materyal\">\n<th class=\"woocommerce-product-attributes-item__label\" scope=\"row\">MATERIAL<\/th>\n<td class=\"woocommerce-product-attributes-item__value\">Cornstarch with Coffee Ground<\/td>\n<\/tr>\n<tr class=\"woocommerce-product-attributes-item woocommerce-product-attributes-item--attribute_koli-i%cc%87%c3%a7i-adet\">\n<th class=\"woocommerce-product-attributes-item__label\" scope=\"row\">QTY PCS IN BOX<\/th>\n<td class=\"woocommerce-product-attributes-item__value\">3000 (30 Pack x 100 Pcs)<\/td>\n<\/tr>\n<tr class=\"woocommerce-product-attributes-item woocommerce-product-attributes-item--attribute_renkler\">\n<th class=\"woocommerce-product-attributes-item__label\" scope=\"row\">COLORS<\/th>\n<td class=\"woocommerce-product-attributes-item__value\">Light Brown<\/td>\n<\/tr>\n<\/tbody>\n<\/table>","protected":false},"featured_media":8706,"template":"","meta":[],"product_brand":[],"product_cat":[167],"product_tag":[168],"class_list":{"0":"post-8705","1":"product","2":"type-product","3":"status-publish","4":"has-post-thumbnail","6":"product_cat-pipetler-yikanabilir-ps-urunler","7":"product_tag-pipet","9":"first","10":"instock","11":"shipping-taxable","12":"product-type-simple"},"yoast_head":"<!-- This site is optimized with the Yoast SEO plugin v27.3 - https:\/\/yoast.com\/product\/yoast-seo-wordpress\/ -->\n<title>FP-BES-002 Wastespresso Pipet 24x8 mm - Tek Kullan\u0131ml\u0131k Kokteyl Bardaklar\u0131<\/title>\n<meta name=\"description\" content=\"Wastespresso ile S\u00fcrd\u00fcr\u00fclebilirlik. Kahve \u00c7ekirde\u011fi - M\u0131s\u0131r Ni\u015fastas\u0131 kar\u0131\u015f\u0131m\u0131 0 biyobozunur s\u0131f\u0131r at\u0131k, s\u0131f\u0131r mikroplastik.\" \/>\n<meta name=\"robots\" content=\"index, follow, max-snippet:-1, max-image-preview:large, max-video-preview:-1\" \/>\n<link rel=\"canonical\" href=\"https:\/\/rubikap.com\/en\/product\/fp-bes-002-wastespresso-pipet-24x8-mm\/\" \/>\n<meta property=\"og:locale\" content=\"en_US\" \/>\n<meta property=\"og:type\" content=\"article\" \/>\n<meta property=\"og:title\" content=\"FP-BES-002 Wastespresso Pipet 24x8 mm - Tek Kullan\u0131ml\u0131k Kokteyl Bardaklar\u0131\" \/>\n<meta property=\"og:description\" content=\"Wastespresso ile S\u00fcrd\u00fcr\u00fclebilirlik. Kahve \u00c7ekirde\u011fi - M\u0131s\u0131r Ni\u015fastas\u0131 kar\u0131\u015f\u0131m\u0131 0 biyobozunur s\u0131f\u0131r at\u0131k, s\u0131f\u0131r mikroplastik.\" \/>\n<meta property=\"og:url\" content=\"https:\/\/rubikap.com\/en\/product\/fp-bes-002-wastespresso-pipet-24x8-mm\/\" \/>\n<meta property=\"og:site_name\" content=\"Rubikap Plastic Tableware\" \/>\n<meta property=\"article:publisher\" content=\"https:\/\/www.facebook.com\/rubikapplastic\/\" \/>\n<meta property=\"article:modified_time\" content=\"2026-04-10T19:18:43+00:00\" \/>\n<meta property=\"og:image\" content=\"https:\/\/rubikap.com\/wp-content\/uploads\/2026\/04\/Untitled-2-scaled-e1775848713547.jpg\" \/>\n\t<meta property=\"og:image:width\" content=\"900\" \/>\n\t<meta property=\"og:image:height\" content=\"900\" \/>\n\t<meta property=\"og:image:type\" content=\"image\/jpeg\" \/>\n<meta name=\"twitter:card\" content=\"summary_large_image\" \/>\n<meta name=\"twitter:label1\" content=\"Est. reading time\" \/>\n\t<meta name=\"twitter:data1\" content=\"1 minute\" \/>\n<!-- \/ Yoast SEO plugin. -->","yoast_head_json":{"title":"FP-BES-002 Wastespresso Pipet 24x8 mm - Tek Kullan\u0131ml\u0131k Kokteyl Bardaklar\u0131","description":"Wastespresso ile S\u00fcrd\u00fcr\u00fclebilirlik. Kahve \u00c7ekirde\u011fi - M\u0131s\u0131r Ni\u015fastas\u0131 kar\u0131\u015f\u0131m\u0131 0 biyobozunur s\u0131f\u0131r at\u0131k, s\u0131f\u0131r mikroplastik.","robots":{"index":"index","follow":"follow","max-snippet":"max-snippet:-1","max-image-preview":"max-image-preview:large","max-video-preview":"max-video-preview:-1"},"canonical":"https:\/\/rubikap.com\/en\/product\/fp-bes-002-wastespresso-pipet-24x8-mm\/","og_locale":"en_US","og_type":"article","og_title":"FP-BES-002 Wastespresso Pipet 24x8 mm - Tek Kullan\u0131ml\u0131k Kokteyl Bardaklar\u0131","og_description":"Wastespresso ile S\u00fcrd\u00fcr\u00fclebilirlik. Kahve \u00c7ekirde\u011fi - M\u0131s\u0131r Ni\u015fastas\u0131 kar\u0131\u015f\u0131m\u0131 0 biyobozunur s\u0131f\u0131r at\u0131k, s\u0131f\u0131r mikroplastik.","og_url":"https:\/\/rubikap.com\/en\/product\/fp-bes-002-wastespresso-pipet-24x8-mm\/","og_site_name":"Rubikap Plastic Tableware","article_publisher":"https:\/\/www.facebook.com\/rubikapplastic\/","article_modified_time":"2026-04-10T19:18:43+00:00","og_image":[{"width":900,"height":900,"url":"https:\/\/rubikap.com\/wp-content\/uploads\/2026\/04\/Untitled-2-scaled-e1775848713547.jpg","type":"image\/jpeg"}],"twitter_card":"summary_large_image","twitter_misc":{"Est. reading time":"1 minute"},"schema":{"@context":"https:\/\/schema.org","@graph":[{"@type":"WebPage","@id":"https:\/\/rubikap.com\/product\/fp-bes-002-wastespresso-pipet-24x8-mm\/","url":"https:\/\/rubikap.com\/product\/fp-bes-002-wastespresso-pipet-24x8-mm\/","name":"FP-BES-002 Wastespresso Pipet 24x8 mm - Tek Kullan\u0131ml\u0131k Kokteyl Bardaklar\u0131","isPartOf":{"@id":"https:\/\/rubikap.com\/#website"},"primaryImageOfPage":{"@id":"https:\/\/rubikap.com\/product\/fp-bes-002-wastespresso-pipet-24x8-mm\/#primaryimage"},"image":{"@id":"https:\/\/rubikap.com\/product\/fp-bes-002-wastespresso-pipet-24x8-mm\/#primaryimage"},"thumbnailUrl":"https:\/\/rubikap.com\/wp-content\/uploads\/2026\/04\/Untitled-2-scaled-e1775848713547.jpg","datePublished":"2026-04-10T18:47:44+00:00","dateModified":"2026-04-10T19:18:43+00:00","description":"Wastespresso ile S\u00fcrd\u00fcr\u00fclebilirlik. Kahve \u00c7ekirde\u011fi - M\u0131s\u0131r Ni\u015fastas\u0131 kar\u0131\u015f\u0131m\u0131 0 biyobozunur s\u0131f\u0131r at\u0131k, s\u0131f\u0131r mikroplastik.","breadcrumb":{"@id":"https:\/\/rubikap.com\/product\/fp-bes-002-wastespresso-pipet-24x8-mm\/#breadcrumb"},"inLanguage":"en-US","potentialAction":[{"@type":"ReadAction","target":["https:\/\/rubikap.com\/product\/fp-bes-002-wastespresso-pipet-24x8-mm\/"]}]},{"@type":"ImageObject","inLanguage":"en-US","@id":"https:\/\/rubikap.com\/product\/fp-bes-002-wastespresso-pipet-24x8-mm\/#primaryimage","url":"https:\/\/rubikap.com\/wp-content\/uploads\/2026\/04\/Untitled-2-scaled-e1775848713547.jpg","contentUrl":"https:\/\/rubikap.com\/wp-content\/uploads\/2026\/04\/Untitled-2-scaled-e1775848713547.jpg","width":900,"height":900},{"@type":"BreadcrumbList","@id":"https:\/\/rubikap.com\/product\/fp-bes-002-wastespresso-pipet-24x8-mm\/#breadcrumb","itemListElement":[{"@type":"ListItem","position":1,"name":"Anasayfa","item":"https:\/\/rubikap.com\/"},{"@type":"ListItem","position":2,"name":"Shop","item":"https:\/\/rubikap.com\/shop\/"},{"@type":"ListItem","position":3,"name":"FP-BES-002 Wastespresso Pipet 24&#215;8 mm"}]},{"@type":"WebSite","@id":"https:\/\/rubikap.com\/#website","url":"https:\/\/rubikap.com\/","name":"Rubikap","description":"","publisher":{"@id":"https:\/\/rubikap.com\/#organization"},"potentialAction":[{"@type":"SearchAction","target":{"@type":"EntryPoint","urlTemplate":"https:\/\/rubikap.com\/?s={search_term_string}"},"query-input":{"@type":"PropertyValueSpecification","valueRequired":true,"valueName":"search_term_string"}}],"inLanguage":"en-US"},{"@type":"Organization","@id":"https:\/\/rubikap.com\/#organization","name":"Rubikap","url":"https:\/\/rubikap.com\/","logo":{"@type":"ImageObject","inLanguage":"en-US","@id":"https:\/\/rubikap.com\/#\/schema\/logo\/image\/","url":"https:\/\/rubikap.com\/wp-content\/uploads\/2023\/05\/rubiakp-logo-e1683836552396.png","contentUrl":"https:\/\/rubikap.com\/wp-content\/uploads\/2023\/05\/rubiakp-logo-e1683836552396.png","width":1400,"height":420,"caption":"Rubikap"},"image":{"@id":"https:\/\/rubikap.com\/#\/schema\/logo\/image\/"},"sameAs":["https:\/\/www.facebook.com\/rubikapplastic\/","https:\/\/www.instagram.com\/rubikap\/","https:\/\/www.youtube.com\/channel\/UC1GiuVgjjGVTFags6eP43jA"]}]}},"_links":{"self":[{"href":"https:\/\/rubikap.com\/en\/wp-json\/wp\/v2\/product\/8705","targetHints":{"allow":["GET"]}}],"collection":[{"href":"https:\/\/rubikap.com\/en\/wp-json\/wp\/v2\/product"}],"about":[{"href":"https:\/\/rubikap.com\/en\/wp-json\/wp\/v2\/types\/product"}],"wp:featuredmedia":[{"embeddable":true,"href":"https:\/\/rubikap.com\/en\/wp-json\/wp\/v2\/media\/8706"}],"wp:attachment":[{"href":"https:\/\/rubikap.com\/en\/wp-json\/wp\/v2\/media?parent=8705"}],"wp:term":[{"taxonomy":"product_brand","embeddable":true,"href":"https:\/\/rubikap.com\/en\/wp-json\/wp\/v2\/product_brand?post=8705"},{"taxonomy":"product_cat","embeddable":true,"href":"https:\/\/rubikap.com\/en\/wp-json\/wp\/v2\/product_cat?post=8705"},{"taxonomy":"product_tag","embeddable":true,"href":"https:\/\/rubikap.com\/en\/wp-json\/wp\/v2\/product_tag?post=8705"}],"curies":[{"name":"wp","href":"https:\/\/api.w.org\/{rel}","templated":true}]}}