{"id":8698,"date":"2026-04-10T14:49:04","date_gmt":"2026-04-10T11:49:04","guid":{"rendered":"https:\/\/rubikap.com\/?post_type=product&#038;p=8698"},"modified":"2026-04-10T14:53:11","modified_gmt":"2026-04-10T11:53:11","slug":"ol-t30-olympos-bardak-300ml","status":"publish","type":"product","link":"https:\/\/rubikap.com\/en\/product\/ol-t30-olympos-bardak-300ml\/","title":{"rendered":"OL.T30 Olympos Bardak 300ml"},"content":{"rendered":"<p><a href=\"https:\/\/rubikap.com\/en\/product-category\/cok-kullanimlik-urunler\/\">\u00c7ok kullan\u0131ml\u0131k \u00fcr\u00fcnler<\/a> grubuna ait \u00e7e\u015fitli bardak modellerimiz Di\u011fer Bardaklar kategorisinde yer almaktad\u0131r.<br \/>\nK\u0131r\u0131lmaz Bardak \u00f6zelli\u011fine sahip dayan\u0131kl\u0131 <a href=\"https:\/\/tr.wikipedia.org\/wiki\/Polikarbonat\">polikarbonat<\/a> yap\u0131s\u0131yla sizlerin be\u011fenisine sunmaktay\u0131z.<\/p>","protected":false},"excerpt":{"rendered":"<table>\n<tbody>\n<tr>\n<td class=\"s2\">\n<div>\n<p class=\"s4\"><span class=\"s3\">STOCK CODE<\/span><\/p>\n<\/div>\n<\/td>\n<td class=\"s5\">\n<div>\n<p class=\"s6\">OL.T30<\/p>\n<\/div>\n<\/td>\n<\/tr>\n<tr>\n<td class=\"s2\">\n<div>\n<p class=\"s4\"><span class=\"s3\">MAX. DIAMETER<\/span><\/p>\n<\/div>\n<\/td>\n<td class=\"s5\">\n<div>\n<p class=\"s6\">78mm<\/p>\n<\/div>\n<\/td>\n<\/tr>\n<tr>\n<td class=\"s2\">\n<div>\n<p class=\"s4\"><span class=\"s3\">HEIGHT<\/span><\/p>\n<\/div>\n<\/td>\n<td class=\"s5\">\n<div>\n<p class=\"s6\">108mm<\/p>\n<\/div>\n<\/td>\n<\/tr>\n<tr>\n<td class=\"s2\">\n<div>\n<p class=\"s4\"><span class=\"s3\">FULL SIZE<\/span><\/p>\n<\/div>\n<\/td>\n<td class=\"s5\">\n<div>\n<p class=\"s6\">250ml<\/p>\n<\/div>\n<\/td>\n<\/tr>\n<tr>\n<td class=\"s2\">\n<div>\n<p class=\"s4\"><span class=\"s3\">TAP SIZE<\/span><\/p>\n<\/div>\n<\/td>\n<td class=\"s5\">\n<div>\n<p class=\"s6\">300ml<\/p>\n<\/div>\n<\/td>\n<\/tr>\n<tr>\n<td class=\"s2\">\n<div>\n<p class=\"s4\"><span class=\"s3\">SCALE LINE<\/span><\/p>\n<\/div>\n<\/td>\n<td class=\"s5\">\n<div>\n<p class=\"s6\">Yok<\/p>\n<\/div>\n<\/td>\n<\/tr>\n<tr>\n<td class=\"s2\">\n<div>\n<p class=\"s4\"><span class=\"s3\">WEIGHT<\/span><\/p>\n<\/div>\n<\/td>\n<td class=\"s5\">\n<div>\n<p class=\"s6\">94gr<\/p>\n<\/div>\n<\/td>\n<\/tr>\n<tr>\n<td class=\"s2\">\n<div>\n<p class=\"s4\"><span class=\"s3\">MATERIAL<\/span><\/p>\n<\/div>\n<\/td>\n<td class=\"s5\">\n<div>\n<p class=\"s6\">Polikarbonat, Tritan, SAN<\/p>\n<\/div>\n<\/td>\n<\/tr>\n<tr>\n<td class=\"s2\">\n<div>\n<p class=\"s4\"><span class=\"s3\">COLORS<\/span><\/p>\n<\/div>\n<\/td>\n<td class=\"s5\">\n<div>\n<p class=\"s6\">Clear<\/p>\n<\/div>\n<\/td>\n<\/tr>\n<tr>\n<td class=\"s2\">\n<div>\n<p class=\"s4\"><span class=\"s3\">QTY PCS IN BOX<\/span><\/p>\n<\/div>\n<\/td>\n<td class=\"s5\">\n<div>\n<p class=\"s6\">45<\/p>\n<\/div>\n<\/td>\n<\/tr>\n<tr>\n<td class=\"s2\">\n<div>\n<p class=\"s4\"><span class=\"s3\">BOX SIZE<\/span><\/p>\n<\/div>\n<\/td>\n<td class=\"s5\">\n<div>\n<p class=\"s6\">25x39x22 (cm)<\/p>\n<\/div>\n<\/td>\n<\/tr>\n<tr>\n<td class=\"s2\">\n<div>\n<p class=\"s4\"><span class=\"s3\">QTY OF PRODUCTS IN A PALLETE<\/span><\/p>\n<\/div>\n<\/td>\n<td class=\"s5\">\n<div>\n<p class=\"s6\">4320<\/p>\n<\/div>\n<\/td>\n<\/tr>\n<tr>\n<td class=\"s2\">\n<div>\n<p class=\"s4\"><span class=\"s3\">PALLET SIZE <\/span><\/p>\n<\/div>\n<\/td>\n<td class=\"s5\">\n<div>\n<p class=\"s6\">100x120x200 (cm)<\/p>\n<\/div>\n<\/td>\n<\/tr>\n<\/tbody>\n<\/table>","protected":false},"featured_media":8699,"template":"","meta":[],"product_brand":[],"product_cat":[21,40,122,162],"product_tag":[101,26,42,123,39,29,28],"class_list":{"0":"post-8698","1":"product","2":"type-product","3":"status-publish","4":"has-post-thumbnail","6":"product_cat-bardaklar-ve-kadehler","7":"product_cat-diger-bardaklar","8":"product_cat-kirilmaz-bardak","9":"product_cat-kokteyl-bardagi","10":"product_tag-kirilmaz-bardak","11":"product_tag-kokteyl-bardagi","12":"product_tag-mesrubat-bardagi","13":"product_tag-polikarbonat-bardak","14":"product_tag-soda-bardagi","15":"product_tag-su-bardagi","16":"product_tag-votka-bardagi","18":"first","19":"instock","20":"shipping-taxable","21":"product-type-simple"},"yoast_head":"<!-- This site is optimized with the Yoast SEO plugin v27.3 - https:\/\/yoast.com\/product\/yoast-seo-wordpress\/ -->\n<title>OL.T30 Olympos Bardak 300ml - Rubikap Plastic Tableware - Long Drink - Bardak<\/title>\n<meta name=\"description\" content=\"Rubikap Premium Kokteyl Barda\u011f\u0131 \u00fcr\u00fcn\u00fcm\u00fcz k\u0131r\u0131lmaz polikarbon yap\u0131lar\u0131 ve \u00e7ok kullan\u0131ml\u0131k bardak \u00f6zellikleri ile organizasyonlar\u0131 s\u0131f\u0131r at\u0131k ile tamamlar.\" \/>\n<meta name=\"robots\" content=\"index, follow, max-snippet:-1, max-image-preview:large, max-video-preview:-1\" \/>\n<link rel=\"canonical\" href=\"https:\/\/rubikap.com\/en\/product\/ol-t30-olympos-bardak-300ml\/\" \/>\n<meta property=\"og:locale\" content=\"en_US\" \/>\n<meta property=\"og:type\" content=\"article\" \/>\n<meta property=\"og:title\" content=\"OL.T30 Olympos Bardak 300ml - Rubikap Plastic Tableware - Long Drink - Bardak\" \/>\n<meta property=\"og:description\" content=\"Rubikap Premium Kokteyl Barda\u011f\u0131 \u00fcr\u00fcn\u00fcm\u00fcz k\u0131r\u0131lmaz polikarbon yap\u0131lar\u0131 ve \u00e7ok kullan\u0131ml\u0131k bardak \u00f6zellikleri ile organizasyonlar\u0131 s\u0131f\u0131r at\u0131k ile tamamlar.\" \/>\n<meta property=\"og:url\" content=\"https:\/\/rubikap.com\/en\/product\/ol-t30-olympos-bardak-300ml\/\" \/>\n<meta property=\"og:site_name\" content=\"Rubikap Plastic Tableware\" \/>\n<meta property=\"article:publisher\" content=\"https:\/\/www.facebook.com\/rubikapplastic\/\" \/>\n<meta property=\"article:modified_time\" content=\"2026-04-10T11:53:11+00:00\" \/>\n<meta property=\"og:image\" content=\"https:\/\/rubikap.com\/wp-content\/uploads\/2026\/04\/OL.T30-PC001-1.jpg\" \/>\n\t<meta property=\"og:image:width\" content=\"900\" \/>\n\t<meta property=\"og:image:height\" content=\"900\" \/>\n\t<meta property=\"og:image:type\" content=\"image\/jpeg\" \/>\n<meta name=\"twitter:card\" content=\"summary_large_image\" \/>\n<meta name=\"twitter:label1\" content=\"Est. reading time\" \/>\n\t<meta name=\"twitter:data1\" content=\"1 minute\" \/>\n<!-- \/ Yoast SEO plugin. -->","yoast_head_json":{"title":"OL.T30 Olympos Bardak 300ml - Rubikap Plastic Tableware - Long Drink - Bardak","description":"Rubikap Premium Kokteyl Barda\u011f\u0131 \u00fcr\u00fcn\u00fcm\u00fcz k\u0131r\u0131lmaz polikarbon yap\u0131lar\u0131 ve \u00e7ok kullan\u0131ml\u0131k bardak \u00f6zellikleri ile organizasyonlar\u0131 s\u0131f\u0131r at\u0131k ile tamamlar.","robots":{"index":"index","follow":"follow","max-snippet":"max-snippet:-1","max-image-preview":"max-image-preview:large","max-video-preview":"max-video-preview:-1"},"canonical":"https:\/\/rubikap.com\/en\/product\/ol-t30-olympos-bardak-300ml\/","og_locale":"en_US","og_type":"article","og_title":"OL.T30 Olympos Bardak 300ml - Rubikap Plastic Tableware - Long Drink - Bardak","og_description":"Rubikap Premium Kokteyl Barda\u011f\u0131 \u00fcr\u00fcn\u00fcm\u00fcz k\u0131r\u0131lmaz polikarbon yap\u0131lar\u0131 ve \u00e7ok kullan\u0131ml\u0131k bardak \u00f6zellikleri ile organizasyonlar\u0131 s\u0131f\u0131r at\u0131k ile tamamlar.","og_url":"https:\/\/rubikap.com\/en\/product\/ol-t30-olympos-bardak-300ml\/","og_site_name":"Rubikap Plastic Tableware","article_publisher":"https:\/\/www.facebook.com\/rubikapplastic\/","article_modified_time":"2026-04-10T11:53:11+00:00","og_image":[{"width":900,"height":900,"url":"https:\/\/rubikap.com\/wp-content\/uploads\/2026\/04\/OL.T30-PC001-1.jpg","type":"image\/jpeg"}],"twitter_card":"summary_large_image","twitter_misc":{"Est. reading time":"1 minute"},"schema":{"@context":"https:\/\/schema.org","@graph":[{"@type":"WebPage","@id":"https:\/\/rubikap.com\/product\/ol-t30-olympos-bardak-300ml\/","url":"https:\/\/rubikap.com\/product\/ol-t30-olympos-bardak-300ml\/","name":"OL.T30 Olympos Bardak 300ml - Rubikap Plastic Tableware - Long Drink - Bardak","isPartOf":{"@id":"https:\/\/rubikap.com\/#website"},"primaryImageOfPage":{"@id":"https:\/\/rubikap.com\/product\/ol-t30-olympos-bardak-300ml\/#primaryimage"},"image":{"@id":"https:\/\/rubikap.com\/product\/ol-t30-olympos-bardak-300ml\/#primaryimage"},"thumbnailUrl":"https:\/\/rubikap.com\/wp-content\/uploads\/2026\/04\/OL.T30-PC001-1.jpg","datePublished":"2026-04-10T11:49:04+00:00","dateModified":"2026-04-10T11:53:11+00:00","description":"Rubikap Premium Kokteyl Barda\u011f\u0131 \u00fcr\u00fcn\u00fcm\u00fcz k\u0131r\u0131lmaz polikarbon yap\u0131lar\u0131 ve \u00e7ok kullan\u0131ml\u0131k bardak \u00f6zellikleri ile organizasyonlar\u0131 s\u0131f\u0131r at\u0131k ile tamamlar.","breadcrumb":{"@id":"https:\/\/rubikap.com\/product\/ol-t30-olympos-bardak-300ml\/#breadcrumb"},"inLanguage":"en-US","potentialAction":[{"@type":"ReadAction","target":["https:\/\/rubikap.com\/product\/ol-t30-olympos-bardak-300ml\/"]}]},{"@type":"ImageObject","inLanguage":"en-US","@id":"https:\/\/rubikap.com\/product\/ol-t30-olympos-bardak-300ml\/#primaryimage","url":"https:\/\/rubikap.com\/wp-content\/uploads\/2026\/04\/OL.T30-PC001-1.jpg","contentUrl":"https:\/\/rubikap.com\/wp-content\/uploads\/2026\/04\/OL.T30-PC001-1.jpg","width":900,"height":900},{"@type":"BreadcrumbList","@id":"https:\/\/rubikap.com\/product\/ol-t30-olympos-bardak-300ml\/#breadcrumb","itemListElement":[{"@type":"ListItem","position":1,"name":"Anasayfa","item":"https:\/\/rubikap.com\/"},{"@type":"ListItem","position":2,"name":"Shop","item":"https:\/\/rubikap.com\/shop\/"},{"@type":"ListItem","position":3,"name":"OL.T30 Olympos Bardak 300ml"}]},{"@type":"WebSite","@id":"https:\/\/rubikap.com\/#website","url":"https:\/\/rubikap.com\/","name":"Rubikap","description":"","publisher":{"@id":"https:\/\/rubikap.com\/#organization"},"potentialAction":[{"@type":"SearchAction","target":{"@type":"EntryPoint","urlTemplate":"https:\/\/rubikap.com\/?s={search_term_string}"},"query-input":{"@type":"PropertyValueSpecification","valueRequired":true,"valueName":"search_term_string"}}],"inLanguage":"en-US"},{"@type":"Organization","@id":"https:\/\/rubikap.com\/#organization","name":"Rubikap","url":"https:\/\/rubikap.com\/","logo":{"@type":"ImageObject","inLanguage":"en-US","@id":"https:\/\/rubikap.com\/#\/schema\/logo\/image\/","url":"https:\/\/rubikap.com\/wp-content\/uploads\/2023\/05\/rubiakp-logo-e1683836552396.png","contentUrl":"https:\/\/rubikap.com\/wp-content\/uploads\/2023\/05\/rubiakp-logo-e1683836552396.png","width":1400,"height":420,"caption":"Rubikap"},"image":{"@id":"https:\/\/rubikap.com\/#\/schema\/logo\/image\/"},"sameAs":["https:\/\/www.facebook.com\/rubikapplastic\/","https:\/\/www.instagram.com\/rubikap\/","https:\/\/www.youtube.com\/channel\/UC1GiuVgjjGVTFags6eP43jA"]}]}},"_links":{"self":[{"href":"https:\/\/rubikap.com\/en\/wp-json\/wp\/v2\/product\/8698","targetHints":{"allow":["GET"]}}],"collection":[{"href":"https:\/\/rubikap.com\/en\/wp-json\/wp\/v2\/product"}],"about":[{"href":"https:\/\/rubikap.com\/en\/wp-json\/wp\/v2\/types\/product"}],"wp:featuredmedia":[{"embeddable":true,"href":"https:\/\/rubikap.com\/en\/wp-json\/wp\/v2\/media\/8699"}],"wp:attachment":[{"href":"https:\/\/rubikap.com\/en\/wp-json\/wp\/v2\/media?parent=8698"}],"wp:term":[{"taxonomy":"product_brand","embeddable":true,"href":"https:\/\/rubikap.com\/en\/wp-json\/wp\/v2\/product_brand?post=8698"},{"taxonomy":"product_cat","embeddable":true,"href":"https:\/\/rubikap.com\/en\/wp-json\/wp\/v2\/product_cat?post=8698"},{"taxonomy":"product_tag","embeddable":true,"href":"https:\/\/rubikap.com\/en\/wp-json\/wp\/v2\/product_tag?post=8698"}],"curies":[{"name":"wp","href":"https:\/\/api.w.org\/{rel}","templated":true}]}}