{"id":8655,"date":"2025-08-04T18:35:20","date_gmt":"2025-08-04T15:35:20","guid":{"rendered":"https:\/\/rubikap.com\/?post_type=product&#038;p=8655"},"modified":"2025-08-04T18:42:36","modified_gmt":"2025-08-04T15:42:36","slug":"pm-h33f-premium-kumlu-kokteyl-bardagi-320ml","status":"publish","type":"product","link":"https:\/\/rubikap.com\/en\/product\/pm-h33f-premium-kumlu-kokteyl-bardagi-320ml\/","title":{"rendered":"PM.H33F Premium Kumlu Kokteyl Barda\u011f\u0131 320ml"},"content":{"rendered":"<p><a href=\"https:\/\/rubikap.com\/en\/product-category\/cok-kullanimlik-urunler\/\">\u00c7ok kullan\u0131ml\u0131k \u00fcr\u00fcnler<\/a> grubuna ait \u00e7e\u015fitli bardak modellerimiz Di\u011fer Bardaklar kategorisinde yer almaktad\u0131r.<br \/>\nK\u0131r\u0131lmaz Bardak \u00f6zelli\u011fine sahip dayan\u0131kl\u0131 <a href=\"https:\/\/tr.wikipedia.org\/wiki\/Polikarbonat\">polikarbonat<\/a> yap\u0131s\u0131yla sizlerin be\u011fenisine sunmaktay\u0131z.<\/p>","protected":false},"excerpt":{"rendered":"<table width=\"1050\">\n<tbody>\n<tr>\n<td width=\"347\"><strong>STOCK CODE<\/strong><\/td>\n<td width=\"697\">PM.H33F<\/td>\n<\/tr>\n<tr>\n<td width=\"347\"><strong>MAX. DIAMETER <\/strong><\/td>\n<td width=\"697\">63mm<\/td>\n<\/tr>\n<tr>\n<td width=\"347\"><strong>HEIGHT<\/strong><\/td>\n<td width=\"697\">155mm<\/td>\n<\/tr>\n<tr>\n<td width=\"347\"><strong>FULL SIZE<\/strong><\/td>\n<td width=\"697\">320ml<\/td>\n<\/tr>\n<tr>\n<td width=\"347\"><strong>TAP SIZE<\/strong><\/td>\n<td width=\"697\">280ml<\/td>\n<\/tr>\n<tr>\n<td width=\"347\"><strong>SCALE LINE<\/strong><\/td>\n<td width=\"697\">Yok<\/td>\n<\/tr>\n<tr>\n<td width=\"347\"><strong>WEIGHT<\/strong><\/td>\n<td width=\"697\">97gr<\/td>\n<\/tr>\n<tr>\n<td width=\"347\"><strong>MATERIAL<\/strong><\/td>\n<td width=\"697\">Polycarbonate<\/td>\n<\/tr>\n<tr>\n<td width=\"347\"><strong>COLORS<\/strong><\/td>\n<td width=\"697\">Clear<\/td>\n<\/tr>\n<tr>\n<td width=\"347\"><strong>QTY PCS IN BOX<\/strong><\/td>\n<td width=\"697\">72<\/td>\n<\/tr>\n<tr>\n<td width=\"347\"><strong>BOX SIZE <\/strong><\/td>\n<td width=\"697\">40x30x36 (cm)<\/td>\n<\/tr>\n<tr>\n<td width=\"347\"><strong>QTY OF PRODUCTS IN A PALLETE<\/strong><\/td>\n<td width=\"697\">3600<\/td>\n<\/tr>\n<tr>\n<td width=\"347\"><strong>PALLET SIZE <\/strong><\/td>\n<td width=\"697\">100x120x200 (cm)<\/td>\n<\/tr>\n<\/tbody>\n<\/table>\n<p>&nbsp;<\/p>\n<p>&nbsp;<\/p>","protected":false},"featured_media":8656,"template":"","meta":[],"product_brand":[],"product_cat":[40,162],"product_tag":[101,26,123,148,138],"class_list":{"0":"post-8655","1":"product","2":"type-product","3":"status-publish","4":"has-post-thumbnail","6":"product_cat-diger-bardaklar","7":"product_cat-kokteyl-bardagi","8":"product_tag-kirilmaz-bardak","9":"product_tag-kokteyl-bardagi","10":"product_tag-polikarbonat-bardak","11":"product_tag-sampanya-kadehi","12":"product_tag-sarap-kadehi","14":"first","15":"instock","16":"shipping-taxable","17":"product-type-simple"},"yoast_head":"<!-- This site is optimized with the Yoast SEO plugin v27.3 - https:\/\/yoast.com\/product\/yoast-seo-wordpress\/ -->\n<title>PM.H33F Premium Kumlu Kokteyl Barda\u011f\u0131 320ml - Rubikap Plastic Tableware Tender Kokteyl Bardak<\/title>\n<meta name=\"description\" content=\"Rubikap Premium Kokteyl Bardak serimiz k\u0131r\u0131lmaz polikarbon yap\u0131lar\u0131 ve \u00e7ok kullan\u0131ml\u0131k \u00f6zellikleri ile organizasyonlar\u0131 s\u0131f\u0131r at\u0131k ile tamamlar.\" \/>\n<meta name=\"robots\" content=\"index, follow, max-snippet:-1, max-image-preview:large, max-video-preview:-1\" \/>\n<link rel=\"canonical\" href=\"https:\/\/rubikap.com\/en\/product\/pm-h33f-premium-kumlu-kokteyl-bardagi-320ml\/\" \/>\n<meta property=\"og:locale\" content=\"en_US\" \/>\n<meta property=\"og:type\" content=\"article\" \/>\n<meta property=\"og:title\" content=\"PM.H33F Premium Kumlu Kokteyl Barda\u011f\u0131 320ml - Rubikap Plastic Tableware Tender Kokteyl Bardak\" \/>\n<meta property=\"og:description\" content=\"Rubikap Premium Kokteyl Bardak serimiz k\u0131r\u0131lmaz polikarbon yap\u0131lar\u0131 ve \u00e7ok kullan\u0131ml\u0131k \u00f6zellikleri ile organizasyonlar\u0131 s\u0131f\u0131r at\u0131k ile tamamlar.\" \/>\n<meta property=\"og:url\" content=\"https:\/\/rubikap.com\/en\/product\/pm-h33f-premium-kumlu-kokteyl-bardagi-320ml\/\" \/>\n<meta property=\"og:site_name\" content=\"Rubikap Plastic Tableware\" \/>\n<meta property=\"article:publisher\" content=\"https:\/\/www.facebook.com\/rubikapplastic\/\" \/>\n<meta property=\"article:modified_time\" content=\"2025-08-04T15:42:36+00:00\" \/>\n<meta property=\"og:image\" content=\"https:\/\/rubikap.com\/wp-content\/uploads\/2025\/08\/PM.H33F-PC001_1-copy.jpg\" \/>\n\t<meta property=\"og:image:width\" content=\"1200\" \/>\n\t<meta property=\"og:image:height\" content=\"1200\" \/>\n\t<meta property=\"og:image:type\" content=\"image\/jpeg\" \/>\n<meta name=\"twitter:card\" content=\"summary_large_image\" \/>\n<meta name=\"twitter:label1\" content=\"Est. reading time\" \/>\n\t<meta name=\"twitter:data1\" content=\"1 minute\" \/>\n<!-- \/ Yoast SEO plugin. -->","yoast_head_json":{"title":"PM.H33F Premium Kumlu Kokteyl Barda\u011f\u0131 320ml - Rubikap Plastic Tableware Tender Kokteyl Bardak","description":"Rubikap Premium Kokteyl Bardak serimiz k\u0131r\u0131lmaz polikarbon yap\u0131lar\u0131 ve \u00e7ok kullan\u0131ml\u0131k \u00f6zellikleri ile organizasyonlar\u0131 s\u0131f\u0131r at\u0131k ile tamamlar.","robots":{"index":"index","follow":"follow","max-snippet":"max-snippet:-1","max-image-preview":"max-image-preview:large","max-video-preview":"max-video-preview:-1"},"canonical":"https:\/\/rubikap.com\/en\/product\/pm-h33f-premium-kumlu-kokteyl-bardagi-320ml\/","og_locale":"en_US","og_type":"article","og_title":"PM.H33F Premium Kumlu Kokteyl Barda\u011f\u0131 320ml - Rubikap Plastic Tableware Tender Kokteyl Bardak","og_description":"Rubikap Premium Kokteyl Bardak serimiz k\u0131r\u0131lmaz polikarbon yap\u0131lar\u0131 ve \u00e7ok kullan\u0131ml\u0131k \u00f6zellikleri ile organizasyonlar\u0131 s\u0131f\u0131r at\u0131k ile tamamlar.","og_url":"https:\/\/rubikap.com\/en\/product\/pm-h33f-premium-kumlu-kokteyl-bardagi-320ml\/","og_site_name":"Rubikap Plastic Tableware","article_publisher":"https:\/\/www.facebook.com\/rubikapplastic\/","article_modified_time":"2025-08-04T15:42:36+00:00","og_image":[{"width":1200,"height":1200,"url":"https:\/\/rubikap.com\/wp-content\/uploads\/2025\/08\/PM.H33F-PC001_1-copy.jpg","type":"image\/jpeg"}],"twitter_card":"summary_large_image","twitter_misc":{"Est. reading time":"1 minute"},"schema":{"@context":"https:\/\/schema.org","@graph":[{"@type":"WebPage","@id":"https:\/\/rubikap.com\/product\/pm-h33f-premium-kumlu-kokteyl-bardagi-320ml\/","url":"https:\/\/rubikap.com\/product\/pm-h33f-premium-kumlu-kokteyl-bardagi-320ml\/","name":"PM.H33F Premium Kumlu Kokteyl Barda\u011f\u0131 320ml - Rubikap Plastic Tableware Tender Kokteyl Bardak","isPartOf":{"@id":"https:\/\/rubikap.com\/#website"},"primaryImageOfPage":{"@id":"https:\/\/rubikap.com\/product\/pm-h33f-premium-kumlu-kokteyl-bardagi-320ml\/#primaryimage"},"image":{"@id":"https:\/\/rubikap.com\/product\/pm-h33f-premium-kumlu-kokteyl-bardagi-320ml\/#primaryimage"},"thumbnailUrl":"https:\/\/rubikap.com\/wp-content\/uploads\/2025\/08\/PM.H33F-PC001_1-copy.jpg","datePublished":"2025-08-04T15:35:20+00:00","dateModified":"2025-08-04T15:42:36+00:00","description":"Rubikap Premium Kokteyl Bardak serimiz k\u0131r\u0131lmaz polikarbon yap\u0131lar\u0131 ve \u00e7ok kullan\u0131ml\u0131k \u00f6zellikleri ile organizasyonlar\u0131 s\u0131f\u0131r at\u0131k ile tamamlar.","breadcrumb":{"@id":"https:\/\/rubikap.com\/product\/pm-h33f-premium-kumlu-kokteyl-bardagi-320ml\/#breadcrumb"},"inLanguage":"en-US","potentialAction":[{"@type":"ReadAction","target":["https:\/\/rubikap.com\/product\/pm-h33f-premium-kumlu-kokteyl-bardagi-320ml\/"]}]},{"@type":"ImageObject","inLanguage":"en-US","@id":"https:\/\/rubikap.com\/product\/pm-h33f-premium-kumlu-kokteyl-bardagi-320ml\/#primaryimage","url":"https:\/\/rubikap.com\/wp-content\/uploads\/2025\/08\/PM.H33F-PC001_1-copy.jpg","contentUrl":"https:\/\/rubikap.com\/wp-content\/uploads\/2025\/08\/PM.H33F-PC001_1-copy.jpg","width":1200,"height":1200},{"@type":"BreadcrumbList","@id":"https:\/\/rubikap.com\/product\/pm-h33f-premium-kumlu-kokteyl-bardagi-320ml\/#breadcrumb","itemListElement":[{"@type":"ListItem","position":1,"name":"Anasayfa","item":"https:\/\/rubikap.com\/"},{"@type":"ListItem","position":2,"name":"Shop","item":"https:\/\/rubikap.com\/shop\/"},{"@type":"ListItem","position":3,"name":"PM.H33F Premium Kumlu Kokteyl Barda\u011f\u0131 320ml"}]},{"@type":"WebSite","@id":"https:\/\/rubikap.com\/#website","url":"https:\/\/rubikap.com\/","name":"Rubikap","description":"","publisher":{"@id":"https:\/\/rubikap.com\/#organization"},"potentialAction":[{"@type":"SearchAction","target":{"@type":"EntryPoint","urlTemplate":"https:\/\/rubikap.com\/?s={search_term_string}"},"query-input":{"@type":"PropertyValueSpecification","valueRequired":true,"valueName":"search_term_string"}}],"inLanguage":"en-US"},{"@type":"Organization","@id":"https:\/\/rubikap.com\/#organization","name":"Rubikap","url":"https:\/\/rubikap.com\/","logo":{"@type":"ImageObject","inLanguage":"en-US","@id":"https:\/\/rubikap.com\/#\/schema\/logo\/image\/","url":"https:\/\/rubikap.com\/wp-content\/uploads\/2023\/05\/rubiakp-logo-e1683836552396.png","contentUrl":"https:\/\/rubikap.com\/wp-content\/uploads\/2023\/05\/rubiakp-logo-e1683836552396.png","width":1400,"height":420,"caption":"Rubikap"},"image":{"@id":"https:\/\/rubikap.com\/#\/schema\/logo\/image\/"},"sameAs":["https:\/\/www.facebook.com\/rubikapplastic\/","https:\/\/www.instagram.com\/rubikap\/","https:\/\/www.youtube.com\/channel\/UC1GiuVgjjGVTFags6eP43jA"]}]}},"_links":{"self":[{"href":"https:\/\/rubikap.com\/en\/wp-json\/wp\/v2\/product\/8655","targetHints":{"allow":["GET"]}}],"collection":[{"href":"https:\/\/rubikap.com\/en\/wp-json\/wp\/v2\/product"}],"about":[{"href":"https:\/\/rubikap.com\/en\/wp-json\/wp\/v2\/types\/product"}],"wp:featuredmedia":[{"embeddable":true,"href":"https:\/\/rubikap.com\/en\/wp-json\/wp\/v2\/media\/8656"}],"wp:attachment":[{"href":"https:\/\/rubikap.com\/en\/wp-json\/wp\/v2\/media?parent=8655"}],"wp:term":[{"taxonomy":"product_brand","embeddable":true,"href":"https:\/\/rubikap.com\/en\/wp-json\/wp\/v2\/product_brand?post=8655"},{"taxonomy":"product_cat","embeddable":true,"href":"https:\/\/rubikap.com\/en\/wp-json\/wp\/v2\/product_cat?post=8655"},{"taxonomy":"product_tag","embeddable":true,"href":"https:\/\/rubikap.com\/en\/wp-json\/wp\/v2\/product_tag?post=8655"}],"curies":[{"name":"wp","href":"https:\/\/api.w.org\/{rel}","templated":true}]}}