{"id":8629,"date":"2025-02-21T17:09:54","date_gmt":"2025-02-21T14:09:54","guid":{"rendered":"https:\/\/rubikap.com\/?post_type=product&#038;p=8629"},"modified":"2025-02-21T17:18:26","modified_gmt":"2025-02-21T14:18:26","slug":"rd-v25-bodega-bardak","status":"publish","type":"product","link":"https:\/\/rubikap.com\/en\/product\/rd-v25-bodega-bardak\/","title":{"rendered":"RD.V25 Bodega Bardak 250 ml"},"content":{"rendered":"<p>Rubikap <a href=\"https:\/\/tr.wikipedia.org\/wiki\/Polikarbonat\">polistiren<\/a> Kristal bardak serilerimiz i\u00e7erisinde Plastik Bardak <a href=\"https:\/\/rubikap.com\/en\/product-category\/tek-kullanimlik-urunler\/\">tek kullan\u0131ml\u0131k \u00fcr\u00fcnler<\/a> kategorisindedir.,<br \/>\nTek kullan\u0131ml\u0131k plastik bardaklar\u0131 g\u00fcvenle kullanabilirsiniz.<\/p>\n<p>Bunun yan\u0131s\u0131ra her t\u00fcrl\u00fc gazl\u0131, alkols\u00fcz i\u00e7ecekleriniz, kokteyllerinizde de s\u0131k\u00e7a kullanabilece\u011finiz plastik\u00a0bardaklard\u0131r.<\/p>","protected":false},"excerpt":{"rendered":"<table class=\"woocommerce-product-attributes shop_attributes\" aria-label=\"\u00dcr\u00fcn Ayr\u0131nt\u0131lar\u0131\">\n<tbody>\n<tr class=\"woocommerce-product-attributes-item woocommerce-product-attributes-item--attribute_stok-kodu\">\n<th class=\"woocommerce-product-attributes-item__label\" scope=\"row\">STOCK CODE<\/th>\n<td class=\"woocommerce-product-attributes-item__value\">RD.V25<\/td>\n<\/tr>\n<tr class=\"woocommerce-product-attributes-item woocommerce-product-attributes-item--attribute_max-%c3%a7ap\">\n<th class=\"woocommerce-product-attributes-item__label\" scope=\"row\">MAX. DIAMETER<\/th>\n<td class=\"woocommerce-product-attributes-item__value\">76mm<\/td>\n<\/tr>\n<tr class=\"woocommerce-product-attributes-item woocommerce-product-attributes-item--attribute_y%c3%bckseklik\">\n<th class=\"woocommerce-product-attributes-item__label\" scope=\"row\">HEIGHT<\/th>\n<td class=\"woocommerce-product-attributes-item__value\">73mm<\/td>\n<\/tr>\n<tr class=\"woocommerce-product-attributes-item woocommerce-product-attributes-item--attribute_max-hacim\">\n<th class=\"woocommerce-product-attributes-item__label\" scope=\"row\">FULL SIZE<\/th>\n<td class=\"woocommerce-product-attributes-item__value\">250ml<\/td>\n<\/tr>\n<tr class=\"woocommerce-product-attributes-item woocommerce-product-attributes-item--attribute_a%c4%9f%c4%b1rl%c4%b1k\">\n<th class=\"woocommerce-product-attributes-item__label\" scope=\"row\">WEIGHT<\/th>\n<td class=\"woocommerce-product-attributes-item__value\">27gr<\/td>\n<\/tr>\n<tr class=\"woocommerce-product-attributes-item woocommerce-product-attributes-item--attribute_materyal\">\n<th class=\"woocommerce-product-attributes-item__label\" scope=\"row\">MATERIAL<\/th>\n<td class=\"woocommerce-product-attributes-item__value\">Polistiren<\/td>\n<\/tr>\n<tr class=\"woocommerce-product-attributes-item woocommerce-product-attributes-item--attribute_koli-i%cc%87%c3%a7i-adet\">\n<th class=\"woocommerce-product-attributes-item__label\" scope=\"row\">QTY PCS IN BOX<\/th>\n<td class=\"woocommerce-product-attributes-item__value\">100<\/td>\n<\/tr>\n<tr class=\"woocommerce-product-attributes-item woocommerce-product-attributes-item--attribute_renkler\">\n<th class=\"woocommerce-product-attributes-item__label\" scope=\"row\">COLORS<\/th>\n<td class=\"woocommerce-product-attributes-item__value\">Clear<\/td>\n<\/tr>\n<\/tbody>\n<\/table>","protected":false},"featured_media":8630,"template":"","meta":[],"product_brand":[],"product_cat":[82],"product_tag":[83,26,31,164],"class_list":{"0":"post-8629","1":"product","2":"type-product","3":"status-publish","4":"has-post-thumbnail","6":"product_cat-bardaklar-ve-kadehler-tek-kullanimlik-urunler","7":"product_tag-bardak","8":"product_tag-kokteyl-bardagi","9":"product_tag-viski-bardagi","10":"product_tag-viski-kadehi","12":"first","13":"instock","14":"shipping-taxable","15":"product-type-simple"},"yoast_head":"<!-- This site is optimized with the Yoast SEO plugin v27.4 - https:\/\/yoast.com\/product\/yoast-seo-wordpress\/ -->\n<title>RD.V25 Bodega Bardak 250 ml - Rubikap Plastic Tableware - Polistiren Kristal Bardak<\/title>\n<meta name=\"description\" content=\"Rubikap polistiren Kristal bardak serilerimiz i\u00e7erisinde Plastik Bardak tek kullan\u0131ml\u0131k \u00fcr\u00fcnler kategorisindedir. Plastik bardaklar\u0131 kullanabilirsiniz.\" \/>\n<meta name=\"robots\" content=\"index, follow, max-snippet:-1, max-image-preview:large, max-video-preview:-1\" \/>\n<link rel=\"canonical\" href=\"https:\/\/rubikap.com\/en\/product\/rd-v25-bodega-bardak\/\" \/>\n<meta property=\"og:locale\" content=\"en_US\" \/>\n<meta property=\"og:type\" content=\"article\" \/>\n<meta property=\"og:title\" content=\"RD.V25 Bodega Bardak 250 ml - Rubikap Plastic Tableware - Polistiren Kristal Bardak\" \/>\n<meta property=\"og:description\" content=\"Rubikap polistiren Kristal bardak serilerimiz i\u00e7erisinde Plastik Bardak tek kullan\u0131ml\u0131k \u00fcr\u00fcnler kategorisindedir. Plastik bardaklar\u0131 kullanabilirsiniz.\" \/>\n<meta property=\"og:url\" content=\"https:\/\/rubikap.com\/en\/product\/rd-v25-bodega-bardak\/\" \/>\n<meta property=\"og:site_name\" content=\"Rubikap Plastic Tableware\" \/>\n<meta property=\"article:publisher\" content=\"https:\/\/www.facebook.com\/rubikapplastic\/\" \/>\n<meta property=\"article:modified_time\" content=\"2025-02-21T14:18:26+00:00\" \/>\n<meta property=\"og:image\" content=\"https:\/\/rubikap.com\/wp-content\/uploads\/2025\/02\/RD.V25-PC001_1.png\" \/>\n\t<meta property=\"og:image:width\" content=\"3112\" \/>\n\t<meta property=\"og:image:height\" content=\"3113\" \/>\n\t<meta property=\"og:image:type\" content=\"image\/png\" \/>\n<meta name=\"twitter:card\" content=\"summary_large_image\" \/>\n<meta name=\"twitter:label1\" content=\"Est. reading time\" \/>\n\t<meta name=\"twitter:data1\" content=\"1 minute\" \/>\n<!-- \/ Yoast SEO plugin. -->","yoast_head_json":{"title":"RD.V25 Bodega Bardak 250 ml - Rubikap Plastic Tableware - Polistiren Kristal Bardak","description":"Rubikap polistiren Kristal bardak serilerimiz i\u00e7erisinde Plastik Bardak tek kullan\u0131ml\u0131k \u00fcr\u00fcnler kategorisindedir. Plastik bardaklar\u0131 kullanabilirsiniz.","robots":{"index":"index","follow":"follow","max-snippet":"max-snippet:-1","max-image-preview":"max-image-preview:large","max-video-preview":"max-video-preview:-1"},"canonical":"https:\/\/rubikap.com\/en\/product\/rd-v25-bodega-bardak\/","og_locale":"en_US","og_type":"article","og_title":"RD.V25 Bodega Bardak 250 ml - Rubikap Plastic Tableware - Polistiren Kristal Bardak","og_description":"Rubikap polistiren Kristal bardak serilerimiz i\u00e7erisinde Plastik Bardak tek kullan\u0131ml\u0131k \u00fcr\u00fcnler kategorisindedir. Plastik bardaklar\u0131 kullanabilirsiniz.","og_url":"https:\/\/rubikap.com\/en\/product\/rd-v25-bodega-bardak\/","og_site_name":"Rubikap Plastic Tableware","article_publisher":"https:\/\/www.facebook.com\/rubikapplastic\/","article_modified_time":"2025-02-21T14:18:26+00:00","og_image":[{"width":3112,"height":3113,"url":"https:\/\/rubikap.com\/wp-content\/uploads\/2025\/02\/RD.V25-PC001_1.png","type":"image\/png"}],"twitter_card":"summary_large_image","twitter_misc":{"Est. reading time":"1 minute"},"schema":{"@context":"https:\/\/schema.org","@graph":[{"@type":"WebPage","@id":"https:\/\/rubikap.com\/product\/rd-v25-bodega-bardak\/","url":"https:\/\/rubikap.com\/product\/rd-v25-bodega-bardak\/","name":"RD.V25 Bodega Bardak 250 ml - Rubikap Plastic Tableware - Polistiren Kristal Bardak","isPartOf":{"@id":"https:\/\/rubikap.com\/#website"},"primaryImageOfPage":{"@id":"https:\/\/rubikap.com\/product\/rd-v25-bodega-bardak\/#primaryimage"},"image":{"@id":"https:\/\/rubikap.com\/product\/rd-v25-bodega-bardak\/#primaryimage"},"thumbnailUrl":"https:\/\/rubikap.com\/wp-content\/uploads\/2025\/02\/RD.V25-PC001_1.png","datePublished":"2025-02-21T14:09:54+00:00","dateModified":"2025-02-21T14:18:26+00:00","description":"Rubikap polistiren Kristal bardak serilerimiz i\u00e7erisinde Plastik Bardak tek kullan\u0131ml\u0131k \u00fcr\u00fcnler kategorisindedir. Plastik bardaklar\u0131 kullanabilirsiniz.","breadcrumb":{"@id":"https:\/\/rubikap.com\/product\/rd-v25-bodega-bardak\/#breadcrumb"},"inLanguage":"en-US","potentialAction":[{"@type":"ReadAction","target":["https:\/\/rubikap.com\/product\/rd-v25-bodega-bardak\/"]}]},{"@type":"ImageObject","inLanguage":"en-US","@id":"https:\/\/rubikap.com\/product\/rd-v25-bodega-bardak\/#primaryimage","url":"https:\/\/rubikap.com\/wp-content\/uploads\/2025\/02\/RD.V25-PC001_1.png","contentUrl":"https:\/\/rubikap.com\/wp-content\/uploads\/2025\/02\/RD.V25-PC001_1.png","width":3112,"height":3113},{"@type":"BreadcrumbList","@id":"https:\/\/rubikap.com\/product\/rd-v25-bodega-bardak\/#breadcrumb","itemListElement":[{"@type":"ListItem","position":1,"name":"Anasayfa","item":"https:\/\/rubikap.com\/"},{"@type":"ListItem","position":2,"name":"Shop","item":"https:\/\/rubikap.com\/shop\/"},{"@type":"ListItem","position":3,"name":"RD.V25 Bodega Bardak 250 ml"}]},{"@type":"WebSite","@id":"https:\/\/rubikap.com\/#website","url":"https:\/\/rubikap.com\/","name":"Rubikap","description":"","publisher":{"@id":"https:\/\/rubikap.com\/#organization"},"potentialAction":[{"@type":"SearchAction","target":{"@type":"EntryPoint","urlTemplate":"https:\/\/rubikap.com\/?s={search_term_string}"},"query-input":{"@type":"PropertyValueSpecification","valueRequired":true,"valueName":"search_term_string"}}],"inLanguage":"en-US"},{"@type":"Organization","@id":"https:\/\/rubikap.com\/#organization","name":"Rubikap","url":"https:\/\/rubikap.com\/","logo":{"@type":"ImageObject","inLanguage":"en-US","@id":"https:\/\/rubikap.com\/#\/schema\/logo\/image\/","url":"https:\/\/rubikap.com\/wp-content\/uploads\/2023\/05\/rubiakp-logo-e1683836552396.png","contentUrl":"https:\/\/rubikap.com\/wp-content\/uploads\/2023\/05\/rubiakp-logo-e1683836552396.png","width":1400,"height":420,"caption":"Rubikap"},"image":{"@id":"https:\/\/rubikap.com\/#\/schema\/logo\/image\/"},"sameAs":["https:\/\/www.facebook.com\/rubikapplastic\/","https:\/\/www.instagram.com\/rubikap\/","https:\/\/www.youtube.com\/channel\/UC1GiuVgjjGVTFags6eP43jA"]}]}},"_links":{"self":[{"href":"https:\/\/rubikap.com\/en\/wp-json\/wp\/v2\/product\/8629","targetHints":{"allow":["GET"]}}],"collection":[{"href":"https:\/\/rubikap.com\/en\/wp-json\/wp\/v2\/product"}],"about":[{"href":"https:\/\/rubikap.com\/en\/wp-json\/wp\/v2\/types\/product"}],"wp:featuredmedia":[{"embeddable":true,"href":"https:\/\/rubikap.com\/en\/wp-json\/wp\/v2\/media\/8630"}],"wp:attachment":[{"href":"https:\/\/rubikap.com\/en\/wp-json\/wp\/v2\/media?parent=8629"}],"wp:term":[{"taxonomy":"product_brand","embeddable":true,"href":"https:\/\/rubikap.com\/en\/wp-json\/wp\/v2\/product_brand?post=8629"},{"taxonomy":"product_cat","embeddable":true,"href":"https:\/\/rubikap.com\/en\/wp-json\/wp\/v2\/product_cat?post=8629"},{"taxonomy":"product_tag","embeddable":true,"href":"https:\/\/rubikap.com\/en\/wp-json\/wp\/v2\/product_tag?post=8629"}],"curies":[{"name":"wp","href":"https:\/\/api.w.org\/{rel}","templated":true}]}}