{"id":8602,"date":"2024-12-20T01:50:06","date_gmt":"2024-12-19T22:50:06","guid":{"rendered":"https:\/\/rubikap.com\/?post_type=product&#038;p=8602"},"modified":"2025-01-08T13:07:16","modified_gmt":"2025-01-08T10:07:16","slug":"rbb150-surahi","status":"publish","type":"product","link":"https:\/\/rubikap.com\/en\/product\/rbb150-surahi\/","title":{"rendered":"RB.B150 Pitcher 1,5 L"},"content":{"rendered":"<p><span style=\"vertical-align: inherit;\"><span style=\"vertical-align: inherit;\">Dayan\u0131kl\u0131 polikarbonat yap\u0131s\u0131 ve modern \u00e7izgileri ile <\/span><\/span><a href=\"https:\/\/rubikap.com\/en\/product-category\/cok-kullanimlik-urunler\/\"><span style=\"vertical-align: inherit;\"><span style=\"vertical-align: inherit;\">\u00e7ok kullan\u0131ml\u0131k \u00fcr\u00fcnler<\/span><\/span><\/a><br \/>\n<span style=\"vertical-align: inherit;\"><span style=\"vertical-align: inherit;\">kullan\u0131c\u0131lar\u0131n her ortamda ilk tercihleri durumundad\u0131r.<\/span><\/span><\/p>","protected":false},"excerpt":{"rendered":"<table width=\"1050\">\n<tbody>\n<tr>\n<td width=\"347\"><strong>STOCK CODE<\/strong><\/td>\n<td width=\"697\">RB.B150<\/td>\n<\/tr>\n<tr>\n<td width=\"347\"><strong>MAX. DIAMETER <\/strong><\/td>\n<td width=\"697\">130mm<\/td>\n<\/tr>\n<tr>\n<td width=\"347\"><strong>HEIGHT<\/strong><\/td>\n<td width=\"697\">210mm<\/td>\n<\/tr>\n<tr>\n<td width=\"347\"><strong>FULL SIZE<\/strong><\/td>\n<td width=\"697\">&#8211;<\/td>\n<\/tr>\n<tr>\n<td width=\"347\"><strong>TAP SIZE<\/strong><\/td>\n<td width=\"697\">1500ml<\/td>\n<\/tr>\n<tr>\n<td width=\"347\"><strong>SCALE LINE<\/strong><\/td>\n<td width=\"697\">Yok<\/td>\n<\/tr>\n<tr>\n<td width=\"347\"><strong>WEIGHT<\/strong><\/td>\n<td width=\"697\">270gr<\/td>\n<\/tr>\n<tr>\n<td width=\"347\"><strong>MATERIAL<\/strong><\/td>\n<td width=\"697\">Polycarbonate<\/td>\n<\/tr>\n<tr>\n<td width=\"347\"><strong>COLORS<\/strong><\/td>\n<td width=\"697\">Clear<\/td>\n<\/tr>\n<tr>\n<td width=\"347\"><strong>QTY PCS IN BOX<\/strong><\/td>\n<td width=\"697\">12<\/td>\n<\/tr>\n<tr>\n<td width=\"347\"><strong>BOX SIZE <\/strong><\/td>\n<td width=\"697\">&#8211;<\/td>\n<\/tr>\n<tr>\n<td width=\"347\"><strong>QTY OF PRODUCTS IN A PALLETE<\/strong><\/td>\n<td width=\"697\">&#8211;<\/td>\n<\/tr>\n<tr>\n<td width=\"347\"><strong>PALLET SIZE <\/strong><\/td>\n<td width=\"697\">&#8211;<\/td>\n<\/tr>\n<\/tbody>\n<\/table>\n<p>&nbsp;<\/p>\n<p>&nbsp;<\/p>","protected":false},"featured_media":8603,"template":"","meta":[],"product_brand":[],"product_cat":[60],"product_tag":[163,151,61],"class_list":{"0":"post-8602","1":"product","2":"type-product","3":"status-publish","4":"has-post-thumbnail","6":"product_cat-surahiler","7":"product_tag-bira-surahisi","8":"product_tag-mika","9":"product_tag-surahi","11":"first","12":"instock","13":"shipping-taxable","14":"product-type-simple"},"yoast_head":"<!-- This site is optimized with the Yoast SEO plugin v27.3 - https:\/\/yoast.com\/product\/yoast-seo-wordpress\/ -->\n<title>RB.B150 S\u00fcrahi 1,5 L - Rubikap Plastic Tableware - Premium Bira Barda\u011f\u0131<\/title>\n<meta name=\"description\" content=\"RB.B150 S\u00fcrahi 1,5 L\" \/>\n<meta name=\"robots\" content=\"index, follow, max-snippet:-1, max-image-preview:large, max-video-preview:-1\" \/>\n<link rel=\"canonical\" href=\"https:\/\/rubikap.com\/en\/product\/rbb150-surahi\/\" \/>\n<meta property=\"og:locale\" content=\"en_US\" \/>\n<meta property=\"og:type\" content=\"article\" \/>\n<meta property=\"og:title\" content=\"RB.B150 S\u00fcrahi 1,5 L - Rubikap Plastic Tableware - Premium Bira Barda\u011f\u0131\" \/>\n<meta property=\"og:description\" content=\"RB.B150 S\u00fcrahi 1,5 L\" \/>\n<meta property=\"og:url\" content=\"https:\/\/rubikap.com\/en\/product\/rbb150-surahi\/\" \/>\n<meta property=\"og:site_name\" content=\"Rubikap Plastic Tableware\" \/>\n<meta property=\"article:publisher\" content=\"https:\/\/www.facebook.com\/rubikapplastic\/\" \/>\n<meta property=\"article:modified_time\" content=\"2025-01-08T10:07:16+00:00\" \/>\n<meta property=\"og:image\" content=\"https:\/\/rubikap.com\/wp-content\/uploads\/2024\/12\/RB.B150-PC001_1-surahi.jpg\" \/>\n\t<meta property=\"og:image:width\" content=\"1000\" \/>\n\t<meta property=\"og:image:height\" content=\"1000\" \/>\n\t<meta property=\"og:image:type\" content=\"image\/jpeg\" \/>\n<meta name=\"twitter:card\" content=\"summary_large_image\" \/>\n<meta name=\"twitter:label1\" content=\"Est. reading time\" \/>\n\t<meta name=\"twitter:data1\" content=\"1 minute\" \/>\n<!-- \/ Yoast SEO plugin. -->","yoast_head_json":{"title":"RB.B150 S\u00fcrahi 1,5 L - Rubikap Plastic Tableware - Premium Bira Barda\u011f\u0131","description":"RB.B150 Pitcher 1,5 L","robots":{"index":"index","follow":"follow","max-snippet":"max-snippet:-1","max-image-preview":"max-image-preview:large","max-video-preview":"max-video-preview:-1"},"canonical":"https:\/\/rubikap.com\/en\/product\/rbb150-surahi\/","og_locale":"en_US","og_type":"article","og_title":"RB.B150 S\u00fcrahi 1,5 L - Rubikap Plastic Tableware - Premium Bira Barda\u011f\u0131","og_description":"RB.B150 S\u00fcrahi 1,5 L","og_url":"https:\/\/rubikap.com\/en\/product\/rbb150-surahi\/","og_site_name":"Rubikap Plastic Tableware","article_publisher":"https:\/\/www.facebook.com\/rubikapplastic\/","article_modified_time":"2025-01-08T10:07:16+00:00","og_image":[{"width":1000,"height":1000,"url":"https:\/\/rubikap.com\/wp-content\/uploads\/2024\/12\/RB.B150-PC001_1-surahi.jpg","type":"image\/jpeg"}],"twitter_card":"summary_large_image","twitter_misc":{"Est. reading time":"1 minute"},"schema":{"@context":"https:\/\/schema.org","@graph":[{"@type":"WebPage","@id":"https:\/\/rubikap.com\/product\/rbb150-surahi\/","url":"https:\/\/rubikap.com\/product\/rbb150-surahi\/","name":"RB.B150 S\u00fcrahi 1,5 L - Rubikap Plastic Tableware - Premium Bira Barda\u011f\u0131","isPartOf":{"@id":"https:\/\/rubikap.com\/#website"},"primaryImageOfPage":{"@id":"https:\/\/rubikap.com\/product\/rbb150-surahi\/#primaryimage"},"image":{"@id":"https:\/\/rubikap.com\/product\/rbb150-surahi\/#primaryimage"},"thumbnailUrl":"https:\/\/rubikap.com\/wp-content\/uploads\/2024\/12\/RB.B150-PC001_1-surahi.jpg","datePublished":"2024-12-19T22:50:06+00:00","dateModified":"2025-01-08T10:07:16+00:00","description":"RB.B150 Pitcher 1,5 L","breadcrumb":{"@id":"https:\/\/rubikap.com\/product\/rbb150-surahi\/#breadcrumb"},"inLanguage":"en-US","potentialAction":[{"@type":"ReadAction","target":["https:\/\/rubikap.com\/product\/rbb150-surahi\/"]}]},{"@type":"ImageObject","inLanguage":"en-US","@id":"https:\/\/rubikap.com\/product\/rbb150-surahi\/#primaryimage","url":"https:\/\/rubikap.com\/wp-content\/uploads\/2024\/12\/RB.B150-PC001_1-surahi.jpg","contentUrl":"https:\/\/rubikap.com\/wp-content\/uploads\/2024\/12\/RB.B150-PC001_1-surahi.jpg","width":1000,"height":1000},{"@type":"BreadcrumbList","@id":"https:\/\/rubikap.com\/product\/rbb150-surahi\/#breadcrumb","itemListElement":[{"@type":"ListItem","position":1,"name":"Anasayfa","item":"https:\/\/rubikap.com\/"},{"@type":"ListItem","position":2,"name":"Shop","item":"https:\/\/rubikap.com\/shop\/"},{"@type":"ListItem","position":3,"name":"RB.B150 S\u00fcrahi 1,5 L"}]},{"@type":"WebSite","@id":"https:\/\/rubikap.com\/#website","url":"https:\/\/rubikap.com\/","name":"Rubikap","description":"","publisher":{"@id":"https:\/\/rubikap.com\/#organization"},"potentialAction":[{"@type":"SearchAction","target":{"@type":"EntryPoint","urlTemplate":"https:\/\/rubikap.com\/?s={search_term_string}"},"query-input":{"@type":"PropertyValueSpecification","valueRequired":true,"valueName":"search_term_string"}}],"inLanguage":"en-US"},{"@type":"Organization","@id":"https:\/\/rubikap.com\/#organization","name":"Rubikap","url":"https:\/\/rubikap.com\/","logo":{"@type":"ImageObject","inLanguage":"en-US","@id":"https:\/\/rubikap.com\/#\/schema\/logo\/image\/","url":"https:\/\/rubikap.com\/wp-content\/uploads\/2023\/05\/rubiakp-logo-e1683836552396.png","contentUrl":"https:\/\/rubikap.com\/wp-content\/uploads\/2023\/05\/rubiakp-logo-e1683836552396.png","width":1400,"height":420,"caption":"Rubikap"},"image":{"@id":"https:\/\/rubikap.com\/#\/schema\/logo\/image\/"},"sameAs":["https:\/\/www.facebook.com\/rubikapplastic\/","https:\/\/www.instagram.com\/rubikap\/","https:\/\/www.youtube.com\/channel\/UC1GiuVgjjGVTFags6eP43jA"]}]}},"_links":{"self":[{"href":"https:\/\/rubikap.com\/en\/wp-json\/wp\/v2\/product\/8602","targetHints":{"allow":["GET"]}}],"collection":[{"href":"https:\/\/rubikap.com\/en\/wp-json\/wp\/v2\/product"}],"about":[{"href":"https:\/\/rubikap.com\/en\/wp-json\/wp\/v2\/types\/product"}],"wp:featuredmedia":[{"embeddable":true,"href":"https:\/\/rubikap.com\/en\/wp-json\/wp\/v2\/media\/8603"}],"wp:attachment":[{"href":"https:\/\/rubikap.com\/en\/wp-json\/wp\/v2\/media?parent=8602"}],"wp:term":[{"taxonomy":"product_brand","embeddable":true,"href":"https:\/\/rubikap.com\/en\/wp-json\/wp\/v2\/product_brand?post=8602"},{"taxonomy":"product_cat","embeddable":true,"href":"https:\/\/rubikap.com\/en\/wp-json\/wp\/v2\/product_cat?post=8602"},{"taxonomy":"product_tag","embeddable":true,"href":"https:\/\/rubikap.com\/en\/wp-json\/wp\/v2\/product_tag?post=8602"}],"curies":[{"name":"wp","href":"https:\/\/api.w.org\/{rel}","templated":true}]}}