{"id":724,"date":"2022-06-29T01:14:52","date_gmt":"2022-06-28T22:14:52","guid":{"rendered":"https:\/\/rubikap.com\/?post_type=product&#038;p=724"},"modified":"2024-12-20T01:33:01","modified_gmt":"2024-12-19T22:33:01","slug":"nf-10-aski-halkasi","status":"publish","type":"product","link":"https:\/\/rubikap.com\/en\/product\/nf-10-aski-halkasi\/","title":{"rendered":"NF.10 Hanger Ring"},"content":{"rendered":"<p>Rubikap Ask\u0131 Halkas\u0131 <a href=\"https:\/\/rubikap.com\/en\/product-category\/cok-kullanimlik-urunler\/\">\u00e7ok kullan\u0131ml\u0131k \u00fcr\u00fcnler<\/a> \u00e7e\u015fitleridir.<\/p>\n<p><a href=\"https:\/\/tr.wikipedia.org\/wiki\/Polikarbonat\">Polycarbonate<\/a> yap\u0131ya sahip Ask\u0131 Halkas\u0131 Otel Ask\u0131s\u0131n\u0131n tamamlay\u0131c\u0131 bir par\u00e7as\u0131 olacakt\u0131r.<\/p>\n<p>Y\u0131llarca g\u00fcvenle, ayn\u0131 sa\u011flaml\u0131kta kolayl\u0131kla kullanabilirsiniz.<\/p>","protected":false},"excerpt":{"rendered":"<table class=\"woocommerce-product-attributes shop_attributes\" aria-label=\"\u00dcr\u00fcn Ayr\u0131nt\u0131lar\u0131\">\n<tbody>\n<tr class=\"woocommerce-product-attributes-item woocommerce-product-attributes-item--attribute_stok-kodu\">\n<th class=\"woocommerce-product-attributes-item__label\" scope=\"row\">STOCK CODE<\/th>\n<td class=\"woocommerce-product-attributes-item__value\">NF.10<\/td>\n<\/tr>\n<tr class=\"woocommerce-product-attributes-item woocommerce-product-attributes-item--attribute_max-%c3%a7ap\">\n<th class=\"woocommerce-product-attributes-item__label\" scope=\"row\">MAX. DIAMETER<\/th>\n<td class=\"woocommerce-product-attributes-item__value\">\u2013<\/td>\n<\/tr>\n<tr class=\"woocommerce-product-attributes-item woocommerce-product-attributes-item--attribute_y%c3%bckseklik\">\n<th class=\"woocommerce-product-attributes-item__label\" scope=\"row\">HEIGHT<\/th>\n<td class=\"woocommerce-product-attributes-item__value\">\u2013<\/td>\n<\/tr>\n<tr class=\"woocommerce-product-attributes-item woocommerce-product-attributes-item--attribute_max-hacim\">\n<th class=\"woocommerce-product-attributes-item__label\" scope=\"row\">FULL SIZE<\/th>\n<td class=\"woocommerce-product-attributes-item__value\">\u2013<\/td>\n<\/tr>\n<tr class=\"woocommerce-product-attributes-item woocommerce-product-attributes-item--attribute_a%c4%9f%c4%b1rl%c4%b1k\">\n<th class=\"woocommerce-product-attributes-item__label\" scope=\"row\">WEIGHT<\/th>\n<td class=\"woocommerce-product-attributes-item__value\">\u2013<\/td>\n<\/tr>\n<tr class=\"woocommerce-product-attributes-item woocommerce-product-attributes-item--attribute_materyal\">\n<th class=\"woocommerce-product-attributes-item__label\" scope=\"row\">MATERIAL<\/th>\n<td class=\"woocommerce-product-attributes-item__value\">Polycarbonate<\/td>\n<\/tr>\n<tr class=\"woocommerce-product-attributes-item woocommerce-product-attributes-item--attribute_koli-i%cc%87%c3%a7i-adet\">\n<th class=\"woocommerce-product-attributes-item__label\" scope=\"row\">QTY PCS IN BOX<\/th>\n<td class=\"woocommerce-product-attributes-item__value\">1000<\/td>\n<\/tr>\n<tr class=\"woocommerce-product-attributes-item woocommerce-product-attributes-item--attribute_renkler\">\n<th class=\"woocommerce-product-attributes-item__label\" scope=\"row\">COLORS<\/th>\n<td class=\"woocommerce-product-attributes-item__value\">Siyah<\/td>\n<\/tr>\n<\/tbody>\n<\/table>","protected":false},"featured_media":757,"template":"","meta":[],"product_brand":[],"product_cat":[70],"product_tag":[73],"class_list":{"0":"post-724","1":"product","2":"type-product","3":"status-publish","4":"has-post-thumbnail","6":"product_cat-diger-urunler","7":"product_tag-aski","9":"first","10":"instock","11":"shipping-taxable","12":"product-type-simple"},"yoast_head":"<!-- This site is optimized with the Yoast SEO plugin v27.3 - https:\/\/yoast.com\/product\/yoast-seo-wordpress\/ -->\n<title>NF.10 Ask\u0131 Halkas\u0131 - Rubikap Plastic Tableware - Ask\u0131 Halkas\u0131 - Otel Ask\u0131s\u0131 - Ask\u0131l\u0131k<\/title>\n<meta name=\"description\" content=\"Rubikap Ask\u0131 Halkas\u0131 \u00e7ok kullan\u0131ml\u0131k \u00fcr\u00fcnler \u00e7e\u015fitleridir.Polikarbonat yap\u0131ya sahip Ask\u0131 Halkas\u0131 Otel Ask\u0131&#039;s\u0131n\u0131n tamamlay\u0131c\u0131 bir par\u00e7as\u0131 olacakt\u0131r.\" \/>\n<meta name=\"robots\" content=\"index, follow, max-snippet:-1, max-image-preview:large, max-video-preview:-1\" \/>\n<link rel=\"canonical\" href=\"https:\/\/rubikap.com\/en\/product\/nf-10-aski-halkasi\/\" \/>\n<meta property=\"og:locale\" content=\"en_US\" \/>\n<meta property=\"og:type\" content=\"article\" \/>\n<meta property=\"og:title\" content=\"NF.10 Ask\u0131 Halkas\u0131 - Rubikap Plastic Tableware - Ask\u0131 Halkas\u0131 - Otel Ask\u0131s\u0131 - Ask\u0131l\u0131k\" \/>\n<meta property=\"og:description\" content=\"Rubikap Ask\u0131 Halkas\u0131 \u00e7ok kullan\u0131ml\u0131k \u00fcr\u00fcnler \u00e7e\u015fitleridir.Polikarbonat yap\u0131ya sahip Ask\u0131 Halkas\u0131 Otel Ask\u0131&#039;s\u0131n\u0131n tamamlay\u0131c\u0131 bir par\u00e7as\u0131 olacakt\u0131r.\" \/>\n<meta property=\"og:url\" content=\"https:\/\/rubikap.com\/en\/product\/nf-10-aski-halkasi\/\" \/>\n<meta property=\"og:site_name\" content=\"Rubikap Plastic Tableware\" \/>\n<meta property=\"article:publisher\" content=\"https:\/\/www.facebook.com\/rubikapplastic\/\" \/>\n<meta property=\"article:modified_time\" content=\"2024-12-19T22:33:01+00:00\" \/>\n<meta property=\"og:image\" content=\"https:\/\/rubikap.com\/wp-content\/uploads\/2022\/06\/NF.10.jpg\" \/>\n\t<meta property=\"og:image:width\" content=\"600\" \/>\n\t<meta property=\"og:image:height\" content=\"600\" \/>\n\t<meta property=\"og:image:type\" content=\"image\/jpeg\" \/>\n<meta name=\"twitter:card\" content=\"summary_large_image\" \/>\n<meta name=\"twitter:label1\" content=\"Est. reading time\" \/>\n\t<meta name=\"twitter:data1\" content=\"1 minute\" \/>\n<!-- \/ Yoast SEO plugin. -->","yoast_head_json":{"title":"NF.10 Ask\u0131 Halkas\u0131 - Rubikap Plastic Tableware - Ask\u0131 Halkas\u0131 - Otel Ask\u0131s\u0131 - Ask\u0131l\u0131k","description":"Rubikap Ask\u0131 Halkas\u0131 \u00e7ok kullan\u0131ml\u0131k \u00fcr\u00fcnler \u00e7e\u015fitleridir.Polikarbonat yap\u0131ya sahip Ask\u0131 Halkas\u0131 Otel Ask\u0131's\u0131n\u0131n tamamlay\u0131c\u0131 bir par\u00e7as\u0131 olacakt\u0131r.","robots":{"index":"index","follow":"follow","max-snippet":"max-snippet:-1","max-image-preview":"max-image-preview:large","max-video-preview":"max-video-preview:-1"},"canonical":"https:\/\/rubikap.com\/en\/product\/nf-10-aski-halkasi\/","og_locale":"en_US","og_type":"article","og_title":"NF.10 Ask\u0131 Halkas\u0131 - Rubikap Plastic Tableware - Ask\u0131 Halkas\u0131 - Otel Ask\u0131s\u0131 - Ask\u0131l\u0131k","og_description":"Rubikap Ask\u0131 Halkas\u0131 \u00e7ok kullan\u0131ml\u0131k \u00fcr\u00fcnler \u00e7e\u015fitleridir.Polikarbonat yap\u0131ya sahip Ask\u0131 Halkas\u0131 Otel Ask\u0131's\u0131n\u0131n tamamlay\u0131c\u0131 bir par\u00e7as\u0131 olacakt\u0131r.","og_url":"https:\/\/rubikap.com\/en\/product\/nf-10-aski-halkasi\/","og_site_name":"Rubikap Plastic Tableware","article_publisher":"https:\/\/www.facebook.com\/rubikapplastic\/","article_modified_time":"2024-12-19T22:33:01+00:00","og_image":[{"width":600,"height":600,"url":"https:\/\/rubikap.com\/wp-content\/uploads\/2022\/06\/NF.10.jpg","type":"image\/jpeg"}],"twitter_card":"summary_large_image","twitter_misc":{"Est. reading time":"1 minute"},"schema":{"@context":"https:\/\/schema.org","@graph":[{"@type":"WebPage","@id":"https:\/\/rubikap.com\/product\/nf-10-aski-halkasi\/","url":"https:\/\/rubikap.com\/product\/nf-10-aski-halkasi\/","name":"NF.10 Ask\u0131 Halkas\u0131 - Rubikap Plastic Tableware - Ask\u0131 Halkas\u0131 - Otel Ask\u0131s\u0131 - Ask\u0131l\u0131k","isPartOf":{"@id":"https:\/\/rubikap.com\/#website"},"primaryImageOfPage":{"@id":"https:\/\/rubikap.com\/product\/nf-10-aski-halkasi\/#primaryimage"},"image":{"@id":"https:\/\/rubikap.com\/product\/nf-10-aski-halkasi\/#primaryimage"},"thumbnailUrl":"https:\/\/rubikap.com\/wp-content\/uploads\/2022\/06\/NF.10.jpg","datePublished":"2022-06-28T22:14:52+00:00","dateModified":"2024-12-19T22:33:01+00:00","description":"Rubikap Ask\u0131 Halkas\u0131 \u00e7ok kullan\u0131ml\u0131k \u00fcr\u00fcnler \u00e7e\u015fitleridir.Polikarbonat yap\u0131ya sahip Ask\u0131 Halkas\u0131 Otel Ask\u0131's\u0131n\u0131n tamamlay\u0131c\u0131 bir par\u00e7as\u0131 olacakt\u0131r.","breadcrumb":{"@id":"https:\/\/rubikap.com\/product\/nf-10-aski-halkasi\/#breadcrumb"},"inLanguage":"en-US","potentialAction":[{"@type":"ReadAction","target":["https:\/\/rubikap.com\/product\/nf-10-aski-halkasi\/"]}]},{"@type":"ImageObject","inLanguage":"en-US","@id":"https:\/\/rubikap.com\/product\/nf-10-aski-halkasi\/#primaryimage","url":"https:\/\/rubikap.com\/wp-content\/uploads\/2022\/06\/NF.10.jpg","contentUrl":"https:\/\/rubikap.com\/wp-content\/uploads\/2022\/06\/NF.10.jpg","width":600,"height":600},{"@type":"BreadcrumbList","@id":"https:\/\/rubikap.com\/product\/nf-10-aski-halkasi\/#breadcrumb","itemListElement":[{"@type":"ListItem","position":1,"name":"Anasayfa","item":"https:\/\/rubikap.com\/"},{"@type":"ListItem","position":2,"name":"Shop","item":"https:\/\/rubikap.com\/shop\/"},{"@type":"ListItem","position":3,"name":"NF.10 Ask\u0131 Halkas\u0131"}]},{"@type":"WebSite","@id":"https:\/\/rubikap.com\/#website","url":"https:\/\/rubikap.com\/","name":"Rubikap","description":"","publisher":{"@id":"https:\/\/rubikap.com\/#organization"},"potentialAction":[{"@type":"SearchAction","target":{"@type":"EntryPoint","urlTemplate":"https:\/\/rubikap.com\/?s={search_term_string}"},"query-input":{"@type":"PropertyValueSpecification","valueRequired":true,"valueName":"search_term_string"}}],"inLanguage":"en-US"},{"@type":"Organization","@id":"https:\/\/rubikap.com\/#organization","name":"Rubikap","url":"https:\/\/rubikap.com\/","logo":{"@type":"ImageObject","inLanguage":"en-US","@id":"https:\/\/rubikap.com\/#\/schema\/logo\/image\/","url":"https:\/\/rubikap.com\/wp-content\/uploads\/2023\/05\/rubiakp-logo-e1683836552396.png","contentUrl":"https:\/\/rubikap.com\/wp-content\/uploads\/2023\/05\/rubiakp-logo-e1683836552396.png","width":1400,"height":420,"caption":"Rubikap"},"image":{"@id":"https:\/\/rubikap.com\/#\/schema\/logo\/image\/"},"sameAs":["https:\/\/www.facebook.com\/rubikapplastic\/","https:\/\/www.instagram.com\/rubikap\/","https:\/\/www.youtube.com\/channel\/UC1GiuVgjjGVTFags6eP43jA"]}]}},"_links":{"self":[{"href":"https:\/\/rubikap.com\/en\/wp-json\/wp\/v2\/product\/724","targetHints":{"allow":["GET"]}}],"collection":[{"href":"https:\/\/rubikap.com\/en\/wp-json\/wp\/v2\/product"}],"about":[{"href":"https:\/\/rubikap.com\/en\/wp-json\/wp\/v2\/types\/product"}],"wp:featuredmedia":[{"embeddable":true,"href":"https:\/\/rubikap.com\/en\/wp-json\/wp\/v2\/media\/757"}],"wp:attachment":[{"href":"https:\/\/rubikap.com\/en\/wp-json\/wp\/v2\/media?parent=724"}],"wp:term":[{"taxonomy":"product_brand","embeddable":true,"href":"https:\/\/rubikap.com\/en\/wp-json\/wp\/v2\/product_brand?post=724"},{"taxonomy":"product_cat","embeddable":true,"href":"https:\/\/rubikap.com\/en\/wp-json\/wp\/v2\/product_cat?post=724"},{"taxonomy":"product_tag","embeddable":true,"href":"https:\/\/rubikap.com\/en\/wp-json\/wp\/v2\/product_tag?post=724"}],"curies":[{"name":"wp","href":"https:\/\/api.w.org\/{rel}","templated":true}]}}