{"id":673,"date":"2022-06-29T01:14:29","date_gmt":"2022-06-28T22:14:29","guid":{"rendered":"https:\/\/rubikap.com\/?post_type=product&#038;p=673"},"modified":"2023-02-19T14:00:10","modified_gmt":"2023-02-19T11:00:10","slug":"cu-s11-ekolojik-compostable-kasik-pla","status":"publish","type":"product","link":"https:\/\/rubikap.com\/en\/product\/cu-s11-ekolojik-compostable-kasik-pla\/","title":{"rendered":"CU-S11 Compostable Spoon"},"content":{"rendered":"<p>Compostable PLA malzeme, g\u00fcn\u00fcm\u00fczde giderek pop\u00fclerle\u015fen bir biyo-plastik malzemedir. Bu malzeme, m\u0131s\u0131r ni\u015fastas\u0131, \u015feker kam\u0131\u015f\u0131 ve di\u011fer bitki kaynaklar\u0131ndan elde edilen polilaktik asit (PLA) denilen bir polimerden \u00fcretilir. PLA, petrokimya bazl\u0131 plastiklere g\u00f6re daha \u00e7evre dostudur ve geri d\u00f6n\u00fc\u015ft\u00fcr\u00fclebilir veya kompostlanabilir.<\/p>\n<p>Servis ekipmanlar\u0131, g\u0131da end\u00fcstrisinde s\u0131kl\u0131kla kullan\u0131lan \u00fcr\u00fcnlerdir. Bu ekipmanlar aras\u0131nda tabaklar, bardaklar, \u00e7atal b\u0131\u00e7ak tak\u0131mlar\u0131, paketler ve daha bir\u00e7ok \u00fcr\u00fcn yer al\u0131r. Compostable PLA malzeme, bu ekipmanlar\u0131n \u00fcretiminde kullan\u0131labilecek \u00e7evre dostu bir alternatif olabilir.<\/p>\n<p>Compostable PLA malzeme ile \u00fcretilen servis ekipmanlar\u0131, \u00e7evre dostu olmalar\u0131n\u0131n yan\u0131 s\u0131ra, geleneksel plastiklerden daha az toksik ve daha az enerji t\u00fcketen bir \u00fcretim s\u00fcrecine sahiptir. Ayr\u0131ca, PLA malzemesi, biyolojik olarak par\u00e7alanabilen bir malzeme oldu\u011fundan, \u00e7evreye zararl\u0131 de\u011fildir.<\/p>\n<p>Sonu\u00e7 olarak, Compostable PLA malzeme ile \u00fcretilen servis ekipmanlar\u0131, \u00e7evre dostu bir alternatif olabilirler. Bu \u00fcr\u00fcnler, daha az toksik ve daha az enerji t\u00fcketen bir \u00fcretim s\u00fcrecine sahiptirler ve biyolojik olarak par\u00e7alanabilen bir malzemeden \u00fcretildikleri i\u00e7in \u00e7evreye zararl\u0131 de\u011fillerdir.<\/p>","protected":false},"excerpt":{"rendered":"<p>Rubikap <a href=\"https:\/\/tr.wikipedia.org\/wiki\/Polikarbonat\">polistiren<\/a> Ekolojik Compostable Ka\u015f\u0131k \u00fcr\u00fcn\u00fcm\u00fcz <a href=\"https:\/\/rubikap.com\/en\/product-category\/tek-kullanimlik-urunler\/\">tek kullan\u0131ml\u0131k \u00fcr\u00fcnler<\/a> kategorisindedir.<\/p>\n<p>Polistiren yap\u0131ya sahip dayan\u0131kl\u0131 Tek kullan\u0131ml\u0131k PLA plastik ka\u015f\u0131klar g\u00fcvenle kullan\u0131labilir.<\/p>","protected":false},"featured_media":1071,"template":"","meta":[],"product_brand":[],"product_cat":[84],"product_tag":[135,85,134,119],"class_list":{"0":"post-673","1":"product","2":"type-product","3":"status-publish","4":"has-post-thumbnail","6":"product_cat-catallar-ve-bicaklar","7":"product_tag-compostable","8":"product_tag-kasik","9":"product_tag-pla","10":"product_tag-plastik-kasik","12":"first","13":"instock","14":"shipping-taxable","15":"product-type-simple"},"yoast_head":"<!-- This site is optimized with the Yoast SEO plugin v27.3 - https:\/\/yoast.com\/product\/yoast-seo-wordpress\/ -->\n<title>CU-S11 Ekolojik Compostable PLA Ka\u015f\u0131k - Ekolojik Compostable Ka\u015f\u0131k<\/title>\n<meta name=\"description\" content=\"Rubikap polistiren Ekolojik Compostable Ka\u015f\u0131k \u00fcr\u00fcn\u00fcm\u00fcz tek kullan\u0131ml\u0131k \u00fcr\u00fcnler kategorisindedir.Tek kullan\u0131ml\u0131k PLA plastik ka\u015f\u0131klar g\u00fcvenle kullan\u0131labilir.\" \/>\n<meta name=\"robots\" content=\"index, follow, max-snippet:-1, max-image-preview:large, max-video-preview:-1\" \/>\n<link rel=\"canonical\" href=\"https:\/\/rubikap.com\/en\/product\/cu-s11-ekolojik-compostable-kasik-pla\/\" \/>\n<meta property=\"og:locale\" content=\"en_US\" \/>\n<meta property=\"og:type\" content=\"article\" \/>\n<meta property=\"og:title\" content=\"CU-S11 Ekolojik Compostable PLA Ka\u015f\u0131k - Ekolojik Compostable Ka\u015f\u0131k\" \/>\n<meta property=\"og:description\" content=\"Rubikap polistiren Ekolojik Compostable Ka\u015f\u0131k \u00fcr\u00fcn\u00fcm\u00fcz tek kullan\u0131ml\u0131k \u00fcr\u00fcnler kategorisindedir.Tek kullan\u0131ml\u0131k PLA plastik ka\u015f\u0131klar g\u00fcvenle kullan\u0131labilir.\" \/>\n<meta property=\"og:url\" content=\"https:\/\/rubikap.com\/en\/product\/cu-s11-ekolojik-compostable-kasik-pla\/\" \/>\n<meta property=\"og:site_name\" content=\"Rubikap Plastic Tableware\" \/>\n<meta property=\"article:publisher\" content=\"https:\/\/www.facebook.com\/rubikapplastic\/\" \/>\n<meta property=\"article:modified_time\" content=\"2023-02-19T11:00:10+00:00\" \/>\n<meta property=\"og:image\" content=\"https:\/\/rubikap.com\/wp-content\/uploads\/2022\/06\/cu-s11-plastik-kas\u0327ik.jpg\" \/>\n\t<meta property=\"og:image:width\" content=\"900\" \/>\n\t<meta property=\"og:image:height\" content=\"900\" \/>\n\t<meta property=\"og:image:type\" content=\"image\/jpeg\" \/>\n<meta name=\"twitter:card\" content=\"summary_large_image\" \/>\n<meta name=\"twitter:label1\" content=\"Est. reading time\" \/>\n\t<meta name=\"twitter:data1\" content=\"1 minute\" \/>\n<!-- \/ Yoast SEO plugin. -->","yoast_head_json":{"title":"CU-S11 Ekolojik Compostable PLA Ka\u015f\u0131k - Ekolojik Compostable Ka\u015f\u0131k","description":"Rubikap polistiren Ekolojik Compostable Ka\u015f\u0131k \u00fcr\u00fcn\u00fcm\u00fcz tek kullan\u0131ml\u0131k \u00fcr\u00fcnler kategorisindedir.Tek kullan\u0131ml\u0131k PLA plastik ka\u015f\u0131klar g\u00fcvenle kullan\u0131labilir.","robots":{"index":"index","follow":"follow","max-snippet":"max-snippet:-1","max-image-preview":"max-image-preview:large","max-video-preview":"max-video-preview:-1"},"canonical":"https:\/\/rubikap.com\/en\/product\/cu-s11-ekolojik-compostable-kasik-pla\/","og_locale":"en_US","og_type":"article","og_title":"CU-S11 Ekolojik Compostable PLA Ka\u015f\u0131k - Ekolojik Compostable Ka\u015f\u0131k","og_description":"Rubikap polistiren Ekolojik Compostable Ka\u015f\u0131k \u00fcr\u00fcn\u00fcm\u00fcz tek kullan\u0131ml\u0131k \u00fcr\u00fcnler kategorisindedir.Tek kullan\u0131ml\u0131k PLA plastik ka\u015f\u0131klar g\u00fcvenle kullan\u0131labilir.","og_url":"https:\/\/rubikap.com\/en\/product\/cu-s11-ekolojik-compostable-kasik-pla\/","og_site_name":"Rubikap Plastic Tableware","article_publisher":"https:\/\/www.facebook.com\/rubikapplastic\/","article_modified_time":"2023-02-19T11:00:10+00:00","og_image":[{"width":900,"height":900,"url":"https:\/\/rubikap.com\/wp-content\/uploads\/2022\/06\/cu-s11-plastik-kas\u0327ik.jpg","type":"image\/jpeg"}],"twitter_card":"summary_large_image","twitter_misc":{"Est. reading time":"1 minute"},"schema":{"@context":"https:\/\/schema.org","@graph":[{"@type":"WebPage","@id":"https:\/\/rubikap.com\/product\/cu-s11-ekolojik-compostable-kasik-pla\/","url":"https:\/\/rubikap.com\/product\/cu-s11-ekolojik-compostable-kasik-pla\/","name":"CU-S11 Ekolojik Compostable PLA Ka\u015f\u0131k - Ekolojik Compostable Ka\u015f\u0131k","isPartOf":{"@id":"https:\/\/rubikap.com\/#website"},"primaryImageOfPage":{"@id":"https:\/\/rubikap.com\/product\/cu-s11-ekolojik-compostable-kasik-pla\/#primaryimage"},"image":{"@id":"https:\/\/rubikap.com\/product\/cu-s11-ekolojik-compostable-kasik-pla\/#primaryimage"},"thumbnailUrl":"https:\/\/rubikap.com\/wp-content\/uploads\/2022\/06\/cu-s11-plastik-kas\u0327ik.jpg","datePublished":"2022-06-28T22:14:29+00:00","dateModified":"2023-02-19T11:00:10+00:00","description":"Rubikap polistiren Ekolojik Compostable Ka\u015f\u0131k \u00fcr\u00fcn\u00fcm\u00fcz tek kullan\u0131ml\u0131k \u00fcr\u00fcnler kategorisindedir.Tek kullan\u0131ml\u0131k PLA plastik ka\u015f\u0131klar g\u00fcvenle kullan\u0131labilir.","breadcrumb":{"@id":"https:\/\/rubikap.com\/product\/cu-s11-ekolojik-compostable-kasik-pla\/#breadcrumb"},"inLanguage":"en-US","potentialAction":[{"@type":"ReadAction","target":["https:\/\/rubikap.com\/product\/cu-s11-ekolojik-compostable-kasik-pla\/"]}]},{"@type":"ImageObject","inLanguage":"en-US","@id":"https:\/\/rubikap.com\/product\/cu-s11-ekolojik-compostable-kasik-pla\/#primaryimage","url":"https:\/\/rubikap.com\/wp-content\/uploads\/2022\/06\/cu-s11-plastik-kas\u0327ik.jpg","contentUrl":"https:\/\/rubikap.com\/wp-content\/uploads\/2022\/06\/cu-s11-plastik-kas\u0327ik.jpg","width":900,"height":900,"caption":"cu-s11-plastik-kas\u0327\u0131k"},{"@type":"BreadcrumbList","@id":"https:\/\/rubikap.com\/product\/cu-s11-ekolojik-compostable-kasik-pla\/#breadcrumb","itemListElement":[{"@type":"ListItem","position":1,"name":"Anasayfa","item":"https:\/\/rubikap.com\/"},{"@type":"ListItem","position":2,"name":"Shop","item":"https:\/\/rubikap.com\/shop\/"},{"@type":"ListItem","position":3,"name":"CU-S11 Ekolojik Compostable PLA Ka\u015f\u0131k"}]},{"@type":"WebSite","@id":"https:\/\/rubikap.com\/#website","url":"https:\/\/rubikap.com\/","name":"Rubikap","description":"","publisher":{"@id":"https:\/\/rubikap.com\/#organization"},"potentialAction":[{"@type":"SearchAction","target":{"@type":"EntryPoint","urlTemplate":"https:\/\/rubikap.com\/?s={search_term_string}"},"query-input":{"@type":"PropertyValueSpecification","valueRequired":true,"valueName":"search_term_string"}}],"inLanguage":"en-US"},{"@type":"Organization","@id":"https:\/\/rubikap.com\/#organization","name":"Rubikap","url":"https:\/\/rubikap.com\/","logo":{"@type":"ImageObject","inLanguage":"en-US","@id":"https:\/\/rubikap.com\/#\/schema\/logo\/image\/","url":"https:\/\/rubikap.com\/wp-content\/uploads\/2023\/05\/rubiakp-logo-e1683836552396.png","contentUrl":"https:\/\/rubikap.com\/wp-content\/uploads\/2023\/05\/rubiakp-logo-e1683836552396.png","width":1400,"height":420,"caption":"Rubikap"},"image":{"@id":"https:\/\/rubikap.com\/#\/schema\/logo\/image\/"},"sameAs":["https:\/\/www.facebook.com\/rubikapplastic\/","https:\/\/www.instagram.com\/rubikap\/","https:\/\/www.youtube.com\/channel\/UC1GiuVgjjGVTFags6eP43jA"]}]}},"_links":{"self":[{"href":"https:\/\/rubikap.com\/en\/wp-json\/wp\/v2\/product\/673","targetHints":{"allow":["GET"]}}],"collection":[{"href":"https:\/\/rubikap.com\/en\/wp-json\/wp\/v2\/product"}],"about":[{"href":"https:\/\/rubikap.com\/en\/wp-json\/wp\/v2\/types\/product"}],"wp:featuredmedia":[{"embeddable":true,"href":"https:\/\/rubikap.com\/en\/wp-json\/wp\/v2\/media\/1071"}],"wp:attachment":[{"href":"https:\/\/rubikap.com\/en\/wp-json\/wp\/v2\/media?parent=673"}],"wp:term":[{"taxonomy":"product_brand","embeddable":true,"href":"https:\/\/rubikap.com\/en\/wp-json\/wp\/v2\/product_brand?post=673"},{"taxonomy":"product_cat","embeddable":true,"href":"https:\/\/rubikap.com\/en\/wp-json\/wp\/v2\/product_cat?post=673"},{"taxonomy":"product_tag","embeddable":true,"href":"https:\/\/rubikap.com\/en\/wp-json\/wp\/v2\/product_tag?post=673"}],"curies":[{"name":"wp","href":"https:\/\/api.w.org\/{rel}","templated":true}]}}