{"id":658,"date":"2022-06-29T01:14:28","date_gmt":"2022-06-28T22:14:28","guid":{"rendered":"https:\/\/rubikap.com\/?post_type=product&#038;p=658"},"modified":"2022-08-23T11:18:13","modified_gmt":"2022-08-23T08:18:13","slug":"pl-s18-kare-plastik-tabak-18-cm-ps","status":"publish","type":"product","link":"https:\/\/rubikap.com\/en\/product\/pl-s18-kare-plastik-tabak-18-cm-ps\/","title":{"rendered":"PL.S18 Square Plate 18 cm PS"},"content":{"rendered":"<p>Rubikap Kare Plastik Tabak <a href=\"https:\/\/rubikap.com\/en\/product-category\/tek-kullanimlik-urunler\/\">tek kullan\u0131ml\u0131k \u00fcr\u00fcnler<\/a> \u00e7e\u015fitleridir.<\/p>\n<p><a href=\"https:\/\/tr.wikipedia.org\/wiki\/Polikarbonat\">Polistiren<\/a> yap\u0131ya sahip tek kullan\u0131ml\u0131k Kare Plastik Tabaklar \u015f\u0131k sunumlar\u0131n\u0131zda fark yaratacakt\u0131r.<\/p>","protected":false},"excerpt":{"rendered":"<p>Rubikap Kare Plastik Tabak <a href=\"https:\/\/rubikap.com\/en\/product-category\/tek-kullanimlik-urunler\/\">tek kullan\u0131ml\u0131k \u00fcr\u00fcnler<\/a> \u00e7e\u015fitleridir.<\/p>\n<p><a href=\"https:\/\/tr.wikipedia.org\/wiki\/Polikarbonat\">Polistiren<\/a> yap\u0131ya sahip tek kullan\u0131ml\u0131k Kare Plastik Tabaklar \u015f\u0131k sunumlar\u0131n\u0131zda fark yaratacakt\u0131r.<\/p>","protected":false},"featured_media":711,"template":"","meta":[],"product_brand":[],"product_cat":[81],"product_tag":[67],"class_list":{"0":"post-658","1":"product","2":"type-product","3":"status-publish","4":"has-post-thumbnail","6":"product_cat-tabaklar-tek-kullanimlik-urunler","7":"product_tag-tabak","9":"first","10":"instock","11":"shipping-taxable","12":"product-type-simple"},"yoast_head":"<!-- This site is optimized with the Yoast SEO plugin v27.3 - https:\/\/yoast.com\/product\/yoast-seo-wordpress\/ -->\n<title>PL.S18 Kare Plastik Tabak 18 cm PS - Rubikap Plastic Tableware - Kare Plastik Tabak<\/title>\n<meta name=\"description\" content=\"Rubikap Kare Plastik Tabak tek kullan\u0131ml\u0131k \u00fcr\u00fcnler \u00e7e\u015fitleridir. Polistiren yap\u0131ya sahip tek kullan\u0131ml\u0131k Plastik Tabak sunumlarda fark yaratacakt\u0131r.\" \/>\n<meta name=\"robots\" content=\"index, follow, max-snippet:-1, max-image-preview:large, max-video-preview:-1\" \/>\n<link rel=\"canonical\" href=\"https:\/\/rubikap.com\/en\/product\/pl-s18-kare-plastik-tabak-18-cm-ps\/\" \/>\n<meta property=\"og:locale\" content=\"en_US\" \/>\n<meta property=\"og:type\" content=\"article\" \/>\n<meta property=\"og:title\" content=\"PL.S18 Kare Plastik Tabak 18 cm PS - Rubikap Plastic Tableware - Kare Plastik Tabak\" \/>\n<meta property=\"og:description\" content=\"Rubikap Kare Plastik Tabak tek kullan\u0131ml\u0131k \u00fcr\u00fcnler \u00e7e\u015fitleridir. Polistiren yap\u0131ya sahip tek kullan\u0131ml\u0131k Plastik Tabak sunumlarda fark yaratacakt\u0131r.\" \/>\n<meta property=\"og:url\" content=\"https:\/\/rubikap.com\/en\/product\/pl-s18-kare-plastik-tabak-18-cm-ps\/\" \/>\n<meta property=\"og:site_name\" content=\"Rubikap Plastic Tableware\" \/>\n<meta property=\"article:publisher\" content=\"https:\/\/www.facebook.com\/rubikapplastic\/\" \/>\n<meta property=\"article:modified_time\" content=\"2022-08-23T08:18:13+00:00\" \/>\n<meta property=\"og:image\" content=\"https:\/\/rubikap.com\/wp-content\/uploads\/2022\/06\/PL.S18.jpg\" \/>\n\t<meta property=\"og:image:width\" content=\"600\" \/>\n\t<meta property=\"og:image:height\" content=\"600\" \/>\n\t<meta property=\"og:image:type\" content=\"image\/jpeg\" \/>\n<meta name=\"twitter:card\" content=\"summary_large_image\" \/>\n<meta name=\"twitter:label1\" content=\"Est. reading time\" \/>\n\t<meta name=\"twitter:data1\" content=\"1 minute\" \/>\n<!-- \/ Yoast SEO plugin. -->","yoast_head_json":{"title":"PL.S18 Kare Plastik Tabak 18 cm PS - Rubikap Plastic Tableware - Kare Plastik Tabak","description":"Rubikap Kare Plastik Tabak tek kullan\u0131ml\u0131k \u00fcr\u00fcnler \u00e7e\u015fitleridir. Polistiren yap\u0131ya sahip tek kullan\u0131ml\u0131k Plastik Tabak sunumlarda fark yaratacakt\u0131r.","robots":{"index":"index","follow":"follow","max-snippet":"max-snippet:-1","max-image-preview":"max-image-preview:large","max-video-preview":"max-video-preview:-1"},"canonical":"https:\/\/rubikap.com\/en\/product\/pl-s18-kare-plastik-tabak-18-cm-ps\/","og_locale":"en_US","og_type":"article","og_title":"PL.S18 Kare Plastik Tabak 18 cm PS - Rubikap Plastic Tableware - Kare Plastik Tabak","og_description":"Rubikap Kare Plastik Tabak tek kullan\u0131ml\u0131k \u00fcr\u00fcnler \u00e7e\u015fitleridir. Polistiren yap\u0131ya sahip tek kullan\u0131ml\u0131k Plastik Tabak sunumlarda fark yaratacakt\u0131r.","og_url":"https:\/\/rubikap.com\/en\/product\/pl-s18-kare-plastik-tabak-18-cm-ps\/","og_site_name":"Rubikap Plastic Tableware","article_publisher":"https:\/\/www.facebook.com\/rubikapplastic\/","article_modified_time":"2022-08-23T08:18:13+00:00","og_image":[{"width":600,"height":600,"url":"https:\/\/rubikap.com\/wp-content\/uploads\/2022\/06\/PL.S18.jpg","type":"image\/jpeg"}],"twitter_card":"summary_large_image","twitter_misc":{"Est. reading time":"1 minute"},"schema":{"@context":"https:\/\/schema.org","@graph":[{"@type":"WebPage","@id":"https:\/\/rubikap.com\/product\/pl-s18-kare-plastik-tabak-18-cm-ps\/","url":"https:\/\/rubikap.com\/product\/pl-s18-kare-plastik-tabak-18-cm-ps\/","name":"PL.S18 Kare Plastik Tabak 18 cm PS - Rubikap Plastic Tableware - Kare Plastik Tabak","isPartOf":{"@id":"https:\/\/rubikap.com\/#website"},"primaryImageOfPage":{"@id":"https:\/\/rubikap.com\/product\/pl-s18-kare-plastik-tabak-18-cm-ps\/#primaryimage"},"image":{"@id":"https:\/\/rubikap.com\/product\/pl-s18-kare-plastik-tabak-18-cm-ps\/#primaryimage"},"thumbnailUrl":"https:\/\/rubikap.com\/wp-content\/uploads\/2022\/06\/PL.S18.jpg","datePublished":"2022-06-28T22:14:28+00:00","dateModified":"2022-08-23T08:18:13+00:00","description":"Rubikap Kare Plastik Tabak tek kullan\u0131ml\u0131k \u00fcr\u00fcnler \u00e7e\u015fitleridir. Polistiren yap\u0131ya sahip tek kullan\u0131ml\u0131k Plastik Tabak sunumlarda fark yaratacakt\u0131r.","breadcrumb":{"@id":"https:\/\/rubikap.com\/product\/pl-s18-kare-plastik-tabak-18-cm-ps\/#breadcrumb"},"inLanguage":"en-US","potentialAction":[{"@type":"ReadAction","target":["https:\/\/rubikap.com\/product\/pl-s18-kare-plastik-tabak-18-cm-ps\/"]}]},{"@type":"ImageObject","inLanguage":"en-US","@id":"https:\/\/rubikap.com\/product\/pl-s18-kare-plastik-tabak-18-cm-ps\/#primaryimage","url":"https:\/\/rubikap.com\/wp-content\/uploads\/2022\/06\/PL.S18.jpg","contentUrl":"https:\/\/rubikap.com\/wp-content\/uploads\/2022\/06\/PL.S18.jpg","width":600,"height":600},{"@type":"BreadcrumbList","@id":"https:\/\/rubikap.com\/product\/pl-s18-kare-plastik-tabak-18-cm-ps\/#breadcrumb","itemListElement":[{"@type":"ListItem","position":1,"name":"Anasayfa","item":"https:\/\/rubikap.com\/"},{"@type":"ListItem","position":2,"name":"Shop","item":"https:\/\/rubikap.com\/shop\/"},{"@type":"ListItem","position":3,"name":"PL.S18 Kare Plastik Tabak 18 cm PS"}]},{"@type":"WebSite","@id":"https:\/\/rubikap.com\/#website","url":"https:\/\/rubikap.com\/","name":"Rubikap","description":"","publisher":{"@id":"https:\/\/rubikap.com\/#organization"},"potentialAction":[{"@type":"SearchAction","target":{"@type":"EntryPoint","urlTemplate":"https:\/\/rubikap.com\/?s={search_term_string}"},"query-input":{"@type":"PropertyValueSpecification","valueRequired":true,"valueName":"search_term_string"}}],"inLanguage":"en-US"},{"@type":"Organization","@id":"https:\/\/rubikap.com\/#organization","name":"Rubikap","url":"https:\/\/rubikap.com\/","logo":{"@type":"ImageObject","inLanguage":"en-US","@id":"https:\/\/rubikap.com\/#\/schema\/logo\/image\/","url":"https:\/\/rubikap.com\/wp-content\/uploads\/2023\/05\/rubiakp-logo-e1683836552396.png","contentUrl":"https:\/\/rubikap.com\/wp-content\/uploads\/2023\/05\/rubiakp-logo-e1683836552396.png","width":1400,"height":420,"caption":"Rubikap"},"image":{"@id":"https:\/\/rubikap.com\/#\/schema\/logo\/image\/"},"sameAs":["https:\/\/www.facebook.com\/rubikapplastic\/","https:\/\/www.instagram.com\/rubikap\/","https:\/\/www.youtube.com\/channel\/UC1GiuVgjjGVTFags6eP43jA"]}]}},"_links":{"self":[{"href":"https:\/\/rubikap.com\/en\/wp-json\/wp\/v2\/product\/658","targetHints":{"allow":["GET"]}}],"collection":[{"href":"https:\/\/rubikap.com\/en\/wp-json\/wp\/v2\/product"}],"about":[{"href":"https:\/\/rubikap.com\/en\/wp-json\/wp\/v2\/types\/product"}],"wp:featuredmedia":[{"embeddable":true,"href":"https:\/\/rubikap.com\/en\/wp-json\/wp\/v2\/media\/711"}],"wp:attachment":[{"href":"https:\/\/rubikap.com\/en\/wp-json\/wp\/v2\/media?parent=658"}],"wp:term":[{"taxonomy":"product_brand","embeddable":true,"href":"https:\/\/rubikap.com\/en\/wp-json\/wp\/v2\/product_brand?post=658"},{"taxonomy":"product_cat","embeddable":true,"href":"https:\/\/rubikap.com\/en\/wp-json\/wp\/v2\/product_cat?post=658"},{"taxonomy":"product_tag","embeddable":true,"href":"https:\/\/rubikap.com\/en\/wp-json\/wp\/v2\/product_tag?post=658"}],"curies":[{"name":"wp","href":"https:\/\/api.w.org\/{rel}","templated":true}]}}