{"id":6259,"date":"2024-01-23T03:16:42","date_gmt":"2024-01-23T00:16:42","guid":{"rendered":"https:\/\/rubikap.com\/?post_type=product&#038;p=6259"},"modified":"2024-12-20T00:54:42","modified_gmt":"2024-12-19T21:54:42","slug":"ld-752-sicak-icecek-kapagi-75mm","status":"publish","type":"product","link":"https:\/\/rubikap.com\/en\/product\/ld-752-sicak-icecek-kapagi-75mm\/","title":{"rendered":"LD.752 Lid for hot drink 75mm (White)"},"content":{"rendered":"","protected":false},"excerpt":{"rendered":"<table width=\"1050\">\n<tbody>\n<tr>\n<td width=\"347\"><strong>STOCK CODE<\/strong><\/td>\n<td width=\"697\">LD.752<\/td>\n<\/tr>\n<tr>\n<td width=\"347\"><strong>MAX. DIAMETER <\/strong><\/td>\n<td width=\"697\">75mm<\/td>\n<\/tr>\n<tr>\n<td width=\"347\"><strong>HEIGHT<\/strong><\/td>\n<td width=\"697\">20mm<\/td>\n<\/tr>\n<tr>\n<td width=\"347\"><strong>FULL SIZE<\/strong><\/td>\n<td width=\"697\">&#8211;<\/td>\n<\/tr>\n<tr>\n<td width=\"347\"><strong>TAP SIZE<\/strong><\/td>\n<td width=\"697\">&#8211;<\/td>\n<\/tr>\n<tr>\n<td width=\"347\"><strong>SCALE LINE<\/strong><\/td>\n<td width=\"697\">Yok<\/td>\n<\/tr>\n<tr>\n<td width=\"347\"><strong>WEIGHT<\/strong><\/td>\n<td width=\"697\">8gr<\/td>\n<\/tr>\n<tr>\n<td width=\"347\"><strong>MATERIAL<\/strong><\/td>\n<td width=\"697\">Polipropilen<\/td>\n<\/tr>\n<tr>\n<td width=\"347\"><strong>COLORS<\/strong><\/td>\n<td width=\"697\">Beyaz<\/td>\n<\/tr>\n<tr>\n<td width=\"347\"><strong>QTY PCS IN BOX<\/strong><\/td>\n<td width=\"697\">500<\/td>\n<\/tr>\n<tr>\n<td width=\"347\"><strong>BOX SIZE <\/strong><\/td>\n<td width=\"697\">31x40x26 (cm)<\/td>\n<\/tr>\n<tr>\n<td width=\"347\"><strong>QTY OF PRODUCTS IN A PALLETE<\/strong><\/td>\n<td width=\"697\">28000<\/td>\n<\/tr>\n<tr>\n<td width=\"347\"><strong>PALLET SIZE <\/strong><\/td>\n<td width=\"697\">80x125x200 (cm)<\/td>\n<\/tr>\n<\/tbody>\n<\/table>\n<p>&nbsp;<\/p>\n<p>&nbsp;<\/p>","protected":false},"featured_media":6260,"template":"","meta":[],"product_brand":[],"product_cat":[47],"product_tag":[48,26,153,152],"class_list":{"0":"post-6259","1":"product","2":"type-product","3":"status-publish","4":"has-post-thumbnail","6":"product_cat-iml-cups","7":"product_tag-iml-cups","8":"product_tag-kokteyl-bardagi","9":"product_tag-plastik-bardak-kapagi","10":"product_tag-sicak-icecek-kapagi","12":"first","13":"instock","14":"shipping-taxable","15":"product-type-simple"},"yoast_head":"<!-- This site is optimized with the Yoast SEO plugin v27.3 - https:\/\/yoast.com\/product\/yoast-seo-wordpress\/ -->\n<title>LD.752 S\u0131cak \u0130\u00e7ecek Kapa\u011f\u0131 75mm (Beyaz) - Rubikap Plastic Tableware - Polypropylene Cup<\/title>\n<meta name=\"robots\" content=\"index, follow, max-snippet:-1, max-image-preview:large, max-video-preview:-1\" \/>\n<link rel=\"canonical\" href=\"https:\/\/rubikap.com\/en\/product\/ld-752-sicak-icecek-kapagi-75mm\/\" \/>\n<meta property=\"og:locale\" content=\"en_US\" \/>\n<meta property=\"og:type\" content=\"article\" \/>\n<meta property=\"og:title\" content=\"LD.752 S\u0131cak \u0130\u00e7ecek Kapa\u011f\u0131 75mm (Beyaz) - Rubikap Plastic Tableware - Polypropylene Cup\" \/>\n<meta property=\"og:description\" content=\"Stok Kodu LD.752   Max. \u00c7ap  75mm   Y\u00fckseklik 20mm   Max. Hacim -   Kullan\u0131m Hacmi -   \u00d6l\u00e7ek \u00c7izgisi Yok   A\u011f\u0131rl\u0131k 8gr   Materyal Polipropilen   Renkler Beyaz   Koli \u0130\u00e7i Adet 500   Koli Ebat\u0131  31x40x26 (cm)   Palet \u0130\u00e7i \u00dcr\u00fcn Adeti 28000   Palet \u00d6l\u00e7\u00fcs\u00fc  80x125x200 (cm)    &nbsp;  &nbsp;\" \/>\n<meta property=\"og:url\" content=\"https:\/\/rubikap.com\/en\/product\/ld-752-sicak-icecek-kapagi-75mm\/\" \/>\n<meta property=\"og:site_name\" content=\"Rubikap Plastic Tableware\" \/>\n<meta property=\"article:publisher\" content=\"https:\/\/www.facebook.com\/rubikapplastic\/\" \/>\n<meta property=\"article:modified_time\" content=\"2024-12-19T21:54:42+00:00\" \/>\n<meta property=\"og:image\" content=\"https:\/\/rubikap.com\/wp-content\/uploads\/2024\/01\/LD.752-PP002.jpg\" \/>\n\t<meta property=\"og:image:width\" content=\"900\" \/>\n\t<meta property=\"og:image:height\" content=\"900\" \/>\n\t<meta property=\"og:image:type\" content=\"image\/jpeg\" \/>\n<meta name=\"twitter:card\" content=\"summary_large_image\" \/>\n<meta name=\"twitter:label1\" content=\"Est. reading time\" \/>\n\t<meta name=\"twitter:data1\" content=\"1 minute\" \/>\n<!-- \/ Yoast SEO plugin. -->","yoast_head_json":{"title":"LD.752 S\u0131cak \u0130\u00e7ecek Kapa\u011f\u0131 75mm (Beyaz) - Rubikap Plastic Tableware - Polypropylene Cup","robots":{"index":"index","follow":"follow","max-snippet":"max-snippet:-1","max-image-preview":"max-image-preview:large","max-video-preview":"max-video-preview:-1"},"canonical":"https:\/\/rubikap.com\/en\/product\/ld-752-sicak-icecek-kapagi-75mm\/","og_locale":"en_US","og_type":"article","og_title":"LD.752 S\u0131cak \u0130\u00e7ecek Kapa\u011f\u0131 75mm (Beyaz) - Rubikap Plastic Tableware - Polypropylene Cup","og_description":"Stok Kodu LD.752   Max. \u00c7ap  75mm   Y\u00fckseklik 20mm   Max. Hacim -   Kullan\u0131m Hacmi -   \u00d6l\u00e7ek \u00c7izgisi Yok   A\u011f\u0131rl\u0131k 8gr   Materyal Polipropilen   Renkler Beyaz   Koli \u0130\u00e7i Adet 500   Koli Ebat\u0131  31x40x26 (cm)   Palet \u0130\u00e7i \u00dcr\u00fcn Adeti 28000   Palet \u00d6l\u00e7\u00fcs\u00fc  80x125x200 (cm)    &nbsp;  &nbsp;","og_url":"https:\/\/rubikap.com\/en\/product\/ld-752-sicak-icecek-kapagi-75mm\/","og_site_name":"Rubikap Plastic Tableware","article_publisher":"https:\/\/www.facebook.com\/rubikapplastic\/","article_modified_time":"2024-12-19T21:54:42+00:00","og_image":[{"width":900,"height":900,"url":"https:\/\/rubikap.com\/wp-content\/uploads\/2024\/01\/LD.752-PP002.jpg","type":"image\/jpeg"}],"twitter_card":"summary_large_image","twitter_misc":{"Est. reading time":"1 minute"},"schema":{"@context":"https:\/\/schema.org","@graph":[{"@type":"WebPage","@id":"https:\/\/rubikap.com\/product\/ld-752-sicak-icecek-kapagi-75mm\/","url":"https:\/\/rubikap.com\/product\/ld-752-sicak-icecek-kapagi-75mm\/","name":"LD.752 S\u0131cak \u0130\u00e7ecek Kapa\u011f\u0131 75mm (Beyaz) - Rubikap Plastic Tableware - Polypropylene Cup","isPartOf":{"@id":"https:\/\/rubikap.com\/#website"},"primaryImageOfPage":{"@id":"https:\/\/rubikap.com\/product\/ld-752-sicak-icecek-kapagi-75mm\/#primaryimage"},"image":{"@id":"https:\/\/rubikap.com\/product\/ld-752-sicak-icecek-kapagi-75mm\/#primaryimage"},"thumbnailUrl":"https:\/\/rubikap.com\/wp-content\/uploads\/2024\/01\/LD.752-PP002.jpg","datePublished":"2024-01-23T00:16:42+00:00","dateModified":"2024-12-19T21:54:42+00:00","breadcrumb":{"@id":"https:\/\/rubikap.com\/product\/ld-752-sicak-icecek-kapagi-75mm\/#breadcrumb"},"inLanguage":"en-US","potentialAction":[{"@type":"ReadAction","target":["https:\/\/rubikap.com\/product\/ld-752-sicak-icecek-kapagi-75mm\/"]}]},{"@type":"ImageObject","inLanguage":"en-US","@id":"https:\/\/rubikap.com\/product\/ld-752-sicak-icecek-kapagi-75mm\/#primaryimage","url":"https:\/\/rubikap.com\/wp-content\/uploads\/2024\/01\/LD.752-PP002.jpg","contentUrl":"https:\/\/rubikap.com\/wp-content\/uploads\/2024\/01\/LD.752-PP002.jpg","width":900,"height":900},{"@type":"BreadcrumbList","@id":"https:\/\/rubikap.com\/product\/ld-752-sicak-icecek-kapagi-75mm\/#breadcrumb","itemListElement":[{"@type":"ListItem","position":1,"name":"Anasayfa","item":"https:\/\/rubikap.com\/"},{"@type":"ListItem","position":2,"name":"Shop","item":"https:\/\/rubikap.com\/shop\/"},{"@type":"ListItem","position":3,"name":"LD.752 S\u0131cak \u0130\u00e7ecek Kapa\u011f\u0131 75mm (Beyaz)"}]},{"@type":"WebSite","@id":"https:\/\/rubikap.com\/#website","url":"https:\/\/rubikap.com\/","name":"Rubikap","description":"","publisher":{"@id":"https:\/\/rubikap.com\/#organization"},"potentialAction":[{"@type":"SearchAction","target":{"@type":"EntryPoint","urlTemplate":"https:\/\/rubikap.com\/?s={search_term_string}"},"query-input":{"@type":"PropertyValueSpecification","valueRequired":true,"valueName":"search_term_string"}}],"inLanguage":"en-US"},{"@type":"Organization","@id":"https:\/\/rubikap.com\/#organization","name":"Rubikap","url":"https:\/\/rubikap.com\/","logo":{"@type":"ImageObject","inLanguage":"en-US","@id":"https:\/\/rubikap.com\/#\/schema\/logo\/image\/","url":"https:\/\/rubikap.com\/wp-content\/uploads\/2023\/05\/rubiakp-logo-e1683836552396.png","contentUrl":"https:\/\/rubikap.com\/wp-content\/uploads\/2023\/05\/rubiakp-logo-e1683836552396.png","width":1400,"height":420,"caption":"Rubikap"},"image":{"@id":"https:\/\/rubikap.com\/#\/schema\/logo\/image\/"},"sameAs":["https:\/\/www.facebook.com\/rubikapplastic\/","https:\/\/www.instagram.com\/rubikap\/","https:\/\/www.youtube.com\/channel\/UC1GiuVgjjGVTFags6eP43jA"]}]}},"_links":{"self":[{"href":"https:\/\/rubikap.com\/en\/wp-json\/wp\/v2\/product\/6259","targetHints":{"allow":["GET"]}}],"collection":[{"href":"https:\/\/rubikap.com\/en\/wp-json\/wp\/v2\/product"}],"about":[{"href":"https:\/\/rubikap.com\/en\/wp-json\/wp\/v2\/types\/product"}],"wp:featuredmedia":[{"embeddable":true,"href":"https:\/\/rubikap.com\/en\/wp-json\/wp\/v2\/media\/6260"}],"wp:attachment":[{"href":"https:\/\/rubikap.com\/en\/wp-json\/wp\/v2\/media?parent=6259"}],"wp:term":[{"taxonomy":"product_brand","embeddable":true,"href":"https:\/\/rubikap.com\/en\/wp-json\/wp\/v2\/product_brand?post=6259"},{"taxonomy":"product_cat","embeddable":true,"href":"https:\/\/rubikap.com\/en\/wp-json\/wp\/v2\/product_cat?post=6259"},{"taxonomy":"product_tag","embeddable":true,"href":"https:\/\/rubikap.com\/en\/wp-json\/wp\/v2\/product_tag?post=6259"}],"curies":[{"name":"wp","href":"https:\/\/api.w.org\/{rel}","templated":true}]}}