{"id":609,"date":"2022-06-29T01:14:03","date_gmt":"2022-06-28T22:14:03","guid":{"rendered":"https:\/\/rubikap.com\/?post_type=product&#038;p=609"},"modified":"2022-08-23T11:21:03","modified_gmt":"2022-08-23T08:21:03","slug":"cn-12-cin-bufe-kasigi-ps","status":"publish","type":"product","link":"https:\/\/rubikap.com\/en\/product\/cn-12-cin-bufe-kasigi-ps\/","title":{"rendered":"CN.12 \u00c7in B\u00fcfe Ka\u015f\u0131\u011f\u0131 PS"},"content":{"rendered":"<p>Rubikap <a href=\"https:\/\/tr.wikipedia.org\/wiki\/Polikarbonat\">polistiren<\/a> Plastik \u00c7in B\u00fcfe Ka\u015f\u0131\u011f\u0131 \u00fcr\u00fcn\u00fcm\u00fcz <a href=\"https:\/\/rubikap.com\/en\/product-category\/tek-kullanimlik-urunler\/\">tek kullan\u0131ml\u0131k \u00fcr\u00fcnler<\/a> kategorisindedir.<br \/>\nTek kullan\u0131ml\u0131k plastik ka\u015f\u0131klar ve \u00e7atallar\u0131\u00a0 g\u00fcvenle kullanabilirsiniz.<\/p>","protected":false},"excerpt":{"rendered":"<p>Rubikap <a href=\"https:\/\/tr.wikipedia.org\/wiki\/Polikarbonat\">polistiren<\/a> Plastik \u00c7in B\u00fcfe Ka\u015f\u0131\u011f\u0131 \u00fcr\u00fcn\u00fcm\u00fcz <a href=\"https:\/\/rubikap.com\/en\/product-category\/tek-kullanimlik-urunler\/\">tek kullan\u0131ml\u0131k \u00fcr\u00fcnler<\/a> kategorisindedir.<br \/>\nTek kullan\u0131ml\u0131k plastik ka\u015f\u0131klar ve \u00e7atallar\u0131\u00a0 g\u00fcvenle kullanabilirsiniz.<\/p>","protected":false},"featured_media":681,"template":"","meta":[],"product_brand":[],"product_cat":[84],"product_tag":[85],"class_list":{"0":"post-609","1":"product","2":"type-product","3":"status-publish","4":"has-post-thumbnail","6":"product_cat-catallar-ve-bicaklar","7":"product_tag-kasik","9":"first","10":"instock","11":"shipping-taxable","12":"product-type-simple"},"yoast_head":"<!-- This site is optimized with the Yoast SEO plugin v27.3 - https:\/\/yoast.com\/product\/yoast-seo-wordpress\/ -->\n<title>CN.12 \u00c7in B\u00fcfe Ka\u015f\u0131\u011f\u0131 PS - Rubikap Plastic Tableware - \u00c7in B\u00fcfe Ka\u015f\u0131\u011f\u0131 - Plastik Ka\u015f\u0131k<\/title>\n<meta name=\"description\" content=\"Rubikap polistiren Plastik \u00c7in B\u00fcfe Ka\u015f\u0131\u011f\u0131 \u00fcr\u00fcn\u00fcm\u00fcz tek kullan\u0131ml\u0131k \u00fcr\u00fcnler kategorisinde.Tek kullan\u0131ml\u0131k plastik ka\u015f\u0131klar ve \u00e7atallar\u0131 kullanabilirsiniz.\" \/>\n<meta name=\"robots\" content=\"index, follow, max-snippet:-1, max-image-preview:large, max-video-preview:-1\" \/>\n<link rel=\"canonical\" href=\"https:\/\/rubikap.com\/en\/product\/cn-12-cin-bufe-kasigi-ps\/\" \/>\n<meta property=\"og:locale\" content=\"en_US\" \/>\n<meta property=\"og:type\" content=\"article\" \/>\n<meta property=\"og:title\" content=\"CN.12 \u00c7in B\u00fcfe Ka\u015f\u0131\u011f\u0131 PS - Rubikap Plastic Tableware - \u00c7in B\u00fcfe Ka\u015f\u0131\u011f\u0131 - Plastik Ka\u015f\u0131k\" \/>\n<meta property=\"og:description\" content=\"Rubikap polistiren Plastik \u00c7in B\u00fcfe Ka\u015f\u0131\u011f\u0131 \u00fcr\u00fcn\u00fcm\u00fcz tek kullan\u0131ml\u0131k \u00fcr\u00fcnler kategorisinde.Tek kullan\u0131ml\u0131k plastik ka\u015f\u0131klar ve \u00e7atallar\u0131 kullanabilirsiniz.\" \/>\n<meta property=\"og:url\" content=\"https:\/\/rubikap.com\/en\/product\/cn-12-cin-bufe-kasigi-ps\/\" \/>\n<meta property=\"og:site_name\" content=\"Rubikap Plastic Tableware\" \/>\n<meta property=\"article:publisher\" content=\"https:\/\/www.facebook.com\/rubikapplastic\/\" \/>\n<meta property=\"article:modified_time\" content=\"2022-08-23T08:21:03+00:00\" \/>\n<meta property=\"og:image\" content=\"https:\/\/rubikap.com\/wp-content\/uploads\/2022\/06\/CN.12.jpg\" \/>\n\t<meta property=\"og:image:width\" content=\"600\" \/>\n\t<meta property=\"og:image:height\" content=\"600\" \/>\n\t<meta property=\"og:image:type\" content=\"image\/jpeg\" \/>\n<meta name=\"twitter:card\" content=\"summary_large_image\" \/>\n<meta name=\"twitter:label1\" content=\"Est. reading time\" \/>\n\t<meta name=\"twitter:data1\" content=\"1 minute\" \/>\n<!-- \/ Yoast SEO plugin. -->","yoast_head_json":{"title":"CN.12 \u00c7in B\u00fcfe Ka\u015f\u0131\u011f\u0131 PS - Rubikap Plastic Tableware - \u00c7in B\u00fcfe Ka\u015f\u0131\u011f\u0131 - Plastik Ka\u015f\u0131k","description":"Rubikap polistiren Plastik \u00c7in B\u00fcfe Ka\u015f\u0131\u011f\u0131 \u00fcr\u00fcn\u00fcm\u00fcz tek kullan\u0131ml\u0131k \u00fcr\u00fcnler kategorisinde.Tek kullan\u0131ml\u0131k plastik ka\u015f\u0131klar ve \u00e7atallar\u0131 kullanabilirsiniz.","robots":{"index":"index","follow":"follow","max-snippet":"max-snippet:-1","max-image-preview":"max-image-preview:large","max-video-preview":"max-video-preview:-1"},"canonical":"https:\/\/rubikap.com\/en\/product\/cn-12-cin-bufe-kasigi-ps\/","og_locale":"en_US","og_type":"article","og_title":"CN.12 \u00c7in B\u00fcfe Ka\u015f\u0131\u011f\u0131 PS - Rubikap Plastic Tableware - \u00c7in B\u00fcfe Ka\u015f\u0131\u011f\u0131 - Plastik Ka\u015f\u0131k","og_description":"Rubikap polistiren Plastik \u00c7in B\u00fcfe Ka\u015f\u0131\u011f\u0131 \u00fcr\u00fcn\u00fcm\u00fcz tek kullan\u0131ml\u0131k \u00fcr\u00fcnler kategorisinde.Tek kullan\u0131ml\u0131k plastik ka\u015f\u0131klar ve \u00e7atallar\u0131 kullanabilirsiniz.","og_url":"https:\/\/rubikap.com\/en\/product\/cn-12-cin-bufe-kasigi-ps\/","og_site_name":"Rubikap Plastic Tableware","article_publisher":"https:\/\/www.facebook.com\/rubikapplastic\/","article_modified_time":"2022-08-23T08:21:03+00:00","og_image":[{"width":600,"height":600,"url":"https:\/\/rubikap.com\/wp-content\/uploads\/2022\/06\/CN.12.jpg","type":"image\/jpeg"}],"twitter_card":"summary_large_image","twitter_misc":{"Est. reading time":"1 minute"},"schema":{"@context":"https:\/\/schema.org","@graph":[{"@type":"WebPage","@id":"https:\/\/rubikap.com\/product\/cn-12-cin-bufe-kasigi-ps\/","url":"https:\/\/rubikap.com\/product\/cn-12-cin-bufe-kasigi-ps\/","name":"CN.12 \u00c7in B\u00fcfe Ka\u015f\u0131\u011f\u0131 PS - Rubikap Plastic Tableware - \u00c7in B\u00fcfe Ka\u015f\u0131\u011f\u0131 - Plastik Ka\u015f\u0131k","isPartOf":{"@id":"https:\/\/rubikap.com\/#website"},"primaryImageOfPage":{"@id":"https:\/\/rubikap.com\/product\/cn-12-cin-bufe-kasigi-ps\/#primaryimage"},"image":{"@id":"https:\/\/rubikap.com\/product\/cn-12-cin-bufe-kasigi-ps\/#primaryimage"},"thumbnailUrl":"https:\/\/rubikap.com\/wp-content\/uploads\/2022\/06\/CN.12.jpg","datePublished":"2022-06-28T22:14:03+00:00","dateModified":"2022-08-23T08:21:03+00:00","description":"Rubikap polistiren Plastik \u00c7in B\u00fcfe Ka\u015f\u0131\u011f\u0131 \u00fcr\u00fcn\u00fcm\u00fcz tek kullan\u0131ml\u0131k \u00fcr\u00fcnler kategorisinde.Tek kullan\u0131ml\u0131k plastik ka\u015f\u0131klar ve \u00e7atallar\u0131 kullanabilirsiniz.","breadcrumb":{"@id":"https:\/\/rubikap.com\/product\/cn-12-cin-bufe-kasigi-ps\/#breadcrumb"},"inLanguage":"en-US","potentialAction":[{"@type":"ReadAction","target":["https:\/\/rubikap.com\/product\/cn-12-cin-bufe-kasigi-ps\/"]}]},{"@type":"ImageObject","inLanguage":"en-US","@id":"https:\/\/rubikap.com\/product\/cn-12-cin-bufe-kasigi-ps\/#primaryimage","url":"https:\/\/rubikap.com\/wp-content\/uploads\/2022\/06\/CN.12.jpg","contentUrl":"https:\/\/rubikap.com\/wp-content\/uploads\/2022\/06\/CN.12.jpg","width":600,"height":600},{"@type":"BreadcrumbList","@id":"https:\/\/rubikap.com\/product\/cn-12-cin-bufe-kasigi-ps\/#breadcrumb","itemListElement":[{"@type":"ListItem","position":1,"name":"Anasayfa","item":"https:\/\/rubikap.com\/"},{"@type":"ListItem","position":2,"name":"Shop","item":"https:\/\/rubikap.com\/shop\/"},{"@type":"ListItem","position":3,"name":"CN.12 \u00c7in B\u00fcfe Ka\u015f\u0131\u011f\u0131 PS"}]},{"@type":"WebSite","@id":"https:\/\/rubikap.com\/#website","url":"https:\/\/rubikap.com\/","name":"Rubikap","description":"","publisher":{"@id":"https:\/\/rubikap.com\/#organization"},"potentialAction":[{"@type":"SearchAction","target":{"@type":"EntryPoint","urlTemplate":"https:\/\/rubikap.com\/?s={search_term_string}"},"query-input":{"@type":"PropertyValueSpecification","valueRequired":true,"valueName":"search_term_string"}}],"inLanguage":"en-US"},{"@type":"Organization","@id":"https:\/\/rubikap.com\/#organization","name":"Rubikap","url":"https:\/\/rubikap.com\/","logo":{"@type":"ImageObject","inLanguage":"en-US","@id":"https:\/\/rubikap.com\/#\/schema\/logo\/image\/","url":"https:\/\/rubikap.com\/wp-content\/uploads\/2023\/05\/rubiakp-logo-e1683836552396.png","contentUrl":"https:\/\/rubikap.com\/wp-content\/uploads\/2023\/05\/rubiakp-logo-e1683836552396.png","width":1400,"height":420,"caption":"Rubikap"},"image":{"@id":"https:\/\/rubikap.com\/#\/schema\/logo\/image\/"},"sameAs":["https:\/\/www.facebook.com\/rubikapplastic\/","https:\/\/www.instagram.com\/rubikap\/","https:\/\/www.youtube.com\/channel\/UC1GiuVgjjGVTFags6eP43jA"]}]}},"_links":{"self":[{"href":"https:\/\/rubikap.com\/en\/wp-json\/wp\/v2\/product\/609","targetHints":{"allow":["GET"]}}],"collection":[{"href":"https:\/\/rubikap.com\/en\/wp-json\/wp\/v2\/product"}],"about":[{"href":"https:\/\/rubikap.com\/en\/wp-json\/wp\/v2\/types\/product"}],"wp:featuredmedia":[{"embeddable":true,"href":"https:\/\/rubikap.com\/en\/wp-json\/wp\/v2\/media\/681"}],"wp:attachment":[{"href":"https:\/\/rubikap.com\/en\/wp-json\/wp\/v2\/media?parent=609"}],"wp:term":[{"taxonomy":"product_brand","embeddable":true,"href":"https:\/\/rubikap.com\/en\/wp-json\/wp\/v2\/product_brand?post=609"},{"taxonomy":"product_cat","embeddable":true,"href":"https:\/\/rubikap.com\/en\/wp-json\/wp\/v2\/product_cat?post=609"},{"taxonomy":"product_tag","embeddable":true,"href":"https:\/\/rubikap.com\/en\/wp-json\/wp\/v2\/product_tag?post=609"}],"curies":[{"name":"wp","href":"https:\/\/api.w.org\/{rel}","templated":true}]}}