{"id":538,"date":"2022-06-29T01:13:39","date_gmt":"2022-06-28T22:13:39","guid":{"rendered":"https:\/\/rubikap.com\/?post_type=product&#038;p=538"},"modified":"2022-08-23T11:28:57","modified_gmt":"2022-08-23T08:28:57","slug":"dc-18-silindir-kap-180-ml-ps","status":"publish","type":"product","link":"https:\/\/rubikap.com\/en\/product\/dc-18-silindir-kap-180-ml-ps\/","title":{"rendered":"DC.18 Cylinder Cup 180 ml PS"},"content":{"rendered":"<p>Rubikap <a href=\"https:\/\/tr.wikipedia.org\/wiki\/Polikarbonat\">polistiren<\/a> silindir kap \u00fcr\u00fcnlerimiz <a href=\"https:\/\/rubikap.com\/en\/product-category\/tek-kullanimlik-urunler\/\">tek kullan\u0131ml\u0131k \u00fcr\u00fcnler<\/a> kategorisindedir.<\/p>\n<p>Polistiren yap\u0131ya sahip tek kullan\u0131ml\u0131k Silindir Kaplar \u015f\u0131k sunumlar\u0131n\u0131zda fark yaratacakt\u0131r.<\/p>","protected":false},"excerpt":{"rendered":"<p>Rubikap <a href=\"https:\/\/tr.wikipedia.org\/wiki\/Polikarbonat\">polistiren<\/a> silindir kap \u00fcr\u00fcnlerimiz <a href=\"https:\/\/rubikap.com\/en\/product-category\/tek-kullanimlik-urunler\/\">tek kullan\u0131ml\u0131k \u00fcr\u00fcnler<\/a> kategorisindedir.<\/p>\n<p>Polistiren yap\u0131ya sahip tek kullan\u0131ml\u0131k Silindir Kaplar \u015f\u0131k sunumlar\u0131n\u0131zda fark yaratacakt\u0131r.<\/p>","protected":false},"featured_media":612,"template":"","meta":[],"product_brand":[],"product_cat":[78],"product_tag":[79],"class_list":{"0":"post-538","1":"product","2":"type-product","3":"status-publish","4":"has-post-thumbnail","6":"product_cat-kaplar","7":"product_tag-kap","9":"first","10":"instock","11":"shipping-taxable","12":"product-type-simple"},"yoast_head":"<!-- This site is optimized with the Yoast SEO plugin v27.3 - https:\/\/yoast.com\/product\/yoast-seo-wordpress\/ -->\n<title>DC.18 Silindir Kap 180 ml PS - Rubikap Plastic Tableware - Silindir Kap - Silindir Kaplar -<\/title>\n<meta name=\"description\" content=\"Rubikap polistiren silindir kap \u00fcr\u00fcnlerimiz tek kullan\u0131ml\u0131k \u00fcr\u00fcnler kategorisindedir.Polistiren yap\u0131ya sahip tek kullan\u0131ml\u0131k Silindir Kaplar fark yaratacak.\" \/>\n<meta name=\"robots\" content=\"index, follow, max-snippet:-1, max-image-preview:large, max-video-preview:-1\" \/>\n<link rel=\"canonical\" href=\"https:\/\/rubikap.com\/en\/product\/dc-18-silindir-kap-180-ml-ps\/\" \/>\n<meta property=\"og:locale\" content=\"en_US\" \/>\n<meta property=\"og:type\" content=\"article\" \/>\n<meta property=\"og:title\" content=\"DC.18 Silindir Kap 180 ml PS - Rubikap Plastic Tableware - Silindir Kap - Silindir Kaplar -\" \/>\n<meta property=\"og:description\" content=\"Rubikap polistiren silindir kap \u00fcr\u00fcnlerimiz tek kullan\u0131ml\u0131k \u00fcr\u00fcnler kategorisindedir.Polistiren yap\u0131ya sahip tek kullan\u0131ml\u0131k Silindir Kaplar fark yaratacak.\" \/>\n<meta property=\"og:url\" content=\"https:\/\/rubikap.com\/en\/product\/dc-18-silindir-kap-180-ml-ps\/\" \/>\n<meta property=\"og:site_name\" content=\"Rubikap Plastic Tableware\" \/>\n<meta property=\"article:publisher\" content=\"https:\/\/www.facebook.com\/rubikapplastic\/\" \/>\n<meta property=\"article:modified_time\" content=\"2022-08-23T08:28:57+00:00\" \/>\n<meta property=\"og:image\" content=\"https:\/\/rubikap.com\/wp-content\/uploads\/2022\/06\/DC.18.jpg\" \/>\n\t<meta property=\"og:image:width\" content=\"600\" \/>\n\t<meta property=\"og:image:height\" content=\"600\" \/>\n\t<meta property=\"og:image:type\" content=\"image\/jpeg\" \/>\n<meta name=\"twitter:card\" content=\"summary_large_image\" \/>\n<meta name=\"twitter:label1\" content=\"Est. reading time\" \/>\n\t<meta name=\"twitter:data1\" content=\"1 minute\" \/>\n<!-- \/ Yoast SEO plugin. -->","yoast_head_json":{"title":"DC.18 Silindir Kap 180 ml PS - Rubikap Plastic Tableware - Silindir Kap - Silindir Kaplar -","description":"Rubikap polistiren silindir kap \u00fcr\u00fcnlerimiz tek kullan\u0131ml\u0131k \u00fcr\u00fcnler kategorisindedir.Polistiren yap\u0131ya sahip tek kullan\u0131ml\u0131k Silindir Kaplar fark yaratacak.","robots":{"index":"index","follow":"follow","max-snippet":"max-snippet:-1","max-image-preview":"max-image-preview:large","max-video-preview":"max-video-preview:-1"},"canonical":"https:\/\/rubikap.com\/en\/product\/dc-18-silindir-kap-180-ml-ps\/","og_locale":"en_US","og_type":"article","og_title":"DC.18 Silindir Kap 180 ml PS - Rubikap Plastic Tableware - Silindir Kap - Silindir Kaplar -","og_description":"Rubikap polistiren silindir kap \u00fcr\u00fcnlerimiz tek kullan\u0131ml\u0131k \u00fcr\u00fcnler kategorisindedir.Polistiren yap\u0131ya sahip tek kullan\u0131ml\u0131k Silindir Kaplar fark yaratacak.","og_url":"https:\/\/rubikap.com\/en\/product\/dc-18-silindir-kap-180-ml-ps\/","og_site_name":"Rubikap Plastic Tableware","article_publisher":"https:\/\/www.facebook.com\/rubikapplastic\/","article_modified_time":"2022-08-23T08:28:57+00:00","og_image":[{"width":600,"height":600,"url":"https:\/\/rubikap.com\/wp-content\/uploads\/2022\/06\/DC.18.jpg","type":"image\/jpeg"}],"twitter_card":"summary_large_image","twitter_misc":{"Est. reading time":"1 minute"},"schema":{"@context":"https:\/\/schema.org","@graph":[{"@type":"WebPage","@id":"https:\/\/rubikap.com\/product\/dc-18-silindir-kap-180-ml-ps\/","url":"https:\/\/rubikap.com\/product\/dc-18-silindir-kap-180-ml-ps\/","name":"DC.18 Silindir Kap 180 ml PS - Rubikap Plastic Tableware - Silindir Kap - Silindir Kaplar -","isPartOf":{"@id":"https:\/\/rubikap.com\/#website"},"primaryImageOfPage":{"@id":"https:\/\/rubikap.com\/product\/dc-18-silindir-kap-180-ml-ps\/#primaryimage"},"image":{"@id":"https:\/\/rubikap.com\/product\/dc-18-silindir-kap-180-ml-ps\/#primaryimage"},"thumbnailUrl":"https:\/\/rubikap.com\/wp-content\/uploads\/2022\/06\/DC.18.jpg","datePublished":"2022-06-28T22:13:39+00:00","dateModified":"2022-08-23T08:28:57+00:00","description":"Rubikap polistiren silindir kap \u00fcr\u00fcnlerimiz tek kullan\u0131ml\u0131k \u00fcr\u00fcnler kategorisindedir.Polistiren yap\u0131ya sahip tek kullan\u0131ml\u0131k Silindir Kaplar fark yaratacak.","breadcrumb":{"@id":"https:\/\/rubikap.com\/product\/dc-18-silindir-kap-180-ml-ps\/#breadcrumb"},"inLanguage":"en-US","potentialAction":[{"@type":"ReadAction","target":["https:\/\/rubikap.com\/product\/dc-18-silindir-kap-180-ml-ps\/"]}]},{"@type":"ImageObject","inLanguage":"en-US","@id":"https:\/\/rubikap.com\/product\/dc-18-silindir-kap-180-ml-ps\/#primaryimage","url":"https:\/\/rubikap.com\/wp-content\/uploads\/2022\/06\/DC.18.jpg","contentUrl":"https:\/\/rubikap.com\/wp-content\/uploads\/2022\/06\/DC.18.jpg","width":600,"height":600},{"@type":"BreadcrumbList","@id":"https:\/\/rubikap.com\/product\/dc-18-silindir-kap-180-ml-ps\/#breadcrumb","itemListElement":[{"@type":"ListItem","position":1,"name":"Anasayfa","item":"https:\/\/rubikap.com\/"},{"@type":"ListItem","position":2,"name":"Shop","item":"https:\/\/rubikap.com\/shop\/"},{"@type":"ListItem","position":3,"name":"DC.18 Silindir Kap 180 ml PS"}]},{"@type":"WebSite","@id":"https:\/\/rubikap.com\/#website","url":"https:\/\/rubikap.com\/","name":"Rubikap","description":"","publisher":{"@id":"https:\/\/rubikap.com\/#organization"},"potentialAction":[{"@type":"SearchAction","target":{"@type":"EntryPoint","urlTemplate":"https:\/\/rubikap.com\/?s={search_term_string}"},"query-input":{"@type":"PropertyValueSpecification","valueRequired":true,"valueName":"search_term_string"}}],"inLanguage":"en-US"},{"@type":"Organization","@id":"https:\/\/rubikap.com\/#organization","name":"Rubikap","url":"https:\/\/rubikap.com\/","logo":{"@type":"ImageObject","inLanguage":"en-US","@id":"https:\/\/rubikap.com\/#\/schema\/logo\/image\/","url":"https:\/\/rubikap.com\/wp-content\/uploads\/2023\/05\/rubiakp-logo-e1683836552396.png","contentUrl":"https:\/\/rubikap.com\/wp-content\/uploads\/2023\/05\/rubiakp-logo-e1683836552396.png","width":1400,"height":420,"caption":"Rubikap"},"image":{"@id":"https:\/\/rubikap.com\/#\/schema\/logo\/image\/"},"sameAs":["https:\/\/www.facebook.com\/rubikapplastic\/","https:\/\/www.instagram.com\/rubikap\/","https:\/\/www.youtube.com\/channel\/UC1GiuVgjjGVTFags6eP43jA"]}]}},"_links":{"self":[{"href":"https:\/\/rubikap.com\/en\/wp-json\/wp\/v2\/product\/538","targetHints":{"allow":["GET"]}}],"collection":[{"href":"https:\/\/rubikap.com\/en\/wp-json\/wp\/v2\/product"}],"about":[{"href":"https:\/\/rubikap.com\/en\/wp-json\/wp\/v2\/types\/product"}],"wp:featuredmedia":[{"embeddable":true,"href":"https:\/\/rubikap.com\/en\/wp-json\/wp\/v2\/media\/612"}],"wp:attachment":[{"href":"https:\/\/rubikap.com\/en\/wp-json\/wp\/v2\/media?parent=538"}],"wp:term":[{"taxonomy":"product_brand","embeddable":true,"href":"https:\/\/rubikap.com\/en\/wp-json\/wp\/v2\/product_brand?post=538"},{"taxonomy":"product_cat","embeddable":true,"href":"https:\/\/rubikap.com\/en\/wp-json\/wp\/v2\/product_cat?post=538"},{"taxonomy":"product_tag","embeddable":true,"href":"https:\/\/rubikap.com\/en\/wp-json\/wp\/v2\/product_tag?post=538"}],"curies":[{"name":"wp","href":"https:\/\/api.w.org\/{rel}","templated":true}]}}