{"id":533,"date":"2022-06-29T01:13:38","date_gmt":"2022-06-28T22:13:38","guid":{"rendered":"https:\/\/rubikap.com\/?post_type=product&#038;p=533"},"modified":"2022-08-23T11:30:06","modified_gmt":"2022-08-23T08:30:06","slug":"mp-01-mini-tabak-kare","status":"publish","type":"product","link":"https:\/\/rubikap.com\/en\/product\/mp-01-mini-tabak-kare\/","title":{"rendered":"Mini Plate Square"},"content":{"rendered":"<p>Rubikap Mini Tabak Kare <a href=\"https:\/\/rubikap.com\/en\/product-category\/tek-kullanimlik-urunler\/\">tek kullan\u0131ml\u0131k \u00fcr\u00fcnler<\/a> \u00e7e\u015fitleridir.<\/p>\n<p><a href=\"https:\/\/tr.wikipedia.org\/wiki\/Polikarbonat\">Polistiren<\/a> yap\u0131ya sahip tek kullan\u0131ml\u0131k Mini Tabak \u015f\u0131k sunumlar\u0131n\u0131zda fark yaratacakt\u0131r.<\/p>","protected":false},"excerpt":{"rendered":"<p>Rubikap Pet Kapak <a href=\"https:\/\/rubikap.com\/en\/product-category\/tek-kullanimlik-urunler\/\">tek kullan\u0131ml\u0131k \u00fcr\u00fcnler<\/a> \u00e7e\u015fitleridir.<\/p>\n<p><a href=\"https:\/\/tr.wikipedia.org\/wiki\/Polikarbonat\">Polistiren<\/a> yap\u0131ya sahip tek kullan\u0131ml\u0131k Mini Kap \u015f\u0131k sunumlar\u0131n\u0131zda fark yaratacakt\u0131r.<\/p>","protected":false},"featured_media":580,"template":"","meta":[],"product_brand":[],"product_cat":[81],"product_tag":[67],"class_list":{"0":"post-533","1":"product","2":"type-product","3":"status-publish","4":"has-post-thumbnail","6":"product_cat-tabaklar-tek-kullanimlik-urunler","7":"product_tag-tabak","9":"first","10":"instock","11":"shipping-taxable","12":"product-type-simple"},"yoast_head":"<!-- This site is optimized with the Yoast SEO plugin v27.3 - https:\/\/yoast.com\/product\/yoast-seo-wordpress\/ -->\n<title>MP.01 Mini Tabak Kare - Rubikap Plastic Tableware - Mini Tabak - Sunum Taba\u011f\u0131 - Rubikap<\/title>\n<meta name=\"description\" content=\"Rubikap Mini Tabak tek kullan\u0131ml\u0131k \u00fcr\u00fcnler \u00e7e\u015fitleridir.Polistiren\u00a0yap\u0131ya sahip tek kullan\u0131ml\u0131k Mini Kap \u015f\u0131k sunumlar\u0131n\u0131zda fark yaratacakt\u0131r.\" \/>\n<meta name=\"robots\" content=\"index, follow, max-snippet:-1, max-image-preview:large, max-video-preview:-1\" \/>\n<link rel=\"canonical\" href=\"https:\/\/rubikap.com\/en\/product\/mp-01-mini-tabak-kare\/\" \/>\n<meta property=\"og:locale\" content=\"en_US\" \/>\n<meta property=\"og:type\" content=\"article\" \/>\n<meta property=\"og:title\" content=\"MP.01 Mini Tabak Kare - Rubikap Plastic Tableware - Mini Tabak - Sunum Taba\u011f\u0131 - Rubikap\" \/>\n<meta property=\"og:description\" content=\"Rubikap Mini Tabak tek kullan\u0131ml\u0131k \u00fcr\u00fcnler \u00e7e\u015fitleridir.Polistiren\u00a0yap\u0131ya sahip tek kullan\u0131ml\u0131k Mini Kap \u015f\u0131k sunumlar\u0131n\u0131zda fark yaratacakt\u0131r.\" \/>\n<meta property=\"og:url\" content=\"https:\/\/rubikap.com\/en\/product\/mp-01-mini-tabak-kare\/\" \/>\n<meta property=\"og:site_name\" content=\"Rubikap Plastic Tableware\" \/>\n<meta property=\"article:publisher\" content=\"https:\/\/www.facebook.com\/rubikapplastic\/\" \/>\n<meta property=\"article:modified_time\" content=\"2022-08-23T08:30:06+00:00\" \/>\n<meta property=\"og:image\" content=\"https:\/\/rubikap.com\/wp-content\/uploads\/2022\/06\/MP.01.jpg\" \/>\n\t<meta property=\"og:image:width\" content=\"600\" \/>\n\t<meta property=\"og:image:height\" content=\"600\" \/>\n\t<meta property=\"og:image:type\" content=\"image\/jpeg\" \/>\n<meta name=\"twitter:card\" content=\"summary_large_image\" \/>\n<meta name=\"twitter:label1\" content=\"Est. reading time\" \/>\n\t<meta name=\"twitter:data1\" content=\"1 minute\" \/>\n<!-- \/ Yoast SEO plugin. -->","yoast_head_json":{"title":"MP.01 Mini Tabak Kare - Rubikap Plastic Tableware - Mini Tabak - Sunum Taba\u011f\u0131 - Rubikap","description":"Rubikap Mini Tabak tek kullan\u0131ml\u0131k \u00fcr\u00fcnler \u00e7e\u015fitleridir.Polistiren\u00a0yap\u0131ya sahip tek kullan\u0131ml\u0131k Mini Kap \u015f\u0131k sunumlar\u0131n\u0131zda fark yaratacakt\u0131r.","robots":{"index":"index","follow":"follow","max-snippet":"max-snippet:-1","max-image-preview":"max-image-preview:large","max-video-preview":"max-video-preview:-1"},"canonical":"https:\/\/rubikap.com\/en\/product\/mp-01-mini-tabak-kare\/","og_locale":"en_US","og_type":"article","og_title":"MP.01 Mini Tabak Kare - Rubikap Plastic Tableware - Mini Tabak - Sunum Taba\u011f\u0131 - Rubikap","og_description":"Rubikap Mini Tabak tek kullan\u0131ml\u0131k \u00fcr\u00fcnler \u00e7e\u015fitleridir.Polistiren\u00a0yap\u0131ya sahip tek kullan\u0131ml\u0131k Mini Kap \u015f\u0131k sunumlar\u0131n\u0131zda fark yaratacakt\u0131r.","og_url":"https:\/\/rubikap.com\/en\/product\/mp-01-mini-tabak-kare\/","og_site_name":"Rubikap Plastic Tableware","article_publisher":"https:\/\/www.facebook.com\/rubikapplastic\/","article_modified_time":"2022-08-23T08:30:06+00:00","og_image":[{"width":600,"height":600,"url":"https:\/\/rubikap.com\/wp-content\/uploads\/2022\/06\/MP.01.jpg","type":"image\/jpeg"}],"twitter_card":"summary_large_image","twitter_misc":{"Est. reading time":"1 minute"},"schema":{"@context":"https:\/\/schema.org","@graph":[{"@type":"WebPage","@id":"https:\/\/rubikap.com\/product\/mp-01-mini-tabak-kare\/","url":"https:\/\/rubikap.com\/product\/mp-01-mini-tabak-kare\/","name":"MP.01 Mini Tabak Kare - Rubikap Plastic Tableware - Mini Tabak - Sunum Taba\u011f\u0131 - Rubikap","isPartOf":{"@id":"https:\/\/rubikap.com\/#website"},"primaryImageOfPage":{"@id":"https:\/\/rubikap.com\/product\/mp-01-mini-tabak-kare\/#primaryimage"},"image":{"@id":"https:\/\/rubikap.com\/product\/mp-01-mini-tabak-kare\/#primaryimage"},"thumbnailUrl":"https:\/\/rubikap.com\/wp-content\/uploads\/2022\/06\/MP.01.jpg","datePublished":"2022-06-28T22:13:38+00:00","dateModified":"2022-08-23T08:30:06+00:00","description":"Rubikap Mini Tabak tek kullan\u0131ml\u0131k \u00fcr\u00fcnler \u00e7e\u015fitleridir.Polistiren\u00a0yap\u0131ya sahip tek kullan\u0131ml\u0131k Mini Kap \u015f\u0131k sunumlar\u0131n\u0131zda fark yaratacakt\u0131r.","breadcrumb":{"@id":"https:\/\/rubikap.com\/product\/mp-01-mini-tabak-kare\/#breadcrumb"},"inLanguage":"en-US","potentialAction":[{"@type":"ReadAction","target":["https:\/\/rubikap.com\/product\/mp-01-mini-tabak-kare\/"]}]},{"@type":"ImageObject","inLanguage":"en-US","@id":"https:\/\/rubikap.com\/product\/mp-01-mini-tabak-kare\/#primaryimage","url":"https:\/\/rubikap.com\/wp-content\/uploads\/2022\/06\/MP.01.jpg","contentUrl":"https:\/\/rubikap.com\/wp-content\/uploads\/2022\/06\/MP.01.jpg","width":600,"height":600},{"@type":"BreadcrumbList","@id":"https:\/\/rubikap.com\/product\/mp-01-mini-tabak-kare\/#breadcrumb","itemListElement":[{"@type":"ListItem","position":1,"name":"Anasayfa","item":"https:\/\/rubikap.com\/"},{"@type":"ListItem","position":2,"name":"Shop","item":"https:\/\/rubikap.com\/shop\/"},{"@type":"ListItem","position":3,"name":"MP.01 Mini Tabak Kare"}]},{"@type":"WebSite","@id":"https:\/\/rubikap.com\/#website","url":"https:\/\/rubikap.com\/","name":"Rubikap","description":"","publisher":{"@id":"https:\/\/rubikap.com\/#organization"},"potentialAction":[{"@type":"SearchAction","target":{"@type":"EntryPoint","urlTemplate":"https:\/\/rubikap.com\/?s={search_term_string}"},"query-input":{"@type":"PropertyValueSpecification","valueRequired":true,"valueName":"search_term_string"}}],"inLanguage":"en-US"},{"@type":"Organization","@id":"https:\/\/rubikap.com\/#organization","name":"Rubikap","url":"https:\/\/rubikap.com\/","logo":{"@type":"ImageObject","inLanguage":"en-US","@id":"https:\/\/rubikap.com\/#\/schema\/logo\/image\/","url":"https:\/\/rubikap.com\/wp-content\/uploads\/2023\/05\/rubiakp-logo-e1683836552396.png","contentUrl":"https:\/\/rubikap.com\/wp-content\/uploads\/2023\/05\/rubiakp-logo-e1683836552396.png","width":1400,"height":420,"caption":"Rubikap"},"image":{"@id":"https:\/\/rubikap.com\/#\/schema\/logo\/image\/"},"sameAs":["https:\/\/www.facebook.com\/rubikapplastic\/","https:\/\/www.instagram.com\/rubikap\/","https:\/\/www.youtube.com\/channel\/UC1GiuVgjjGVTFags6eP43jA"]}]}},"_links":{"self":[{"href":"https:\/\/rubikap.com\/en\/wp-json\/wp\/v2\/product\/533","targetHints":{"allow":["GET"]}}],"collection":[{"href":"https:\/\/rubikap.com\/en\/wp-json\/wp\/v2\/product"}],"about":[{"href":"https:\/\/rubikap.com\/en\/wp-json\/wp\/v2\/types\/product"}],"wp:featuredmedia":[{"embeddable":true,"href":"https:\/\/rubikap.com\/en\/wp-json\/wp\/v2\/media\/580"}],"wp:attachment":[{"href":"https:\/\/rubikap.com\/en\/wp-json\/wp\/v2\/media?parent=533"}],"wp:term":[{"taxonomy":"product_brand","embeddable":true,"href":"https:\/\/rubikap.com\/en\/wp-json\/wp\/v2\/product_brand?post=533"},{"taxonomy":"product_cat","embeddable":true,"href":"https:\/\/rubikap.com\/en\/wp-json\/wp\/v2\/product_cat?post=533"},{"taxonomy":"product_tag","embeddable":true,"href":"https:\/\/rubikap.com\/en\/wp-json\/wp\/v2\/product_tag?post=533"}],"curies":[{"name":"wp","href":"https:\/\/api.w.org\/{rel}","templated":true}]}}