{"id":531,"date":"2022-06-29T01:13:38","date_gmt":"2022-06-28T22:13:38","guid":{"rendered":"https:\/\/rubikap.com\/?post_type=product&#038;p=531"},"modified":"2022-08-23T11:29:57","modified_gmt":"2022-08-23T08:29:57","slug":"ld-12-duz-pet-kapak-30-x-30-mm-mc-12-kapagi","status":"publish","type":"product","link":"https:\/\/rubikap.com\/en\/product\/ld-12-duz-pet-kapak-30-x-30-mm-mc-12-kapagi\/","title":{"rendered":"LD.12 Square Lid 30 x 30 mm - MC.12 Lid"},"content":{"rendered":"<p>Rubikap D\u00fcz Pet Kapak <a href=\"https:\/\/rubikap.com\/en\/product-category\/tek-kullanimlik-urunler\/\">tek kullan\u0131ml\u0131k \u00fcr\u00fcnler<\/a> \u00e7e\u015fitleridir.<\/p>\n<p><a href=\"https:\/\/tr.wikipedia.org\/wiki\/Polikarbonat\">Polistiren<\/a> yap\u0131ya sahip tek kullan\u0131ml\u0131k Mini Kap \u015f\u0131k sunumlar\u0131n\u0131zda fark yaratacakt\u0131r.<\/p>","protected":false},"excerpt":{"rendered":"<p>Rubikap D\u00fcz Pet Kapak <a href=\"https:\/\/rubikap.com\/en\/product-category\/tek-kullanimlik-urunler\/\">tek kullan\u0131ml\u0131k \u00fcr\u00fcnler<\/a> \u00e7e\u015fitleridir.<\/p>\n<p><a href=\"https:\/\/tr.wikipedia.org\/wiki\/Polikarbonat\">Polistiren<\/a> yap\u0131ya sahip tek kullan\u0131ml\u0131k Mini Kap \u015f\u0131k sunumlar\u0131n\u0131zda fark yaratacakt\u0131r.<\/p>","protected":false},"featured_media":578,"template":"","meta":[],"product_brand":[],"product_cat":[78],"product_tag":[80],"class_list":{"0":"post-531","1":"product","2":"type-product","3":"status-publish","4":"has-post-thumbnail","6":"product_cat-kaplar","7":"product_tag-kapak","9":"first","10":"instock","11":"shipping-taxable","12":"product-type-simple"},"yoast_head":"<!-- This site is optimized with the Yoast SEO plugin v27.3 - https:\/\/yoast.com\/product\/yoast-seo-wordpress\/ -->\n<title>LD.12 D\u00fcz Pet Kapak 30 x 30 mm MC.12 Kapa\u011f\u0131 - Rubikap Plastic Tableware - D\u00fcz Pet Kapak<\/title>\n<meta name=\"description\" content=\"Rubikap D\u00fcz Pet Kapak tek kullan\u0131ml\u0131k \u00fcr\u00fcnler \u00e7e\u015fitleridir.Polistiren\u00a0yap\u0131ya sahip tek kullan\u0131ml\u0131k Mini Kap \u015f\u0131k sunumlar\u0131n\u0131zda fark yaratacakt\u0131r.\" \/>\n<meta name=\"robots\" content=\"index, follow, max-snippet:-1, max-image-preview:large, max-video-preview:-1\" \/>\n<link rel=\"canonical\" href=\"https:\/\/rubikap.com\/en\/product\/ld-12-duz-pet-kapak-30-x-30-mm-mc-12-kapagi\/\" \/>\n<meta property=\"og:locale\" content=\"en_US\" \/>\n<meta property=\"og:type\" content=\"article\" \/>\n<meta property=\"og:title\" content=\"LD.12 D\u00fcz Pet Kapak 30 x 30 mm MC.12 Kapa\u011f\u0131 - Rubikap Plastic Tableware - D\u00fcz Pet Kapak\" \/>\n<meta property=\"og:description\" content=\"Rubikap D\u00fcz Pet Kapak tek kullan\u0131ml\u0131k \u00fcr\u00fcnler \u00e7e\u015fitleridir.Polistiren\u00a0yap\u0131ya sahip tek kullan\u0131ml\u0131k Mini Kap \u015f\u0131k sunumlar\u0131n\u0131zda fark yaratacakt\u0131r.\" \/>\n<meta property=\"og:url\" content=\"https:\/\/rubikap.com\/en\/product\/ld-12-duz-pet-kapak-30-x-30-mm-mc-12-kapagi\/\" \/>\n<meta property=\"og:site_name\" content=\"Rubikap Plastic Tableware\" \/>\n<meta property=\"article:publisher\" content=\"https:\/\/www.facebook.com\/rubikapplastic\/\" \/>\n<meta property=\"article:modified_time\" content=\"2022-08-23T08:29:57+00:00\" \/>\n<meta property=\"og:image\" content=\"https:\/\/rubikap.com\/wp-content\/uploads\/2022\/06\/LD.12.jpg\" \/>\n\t<meta property=\"og:image:width\" content=\"600\" \/>\n\t<meta property=\"og:image:height\" content=\"600\" \/>\n\t<meta property=\"og:image:type\" content=\"image\/jpeg\" \/>\n<meta name=\"twitter:card\" content=\"summary_large_image\" \/>\n<meta name=\"twitter:label1\" content=\"Est. reading time\" \/>\n\t<meta name=\"twitter:data1\" content=\"1 minute\" \/>\n<!-- \/ Yoast SEO plugin. -->","yoast_head_json":{"title":"LD.12 D\u00fcz Pet Kapak 30 x 30 mm MC.12 Kapa\u011f\u0131 - Rubikap Plastic Tableware - D\u00fcz Pet Kapak","description":"Rubikap D\u00fcz Pet Kapak tek kullan\u0131ml\u0131k \u00fcr\u00fcnler \u00e7e\u015fitleridir.Polistiren\u00a0yap\u0131ya sahip tek kullan\u0131ml\u0131k Mini Kap \u015f\u0131k sunumlar\u0131n\u0131zda fark yaratacakt\u0131r.","robots":{"index":"index","follow":"follow","max-snippet":"max-snippet:-1","max-image-preview":"max-image-preview:large","max-video-preview":"max-video-preview:-1"},"canonical":"https:\/\/rubikap.com\/en\/product\/ld-12-duz-pet-kapak-30-x-30-mm-mc-12-kapagi\/","og_locale":"en_US","og_type":"article","og_title":"LD.12 D\u00fcz Pet Kapak 30 x 30 mm MC.12 Kapa\u011f\u0131 - Rubikap Plastic Tableware - D\u00fcz Pet Kapak","og_description":"Rubikap D\u00fcz Pet Kapak tek kullan\u0131ml\u0131k \u00fcr\u00fcnler \u00e7e\u015fitleridir.Polistiren\u00a0yap\u0131ya sahip tek kullan\u0131ml\u0131k Mini Kap \u015f\u0131k sunumlar\u0131n\u0131zda fark yaratacakt\u0131r.","og_url":"https:\/\/rubikap.com\/en\/product\/ld-12-duz-pet-kapak-30-x-30-mm-mc-12-kapagi\/","og_site_name":"Rubikap Plastic Tableware","article_publisher":"https:\/\/www.facebook.com\/rubikapplastic\/","article_modified_time":"2022-08-23T08:29:57+00:00","og_image":[{"width":600,"height":600,"url":"https:\/\/rubikap.com\/wp-content\/uploads\/2022\/06\/LD.12.jpg","type":"image\/jpeg"}],"twitter_card":"summary_large_image","twitter_misc":{"Est. reading time":"1 minute"},"schema":{"@context":"https:\/\/schema.org","@graph":[{"@type":"WebPage","@id":"https:\/\/rubikap.com\/product\/ld-12-duz-pet-kapak-30-x-30-mm-mc-12-kapagi\/","url":"https:\/\/rubikap.com\/product\/ld-12-duz-pet-kapak-30-x-30-mm-mc-12-kapagi\/","name":"LD.12 D\u00fcz Pet Kapak 30 x 30 mm MC.12 Kapa\u011f\u0131 - Rubikap Plastic Tableware - D\u00fcz Pet Kapak","isPartOf":{"@id":"https:\/\/rubikap.com\/#website"},"primaryImageOfPage":{"@id":"https:\/\/rubikap.com\/product\/ld-12-duz-pet-kapak-30-x-30-mm-mc-12-kapagi\/#primaryimage"},"image":{"@id":"https:\/\/rubikap.com\/product\/ld-12-duz-pet-kapak-30-x-30-mm-mc-12-kapagi\/#primaryimage"},"thumbnailUrl":"https:\/\/rubikap.com\/wp-content\/uploads\/2022\/06\/LD.12.jpg","datePublished":"2022-06-28T22:13:38+00:00","dateModified":"2022-08-23T08:29:57+00:00","description":"Rubikap D\u00fcz Pet Kapak tek kullan\u0131ml\u0131k \u00fcr\u00fcnler \u00e7e\u015fitleridir.Polistiren\u00a0yap\u0131ya sahip tek kullan\u0131ml\u0131k Mini Kap \u015f\u0131k sunumlar\u0131n\u0131zda fark yaratacakt\u0131r.","breadcrumb":{"@id":"https:\/\/rubikap.com\/product\/ld-12-duz-pet-kapak-30-x-30-mm-mc-12-kapagi\/#breadcrumb"},"inLanguage":"en-US","potentialAction":[{"@type":"ReadAction","target":["https:\/\/rubikap.com\/product\/ld-12-duz-pet-kapak-30-x-30-mm-mc-12-kapagi\/"]}]},{"@type":"ImageObject","inLanguage":"en-US","@id":"https:\/\/rubikap.com\/product\/ld-12-duz-pet-kapak-30-x-30-mm-mc-12-kapagi\/#primaryimage","url":"https:\/\/rubikap.com\/wp-content\/uploads\/2022\/06\/LD.12.jpg","contentUrl":"https:\/\/rubikap.com\/wp-content\/uploads\/2022\/06\/LD.12.jpg","width":600,"height":600},{"@type":"BreadcrumbList","@id":"https:\/\/rubikap.com\/product\/ld-12-duz-pet-kapak-30-x-30-mm-mc-12-kapagi\/#breadcrumb","itemListElement":[{"@type":"ListItem","position":1,"name":"Anasayfa","item":"https:\/\/rubikap.com\/"},{"@type":"ListItem","position":2,"name":"Shop","item":"https:\/\/rubikap.com\/shop\/"},{"@type":"ListItem","position":3,"name":"LD.12 D\u00fcz Pet Kapak 30 x 30 mm MC.12 Kapa\u011f\u0131"}]},{"@type":"WebSite","@id":"https:\/\/rubikap.com\/#website","url":"https:\/\/rubikap.com\/","name":"Rubikap","description":"","publisher":{"@id":"https:\/\/rubikap.com\/#organization"},"potentialAction":[{"@type":"SearchAction","target":{"@type":"EntryPoint","urlTemplate":"https:\/\/rubikap.com\/?s={search_term_string}"},"query-input":{"@type":"PropertyValueSpecification","valueRequired":true,"valueName":"search_term_string"}}],"inLanguage":"en-US"},{"@type":"Organization","@id":"https:\/\/rubikap.com\/#organization","name":"Rubikap","url":"https:\/\/rubikap.com\/","logo":{"@type":"ImageObject","inLanguage":"en-US","@id":"https:\/\/rubikap.com\/#\/schema\/logo\/image\/","url":"https:\/\/rubikap.com\/wp-content\/uploads\/2023\/05\/rubiakp-logo-e1683836552396.png","contentUrl":"https:\/\/rubikap.com\/wp-content\/uploads\/2023\/05\/rubiakp-logo-e1683836552396.png","width":1400,"height":420,"caption":"Rubikap"},"image":{"@id":"https:\/\/rubikap.com\/#\/schema\/logo\/image\/"},"sameAs":["https:\/\/www.facebook.com\/rubikapplastic\/","https:\/\/www.instagram.com\/rubikap\/","https:\/\/www.youtube.com\/channel\/UC1GiuVgjjGVTFags6eP43jA"]}]}},"_links":{"self":[{"href":"https:\/\/rubikap.com\/en\/wp-json\/wp\/v2\/product\/531","targetHints":{"allow":["GET"]}}],"collection":[{"href":"https:\/\/rubikap.com\/en\/wp-json\/wp\/v2\/product"}],"about":[{"href":"https:\/\/rubikap.com\/en\/wp-json\/wp\/v2\/types\/product"}],"wp:featuredmedia":[{"embeddable":true,"href":"https:\/\/rubikap.com\/en\/wp-json\/wp\/v2\/media\/578"}],"wp:attachment":[{"href":"https:\/\/rubikap.com\/en\/wp-json\/wp\/v2\/media?parent=531"}],"wp:term":[{"taxonomy":"product_brand","embeddable":true,"href":"https:\/\/rubikap.com\/en\/wp-json\/wp\/v2\/product_brand?post=531"},{"taxonomy":"product_cat","embeddable":true,"href":"https:\/\/rubikap.com\/en\/wp-json\/wp\/v2\/product_cat?post=531"},{"taxonomy":"product_tag","embeddable":true,"href":"https:\/\/rubikap.com\/en\/wp-json\/wp\/v2\/product_tag?post=531"}],"curies":[{"name":"wp","href":"https:\/\/api.w.org\/{rel}","templated":true}]}}