{"id":525,"date":"2022-06-29T01:13:37","date_gmt":"2022-06-28T22:13:37","guid":{"rendered":"https:\/\/rubikap.com\/?post_type=product&#038;p=525"},"modified":"2024-12-20T01:31:06","modified_gmt":"2024-12-19T22:31:06","slug":"sc-22-kadeh-klipsi","status":"publish","type":"product","link":"https:\/\/rubikap.com\/en\/product\/sc-22-kadeh-klipsi\/","title":{"rendered":"SC.22 Cocktail Holder"},"content":{"rendered":"<p>Rubikap SC-22 Kadeh Klipsi, bardak ve kadehleri g\u00fcvenli bir \u015fekilde ta\u015f\u0131mak i\u00e7in tasarlanm\u0131\u015ft\u0131r. <a href=\"https:\/\/tr.wikipedia.org\/wiki\/Polikarbonat\">Polycarbonate<\/a> malzeme ile \u00fcretilmi\u015ftir, dayan\u0131kl\u0131 ve uzun \u00f6m\u00fcrl\u00fcd\u00fcr. Kadeh Klipsi, kadehlerin kaymas\u0131n\u0131 ve d\u00fc\u015fmesini engeller. Bu, \u00f6zellikle kalabal\u0131k ortamlarda veya nemli y\u00fczeylerde kullan\u0131m i\u00e7in idealdir. Kadeh Klipsi, bardak ve kadehleri kolayca ta\u015f\u0131may\u0131 sa\u011flar. Bu, \u00f6zellikle servis ve temizlik i\u00e7in idealdir. Kadeh Klipsi, her t\u00fcrl\u00fc kadeh i\u00e7in uygundur. Kadeh Klipsi, her t\u00fcrl\u00fc ev ve i\u015f i\u00e7in idealdir. Rubikap SC-22 Kadeh Klipsi, a\u015fa\u011f\u0131daki \u00f6zelliklere sahiptir:<\/p>\n<ul>\n<li><a href=\"https:\/\/tr.wikipedia.org\/wiki\/Polikarbonat\">Polycarbonate<\/a> malzeme ile \u00fcretilmi\u015ftir<\/li>\n<li>Dayan\u0131kl\u0131 ve uzun \u00f6m\u00fcrl\u00fcd\u00fcr<\/li>\n<li>Kadehlerin kaymas\u0131n\u0131 ve d\u00fc\u015fmesini engeller<\/li>\n<li>Kolayca ta\u015f\u0131nabilir<\/li>\n<li>Her t\u00fcrl\u00fc kadeh i\u00e7in uygundur<\/li>\n<\/ul>\n<p>Rubikap SC-22 Kadeh Klipsi, kadehleri g\u00fcvenli ve kolay bir \u015fekilde ta\u015f\u0131mak i\u00e7in ideal bir \u00fcr\u00fcnd\u00fcr. Her t\u00fcrl\u00fc ev ve i\u015f i\u00e7in uygundur.<\/p>","protected":false},"excerpt":{"rendered":"<table width=\"1050\">\n<tbody>\n<tr>\n<td width=\"347\"><strong>STOCK CODE<\/strong><\/td>\n<td width=\"697\">SC.22<\/td>\n<\/tr>\n<tr>\n<td width=\"347\"><strong>MAX. DIAMETER <\/strong><\/td>\n<td width=\"697\">&#8211;<\/td>\n<\/tr>\n<tr>\n<td width=\"347\"><strong>HEIGHT<\/strong><\/td>\n<td width=\"697\">&#8211;<\/td>\n<\/tr>\n<tr>\n<td width=\"347\"><strong>FULL SIZE<\/strong><\/td>\n<td width=\"697\">&#8211;<\/td>\n<\/tr>\n<tr>\n<td width=\"347\"><strong>TAP SIZE<\/strong><\/td>\n<td width=\"697\">&#8211;<\/td>\n<\/tr>\n<tr>\n<td width=\"347\"><strong>SCALE LINE<\/strong><\/td>\n<td width=\"697\">Yok<\/td>\n<\/tr>\n<tr>\n<td width=\"347\"><strong>WEIGHT<\/strong><\/td>\n<td width=\"697\">12gr<\/td>\n<\/tr>\n<tr>\n<td width=\"347\"><strong>MATERIAL<\/strong><\/td>\n<td width=\"697\">ABS<\/td>\n<\/tr>\n<tr>\n<td width=\"347\"><strong>COLORS<\/strong><\/td>\n<td width=\"697\">Clear<\/td>\n<\/tr>\n<tr>\n<td width=\"347\"><strong>QTY PCS IN BOX<\/strong><\/td>\n<td width=\"697\">250<\/td>\n<\/tr>\n<tr>\n<td width=\"347\"><strong>BOX SIZE <\/strong><\/td>\n<td width=\"697\">40x26x23 (cm)<\/td>\n<\/tr>\n<tr>\n<td width=\"347\"><strong>QTY OF PRODUCTS IN A PALLETE<\/strong><\/td>\n<td width=\"697\">18000<\/td>\n<\/tr>\n<tr>\n<td width=\"347\"><strong>PALLET SIZE <\/strong><\/td>\n<td width=\"697\">80x120x200 (cm)<\/td>\n<\/tr>\n<\/tbody>\n<\/table>\n<p>&nbsp;<\/p>\n<p>&nbsp;<\/p>","protected":false},"featured_media":5063,"template":"","meta":[],"product_brand":[],"product_cat":[70],"product_tag":[74],"class_list":{"0":"post-525","1":"product","2":"type-product","3":"status-publish","4":"has-post-thumbnail","6":"product_cat-diger-urunler","7":"product_tag-klips","9":"first","10":"instock","11":"shipping-taxable","12":"product-type-simple"},"yoast_head":"<!-- This site is optimized with the Yoast SEO plugin v27.3 - https:\/\/yoast.com\/product\/yoast-seo-wordpress\/ -->\n<title>SC.22 Kadeh Klipsi - Rubikap Plastic Tableware - Kadeh Klipsi - Klips - Reusable Products<\/title>\n<meta name=\"description\" content=\"Rubikap Kadeh Klipsi \u00e7ok kullan\u0131ml\u0131k \u00fcr\u00fcnler \u00e7e\u015fitleridir.Polikarbonat yap\u0131ya sahip Otel Ask\u0131 uzun \u00f6mr\u00fcyle tamamlay\u0131c\u0131 bir par\u00e7a olacakt\u0131r.\" \/>\n<meta name=\"robots\" content=\"index, follow, max-snippet:-1, max-image-preview:large, max-video-preview:-1\" \/>\n<link rel=\"canonical\" href=\"https:\/\/rubikap.com\/en\/product\/sc-22-kadeh-klipsi\/\" \/>\n<meta property=\"og:locale\" content=\"en_US\" \/>\n<meta property=\"og:type\" content=\"article\" \/>\n<meta property=\"og:title\" content=\"SC.22 Kadeh Klipsi - Rubikap Plastic Tableware - Kadeh Klipsi - Klips - Reusable Products\" \/>\n<meta property=\"og:description\" content=\"Rubikap Kadeh Klipsi \u00e7ok kullan\u0131ml\u0131k \u00fcr\u00fcnler \u00e7e\u015fitleridir.Polikarbonat yap\u0131ya sahip Otel Ask\u0131 uzun \u00f6mr\u00fcyle tamamlay\u0131c\u0131 bir par\u00e7a olacakt\u0131r.\" \/>\n<meta property=\"og:url\" content=\"https:\/\/rubikap.com\/en\/product\/sc-22-kadeh-klipsi\/\" \/>\n<meta property=\"og:site_name\" content=\"Rubikap Plastic Tableware\" \/>\n<meta property=\"article:publisher\" content=\"https:\/\/www.facebook.com\/rubikapplastic\/\" \/>\n<meta property=\"article:modified_time\" content=\"2024-12-19T22:31:06+00:00\" \/>\n<meta property=\"og:image\" content=\"https:\/\/rubikap.com\/wp-content\/uploads\/2022\/06\/sc-22-kadeh-klipsi.jpg\" \/>\n\t<meta property=\"og:image:width\" content=\"900\" \/>\n\t<meta property=\"og:image:height\" content=\"900\" \/>\n\t<meta property=\"og:image:type\" content=\"image\/jpeg\" \/>\n<meta name=\"twitter:card\" content=\"summary_large_image\" \/>\n<meta name=\"twitter:label1\" content=\"Est. reading time\" \/>\n\t<meta name=\"twitter:data1\" content=\"1 minute\" \/>\n<!-- \/ Yoast SEO plugin. -->","yoast_head_json":{"title":"SC.22 Kadeh Klipsi - Rubikap Plastic Tableware - Kadeh Klipsi - Klips - Reusable Products","description":"Rubikap Kadeh Klipsi \u00e7ok kullan\u0131ml\u0131k \u00fcr\u00fcnler \u00e7e\u015fitleridir.Polikarbonat yap\u0131ya sahip Otel Ask\u0131 uzun \u00f6mr\u00fcyle tamamlay\u0131c\u0131 bir par\u00e7a olacakt\u0131r.","robots":{"index":"index","follow":"follow","max-snippet":"max-snippet:-1","max-image-preview":"max-image-preview:large","max-video-preview":"max-video-preview:-1"},"canonical":"https:\/\/rubikap.com\/en\/product\/sc-22-kadeh-klipsi\/","og_locale":"en_US","og_type":"article","og_title":"SC.22 Kadeh Klipsi - Rubikap Plastic Tableware - Kadeh Klipsi - Klips - Reusable Products","og_description":"Rubikap Kadeh Klipsi \u00e7ok kullan\u0131ml\u0131k \u00fcr\u00fcnler \u00e7e\u015fitleridir.Polikarbonat yap\u0131ya sahip Otel Ask\u0131 uzun \u00f6mr\u00fcyle tamamlay\u0131c\u0131 bir par\u00e7a olacakt\u0131r.","og_url":"https:\/\/rubikap.com\/en\/product\/sc-22-kadeh-klipsi\/","og_site_name":"Rubikap Plastic Tableware","article_publisher":"https:\/\/www.facebook.com\/rubikapplastic\/","article_modified_time":"2024-12-19T22:31:06+00:00","og_image":[{"width":900,"height":900,"url":"https:\/\/rubikap.com\/wp-content\/uploads\/2022\/06\/sc-22-kadeh-klipsi.jpg","type":"image\/jpeg"}],"twitter_card":"summary_large_image","twitter_misc":{"Est. reading time":"1 minute"},"schema":{"@context":"https:\/\/schema.org","@graph":[{"@type":"WebPage","@id":"https:\/\/rubikap.com\/product\/sc-22-kadeh-klipsi\/","url":"https:\/\/rubikap.com\/product\/sc-22-kadeh-klipsi\/","name":"SC.22 Kadeh Klipsi - Rubikap Plastic Tableware - Kadeh Klipsi - Klips - Reusable Products","isPartOf":{"@id":"https:\/\/rubikap.com\/#website"},"primaryImageOfPage":{"@id":"https:\/\/rubikap.com\/product\/sc-22-kadeh-klipsi\/#primaryimage"},"image":{"@id":"https:\/\/rubikap.com\/product\/sc-22-kadeh-klipsi\/#primaryimage"},"thumbnailUrl":"https:\/\/rubikap.com\/wp-content\/uploads\/2022\/06\/sc-22-kadeh-klipsi.jpg","datePublished":"2022-06-28T22:13:37+00:00","dateModified":"2024-12-19T22:31:06+00:00","description":"Rubikap Kadeh Klipsi \u00e7ok kullan\u0131ml\u0131k \u00fcr\u00fcnler \u00e7e\u015fitleridir.Polikarbonat yap\u0131ya sahip Otel Ask\u0131 uzun \u00f6mr\u00fcyle tamamlay\u0131c\u0131 bir par\u00e7a olacakt\u0131r.","breadcrumb":{"@id":"https:\/\/rubikap.com\/product\/sc-22-kadeh-klipsi\/#breadcrumb"},"inLanguage":"en-US","potentialAction":[{"@type":"ReadAction","target":["https:\/\/rubikap.com\/product\/sc-22-kadeh-klipsi\/"]}]},{"@type":"ImageObject","inLanguage":"en-US","@id":"https:\/\/rubikap.com\/product\/sc-22-kadeh-klipsi\/#primaryimage","url":"https:\/\/rubikap.com\/wp-content\/uploads\/2022\/06\/sc-22-kadeh-klipsi.jpg","contentUrl":"https:\/\/rubikap.com\/wp-content\/uploads\/2022\/06\/sc-22-kadeh-klipsi.jpg","width":900,"height":900,"caption":"sc-22-kadeh-klipsi"},{"@type":"BreadcrumbList","@id":"https:\/\/rubikap.com\/product\/sc-22-kadeh-klipsi\/#breadcrumb","itemListElement":[{"@type":"ListItem","position":1,"name":"Anasayfa","item":"https:\/\/rubikap.com\/"},{"@type":"ListItem","position":2,"name":"Shop","item":"https:\/\/rubikap.com\/shop\/"},{"@type":"ListItem","position":3,"name":"SC.22 Kadeh Klipsi"}]},{"@type":"WebSite","@id":"https:\/\/rubikap.com\/#website","url":"https:\/\/rubikap.com\/","name":"Rubikap","description":"","publisher":{"@id":"https:\/\/rubikap.com\/#organization"},"potentialAction":[{"@type":"SearchAction","target":{"@type":"EntryPoint","urlTemplate":"https:\/\/rubikap.com\/?s={search_term_string}"},"query-input":{"@type":"PropertyValueSpecification","valueRequired":true,"valueName":"search_term_string"}}],"inLanguage":"en-US"},{"@type":"Organization","@id":"https:\/\/rubikap.com\/#organization","name":"Rubikap","url":"https:\/\/rubikap.com\/","logo":{"@type":"ImageObject","inLanguage":"en-US","@id":"https:\/\/rubikap.com\/#\/schema\/logo\/image\/","url":"https:\/\/rubikap.com\/wp-content\/uploads\/2023\/05\/rubiakp-logo-e1683836552396.png","contentUrl":"https:\/\/rubikap.com\/wp-content\/uploads\/2023\/05\/rubiakp-logo-e1683836552396.png","width":1400,"height":420,"caption":"Rubikap"},"image":{"@id":"https:\/\/rubikap.com\/#\/schema\/logo\/image\/"},"sameAs":["https:\/\/www.facebook.com\/rubikapplastic\/","https:\/\/www.instagram.com\/rubikap\/","https:\/\/www.youtube.com\/channel\/UC1GiuVgjjGVTFags6eP43jA"]}]}},"_links":{"self":[{"href":"https:\/\/rubikap.com\/en\/wp-json\/wp\/v2\/product\/525","targetHints":{"allow":["GET"]}}],"collection":[{"href":"https:\/\/rubikap.com\/en\/wp-json\/wp\/v2\/product"}],"about":[{"href":"https:\/\/rubikap.com\/en\/wp-json\/wp\/v2\/types\/product"}],"wp:featuredmedia":[{"embeddable":true,"href":"https:\/\/rubikap.com\/en\/wp-json\/wp\/v2\/media\/5063"}],"wp:attachment":[{"href":"https:\/\/rubikap.com\/en\/wp-json\/wp\/v2\/media?parent=525"}],"wp:term":[{"taxonomy":"product_brand","embeddable":true,"href":"https:\/\/rubikap.com\/en\/wp-json\/wp\/v2\/product_brand?post=525"},{"taxonomy":"product_cat","embeddable":true,"href":"https:\/\/rubikap.com\/en\/wp-json\/wp\/v2\/product_cat?post=525"},{"taxonomy":"product_tag","embeddable":true,"href":"https:\/\/rubikap.com\/en\/wp-json\/wp\/v2\/product_tag?post=525"}],"curies":[{"name":"wp","href":"https:\/\/api.w.org\/{rel}","templated":true}]}}