{"id":472,"date":"2022-06-29T01:13:16","date_gmt":"2022-06-28T22:13:16","guid":{"rendered":"https:\/\/rubikap.com\/?post_type=product&#038;p=472"},"modified":"2024-12-20T01:41:45","modified_gmt":"2024-12-19T22:41:45","slug":"pl-1828-kare-tabak-18-x-28cm","status":"publish","type":"product","link":"https:\/\/rubikap.com\/en\/product\/pl-1828-kare-tabak-18-x-28cm\/","title":{"rendered":"PL.1828 Rectangular Plate 18 x 28cm"},"content":{"rendered":"<p>Polikarbonat yemek tabaklar\u0131, otellerde ve restoranlarda giderek daha yayg\u0131n bir \u015fekilde kullan\u0131lmaktad\u0131r. Bunun nedeni, polikarbonat yemek tabaklar\u0131n\u0131n sa\u011flaml\u0131\u011f\u0131, \u00e7izilmeye kar\u015f\u0131 direnci ve kolay temizlenebilirli\u011fi gibi bir\u00e7ok avantaj\u0131 sunmas\u0131d\u0131r.<\/p>\n<p>\u00d6zellikle oteller ve restoranlar, bir\u00e7ok farkl\u0131 m\u00fc\u015fteriye hizmet verdikleri i\u00e7in, yemek tabaklar\u0131na yo\u011fun bir ihtiya\u00e7 duyarlar. Ancak cam veya porselen yemek tabaklar\u0131, s\u0131k kullan\u0131mda kolayca k\u0131r\u0131labilir veya \u00e7atlaklar olu\u015fabilir. Bu nedenle, polikarbonat yemek tabaklar\u0131, otel ve restoran i\u015fletmeleri i\u00e7in ideal bir se\u00e7enektir.<\/p>\n<p>Polikarbonat yemek tabaklar\u0131, cam ve porselen yemek tabaklar\u0131na g\u00f6re \u00e7ok daha dayan\u0131kl\u0131d\u0131r ve darbelere kar\u015f\u0131 diren\u00e7lidirler. Bu \u00f6zellikleri sayesinde, yemek servisinde kullan\u0131mlar\u0131 daha uzun \u00f6m\u00fcrl\u00fc olabilir. Ayr\u0131ca, polikarbonat yemek tabaklar\u0131, \u00e7izilmeye kar\u015f\u0131 da dayan\u0131kl\u0131d\u0131r. Bu nedenle, restoran veya otel i\u015fletmelerinde, yemeklerin servisi s\u0131ras\u0131nda tabaklar \u00e7izilmeden temizlenebilirler.<\/p>\n<p>Polikarbonat yemek tabaklar\u0131 ayn\u0131 zamanda kolay temizlenebilir. Cam veya porselen yemek tabaklar\u0131, bazen \u00e7izilerek ya da y\u0131rt\u0131larak \u00e7\u0131kan lekeler nedeniyle temizlemesi zor olabilir. Ancak, polikarbonat yemek tabaklar\u0131, bu gibi sorunlarla kar\u015f\u0131la\u015fmadan kolayca temizlenebilirler. Ayr\u0131ca, polikarbonat yemek tabaklar\u0131, bula\u015f\u0131k makinesinde y\u0131kanabilirler ve uzun \u00f6m\u00fcrl\u00fc olduklar\u0131 i\u00e7in, bir\u00e7ok kez y\u0131kamaya dayanabilirler.<\/p>\n<p>Sonu\u00e7 olarak, polikarbonat yemek tabaklar\u0131, otel ve restoran i\u015fletmelerinde kullan\u0131mda avantaj sa\u011flayan bir\u00e7ok \u00f6zellik sunarlar. Sa\u011flaml\u0131\u011f\u0131, \u00e7izilmeye kar\u015f\u0131 dayan\u0131kl\u0131l\u0131\u011f\u0131 ve kolay temizlenebilirli\u011fi gibi avantajlar\u0131 sayesinde, otel ve restoran i\u015fletmeleri i\u00e7in ideal bir se\u00e7enektirler. Ayr\u0131ca, farkl\u0131 renk ve desen se\u00e7enekleriyle, i\u015fletmelerin tarz\u0131na uygun se\u00e7imler yapmalar\u0131na olanak sa\u011flarlar.<\/p>","protected":false},"excerpt":{"rendered":"<table width=\"1050\">\n<tbody>\n<tr>\n<td width=\"347\"><strong>STOCK CODE<\/strong><\/td>\n<td width=\"697\">RPL.1828<\/td>\n<\/tr>\n<tr>\n<td width=\"347\"><strong>MAX. DIAMETER <\/strong><\/td>\n<td width=\"697\">180x280mm<\/td>\n<\/tr>\n<tr>\n<td width=\"347\"><strong>HEIGHT<\/strong><\/td>\n<td width=\"697\">17mm<\/td>\n<\/tr>\n<tr>\n<td width=\"347\"><strong>FULL SIZE<\/strong><\/td>\n<td width=\"697\">&#8211;<\/td>\n<\/tr>\n<tr>\n<td width=\"347\"><strong>TAP SIZE<\/strong><\/td>\n<td width=\"697\">&#8211;<\/td>\n<\/tr>\n<tr>\n<td width=\"347\"><strong>SCALE LINE<\/strong><\/td>\n<td width=\"697\">Yok<\/td>\n<\/tr>\n<tr>\n<td width=\"347\"><strong>WEIGHT<\/strong><\/td>\n<td width=\"697\">185gr<\/td>\n<\/tr>\n<tr>\n<td width=\"347\"><strong>MATERIAL<\/strong><\/td>\n<td width=\"697\">Polycarbonate<\/td>\n<\/tr>\n<tr>\n<td width=\"347\"><strong>COLORS<\/strong><\/td>\n<td width=\"697\">Beyaz, Siyah<\/td>\n<\/tr>\n<tr>\n<td width=\"347\"><strong>QTY PCS IN BOX<\/strong><\/td>\n<td width=\"697\">40<\/td>\n<\/tr>\n<tr>\n<td width=\"347\"><strong>BOX SIZE <\/strong><\/td>\n<td width=\"697\">22x40x14 (cm)<\/td>\n<\/tr>\n<tr>\n<td width=\"347\"><strong>QTY OF PRODUCTS IN A PALLETE<\/strong><\/td>\n<td width=\"697\">6240<\/td>\n<\/tr>\n<tr>\n<td width=\"347\"><strong>PALLET SIZE <\/strong><\/td>\n<td width=\"697\">100x120x200 (cm)<\/td>\n<\/tr>\n<\/tbody>\n<\/table>\n<p>&nbsp;<\/p>\n<p>&nbsp;<\/p>","protected":false},"featured_media":507,"template":"","meta":[],"product_brand":[],"product_cat":[66],"product_tag":[67],"class_list":{"0":"post-472","1":"product","2":"type-product","3":"status-publish","4":"has-post-thumbnail","6":"product_cat-tabaklar","7":"product_tag-tabak","9":"first","10":"instock","11":"shipping-taxable","12":"product-type-simple"},"yoast_head":"<!-- This site is optimized with the Yoast SEO plugin v27.3 - https:\/\/yoast.com\/product\/yoast-seo-wordpress\/ -->\n<title>PL.1828 Kare Tabak 18 x 28cm - Rubikap Plastic Tableware - Plastik Tabak - K\u0131r\u0131lmaz Tabak<\/title>\n<meta name=\"description\" content=\"Rubikap polikarbonat K\u0131r\u0131lmaz Tabak \u00e7ok kullan\u0131ml\u0131k \u00fcr\u00fcnler \u00e7e\u015fitleridir.Yiyeceklerinizi \u015f\u0131k bir \u015fekilde servis edebilece\u011finiz cam g\u00f6r\u00fcn\u00fcm\u00fcne sahip Tabak.\" \/>\n<meta name=\"robots\" content=\"index, follow, max-snippet:-1, max-image-preview:large, max-video-preview:-1\" \/>\n<link rel=\"canonical\" href=\"https:\/\/rubikap.com\/en\/product\/pl-1828-kare-tabak-18-x-28cm\/\" \/>\n<meta property=\"og:locale\" content=\"en_US\" \/>\n<meta property=\"og:type\" content=\"article\" \/>\n<meta property=\"og:title\" content=\"PL.1828 Kare Tabak 18 x 28cm - Rubikap Plastic Tableware - Plastik Tabak - K\u0131r\u0131lmaz Tabak\" \/>\n<meta property=\"og:description\" content=\"Rubikap polikarbonat K\u0131r\u0131lmaz Tabak \u00e7ok kullan\u0131ml\u0131k \u00fcr\u00fcnler \u00e7e\u015fitleridir.Yiyeceklerinizi \u015f\u0131k bir \u015fekilde servis edebilece\u011finiz cam g\u00f6r\u00fcn\u00fcm\u00fcne sahip Tabak.\" \/>\n<meta property=\"og:url\" content=\"https:\/\/rubikap.com\/en\/product\/pl-1828-kare-tabak-18-x-28cm\/\" \/>\n<meta property=\"og:site_name\" content=\"Rubikap Plastic Tableware\" \/>\n<meta property=\"article:publisher\" content=\"https:\/\/www.facebook.com\/rubikapplastic\/\" \/>\n<meta property=\"article:modified_time\" content=\"2024-12-19T22:41:45+00:00\" \/>\n<meta property=\"og:image\" content=\"https:\/\/rubikap.com\/wp-content\/uploads\/2022\/06\/PL.1828.jpg\" \/>\n\t<meta property=\"og:image:width\" content=\"600\" \/>\n\t<meta property=\"og:image:height\" content=\"600\" \/>\n\t<meta property=\"og:image:type\" content=\"image\/jpeg\" \/>\n<meta name=\"twitter:card\" content=\"summary_large_image\" \/>\n<meta name=\"twitter:label1\" content=\"Est. reading time\" \/>\n\t<meta name=\"twitter:data1\" content=\"2 minutes\" \/>\n<!-- \/ Yoast SEO plugin. -->","yoast_head_json":{"title":"PL.1828 Kare Tabak 18 x 28cm - Rubikap Plastic Tableware - Plastik Tabak - K\u0131r\u0131lmaz Tabak","description":"Rubikap polikarbonat K\u0131r\u0131lmaz Tabak \u00e7ok kullan\u0131ml\u0131k \u00fcr\u00fcnler \u00e7e\u015fitleridir.Yiyeceklerinizi \u015f\u0131k bir \u015fekilde servis edebilece\u011finiz cam g\u00f6r\u00fcn\u00fcm\u00fcne sahip Tabak.","robots":{"index":"index","follow":"follow","max-snippet":"max-snippet:-1","max-image-preview":"max-image-preview:large","max-video-preview":"max-video-preview:-1"},"canonical":"https:\/\/rubikap.com\/en\/product\/pl-1828-kare-tabak-18-x-28cm\/","og_locale":"en_US","og_type":"article","og_title":"PL.1828 Kare Tabak 18 x 28cm - Rubikap Plastic Tableware - Plastik Tabak - K\u0131r\u0131lmaz Tabak","og_description":"Rubikap polikarbonat K\u0131r\u0131lmaz Tabak \u00e7ok kullan\u0131ml\u0131k \u00fcr\u00fcnler \u00e7e\u015fitleridir.Yiyeceklerinizi \u015f\u0131k bir \u015fekilde servis edebilece\u011finiz cam g\u00f6r\u00fcn\u00fcm\u00fcne sahip Tabak.","og_url":"https:\/\/rubikap.com\/en\/product\/pl-1828-kare-tabak-18-x-28cm\/","og_site_name":"Rubikap Plastic Tableware","article_publisher":"https:\/\/www.facebook.com\/rubikapplastic\/","article_modified_time":"2024-12-19T22:41:45+00:00","og_image":[{"width":600,"height":600,"url":"https:\/\/rubikap.com\/wp-content\/uploads\/2022\/06\/PL.1828.jpg","type":"image\/jpeg"}],"twitter_card":"summary_large_image","twitter_misc":{"Est. reading time":"2 minutes"},"schema":{"@context":"https:\/\/schema.org","@graph":[{"@type":"WebPage","@id":"https:\/\/rubikap.com\/product\/pl-1828-kare-tabak-18-x-28cm\/","url":"https:\/\/rubikap.com\/product\/pl-1828-kare-tabak-18-x-28cm\/","name":"PL.1828 Kare Tabak 18 x 28cm - Rubikap Plastic Tableware - Plastik Tabak - K\u0131r\u0131lmaz Tabak","isPartOf":{"@id":"https:\/\/rubikap.com\/#website"},"primaryImageOfPage":{"@id":"https:\/\/rubikap.com\/product\/pl-1828-kare-tabak-18-x-28cm\/#primaryimage"},"image":{"@id":"https:\/\/rubikap.com\/product\/pl-1828-kare-tabak-18-x-28cm\/#primaryimage"},"thumbnailUrl":"https:\/\/rubikap.com\/wp-content\/uploads\/2022\/06\/PL.1828.jpg","datePublished":"2022-06-28T22:13:16+00:00","dateModified":"2024-12-19T22:41:45+00:00","description":"Rubikap polikarbonat K\u0131r\u0131lmaz Tabak \u00e7ok kullan\u0131ml\u0131k \u00fcr\u00fcnler \u00e7e\u015fitleridir.Yiyeceklerinizi \u015f\u0131k bir \u015fekilde servis edebilece\u011finiz cam g\u00f6r\u00fcn\u00fcm\u00fcne sahip Tabak.","breadcrumb":{"@id":"https:\/\/rubikap.com\/product\/pl-1828-kare-tabak-18-x-28cm\/#breadcrumb"},"inLanguage":"en-US","potentialAction":[{"@type":"ReadAction","target":["https:\/\/rubikap.com\/product\/pl-1828-kare-tabak-18-x-28cm\/"]}]},{"@type":"ImageObject","inLanguage":"en-US","@id":"https:\/\/rubikap.com\/product\/pl-1828-kare-tabak-18-x-28cm\/#primaryimage","url":"https:\/\/rubikap.com\/wp-content\/uploads\/2022\/06\/PL.1828.jpg","contentUrl":"https:\/\/rubikap.com\/wp-content\/uploads\/2022\/06\/PL.1828.jpg","width":600,"height":600},{"@type":"BreadcrumbList","@id":"https:\/\/rubikap.com\/product\/pl-1828-kare-tabak-18-x-28cm\/#breadcrumb","itemListElement":[{"@type":"ListItem","position":1,"name":"Anasayfa","item":"https:\/\/rubikap.com\/"},{"@type":"ListItem","position":2,"name":"Shop","item":"https:\/\/rubikap.com\/shop\/"},{"@type":"ListItem","position":3,"name":"PL.1828 Kare Tabak 18 x 28cm"}]},{"@type":"WebSite","@id":"https:\/\/rubikap.com\/#website","url":"https:\/\/rubikap.com\/","name":"Rubikap","description":"","publisher":{"@id":"https:\/\/rubikap.com\/#organization"},"potentialAction":[{"@type":"SearchAction","target":{"@type":"EntryPoint","urlTemplate":"https:\/\/rubikap.com\/?s={search_term_string}"},"query-input":{"@type":"PropertyValueSpecification","valueRequired":true,"valueName":"search_term_string"}}],"inLanguage":"en-US"},{"@type":"Organization","@id":"https:\/\/rubikap.com\/#organization","name":"Rubikap","url":"https:\/\/rubikap.com\/","logo":{"@type":"ImageObject","inLanguage":"en-US","@id":"https:\/\/rubikap.com\/#\/schema\/logo\/image\/","url":"https:\/\/rubikap.com\/wp-content\/uploads\/2023\/05\/rubiakp-logo-e1683836552396.png","contentUrl":"https:\/\/rubikap.com\/wp-content\/uploads\/2023\/05\/rubiakp-logo-e1683836552396.png","width":1400,"height":420,"caption":"Rubikap"},"image":{"@id":"https:\/\/rubikap.com\/#\/schema\/logo\/image\/"},"sameAs":["https:\/\/www.facebook.com\/rubikapplastic\/","https:\/\/www.instagram.com\/rubikap\/","https:\/\/www.youtube.com\/channel\/UC1GiuVgjjGVTFags6eP43jA"]}]}},"_links":{"self":[{"href":"https:\/\/rubikap.com\/en\/wp-json\/wp\/v2\/product\/472","targetHints":{"allow":["GET"]}}],"collection":[{"href":"https:\/\/rubikap.com\/en\/wp-json\/wp\/v2\/product"}],"about":[{"href":"https:\/\/rubikap.com\/en\/wp-json\/wp\/v2\/types\/product"}],"wp:featuredmedia":[{"embeddable":true,"href":"https:\/\/rubikap.com\/en\/wp-json\/wp\/v2\/media\/507"}],"wp:attachment":[{"href":"https:\/\/rubikap.com\/en\/wp-json\/wp\/v2\/media?parent=472"}],"wp:term":[{"taxonomy":"product_brand","embeddable":true,"href":"https:\/\/rubikap.com\/en\/wp-json\/wp\/v2\/product_brand?post=472"},{"taxonomy":"product_cat","embeddable":true,"href":"https:\/\/rubikap.com\/en\/wp-json\/wp\/v2\/product_cat?post=472"},{"taxonomy":"product_tag","embeddable":true,"href":"https:\/\/rubikap.com\/en\/wp-json\/wp\/v2\/product_tag?post=472"}],"curies":[{"name":"wp","href":"https:\/\/api.w.org\/{rel}","templated":true}]}}