{"id":455,"date":"2022-06-29T01:13:15","date_gmt":"2022-06-28T22:13:15","guid":{"rendered":"https:\/\/rubikap.com\/?post_type=product&#038;p=455"},"modified":"2024-12-20T01:35:47","modified_gmt":"2024-12-19T22:35:47","slug":"cs-27-tabak-kapagi-kare-27cm","status":"publish","type":"product","link":"https:\/\/rubikap.com\/en\/product\/cs-27-tabak-kapagi-kare-27cm\/","title":{"rendered":"CS.27 Plate Cover 27cm"},"content":{"rendered":"<p>Rubikap <a href=\"https:\/\/tr.wikipedia.org\/wiki\/Polikarbonat\">polikarbonat<\/a> Kare Tabak Kapa\u011f\u0131 <a href=\"https:\/\/rubikap.com\/en\/product-category\/cok-kullanimlik-urunler\/\">\u00e7ok kullan\u0131ml\u0131k \u00fcr\u00fcnler<\/a> \u00e7e\u015fitleridir.<\/p>\n<p>Yiyeceklerinizi muhafaza edebilece\u011finiz \u015f\u0131k cam g\u00f6r\u00fcn\u00fcm\u00fcne sahip Tabak Kapaklar\u0131 polikarbonat&#8217;\u0131n k\u0131r\u0131lmaz, sa\u011flam dayan\u0131kl\u0131 \u00f6zelli\u011finden hi\u00e7 bir\u015fey kaybetmezler.<\/p>\n<p>Y\u0131llarca g\u00fcvenle, ayn\u0131 sa\u011flaml\u0131kta \u015f\u0131k sunumlar\u0131n\u0131zda kullanabilirsiniz.<\/p>","protected":false},"excerpt":{"rendered":"<table width=\"1050\">\n<tbody>\n<tr>\n<td width=\"347\"><strong>STOCK CODE<\/strong><\/td>\n<td width=\"697\">CS.27<\/td>\n<\/tr>\n<tr>\n<td width=\"347\"><strong>MAX. DIAMETER <\/strong><\/td>\n<td width=\"697\">323mm<\/td>\n<\/tr>\n<tr>\n<td width=\"347\"><strong>HEIGHT<\/strong><\/td>\n<td width=\"697\">78mm<\/td>\n<\/tr>\n<tr>\n<td width=\"347\"><strong>FULL SIZE<\/strong><\/td>\n<td width=\"697\">&#8211;<\/td>\n<\/tr>\n<tr>\n<td width=\"347\"><strong>TAP SIZE<\/strong><\/td>\n<td width=\"697\">&#8211;<\/td>\n<\/tr>\n<tr>\n<td width=\"347\"><strong>SCALE LINE<\/strong><\/td>\n<td width=\"697\">Yok<\/td>\n<\/tr>\n<tr>\n<td width=\"347\"><strong>WEIGHT<\/strong><\/td>\n<td width=\"697\">408gr<\/td>\n<\/tr>\n<tr>\n<td width=\"347\"><strong>MATERIAL<\/strong><\/td>\n<td width=\"697\">Polycarbonate<\/td>\n<\/tr>\n<tr>\n<td width=\"347\"><strong>COLORS<\/strong><\/td>\n<td width=\"697\">Clear<\/td>\n<\/tr>\n<tr>\n<td width=\"347\"><strong>QTY PCS IN BOX<\/strong><\/td>\n<td width=\"697\">25<\/td>\n<\/tr>\n<tr>\n<td width=\"347\"><strong>BOX SIZE <\/strong><\/td>\n<td width=\"697\">40x30x36 (cm)<\/td>\n<\/tr>\n<tr>\n<td width=\"347\"><strong>QTY OF PRODUCTS IN A PALLETE<\/strong><\/td>\n<td width=\"697\">1250<\/td>\n<\/tr>\n<tr>\n<td width=\"347\"><strong>PALLET SIZE <\/strong><\/td>\n<td width=\"697\">100x120x200 (cm)<\/td>\n<\/tr>\n<\/tbody>\n<\/table>\n<p>&nbsp;<\/p>\n<p>&nbsp;<\/p>","protected":false},"featured_media":486,"template":"","meta":[],"product_brand":[],"product_cat":[64],"product_tag":[65],"class_list":{"0":"post-455","1":"product","2":"type-product","3":"status-publish","4":"has-post-thumbnail","6":"product_cat-tabak-kapaklari","7":"product_tag-tabak-kapagi","9":"first","10":"instock","11":"shipping-taxable","12":"product-type-simple"},"yoast_head":"<!-- This site is optimized with the Yoast SEO plugin v27.3 - https:\/\/yoast.com\/product\/yoast-seo-wordpress\/ -->\n<title>CS.27 Tabak Kapa\u011f\u0131 Kare 27cm - Rubikap Plastic Tableware - Kare Tabak Kapa\u011f\u0131 - Reusable<\/title>\n<meta name=\"description\" content=\"Rubikap polikarbonat Kare Tabak Kapa\u011f\u0131 \u00e7ok kullan\u0131ml\u0131k \u00fcr\u00fcnler \u00e7e\u015fitleridir.Yiyeceklerinizi muhafaza edebilece\u011finiz \u015f\u0131k cam g\u00f6r\u00fcn\u00fcm\u00fcnl\u00fc Tabak Kapa\u011f\u0131.\" \/>\n<meta name=\"robots\" content=\"index, follow, max-snippet:-1, max-image-preview:large, max-video-preview:-1\" \/>\n<link rel=\"canonical\" href=\"https:\/\/rubikap.com\/en\/product\/cs-27-tabak-kapagi-kare-27cm\/\" \/>\n<meta property=\"og:locale\" content=\"en_US\" \/>\n<meta property=\"og:type\" content=\"article\" \/>\n<meta property=\"og:title\" content=\"CS.27 Tabak Kapa\u011f\u0131 Kare 27cm - Rubikap Plastic Tableware - Kare Tabak Kapa\u011f\u0131 - Reusable\" \/>\n<meta property=\"og:description\" content=\"Rubikap polikarbonat Kare Tabak Kapa\u011f\u0131 \u00e7ok kullan\u0131ml\u0131k \u00fcr\u00fcnler \u00e7e\u015fitleridir.Yiyeceklerinizi muhafaza edebilece\u011finiz \u015f\u0131k cam g\u00f6r\u00fcn\u00fcm\u00fcnl\u00fc Tabak Kapa\u011f\u0131.\" \/>\n<meta property=\"og:url\" content=\"https:\/\/rubikap.com\/en\/product\/cs-27-tabak-kapagi-kare-27cm\/\" \/>\n<meta property=\"og:site_name\" content=\"Rubikap Plastic Tableware\" \/>\n<meta property=\"article:publisher\" content=\"https:\/\/www.facebook.com\/rubikapplastic\/\" \/>\n<meta property=\"article:modified_time\" content=\"2024-12-19T22:35:47+00:00\" \/>\n<meta property=\"og:image\" content=\"https:\/\/rubikap.com\/wp-content\/uploads\/2022\/06\/CS.27.jpg\" \/>\n\t<meta property=\"og:image:width\" content=\"600\" \/>\n\t<meta property=\"og:image:height\" content=\"600\" \/>\n\t<meta property=\"og:image:type\" content=\"image\/jpeg\" \/>\n<meta name=\"twitter:card\" content=\"summary_large_image\" \/>\n<meta name=\"twitter:label1\" content=\"Est. reading time\" \/>\n\t<meta name=\"twitter:data1\" content=\"1 minute\" \/>\n<!-- \/ Yoast SEO plugin. -->","yoast_head_json":{"title":"CS.27 Tabak Kapa\u011f\u0131 Kare 27cm - Rubikap Plastic Tableware - Kare Tabak Kapa\u011f\u0131 - Reusable","description":"Rubikap polikarbonat Kare Tabak Kapa\u011f\u0131 \u00e7ok kullan\u0131ml\u0131k \u00fcr\u00fcnler \u00e7e\u015fitleridir.Yiyeceklerinizi muhafaza edebilece\u011finiz \u015f\u0131k cam g\u00f6r\u00fcn\u00fcm\u00fcnl\u00fc Tabak Kapa\u011f\u0131.","robots":{"index":"index","follow":"follow","max-snippet":"max-snippet:-1","max-image-preview":"max-image-preview:large","max-video-preview":"max-video-preview:-1"},"canonical":"https:\/\/rubikap.com\/en\/product\/cs-27-tabak-kapagi-kare-27cm\/","og_locale":"en_US","og_type":"article","og_title":"CS.27 Tabak Kapa\u011f\u0131 Kare 27cm - Rubikap Plastic Tableware - Kare Tabak Kapa\u011f\u0131 - Reusable","og_description":"Rubikap polikarbonat Kare Tabak Kapa\u011f\u0131 \u00e7ok kullan\u0131ml\u0131k \u00fcr\u00fcnler \u00e7e\u015fitleridir.Yiyeceklerinizi muhafaza edebilece\u011finiz \u015f\u0131k cam g\u00f6r\u00fcn\u00fcm\u00fcnl\u00fc Tabak Kapa\u011f\u0131.","og_url":"https:\/\/rubikap.com\/en\/product\/cs-27-tabak-kapagi-kare-27cm\/","og_site_name":"Rubikap Plastic Tableware","article_publisher":"https:\/\/www.facebook.com\/rubikapplastic\/","article_modified_time":"2024-12-19T22:35:47+00:00","og_image":[{"width":600,"height":600,"url":"https:\/\/rubikap.com\/wp-content\/uploads\/2022\/06\/CS.27.jpg","type":"image\/jpeg"}],"twitter_card":"summary_large_image","twitter_misc":{"Est. reading time":"1 minute"},"schema":{"@context":"https:\/\/schema.org","@graph":[{"@type":"WebPage","@id":"https:\/\/rubikap.com\/product\/cs-27-tabak-kapagi-kare-27cm\/","url":"https:\/\/rubikap.com\/product\/cs-27-tabak-kapagi-kare-27cm\/","name":"CS.27 Tabak Kapa\u011f\u0131 Kare 27cm - Rubikap Plastic Tableware - Kare Tabak Kapa\u011f\u0131 - Reusable","isPartOf":{"@id":"https:\/\/rubikap.com\/#website"},"primaryImageOfPage":{"@id":"https:\/\/rubikap.com\/product\/cs-27-tabak-kapagi-kare-27cm\/#primaryimage"},"image":{"@id":"https:\/\/rubikap.com\/product\/cs-27-tabak-kapagi-kare-27cm\/#primaryimage"},"thumbnailUrl":"https:\/\/rubikap.com\/wp-content\/uploads\/2022\/06\/CS.27.jpg","datePublished":"2022-06-28T22:13:15+00:00","dateModified":"2024-12-19T22:35:47+00:00","description":"Rubikap polikarbonat Kare Tabak Kapa\u011f\u0131 \u00e7ok kullan\u0131ml\u0131k \u00fcr\u00fcnler \u00e7e\u015fitleridir.Yiyeceklerinizi muhafaza edebilece\u011finiz \u015f\u0131k cam g\u00f6r\u00fcn\u00fcm\u00fcnl\u00fc Tabak Kapa\u011f\u0131.","breadcrumb":{"@id":"https:\/\/rubikap.com\/product\/cs-27-tabak-kapagi-kare-27cm\/#breadcrumb"},"inLanguage":"en-US","potentialAction":[{"@type":"ReadAction","target":["https:\/\/rubikap.com\/product\/cs-27-tabak-kapagi-kare-27cm\/"]}]},{"@type":"ImageObject","inLanguage":"en-US","@id":"https:\/\/rubikap.com\/product\/cs-27-tabak-kapagi-kare-27cm\/#primaryimage","url":"https:\/\/rubikap.com\/wp-content\/uploads\/2022\/06\/CS.27.jpg","contentUrl":"https:\/\/rubikap.com\/wp-content\/uploads\/2022\/06\/CS.27.jpg","width":600,"height":600},{"@type":"BreadcrumbList","@id":"https:\/\/rubikap.com\/product\/cs-27-tabak-kapagi-kare-27cm\/#breadcrumb","itemListElement":[{"@type":"ListItem","position":1,"name":"Anasayfa","item":"https:\/\/rubikap.com\/"},{"@type":"ListItem","position":2,"name":"Shop","item":"https:\/\/rubikap.com\/shop\/"},{"@type":"ListItem","position":3,"name":"CS.27 Tabak Kapa\u011f\u0131 Kare 27cm"}]},{"@type":"WebSite","@id":"https:\/\/rubikap.com\/#website","url":"https:\/\/rubikap.com\/","name":"Rubikap","description":"","publisher":{"@id":"https:\/\/rubikap.com\/#organization"},"potentialAction":[{"@type":"SearchAction","target":{"@type":"EntryPoint","urlTemplate":"https:\/\/rubikap.com\/?s={search_term_string}"},"query-input":{"@type":"PropertyValueSpecification","valueRequired":true,"valueName":"search_term_string"}}],"inLanguage":"en-US"},{"@type":"Organization","@id":"https:\/\/rubikap.com\/#organization","name":"Rubikap","url":"https:\/\/rubikap.com\/","logo":{"@type":"ImageObject","inLanguage":"en-US","@id":"https:\/\/rubikap.com\/#\/schema\/logo\/image\/","url":"https:\/\/rubikap.com\/wp-content\/uploads\/2023\/05\/rubiakp-logo-e1683836552396.png","contentUrl":"https:\/\/rubikap.com\/wp-content\/uploads\/2023\/05\/rubiakp-logo-e1683836552396.png","width":1400,"height":420,"caption":"Rubikap"},"image":{"@id":"https:\/\/rubikap.com\/#\/schema\/logo\/image\/"},"sameAs":["https:\/\/www.facebook.com\/rubikapplastic\/","https:\/\/www.instagram.com\/rubikap\/","https:\/\/www.youtube.com\/channel\/UC1GiuVgjjGVTFags6eP43jA"]}]}},"_links":{"self":[{"href":"https:\/\/rubikap.com\/en\/wp-json\/wp\/v2\/product\/455","targetHints":{"allow":["GET"]}}],"collection":[{"href":"https:\/\/rubikap.com\/en\/wp-json\/wp\/v2\/product"}],"about":[{"href":"https:\/\/rubikap.com\/en\/wp-json\/wp\/v2\/types\/product"}],"wp:featuredmedia":[{"embeddable":true,"href":"https:\/\/rubikap.com\/en\/wp-json\/wp\/v2\/media\/486"}],"wp:attachment":[{"href":"https:\/\/rubikap.com\/en\/wp-json\/wp\/v2\/media?parent=455"}],"wp:term":[{"taxonomy":"product_brand","embeddable":true,"href":"https:\/\/rubikap.com\/en\/wp-json\/wp\/v2\/product_brand?post=455"},{"taxonomy":"product_cat","embeddable":true,"href":"https:\/\/rubikap.com\/en\/wp-json\/wp\/v2\/product_cat?post=455"},{"taxonomy":"product_tag","embeddable":true,"href":"https:\/\/rubikap.com\/en\/wp-json\/wp\/v2\/product_tag?post=455"}],"curies":[{"name":"wp","href":"https:\/\/api.w.org\/{rel}","templated":true}]}}