{"id":396,"date":"2022-06-29T01:12:50","date_gmt":"2022-06-28T22:12:50","guid":{"rendered":"https:\/\/rubikap.com\/?post_type=product&#038;p=396"},"modified":"2024-12-20T01:14:17","modified_gmt":"2024-12-19T22:14:17","slug":"rp-125-kapakli-surahi-1-25lt","status":"publish","type":"product","link":"https:\/\/rubikap.com\/en\/product\/rp-125-kapakli-surahi-1-25lt\/","title":{"rendered":"RP.125 Pitcher With Lid 1.25lt"},"content":{"rendered":"<p>Rubikap <a href=\"https:\/\/rubikap.com\/en\/product-category\/cok-kullanimlik-urunler\/\">\u00c7ok kullan\u0131ml\u0131k \u00fcr\u00fcnler<\/a> grubuna ait \u00e7e\u015fitli\u00a0 K\u0131r\u0131lmaz S\u00fcrahi modellerimiz cam g\u00f6r\u00fcn\u00fcme sahip polikarbon maddeden \u00fcretilmi\u015ftir.<br \/>\nK\u0131r\u0131lmaz S\u00fcrahi \u00f6zelli\u011fine sahip dayan\u0131kl\u0131 <a href=\"https:\/\/tr.wikipedia.org\/wiki\/Polikarbonat\">polikarbonat<\/a> yap\u0131s\u0131yla sizlerin be\u011fenisine sunmaktay\u0131z.<\/p>","protected":false},"excerpt":{"rendered":"<table width=\"1050\">\n<tbody>\n<tr>\n<td width=\"347\"><strong>STOCK CODE<\/strong><\/td>\n<td width=\"697\">RP.125<\/td>\n<\/tr>\n<tr>\n<td width=\"347\"><strong>MAX. DIAMETER <\/strong><\/td>\n<td width=\"697\">98mm<\/td>\n<\/tr>\n<tr>\n<td width=\"347\"><strong>HEIGHT<\/strong><\/td>\n<td width=\"697\">240mm<\/td>\n<\/tr>\n<tr>\n<td width=\"347\"><strong>FULL SIZE<\/strong><\/td>\n<td width=\"697\">1250ml<\/td>\n<\/tr>\n<tr>\n<td width=\"347\"><strong>TAP SIZE<\/strong><\/td>\n<td width=\"697\">1250ml<\/td>\n<\/tr>\n<tr>\n<td width=\"347\"><strong>SCALE LINE<\/strong><\/td>\n<td width=\"697\">Yok<\/td>\n<\/tr>\n<tr>\n<td width=\"347\"><strong>WEIGHT<\/strong><\/td>\n<td width=\"697\">420gr<\/td>\n<\/tr>\n<tr>\n<td width=\"347\"><strong>MATERIAL<\/strong><\/td>\n<td width=\"697\">Polycarbonate<\/td>\n<\/tr>\n<tr>\n<td width=\"347\"><strong>COLORS<\/strong><\/td>\n<td width=\"697\">\u015eeffaf, Mavi<\/td>\n<\/tr>\n<tr>\n<td width=\"347\"><strong>QTY PCS IN BOX<\/strong><\/td>\n<td width=\"697\">10<\/td>\n<\/tr>\n<tr>\n<td width=\"347\"><strong>BOX SIZE <\/strong><\/td>\n<td width=\"697\">40x30x36 (cm)<\/td>\n<\/tr>\n<tr>\n<td width=\"347\"><strong>QTY OF PRODUCTS IN A PALLETE<\/strong><\/td>\n<td width=\"697\">500<\/td>\n<\/tr>\n<tr>\n<td width=\"347\"><strong>PALLET SIZE <\/strong><\/td>\n<td width=\"697\">100x120x200 (cm)<\/td>\n<\/tr>\n<\/tbody>\n<\/table>\n<p>&nbsp;<\/p>\n<p>&nbsp;<\/p>","protected":false},"featured_media":438,"template":"","meta":[],"product_brand":[],"product_cat":[60],"product_tag":[61],"class_list":{"0":"post-396","1":"product","2":"type-product","3":"status-publish","4":"has-post-thumbnail","6":"product_cat-surahiler","7":"product_tag-surahi","9":"first","10":"instock","11":"shipping-taxable","12":"product-type-simple"},"yoast_head":"<!-- This site is optimized with the Yoast SEO plugin v27.3 - https:\/\/yoast.com\/product\/yoast-seo-wordpress\/ -->\n<title>RP.125 Kapakl\u0131 S\u00fcrahi 1.25lt - Rubikap Plastic Tableware - K\u0131r\u0131lmaz S\u00fcrahi - Reusable<\/title>\n<meta name=\"description\" content=\"Rubikap \u00c7ok kullan\u0131ml\u0131k \u00fcr\u00fcnler grubuna ait \u00e7e\u015fitli K\u0131r\u0131lmaz S\u00fcrahi modellerimiz cam g\u00f6r\u00fcn\u00fcme sahip polikarbonat yap\u0131s\u0131yla sizlerin be\u011fenisine sunmaktay\u0131z.\" \/>\n<meta name=\"robots\" content=\"index, follow, max-snippet:-1, max-image-preview:large, max-video-preview:-1\" \/>\n<link rel=\"canonical\" href=\"https:\/\/rubikap.com\/en\/product\/rp-125-kapakli-surahi-1-25lt\/\" \/>\n<meta property=\"og:locale\" content=\"en_US\" \/>\n<meta property=\"og:type\" content=\"article\" \/>\n<meta property=\"og:title\" content=\"RP.125 Kapakl\u0131 S\u00fcrahi 1.25lt - Rubikap Plastic Tableware - K\u0131r\u0131lmaz S\u00fcrahi - Reusable\" \/>\n<meta property=\"og:description\" content=\"Rubikap \u00c7ok kullan\u0131ml\u0131k \u00fcr\u00fcnler grubuna ait \u00e7e\u015fitli K\u0131r\u0131lmaz S\u00fcrahi modellerimiz cam g\u00f6r\u00fcn\u00fcme sahip polikarbonat yap\u0131s\u0131yla sizlerin be\u011fenisine sunmaktay\u0131z.\" \/>\n<meta property=\"og:url\" content=\"https:\/\/rubikap.com\/en\/product\/rp-125-kapakli-surahi-1-25lt\/\" \/>\n<meta property=\"og:site_name\" content=\"Rubikap Plastic Tableware\" \/>\n<meta property=\"article:publisher\" content=\"https:\/\/www.facebook.com\/rubikapplastic\/\" \/>\n<meta property=\"article:modified_time\" content=\"2024-12-19T22:14:17+00:00\" \/>\n<meta property=\"og:image\" content=\"https:\/\/rubikap.com\/wp-content\/uploads\/2022\/06\/RP.125.jpg\" \/>\n\t<meta property=\"og:image:width\" content=\"600\" \/>\n\t<meta property=\"og:image:height\" content=\"600\" \/>\n\t<meta property=\"og:image:type\" content=\"image\/jpeg\" \/>\n<meta name=\"twitter:card\" content=\"summary_large_image\" \/>\n<meta name=\"twitter:label1\" content=\"Est. reading time\" \/>\n\t<meta name=\"twitter:data1\" content=\"1 minute\" \/>\n<!-- \/ Yoast SEO plugin. -->","yoast_head_json":{"title":"RP.125 Kapakl\u0131 S\u00fcrahi 1.25lt - Rubikap Plastic Tableware - K\u0131r\u0131lmaz S\u00fcrahi - Reusable","description":"Rubikap \u00c7ok kullan\u0131ml\u0131k \u00fcr\u00fcnler grubuna ait \u00e7e\u015fitli K\u0131r\u0131lmaz S\u00fcrahi modellerimiz cam g\u00f6r\u00fcn\u00fcme sahip polikarbonat yap\u0131s\u0131yla sizlerin be\u011fenisine sunmaktay\u0131z.","robots":{"index":"index","follow":"follow","max-snippet":"max-snippet:-1","max-image-preview":"max-image-preview:large","max-video-preview":"max-video-preview:-1"},"canonical":"https:\/\/rubikap.com\/en\/product\/rp-125-kapakli-surahi-1-25lt\/","og_locale":"en_US","og_type":"article","og_title":"RP.125 Kapakl\u0131 S\u00fcrahi 1.25lt - Rubikap Plastic Tableware - K\u0131r\u0131lmaz S\u00fcrahi - Reusable","og_description":"Rubikap \u00c7ok kullan\u0131ml\u0131k \u00fcr\u00fcnler grubuna ait \u00e7e\u015fitli K\u0131r\u0131lmaz S\u00fcrahi modellerimiz cam g\u00f6r\u00fcn\u00fcme sahip polikarbonat yap\u0131s\u0131yla sizlerin be\u011fenisine sunmaktay\u0131z.","og_url":"https:\/\/rubikap.com\/en\/product\/rp-125-kapakli-surahi-1-25lt\/","og_site_name":"Rubikap Plastic Tableware","article_publisher":"https:\/\/www.facebook.com\/rubikapplastic\/","article_modified_time":"2024-12-19T22:14:17+00:00","og_image":[{"width":600,"height":600,"url":"https:\/\/rubikap.com\/wp-content\/uploads\/2022\/06\/RP.125.jpg","type":"image\/jpeg"}],"twitter_card":"summary_large_image","twitter_misc":{"Est. reading time":"1 minute"},"schema":{"@context":"https:\/\/schema.org","@graph":[{"@type":"WebPage","@id":"https:\/\/rubikap.com\/product\/rp-125-kapakli-surahi-1-25lt\/","url":"https:\/\/rubikap.com\/product\/rp-125-kapakli-surahi-1-25lt\/","name":"RP.125 Kapakl\u0131 S\u00fcrahi 1.25lt - Rubikap Plastic Tableware - K\u0131r\u0131lmaz S\u00fcrahi - Reusable","isPartOf":{"@id":"https:\/\/rubikap.com\/#website"},"primaryImageOfPage":{"@id":"https:\/\/rubikap.com\/product\/rp-125-kapakli-surahi-1-25lt\/#primaryimage"},"image":{"@id":"https:\/\/rubikap.com\/product\/rp-125-kapakli-surahi-1-25lt\/#primaryimage"},"thumbnailUrl":"https:\/\/rubikap.com\/wp-content\/uploads\/2022\/06\/RP.125.jpg","datePublished":"2022-06-28T22:12:50+00:00","dateModified":"2024-12-19T22:14:17+00:00","description":"Rubikap \u00c7ok kullan\u0131ml\u0131k \u00fcr\u00fcnler grubuna ait \u00e7e\u015fitli K\u0131r\u0131lmaz S\u00fcrahi modellerimiz cam g\u00f6r\u00fcn\u00fcme sahip polikarbonat yap\u0131s\u0131yla sizlerin be\u011fenisine sunmaktay\u0131z.","breadcrumb":{"@id":"https:\/\/rubikap.com\/product\/rp-125-kapakli-surahi-1-25lt\/#breadcrumb"},"inLanguage":"en-US","potentialAction":[{"@type":"ReadAction","target":["https:\/\/rubikap.com\/product\/rp-125-kapakli-surahi-1-25lt\/"]}]},{"@type":"ImageObject","inLanguage":"en-US","@id":"https:\/\/rubikap.com\/product\/rp-125-kapakli-surahi-1-25lt\/#primaryimage","url":"https:\/\/rubikap.com\/wp-content\/uploads\/2022\/06\/RP.125.jpg","contentUrl":"https:\/\/rubikap.com\/wp-content\/uploads\/2022\/06\/RP.125.jpg","width":600,"height":600},{"@type":"BreadcrumbList","@id":"https:\/\/rubikap.com\/product\/rp-125-kapakli-surahi-1-25lt\/#breadcrumb","itemListElement":[{"@type":"ListItem","position":1,"name":"Anasayfa","item":"https:\/\/rubikap.com\/"},{"@type":"ListItem","position":2,"name":"Shop","item":"https:\/\/rubikap.com\/shop\/"},{"@type":"ListItem","position":3,"name":"RP.125 Kapakl\u0131 S\u00fcrahi 1.25lt"}]},{"@type":"WebSite","@id":"https:\/\/rubikap.com\/#website","url":"https:\/\/rubikap.com\/","name":"Rubikap","description":"","publisher":{"@id":"https:\/\/rubikap.com\/#organization"},"potentialAction":[{"@type":"SearchAction","target":{"@type":"EntryPoint","urlTemplate":"https:\/\/rubikap.com\/?s={search_term_string}"},"query-input":{"@type":"PropertyValueSpecification","valueRequired":true,"valueName":"search_term_string"}}],"inLanguage":"en-US"},{"@type":"Organization","@id":"https:\/\/rubikap.com\/#organization","name":"Rubikap","url":"https:\/\/rubikap.com\/","logo":{"@type":"ImageObject","inLanguage":"en-US","@id":"https:\/\/rubikap.com\/#\/schema\/logo\/image\/","url":"https:\/\/rubikap.com\/wp-content\/uploads\/2023\/05\/rubiakp-logo-e1683836552396.png","contentUrl":"https:\/\/rubikap.com\/wp-content\/uploads\/2023\/05\/rubiakp-logo-e1683836552396.png","width":1400,"height":420,"caption":"Rubikap"},"image":{"@id":"https:\/\/rubikap.com\/#\/schema\/logo\/image\/"},"sameAs":["https:\/\/www.facebook.com\/rubikapplastic\/","https:\/\/www.instagram.com\/rubikap\/","https:\/\/www.youtube.com\/channel\/UC1GiuVgjjGVTFags6eP43jA"]}]}},"_links":{"self":[{"href":"https:\/\/rubikap.com\/en\/wp-json\/wp\/v2\/product\/396","targetHints":{"allow":["GET"]}}],"collection":[{"href":"https:\/\/rubikap.com\/en\/wp-json\/wp\/v2\/product"}],"about":[{"href":"https:\/\/rubikap.com\/en\/wp-json\/wp\/v2\/types\/product"}],"wp:featuredmedia":[{"embeddable":true,"href":"https:\/\/rubikap.com\/en\/wp-json\/wp\/v2\/media\/438"}],"wp:attachment":[{"href":"https:\/\/rubikap.com\/en\/wp-json\/wp\/v2\/media?parent=396"}],"wp:term":[{"taxonomy":"product_brand","embeddable":true,"href":"https:\/\/rubikap.com\/en\/wp-json\/wp\/v2\/product_brand?post=396"},{"taxonomy":"product_cat","embeddable":true,"href":"https:\/\/rubikap.com\/en\/wp-json\/wp\/v2\/product_cat?post=396"},{"taxonomy":"product_tag","embeddable":true,"href":"https:\/\/rubikap.com\/en\/wp-json\/wp\/v2\/product_tag?post=396"}],"curies":[{"name":"wp","href":"https:\/\/api.w.org\/{rel}","templated":true}]}}