{"id":389,"date":"2022-06-29T01:12:49","date_gmt":"2022-06-28T22:12:49","guid":{"rendered":"https:\/\/rubikap.com\/?post_type=product&#038;p=389"},"modified":"2024-12-20T01:00:18","modified_gmt":"2024-12-19T22:00:18","slug":"pm-050-shot-bardagi-50ml","status":"publish","type":"product","link":"https:\/\/rubikap.com\/en\/product\/pm-050-shot-bardagi-50ml\/","title":{"rendered":"PM.050 Shot Glass 50ml"},"content":{"rendered":"<p>Rubikap <a href=\"https:\/\/rubikap.com\/en\/product-category\/cok-kullanimlik-urunler\/\">shot bardaklar\u0131<\/a> sizlere arad\u0131\u011f\u0131n\u0131z shot barda\u011f\u0131 kategorisinde pazardaki en geni\u015f \u00e7e\u015fidi sunmaktad\u0131r.<\/p>\n<p>Y\u0131kanabilir, \u00e7ok kullan\u0131ml\u0131k shot bardaklar\u0131m\u0131z <a href=\"https:\/\/tr.wikipedia.org\/wiki\/Polikarbonat\">polikarbonat<\/a>\u00a0g\u00fc\u00e7l\u00fc yap\u0131s\u0131, zarif \u00e7izgileri ile her t\u00fcrl\u00fc i\u00e7 ve d\u0131\u015f mekan aktivitelerinizde keyifli kullanaca\u011f\u0131n\u0131z \u00fcr\u00fcnlerdir.<\/p>","protected":false},"excerpt":{"rendered":"<table width=\"1050\">\n<tbody>\n<tr>\n<td width=\"347\"><strong>STOCK CODE<\/strong><\/td>\n<td width=\"697\">PM.050<\/td>\n<\/tr>\n<tr>\n<td width=\"347\"><strong>MAX. DIAMETER <\/strong><\/td>\n<td width=\"697\">50mm<\/td>\n<\/tr>\n<tr>\n<td width=\"347\"><strong>HEIGHT<\/strong><\/td>\n<td width=\"697\">58mm<\/td>\n<\/tr>\n<tr>\n<td width=\"347\"><strong>FULL SIZE<\/strong><\/td>\n<td width=\"697\">50ml<\/td>\n<\/tr>\n<tr>\n<td width=\"347\"><strong>TAP SIZE<\/strong><\/td>\n<td width=\"697\">40ml<\/td>\n<\/tr>\n<tr>\n<td width=\"347\"><strong>SCALE LINE<\/strong><\/td>\n<td width=\"697\">Yok<\/td>\n<\/tr>\n<tr>\n<td width=\"347\"><strong>WEIGHT<\/strong><\/td>\n<td width=\"697\">29gr<\/td>\n<\/tr>\n<tr>\n<td width=\"347\"><strong>MATERIAL<\/strong><\/td>\n<td width=\"697\">Polistiren<\/td>\n<\/tr>\n<tr>\n<td width=\"347\"><strong>COLORS<\/strong><\/td>\n<td width=\"697\">\u015eeffaf, Beyaz<\/td>\n<\/tr>\n<tr>\n<td width=\"347\"><strong>QTY PCS IN BOX<\/strong><\/td>\n<td width=\"697\">200<\/td>\n<\/tr>\n<tr>\n<td width=\"347\"><strong>BOX SIZE <\/strong><\/td>\n<td width=\"697\">25x39x22 (cm)<\/td>\n<\/tr>\n<tr>\n<td width=\"347\"><strong>QTY OF PRODUCTS IN A PALLETE<\/strong><\/td>\n<td width=\"697\">14400<\/td>\n<\/tr>\n<tr>\n<td width=\"347\"><strong>PALLET SIZE <\/strong><\/td>\n<td width=\"697\">80x120x200 (cm)<\/td>\n<\/tr>\n<\/tbody>\n<\/table>\n<p>&nbsp;<\/p>\n<p>&nbsp;<\/p>","protected":false},"featured_media":427,"template":"","meta":[],"product_brand":[],"product_cat":[55],"product_tag":[56,57,28],"class_list":{"0":"post-389","1":"product","2":"type-product","3":"status-publish","4":"has-post-thumbnail","6":"product_cat-shot-bardaklari","7":"product_tag-shot-bardagi","8":"product_tag-tekila-bardagi","9":"product_tag-votka-bardagi","11":"first","12":"instock","13":"shipping-taxable","14":"product-type-simple"},"yoast_head":"<!-- This site is optimized with the Yoast SEO plugin v27.3 - https:\/\/yoast.com\/product\/yoast-seo-wordpress\/ -->\n<title>PM.050 Shot Barda\u011f\u0131 50ml - Rubikap Plastic Tableware - Shot Barda\u011f\u0131 - Shot Bardaklar\u0131<\/title>\n<meta name=\"description\" content=\"Rubikap shot bardaklar\u0131 sizlere arad\u0131\u011f\u0131n\u0131z polikarbonat, y\u0131kanabilir, \u00e7ok kullan\u0131ml\u0131k shot barda\u011f\u0131 kategorisinde geni\u015f \u00fcr\u00fcn \u00e7e\u015fidi sunmaktad\u0131r.\" \/>\n<meta name=\"robots\" content=\"index, follow, max-snippet:-1, max-image-preview:large, max-video-preview:-1\" \/>\n<link rel=\"canonical\" href=\"https:\/\/rubikap.com\/en\/product\/pm-050-shot-bardagi-50ml\/\" \/>\n<meta property=\"og:locale\" content=\"en_US\" \/>\n<meta property=\"og:type\" content=\"article\" \/>\n<meta property=\"og:title\" content=\"PM.050 Shot Barda\u011f\u0131 50ml - Rubikap Plastic Tableware - Shot Barda\u011f\u0131 - Shot Bardaklar\u0131\" \/>\n<meta property=\"og:description\" content=\"Rubikap shot bardaklar\u0131 sizlere arad\u0131\u011f\u0131n\u0131z polikarbonat, y\u0131kanabilir, \u00e7ok kullan\u0131ml\u0131k shot barda\u011f\u0131 kategorisinde geni\u015f \u00fcr\u00fcn \u00e7e\u015fidi sunmaktad\u0131r.\" \/>\n<meta property=\"og:url\" content=\"https:\/\/rubikap.com\/en\/product\/pm-050-shot-bardagi-50ml\/\" \/>\n<meta property=\"og:site_name\" content=\"Rubikap Plastic Tableware\" \/>\n<meta property=\"article:publisher\" content=\"https:\/\/www.facebook.com\/rubikapplastic\/\" \/>\n<meta property=\"article:modified_time\" content=\"2024-12-19T22:00:18+00:00\" \/>\n<meta property=\"og:image\" content=\"https:\/\/rubikap.com\/wp-content\/uploads\/2022\/06\/PM.050.jpg\" \/>\n\t<meta property=\"og:image:width\" content=\"600\" \/>\n\t<meta property=\"og:image:height\" content=\"600\" \/>\n\t<meta property=\"og:image:type\" content=\"image\/jpeg\" \/>\n<meta name=\"twitter:card\" content=\"summary_large_image\" \/>\n<meta name=\"twitter:label1\" content=\"Est. reading time\" \/>\n\t<meta name=\"twitter:data1\" content=\"1 minute\" \/>\n<!-- \/ Yoast SEO plugin. -->","yoast_head_json":{"title":"PM.050 Shot Barda\u011f\u0131 50ml - Rubikap Plastic Tableware - Shot Barda\u011f\u0131 - Shot Bardaklar\u0131","description":"Rubikap shot bardaklar\u0131 sizlere arad\u0131\u011f\u0131n\u0131z polikarbonat, y\u0131kanabilir, \u00e7ok kullan\u0131ml\u0131k shot barda\u011f\u0131 kategorisinde geni\u015f \u00fcr\u00fcn \u00e7e\u015fidi sunmaktad\u0131r.","robots":{"index":"index","follow":"follow","max-snippet":"max-snippet:-1","max-image-preview":"max-image-preview:large","max-video-preview":"max-video-preview:-1"},"canonical":"https:\/\/rubikap.com\/en\/product\/pm-050-shot-bardagi-50ml\/","og_locale":"en_US","og_type":"article","og_title":"PM.050 Shot Barda\u011f\u0131 50ml - Rubikap Plastic Tableware - Shot Barda\u011f\u0131 - Shot Bardaklar\u0131","og_description":"Rubikap shot bardaklar\u0131 sizlere arad\u0131\u011f\u0131n\u0131z polikarbonat, y\u0131kanabilir, \u00e7ok kullan\u0131ml\u0131k shot barda\u011f\u0131 kategorisinde geni\u015f \u00fcr\u00fcn \u00e7e\u015fidi sunmaktad\u0131r.","og_url":"https:\/\/rubikap.com\/en\/product\/pm-050-shot-bardagi-50ml\/","og_site_name":"Rubikap Plastic Tableware","article_publisher":"https:\/\/www.facebook.com\/rubikapplastic\/","article_modified_time":"2024-12-19T22:00:18+00:00","og_image":[{"width":600,"height":600,"url":"https:\/\/rubikap.com\/wp-content\/uploads\/2022\/06\/PM.050.jpg","type":"image\/jpeg"}],"twitter_card":"summary_large_image","twitter_misc":{"Est. reading time":"1 minute"},"schema":{"@context":"https:\/\/schema.org","@graph":[{"@type":"WebPage","@id":"https:\/\/rubikap.com\/product\/pm-050-shot-bardagi-50ml\/","url":"https:\/\/rubikap.com\/product\/pm-050-shot-bardagi-50ml\/","name":"PM.050 Shot Barda\u011f\u0131 50ml - Rubikap Plastic Tableware - Shot Barda\u011f\u0131 - Shot Bardaklar\u0131","isPartOf":{"@id":"https:\/\/rubikap.com\/#website"},"primaryImageOfPage":{"@id":"https:\/\/rubikap.com\/product\/pm-050-shot-bardagi-50ml\/#primaryimage"},"image":{"@id":"https:\/\/rubikap.com\/product\/pm-050-shot-bardagi-50ml\/#primaryimage"},"thumbnailUrl":"https:\/\/rubikap.com\/wp-content\/uploads\/2022\/06\/PM.050.jpg","datePublished":"2022-06-28T22:12:49+00:00","dateModified":"2024-12-19T22:00:18+00:00","description":"Rubikap shot bardaklar\u0131 sizlere arad\u0131\u011f\u0131n\u0131z polikarbonat, y\u0131kanabilir, \u00e7ok kullan\u0131ml\u0131k shot barda\u011f\u0131 kategorisinde geni\u015f \u00fcr\u00fcn \u00e7e\u015fidi sunmaktad\u0131r.","breadcrumb":{"@id":"https:\/\/rubikap.com\/product\/pm-050-shot-bardagi-50ml\/#breadcrumb"},"inLanguage":"en-US","potentialAction":[{"@type":"ReadAction","target":["https:\/\/rubikap.com\/product\/pm-050-shot-bardagi-50ml\/"]}]},{"@type":"ImageObject","inLanguage":"en-US","@id":"https:\/\/rubikap.com\/product\/pm-050-shot-bardagi-50ml\/#primaryimage","url":"https:\/\/rubikap.com\/wp-content\/uploads\/2022\/06\/PM.050.jpg","contentUrl":"https:\/\/rubikap.com\/wp-content\/uploads\/2022\/06\/PM.050.jpg","width":600,"height":600},{"@type":"BreadcrumbList","@id":"https:\/\/rubikap.com\/product\/pm-050-shot-bardagi-50ml\/#breadcrumb","itemListElement":[{"@type":"ListItem","position":1,"name":"Anasayfa","item":"https:\/\/rubikap.com\/"},{"@type":"ListItem","position":2,"name":"Shop","item":"https:\/\/rubikap.com\/shop\/"},{"@type":"ListItem","position":3,"name":"PM.050 Shot Barda\u011f\u0131 50ml"}]},{"@type":"WebSite","@id":"https:\/\/rubikap.com\/#website","url":"https:\/\/rubikap.com\/","name":"Rubikap","description":"","publisher":{"@id":"https:\/\/rubikap.com\/#organization"},"potentialAction":[{"@type":"SearchAction","target":{"@type":"EntryPoint","urlTemplate":"https:\/\/rubikap.com\/?s={search_term_string}"},"query-input":{"@type":"PropertyValueSpecification","valueRequired":true,"valueName":"search_term_string"}}],"inLanguage":"en-US"},{"@type":"Organization","@id":"https:\/\/rubikap.com\/#organization","name":"Rubikap","url":"https:\/\/rubikap.com\/","logo":{"@type":"ImageObject","inLanguage":"en-US","@id":"https:\/\/rubikap.com\/#\/schema\/logo\/image\/","url":"https:\/\/rubikap.com\/wp-content\/uploads\/2023\/05\/rubiakp-logo-e1683836552396.png","contentUrl":"https:\/\/rubikap.com\/wp-content\/uploads\/2023\/05\/rubiakp-logo-e1683836552396.png","width":1400,"height":420,"caption":"Rubikap"},"image":{"@id":"https:\/\/rubikap.com\/#\/schema\/logo\/image\/"},"sameAs":["https:\/\/www.facebook.com\/rubikapplastic\/","https:\/\/www.instagram.com\/rubikap\/","https:\/\/www.youtube.com\/channel\/UC1GiuVgjjGVTFags6eP43jA"]}]}},"_links":{"self":[{"href":"https:\/\/rubikap.com\/en\/wp-json\/wp\/v2\/product\/389","targetHints":{"allow":["GET"]}}],"collection":[{"href":"https:\/\/rubikap.com\/en\/wp-json\/wp\/v2\/product"}],"about":[{"href":"https:\/\/rubikap.com\/en\/wp-json\/wp\/v2\/types\/product"}],"wp:featuredmedia":[{"embeddable":true,"href":"https:\/\/rubikap.com\/en\/wp-json\/wp\/v2\/media\/427"}],"wp:attachment":[{"href":"https:\/\/rubikap.com\/en\/wp-json\/wp\/v2\/media?parent=389"}],"wp:term":[{"taxonomy":"product_brand","embeddable":true,"href":"https:\/\/rubikap.com\/en\/wp-json\/wp\/v2\/product_brand?post=389"},{"taxonomy":"product_cat","embeddable":true,"href":"https:\/\/rubikap.com\/en\/wp-json\/wp\/v2\/product_cat?post=389"},{"taxonomy":"product_tag","embeddable":true,"href":"https:\/\/rubikap.com\/en\/wp-json\/wp\/v2\/product_tag?post=389"}],"curies":[{"name":"wp","href":"https:\/\/api.w.org\/{rel}","templated":true}]}}