{"id":386,"date":"2022-06-29T01:12:49","date_gmt":"2022-06-28T22:12:49","guid":{"rendered":"https:\/\/rubikap.com\/?post_type=product&#038;p=386"},"modified":"2024-12-20T01:06:33","modified_gmt":"2024-12-19T22:06:33","slug":"rc-s090-espresso-turk-kahvesi-bardaki-tabagi","status":"publish","type":"product","link":"https:\/\/rubikap.com\/en\/product\/rc-s090-espresso-turk-kahvesi-bardaki-tabagi\/","title":{"rendered":"RC.S090 Espresso Cup Saucer"},"content":{"rendered":"<p><a href=\"https:\/\/rubikap.com\/en\/product-category\/cok-kullanimlik-urunler\/\">\u00c7ok kullan\u0131ml\u0131k \u00fcr\u00fcnler<\/a> grubuna ait \u00e7o\u011funlu\u011fu Kahve Barda\u011f\u0131 modellerinden olu\u015fan<br \/>\nFincan Bardak modellerimiz Di\u011fer Bardaklar kategorisinde yer almaktad\u0131r.<br \/>\nK\u0131r\u0131lmaz Bardak \u00f6zelli\u011fine sahip dayan\u0131kl\u0131 <a href=\"https:\/\/tr.wikipedia.org\/wiki\/Polikarbonat\">polikarbonat<\/a> yap\u0131s\u0131yla kullan\u0131m alan\u0131 olduk\u00e7a geni\u015ftir.<\/p>","protected":false},"excerpt":{"rendered":"<table width=\"1050\">\n<tbody>\n<tr>\n<td width=\"347\"><strong>STOCK CODE<\/strong><\/td>\n<td width=\"697\">RC.S090<\/td>\n<\/tr>\n<tr>\n<td width=\"347\"><strong>MAX. DIAMETER <\/strong><\/td>\n<td width=\"697\">102mm<\/td>\n<\/tr>\n<tr>\n<td width=\"347\"><strong>HEIGHT<\/strong><\/td>\n<td width=\"697\">18mm<\/td>\n<\/tr>\n<tr>\n<td width=\"347\"><strong>FULL SIZE<\/strong><\/td>\n<td width=\"697\">&#8211;<\/td>\n<\/tr>\n<tr>\n<td width=\"347\"><strong>TAP SIZE<\/strong><\/td>\n<td width=\"697\">&#8211;<\/td>\n<\/tr>\n<tr>\n<td width=\"347\"><strong>SCALE LINE<\/strong><\/td>\n<td width=\"697\">Yok<\/td>\n<\/tr>\n<tr>\n<td width=\"347\"><strong>WEIGHT<\/strong><\/td>\n<td width=\"697\">23gr<\/td>\n<\/tr>\n<tr>\n<td width=\"347\"><strong>MATERIAL<\/strong><\/td>\n<td width=\"697\">Polikarbonat, Tritan<\/td>\n<\/tr>\n<tr>\n<td width=\"347\"><strong>COLORS<\/strong><\/td>\n<td width=\"697\">\u015eeffaf, Beyaz<\/td>\n<\/tr>\n<tr>\n<td width=\"347\"><strong>QTY PCS IN BOX<\/strong><\/td>\n<td width=\"697\">72<\/td>\n<\/tr>\n<tr>\n<td width=\"347\"><strong>BOX SIZE <\/strong><\/td>\n<td width=\"697\">26x14x10 (cm)<\/td>\n<\/tr>\n<tr>\n<td width=\"347\"><strong>QTY OF PRODUCTS IN A PALLETE<\/strong><\/td>\n<td width=\"697\">28512<\/td>\n<\/tr>\n<tr>\n<td width=\"347\"><strong>PALLET SIZE <\/strong><\/td>\n<td width=\"697\">100x120x200 (cm)<\/td>\n<\/tr>\n<\/tbody>\n<\/table>\n<p>&nbsp;<\/p>\n<p>&nbsp;<\/p>","protected":false},"featured_media":420,"template":"","meta":[],"product_brand":[],"product_cat":[50],"product_tag":[51,137,52],"class_list":{"0":"post-386","1":"product","2":"type-product","3":"status-publish","4":"has-post-thumbnail","6":"product_cat-fincanlar","7":"product_tag-espresso-fincani","8":"product_tag-polikarbonat","9":"product_tag-turk-kahvesi-fincani","11":"first","12":"instock","13":"shipping-taxable","14":"product-type-simple"},"yoast_head":"<!-- This site is optimized with the Yoast SEO plugin v27.3 - https:\/\/yoast.com\/product\/yoast-seo-wordpress\/ -->\n<title>RC.S090 Espresso &amp; T\u00fcrk Kahvesi Bardak Taba\u011f\u0131 - Rubikap Plastic Tableware -<\/title>\n<meta name=\"description\" content=\"\u00c7ok kullan\u0131ml\u0131k \u00fcr\u00fcnler grubuna ait \u00e7o\u011funlu\u011fu T\u00fcrk Kahvesi modellerinden olu\u015fan Kahve Fincan\u0131 modellerimiz dayan\u0131kl\u0131 polikarbonat yap\u0131s\u0131na sahiptir.\" \/>\n<meta name=\"robots\" content=\"index, follow, max-snippet:-1, max-image-preview:large, max-video-preview:-1\" \/>\n<link rel=\"canonical\" href=\"https:\/\/rubikap.com\/en\/product\/rc-s090-espresso-turk-kahvesi-bardaki-tabagi\/\" \/>\n<meta property=\"og:locale\" content=\"en_US\" \/>\n<meta property=\"og:type\" content=\"article\" \/>\n<meta property=\"og:title\" content=\"RC.S090 Espresso &amp; T\u00fcrk Kahvesi Bardak Taba\u011f\u0131 - Rubikap Plastic Tableware -\" \/>\n<meta property=\"og:description\" content=\"\u00c7ok kullan\u0131ml\u0131k \u00fcr\u00fcnler grubuna ait \u00e7o\u011funlu\u011fu T\u00fcrk Kahvesi modellerinden olu\u015fan Kahve Fincan\u0131 modellerimiz dayan\u0131kl\u0131 polikarbonat yap\u0131s\u0131na sahiptir.\" \/>\n<meta property=\"og:url\" content=\"https:\/\/rubikap.com\/en\/product\/rc-s090-espresso-turk-kahvesi-bardaki-tabagi\/\" \/>\n<meta property=\"og:site_name\" content=\"Rubikap Plastic Tableware\" \/>\n<meta property=\"article:publisher\" content=\"https:\/\/www.facebook.com\/rubikapplastic\/\" \/>\n<meta property=\"article:modified_time\" content=\"2024-12-19T22:06:33+00:00\" \/>\n<meta property=\"og:image\" content=\"https:\/\/rubikap.com\/wp-content\/uploads\/2022\/06\/RC.S090-BEYAZ.jpg\" \/>\n\t<meta property=\"og:image:width\" content=\"600\" \/>\n\t<meta property=\"og:image:height\" content=\"600\" \/>\n\t<meta property=\"og:image:type\" content=\"image\/jpeg\" \/>\n<meta name=\"twitter:card\" content=\"summary_large_image\" \/>\n<meta name=\"twitter:label1\" content=\"Est. reading time\" \/>\n\t<meta name=\"twitter:data1\" content=\"1 minute\" \/>\n<!-- \/ Yoast SEO plugin. -->","yoast_head_json":{"title":"RC.S090 Espresso & T\u00fcrk Kahvesi Bardak Taba\u011f\u0131 - Rubikap Plastic Tableware -","description":"\u00c7ok kullan\u0131ml\u0131k \u00fcr\u00fcnler grubuna ait \u00e7o\u011funlu\u011fu T\u00fcrk Kahvesi modellerinden olu\u015fan Kahve Fincan\u0131 modellerimiz dayan\u0131kl\u0131 polikarbonat yap\u0131s\u0131na sahiptir.","robots":{"index":"index","follow":"follow","max-snippet":"max-snippet:-1","max-image-preview":"max-image-preview:large","max-video-preview":"max-video-preview:-1"},"canonical":"https:\/\/rubikap.com\/en\/product\/rc-s090-espresso-turk-kahvesi-bardaki-tabagi\/","og_locale":"en_US","og_type":"article","og_title":"RC.S090 Espresso & T\u00fcrk Kahvesi Bardak Taba\u011f\u0131 - Rubikap Plastic Tableware -","og_description":"\u00c7ok kullan\u0131ml\u0131k \u00fcr\u00fcnler grubuna ait \u00e7o\u011funlu\u011fu T\u00fcrk Kahvesi modellerinden olu\u015fan Kahve Fincan\u0131 modellerimiz dayan\u0131kl\u0131 polikarbonat yap\u0131s\u0131na sahiptir.","og_url":"https:\/\/rubikap.com\/en\/product\/rc-s090-espresso-turk-kahvesi-bardaki-tabagi\/","og_site_name":"Rubikap Plastic Tableware","article_publisher":"https:\/\/www.facebook.com\/rubikapplastic\/","article_modified_time":"2024-12-19T22:06:33+00:00","og_image":[{"width":600,"height":600,"url":"https:\/\/rubikap.com\/wp-content\/uploads\/2022\/06\/RC.S090-BEYAZ.jpg","type":"image\/jpeg"}],"twitter_card":"summary_large_image","twitter_misc":{"Est. reading time":"1 minute"},"schema":{"@context":"https:\/\/schema.org","@graph":[{"@type":"WebPage","@id":"https:\/\/rubikap.com\/product\/rc-s090-espresso-turk-kahvesi-bardaki-tabagi\/","url":"https:\/\/rubikap.com\/product\/rc-s090-espresso-turk-kahvesi-bardaki-tabagi\/","name":"RC.S090 Espresso & T\u00fcrk Kahvesi Bardak Taba\u011f\u0131 - Rubikap Plastic Tableware -","isPartOf":{"@id":"https:\/\/rubikap.com\/#website"},"primaryImageOfPage":{"@id":"https:\/\/rubikap.com\/product\/rc-s090-espresso-turk-kahvesi-bardaki-tabagi\/#primaryimage"},"image":{"@id":"https:\/\/rubikap.com\/product\/rc-s090-espresso-turk-kahvesi-bardaki-tabagi\/#primaryimage"},"thumbnailUrl":"https:\/\/rubikap.com\/wp-content\/uploads\/2022\/06\/RC.S090-BEYAZ.jpg","datePublished":"2022-06-28T22:12:49+00:00","dateModified":"2024-12-19T22:06:33+00:00","description":"\u00c7ok kullan\u0131ml\u0131k \u00fcr\u00fcnler grubuna ait \u00e7o\u011funlu\u011fu T\u00fcrk Kahvesi modellerinden olu\u015fan Kahve Fincan\u0131 modellerimiz dayan\u0131kl\u0131 polikarbonat yap\u0131s\u0131na sahiptir.","breadcrumb":{"@id":"https:\/\/rubikap.com\/product\/rc-s090-espresso-turk-kahvesi-bardaki-tabagi\/#breadcrumb"},"inLanguage":"en-US","potentialAction":[{"@type":"ReadAction","target":["https:\/\/rubikap.com\/product\/rc-s090-espresso-turk-kahvesi-bardaki-tabagi\/"]}]},{"@type":"ImageObject","inLanguage":"en-US","@id":"https:\/\/rubikap.com\/product\/rc-s090-espresso-turk-kahvesi-bardaki-tabagi\/#primaryimage","url":"https:\/\/rubikap.com\/wp-content\/uploads\/2022\/06\/RC.S090-BEYAZ.jpg","contentUrl":"https:\/\/rubikap.com\/wp-content\/uploads\/2022\/06\/RC.S090-BEYAZ.jpg","width":600,"height":600,"caption":"RC.S090-turk-kahvesi-bardagi-tabag\u0131BEYAZ.jpg"},{"@type":"BreadcrumbList","@id":"https:\/\/rubikap.com\/product\/rc-s090-espresso-turk-kahvesi-bardaki-tabagi\/#breadcrumb","itemListElement":[{"@type":"ListItem","position":1,"name":"Anasayfa","item":"https:\/\/rubikap.com\/"},{"@type":"ListItem","position":2,"name":"Shop","item":"https:\/\/rubikap.com\/shop\/"},{"@type":"ListItem","position":3,"name":"RC.S090 Espresso &#038; T\u00fcrk Kahvesi Bardak Taba\u011f\u0131"}]},{"@type":"WebSite","@id":"https:\/\/rubikap.com\/#website","url":"https:\/\/rubikap.com\/","name":"Rubikap","description":"","publisher":{"@id":"https:\/\/rubikap.com\/#organization"},"potentialAction":[{"@type":"SearchAction","target":{"@type":"EntryPoint","urlTemplate":"https:\/\/rubikap.com\/?s={search_term_string}"},"query-input":{"@type":"PropertyValueSpecification","valueRequired":true,"valueName":"search_term_string"}}],"inLanguage":"en-US"},{"@type":"Organization","@id":"https:\/\/rubikap.com\/#organization","name":"Rubikap","url":"https:\/\/rubikap.com\/","logo":{"@type":"ImageObject","inLanguage":"en-US","@id":"https:\/\/rubikap.com\/#\/schema\/logo\/image\/","url":"https:\/\/rubikap.com\/wp-content\/uploads\/2023\/05\/rubiakp-logo-e1683836552396.png","contentUrl":"https:\/\/rubikap.com\/wp-content\/uploads\/2023\/05\/rubiakp-logo-e1683836552396.png","width":1400,"height":420,"caption":"Rubikap"},"image":{"@id":"https:\/\/rubikap.com\/#\/schema\/logo\/image\/"},"sameAs":["https:\/\/www.facebook.com\/rubikapplastic\/","https:\/\/www.instagram.com\/rubikap\/","https:\/\/www.youtube.com\/channel\/UC1GiuVgjjGVTFags6eP43jA"]}]}},"_links":{"self":[{"href":"https:\/\/rubikap.com\/en\/wp-json\/wp\/v2\/product\/386","targetHints":{"allow":["GET"]}}],"collection":[{"href":"https:\/\/rubikap.com\/en\/wp-json\/wp\/v2\/product"}],"about":[{"href":"https:\/\/rubikap.com\/en\/wp-json\/wp\/v2\/types\/product"}],"wp:featuredmedia":[{"embeddable":true,"href":"https:\/\/rubikap.com\/en\/wp-json\/wp\/v2\/media\/420"}],"wp:attachment":[{"href":"https:\/\/rubikap.com\/en\/wp-json\/wp\/v2\/media?parent=386"}],"wp:term":[{"taxonomy":"product_brand","embeddable":true,"href":"https:\/\/rubikap.com\/en\/wp-json\/wp\/v2\/product_brand?post=386"},{"taxonomy":"product_cat","embeddable":true,"href":"https:\/\/rubikap.com\/en\/wp-json\/wp\/v2\/product_cat?post=386"},{"taxonomy":"product_tag","embeddable":true,"href":"https:\/\/rubikap.com\/en\/wp-json\/wp\/v2\/product_tag?post=386"}],"curies":[{"name":"wp","href":"https:\/\/api.w.org\/{rel}","templated":true}]}}