{"id":343,"date":"2022-06-29T01:12:26","date_gmt":"2022-06-28T22:12:26","guid":{"rendered":"https:\/\/rubikap.com\/?post_type=product&#038;p=343"},"modified":"2025-01-08T12:28:23","modified_gmt":"2025-01-08T09:28:23","slug":"rb-401-pp-ekonomik-bardak-400ml","status":"publish","type":"product","link":"https:\/\/rubikap.com\/en\/product\/rb-401-pp-ekonomik-bardak-400ml\/","title":{"rendered":"RB.401-PP Eco Cup 400ml"},"content":{"rendered":"<p>Rubikap IML bardaklar\u0131m\u0131z, esnek, dayan\u0131kl\u0131 <a href=\"https:\/\/tr.wikipedia.org\/wiki\/Polipropilen\">polipropilen<\/a> yap\u0131s\u0131 ve kal\u0131p i\u00e7i etiketleme tekni\u011fi ile<br \/>\n360 derece sonsuz renk ve tonda sabit etiket giydirme imkan\u0131 sa\u011flar.<\/p>\n<p>Bardak \u00fczerine kusursuzca uygulama imkan\u0131 sayesinde<br \/>\n<a href=\"https:\/\/rubikap.com\/en\/product-category\/cok-kullanimlik-urunler\/\">IML bardaklar\u0131m\u0131z<\/a> hem i\u00e7ecek servisi ihtiyac\u0131n\u0131z\u0131 kar\u015f\u0131lar hemde\u00a0 m\u00fckemmel bir reklam mecras\u0131 olarak varl\u0131\u011f\u0131n\u0131 s\u00fcrd\u00fcr\u00fcr.<\/p>","protected":false},"excerpt":{"rendered":"<table width=\"1050\">\n<tbody>\n<tr>\n<td width=\"347\"><strong>STOCK CODE<\/strong><\/td>\n<td width=\"697\">RB.401-PP<\/td>\n<\/tr>\n<tr>\n<td width=\"347\"><strong>MAX. DIAMETER <\/strong><\/td>\n<td width=\"697\">82mm<\/td>\n<\/tr>\n<tr>\n<td width=\"347\"><strong>HEIGHT<\/strong><\/td>\n<td width=\"697\">136mm<\/td>\n<\/tr>\n<tr>\n<td width=\"347\"><strong>FULL SIZE<\/strong><\/td>\n<td width=\"697\">450ml<\/td>\n<\/tr>\n<tr>\n<td width=\"347\"><strong>TAP SIZE<\/strong><\/td>\n<td width=\"697\">400ml<\/td>\n<\/tr>\n<tr>\n<td width=\"347\"><strong>SCALE LINE<\/strong><\/td>\n<td width=\"697\">Yok<\/td>\n<\/tr>\n<tr>\n<td width=\"347\"><strong>WEIGHT<\/strong><\/td>\n<td width=\"697\">33gr<\/td>\n<\/tr>\n<tr>\n<td width=\"347\"><strong>MATERIAL<\/strong><\/td>\n<td width=\"697\">Polipropilen<\/td>\n<\/tr>\n<tr>\n<td width=\"347\"><strong>COLORS<\/strong><\/td>\n<td width=\"697\">Clear<\/td>\n<\/tr>\n<tr>\n<td width=\"347\"><strong>QTY PCS IN BOX<\/strong><\/td>\n<td width=\"697\">350<\/td>\n<\/tr>\n<tr>\n<td width=\"347\"><strong>BOX SIZE <\/strong><\/td>\n<td width=\"697\">41x41x36 (cm)<\/td>\n<\/tr>\n<tr>\n<td width=\"347\"><strong>QTY OF PRODUCTS IN A PALLETE<\/strong><\/td>\n<td width=\"697\">10500<\/td>\n<\/tr>\n<tr>\n<td width=\"347\"><strong>PALLET SIZE <\/strong><\/td>\n<td width=\"697\">85x125x200 (cm)<\/td>\n<\/tr>\n<\/tbody>\n<\/table>\n<p>&nbsp;<\/p>\n<p>&nbsp;<\/p>","protected":false},"featured_media":406,"template":"","meta":[],"product_brand":[],"product_cat":[47,162],"product_tag":[46,48,26],"class_list":{"0":"post-343","1":"product","2":"type-product","3":"status-publish","4":"has-post-thumbnail","6":"product_cat-iml-cups","7":"product_cat-kokteyl-bardagi","8":"product_tag-ekonomik-bardak","9":"product_tag-iml-cups","10":"product_tag-kokteyl-bardagi","12":"first","13":"instock","14":"shipping-taxable","15":"product-type-simple"},"yoast_head":"<!-- This site is optimized with the Yoast SEO plugin v27.3 - https:\/\/yoast.com\/product\/yoast-seo-wordpress\/ -->\n<title>RB.401-PP Ekonomik Bardak 400ml - Rubikap Plastic Tableware - IML K\u0131r\u0131lmaz Bardak<\/title>\n<meta name=\"description\" content=\"Rubikap IML k\u0131r\u0131lmaz bardak, esnek, dayan\u0131kl\u0131 polipropilen bardak yap\u0131s\u0131 ve kal\u0131p i\u00e7i etiketleme tekni\u011fi sonsuz renk ve tonda iydirme imkan\u0131 sa\u011flar.\" \/>\n<meta name=\"robots\" content=\"index, follow, max-snippet:-1, max-image-preview:large, max-video-preview:-1\" \/>\n<link rel=\"canonical\" href=\"https:\/\/rubikap.com\/en\/product\/rb-401-pp-ekonomik-bardak-400ml\/\" \/>\n<meta property=\"og:locale\" content=\"en_US\" \/>\n<meta property=\"og:type\" content=\"article\" \/>\n<meta property=\"og:title\" content=\"RB.401-PP Ekonomik Bardak 400ml - Rubikap Plastic Tableware - IML K\u0131r\u0131lmaz Bardak\" \/>\n<meta property=\"og:description\" content=\"Rubikap IML k\u0131r\u0131lmaz bardak, esnek, dayan\u0131kl\u0131 polipropilen bardak yap\u0131s\u0131 ve kal\u0131p i\u00e7i etiketleme tekni\u011fi sonsuz renk ve tonda iydirme imkan\u0131 sa\u011flar.\" \/>\n<meta property=\"og:url\" content=\"https:\/\/rubikap.com\/en\/product\/rb-401-pp-ekonomik-bardak-400ml\/\" \/>\n<meta property=\"og:site_name\" content=\"Rubikap Plastic Tableware\" \/>\n<meta property=\"article:publisher\" content=\"https:\/\/www.facebook.com\/rubikapplastic\/\" \/>\n<meta property=\"article:modified_time\" content=\"2025-01-08T09:28:23+00:00\" \/>\n<meta property=\"og:image\" content=\"https:\/\/rubikap.com\/wp-content\/uploads\/2022\/06\/RB.401-PP.jpg\" \/>\n\t<meta property=\"og:image:width\" content=\"600\" \/>\n\t<meta property=\"og:image:height\" content=\"600\" \/>\n\t<meta property=\"og:image:type\" content=\"image\/jpeg\" \/>\n<meta name=\"twitter:card\" content=\"summary_large_image\" \/>\n<meta name=\"twitter:label1\" content=\"Est. reading time\" \/>\n\t<meta name=\"twitter:data1\" content=\"1 minute\" \/>\n<!-- \/ Yoast SEO plugin. -->","yoast_head_json":{"title":"RB.401-PP Ekonomik Bardak 400ml - Rubikap Plastic Tableware - IML K\u0131r\u0131lmaz Bardak","description":"Rubikap IML k\u0131r\u0131lmaz bardak, esnek, dayan\u0131kl\u0131 polipropilen bardak yap\u0131s\u0131 ve kal\u0131p i\u00e7i etiketleme tekni\u011fi sonsuz renk ve tonda iydirme imkan\u0131 sa\u011flar.","robots":{"index":"index","follow":"follow","max-snippet":"max-snippet:-1","max-image-preview":"max-image-preview:large","max-video-preview":"max-video-preview:-1"},"canonical":"https:\/\/rubikap.com\/en\/product\/rb-401-pp-ekonomik-bardak-400ml\/","og_locale":"en_US","og_type":"article","og_title":"RB.401-PP Ekonomik Bardak 400ml - Rubikap Plastic Tableware - IML K\u0131r\u0131lmaz Bardak","og_description":"Rubikap IML k\u0131r\u0131lmaz bardak, esnek, dayan\u0131kl\u0131 polipropilen bardak yap\u0131s\u0131 ve kal\u0131p i\u00e7i etiketleme tekni\u011fi sonsuz renk ve tonda iydirme imkan\u0131 sa\u011flar.","og_url":"https:\/\/rubikap.com\/en\/product\/rb-401-pp-ekonomik-bardak-400ml\/","og_site_name":"Rubikap Plastic Tableware","article_publisher":"https:\/\/www.facebook.com\/rubikapplastic\/","article_modified_time":"2025-01-08T09:28:23+00:00","og_image":[{"width":600,"height":600,"url":"https:\/\/rubikap.com\/wp-content\/uploads\/2022\/06\/RB.401-PP.jpg","type":"image\/jpeg"}],"twitter_card":"summary_large_image","twitter_misc":{"Est. reading time":"1 minute"},"schema":{"@context":"https:\/\/schema.org","@graph":[{"@type":"WebPage","@id":"https:\/\/rubikap.com\/product\/rb-401-pp-ekonomik-bardak-400ml\/","url":"https:\/\/rubikap.com\/product\/rb-401-pp-ekonomik-bardak-400ml\/","name":"RB.401-PP Ekonomik Bardak 400ml - Rubikap Plastic Tableware - IML K\u0131r\u0131lmaz Bardak","isPartOf":{"@id":"https:\/\/rubikap.com\/#website"},"primaryImageOfPage":{"@id":"https:\/\/rubikap.com\/product\/rb-401-pp-ekonomik-bardak-400ml\/#primaryimage"},"image":{"@id":"https:\/\/rubikap.com\/product\/rb-401-pp-ekonomik-bardak-400ml\/#primaryimage"},"thumbnailUrl":"https:\/\/rubikap.com\/wp-content\/uploads\/2022\/06\/RB.401-PP.jpg","datePublished":"2022-06-28T22:12:26+00:00","dateModified":"2025-01-08T09:28:23+00:00","description":"Rubikap IML k\u0131r\u0131lmaz bardak, esnek, dayan\u0131kl\u0131 polipropilen bardak yap\u0131s\u0131 ve kal\u0131p i\u00e7i etiketleme tekni\u011fi sonsuz renk ve tonda iydirme imkan\u0131 sa\u011flar.","breadcrumb":{"@id":"https:\/\/rubikap.com\/product\/rb-401-pp-ekonomik-bardak-400ml\/#breadcrumb"},"inLanguage":"en-US","potentialAction":[{"@type":"ReadAction","target":["https:\/\/rubikap.com\/product\/rb-401-pp-ekonomik-bardak-400ml\/"]}]},{"@type":"ImageObject","inLanguage":"en-US","@id":"https:\/\/rubikap.com\/product\/rb-401-pp-ekonomik-bardak-400ml\/#primaryimage","url":"https:\/\/rubikap.com\/wp-content\/uploads\/2022\/06\/RB.401-PP.jpg","contentUrl":"https:\/\/rubikap.com\/wp-content\/uploads\/2022\/06\/RB.401-PP.jpg","width":600,"height":600},{"@type":"BreadcrumbList","@id":"https:\/\/rubikap.com\/product\/rb-401-pp-ekonomik-bardak-400ml\/#breadcrumb","itemListElement":[{"@type":"ListItem","position":1,"name":"Anasayfa","item":"https:\/\/rubikap.com\/"},{"@type":"ListItem","position":2,"name":"Shop","item":"https:\/\/rubikap.com\/shop\/"},{"@type":"ListItem","position":3,"name":"RB.401-PP Ekonomik Bardak 400ml"}]},{"@type":"WebSite","@id":"https:\/\/rubikap.com\/#website","url":"https:\/\/rubikap.com\/","name":"Rubikap","description":"","publisher":{"@id":"https:\/\/rubikap.com\/#organization"},"potentialAction":[{"@type":"SearchAction","target":{"@type":"EntryPoint","urlTemplate":"https:\/\/rubikap.com\/?s={search_term_string}"},"query-input":{"@type":"PropertyValueSpecification","valueRequired":true,"valueName":"search_term_string"}}],"inLanguage":"en-US"},{"@type":"Organization","@id":"https:\/\/rubikap.com\/#organization","name":"Rubikap","url":"https:\/\/rubikap.com\/","logo":{"@type":"ImageObject","inLanguage":"en-US","@id":"https:\/\/rubikap.com\/#\/schema\/logo\/image\/","url":"https:\/\/rubikap.com\/wp-content\/uploads\/2023\/05\/rubiakp-logo-e1683836552396.png","contentUrl":"https:\/\/rubikap.com\/wp-content\/uploads\/2023\/05\/rubiakp-logo-e1683836552396.png","width":1400,"height":420,"caption":"Rubikap"},"image":{"@id":"https:\/\/rubikap.com\/#\/schema\/logo\/image\/"},"sameAs":["https:\/\/www.facebook.com\/rubikapplastic\/","https:\/\/www.instagram.com\/rubikap\/","https:\/\/www.youtube.com\/channel\/UC1GiuVgjjGVTFags6eP43jA"]}]}},"_links":{"self":[{"href":"https:\/\/rubikap.com\/en\/wp-json\/wp\/v2\/product\/343","targetHints":{"allow":["GET"]}}],"collection":[{"href":"https:\/\/rubikap.com\/en\/wp-json\/wp\/v2\/product"}],"about":[{"href":"https:\/\/rubikap.com\/en\/wp-json\/wp\/v2\/types\/product"}],"wp:featuredmedia":[{"embeddable":true,"href":"https:\/\/rubikap.com\/en\/wp-json\/wp\/v2\/media\/406"}],"wp:attachment":[{"href":"https:\/\/rubikap.com\/en\/wp-json\/wp\/v2\/media?parent=343"}],"wp:term":[{"taxonomy":"product_brand","embeddable":true,"href":"https:\/\/rubikap.com\/en\/wp-json\/wp\/v2\/product_brand?post=343"},{"taxonomy":"product_cat","embeddable":true,"href":"https:\/\/rubikap.com\/en\/wp-json\/wp\/v2\/product_cat?post=343"},{"taxonomy":"product_tag","embeddable":true,"href":"https:\/\/rubikap.com\/en\/wp-json\/wp\/v2\/product_tag?post=343"}],"curies":[{"name":"wp","href":"https:\/\/api.w.org\/{rel}","templated":true}]}}