{"id":337,"date":"2022-06-29T01:12:25","date_gmt":"2022-06-28T22:12:25","guid":{"rendered":"https:\/\/rubikap.com\/?post_type=product&#038;p=337"},"modified":"2024-12-20T00:55:34","modified_gmt":"2024-12-19T21:55:34","slug":"t-397-tulip-bardak-397ml","status":"publish","type":"product","link":"https:\/\/rubikap.com\/en\/product\/t-397-tulip-bardak-397ml\/","title":{"rendered":"T.397 Tulip Glass 397ml"},"content":{"rendered":"<p><a href=\"https:\/\/rubikap.com\/en\/\">Rubikap<\/a> polikarbonat bardak serilerimiz i\u00e7erisinde Tulip K\u0131r\u0131lmaz Bardak grubu,<br \/>\n\u00fc\u00e7 farkl\u0131 hacim alternatifi ve geleneksel \u00e7izgileriyle aslen klasik bir plastik bira barda\u011f\u0131 modelidir.<\/p>\n<p>Bunun yan\u0131s\u0131ra her t\u00fcrl\u00fc gazl\u0131, alkols\u00fcz i\u00e7ecekleriniz, kokteyllerinizde de s\u0131k\u00e7a kullanabilece\u011finiz <a href=\"https:\/\/tr.wikipedia.org\/wiki\/Polikarbonat\">polikarbonat<\/a> bardaklard\u0131r.<\/p>","protected":false},"excerpt":{"rendered":"<table width=\"1050\">\n<tbody>\n<tr>\n<td width=\"347\"><strong>STOCK CODE<\/strong><\/td>\n<td width=\"697\">T.397<\/td>\n<\/tr>\n<tr>\n<td width=\"347\"><strong>MAX. DIAMETER <\/strong><\/td>\n<td width=\"697\">80mm<\/td>\n<\/tr>\n<tr>\n<td width=\"347\"><strong>HEIGHT<\/strong><\/td>\n<td width=\"697\">138mm<\/td>\n<\/tr>\n<tr>\n<td width=\"347\"><strong>FULL SIZE<\/strong><\/td>\n<td width=\"697\">397ml<\/td>\n<\/tr>\n<tr>\n<td width=\"347\"><strong>TAP SIZE<\/strong><\/td>\n<td width=\"697\">300ml<\/td>\n<\/tr>\n<tr>\n<td width=\"347\"><strong>SCALE LINE<\/strong><\/td>\n<td width=\"697\">Yok<\/td>\n<\/tr>\n<tr>\n<td width=\"347\"><strong>WEIGHT<\/strong><\/td>\n<td width=\"697\">65gr<\/td>\n<\/tr>\n<tr>\n<td width=\"347\"><strong>MATERIAL<\/strong><\/td>\n<td width=\"697\">Polycarbonate<\/td>\n<\/tr>\n<tr>\n<td width=\"347\"><strong>COLORS<\/strong><\/td>\n<td width=\"697\">Clear<\/td>\n<\/tr>\n<tr>\n<td width=\"347\"><strong>QTY PCS IN BOX<\/strong><\/td>\n<td width=\"697\">100<\/td>\n<\/tr>\n<tr>\n<td width=\"347\"><strong>BOX SIZE <\/strong><\/td>\n<td width=\"697\">40x30x36 (cm)<\/td>\n<\/tr>\n<tr>\n<td width=\"347\"><strong>QTY OF PRODUCTS IN A PALLETE<\/strong><\/td>\n<td width=\"697\">5000<\/td>\n<\/tr>\n<tr>\n<td width=\"347\"><strong>PALLET SIZE <\/strong><\/td>\n<td width=\"697\">100x120x200 (cm)<\/td>\n<\/tr>\n<\/tbody>\n<\/table>\n<p>&nbsp;<\/p>\n<p>&nbsp;<\/p>","protected":false},"featured_media":374,"template":"","meta":[],"product_brand":[],"product_cat":[162,44],"product_tag":[30,101,26,42,123,39,29,28],"class_list":{"0":"post-337","1":"product","2":"type-product","3":"status-publish","4":"has-post-thumbnail","6":"product_cat-kokteyl-bardagi","7":"product_cat-tulip-serisi","8":"product_tag-bira-bardagi","9":"product_tag-kirilmaz-bardak","10":"product_tag-kokteyl-bardagi","11":"product_tag-mesrubat-bardagi","12":"product_tag-polikarbonat-bardak","13":"product_tag-soda-bardagi","14":"product_tag-su-bardagi","15":"product_tag-votka-bardagi","17":"first","18":"instock","19":"shipping-taxable","20":"product-type-simple"},"yoast_head":"<!-- This site is optimized with the Yoast SEO plugin v27.3 - https:\/\/yoast.com\/product\/yoast-seo-wordpress\/ -->\n<title>T.397 Tulip Bardak 397ml - Rubikap Plastic Tableware - Tulip Bira Barda\u011f\u0131 - Bira Bardak<\/title>\n<meta name=\"description\" content=\"Rubikap polikarbonat bardak serilerimiz i\u00e7erisinde Tulip Bira Barda\u011f\u0131 grubu, Polikarbonat K\u0131r\u0131lmaz Bira Bardak olarak kullan\u0131l\u0131r.\" \/>\n<meta name=\"robots\" content=\"index, follow, max-snippet:-1, max-image-preview:large, max-video-preview:-1\" \/>\n<link rel=\"canonical\" href=\"https:\/\/rubikap.com\/en\/product\/t-397-tulip-bardak-397ml\/\" \/>\n<meta property=\"og:locale\" content=\"en_US\" \/>\n<meta property=\"og:type\" content=\"article\" \/>\n<meta property=\"og:title\" content=\"T.397 Tulip Bardak 397ml - Rubikap Plastic Tableware - Tulip Bira Barda\u011f\u0131 - Bira Bardak\" \/>\n<meta property=\"og:description\" content=\"Rubikap polikarbonat bardak serilerimiz i\u00e7erisinde Tulip Bira Barda\u011f\u0131 grubu, Polikarbonat K\u0131r\u0131lmaz Bira Bardak olarak kullan\u0131l\u0131r.\" \/>\n<meta property=\"og:url\" content=\"https:\/\/rubikap.com\/en\/product\/t-397-tulip-bardak-397ml\/\" \/>\n<meta property=\"og:site_name\" content=\"Rubikap Plastic Tableware\" \/>\n<meta property=\"article:publisher\" content=\"https:\/\/www.facebook.com\/rubikapplastic\/\" \/>\n<meta property=\"article:modified_time\" content=\"2024-12-19T21:55:34+00:00\" \/>\n<meta property=\"og:image\" content=\"https:\/\/rubikap.com\/wp-content\/uploads\/2022\/06\/T.397.jpg\" \/>\n\t<meta property=\"og:image:width\" content=\"600\" \/>\n\t<meta property=\"og:image:height\" content=\"600\" \/>\n\t<meta property=\"og:image:type\" content=\"image\/jpeg\" \/>\n<meta name=\"twitter:card\" content=\"summary_large_image\" \/>\n<meta name=\"twitter:label1\" content=\"Est. reading time\" \/>\n\t<meta name=\"twitter:data1\" content=\"1 minute\" \/>\n<!-- \/ Yoast SEO plugin. -->","yoast_head_json":{"title":"T.397 Tulip Bardak 397ml - Rubikap Plastic Tableware - Tulip Bira Barda\u011f\u0131 - Bira Bardak","description":"Rubikap polikarbonat bardak serilerimiz i\u00e7erisinde Tulip Bira Barda\u011f\u0131 grubu, Polikarbonat K\u0131r\u0131lmaz Bira Bardak olarak kullan\u0131l\u0131r.","robots":{"index":"index","follow":"follow","max-snippet":"max-snippet:-1","max-image-preview":"max-image-preview:large","max-video-preview":"max-video-preview:-1"},"canonical":"https:\/\/rubikap.com\/en\/product\/t-397-tulip-bardak-397ml\/","og_locale":"en_US","og_type":"article","og_title":"T.397 Tulip Bardak 397ml - Rubikap Plastic Tableware - Tulip Bira Barda\u011f\u0131 - Bira Bardak","og_description":"Rubikap polikarbonat bardak serilerimiz i\u00e7erisinde Tulip Bira Barda\u011f\u0131 grubu, Polikarbonat K\u0131r\u0131lmaz Bira Bardak olarak kullan\u0131l\u0131r.","og_url":"https:\/\/rubikap.com\/en\/product\/t-397-tulip-bardak-397ml\/","og_site_name":"Rubikap Plastic Tableware","article_publisher":"https:\/\/www.facebook.com\/rubikapplastic\/","article_modified_time":"2024-12-19T21:55:34+00:00","og_image":[{"width":600,"height":600,"url":"https:\/\/rubikap.com\/wp-content\/uploads\/2022\/06\/T.397.jpg","type":"image\/jpeg"}],"twitter_card":"summary_large_image","twitter_misc":{"Est. reading time":"1 minute"},"schema":{"@context":"https:\/\/schema.org","@graph":[{"@type":"WebPage","@id":"https:\/\/rubikap.com\/product\/t-397-tulip-bardak-397ml\/","url":"https:\/\/rubikap.com\/product\/t-397-tulip-bardak-397ml\/","name":"T.397 Tulip Bardak 397ml - Rubikap Plastic Tableware - Tulip Bira Barda\u011f\u0131 - Bira Bardak","isPartOf":{"@id":"https:\/\/rubikap.com\/#website"},"primaryImageOfPage":{"@id":"https:\/\/rubikap.com\/product\/t-397-tulip-bardak-397ml\/#primaryimage"},"image":{"@id":"https:\/\/rubikap.com\/product\/t-397-tulip-bardak-397ml\/#primaryimage"},"thumbnailUrl":"https:\/\/rubikap.com\/wp-content\/uploads\/2022\/06\/T.397.jpg","datePublished":"2022-06-28T22:12:25+00:00","dateModified":"2024-12-19T21:55:34+00:00","description":"Rubikap polikarbonat bardak serilerimiz i\u00e7erisinde Tulip Bira Barda\u011f\u0131 grubu, Polikarbonat K\u0131r\u0131lmaz Bira Bardak olarak kullan\u0131l\u0131r.","breadcrumb":{"@id":"https:\/\/rubikap.com\/product\/t-397-tulip-bardak-397ml\/#breadcrumb"},"inLanguage":"en-US","potentialAction":[{"@type":"ReadAction","target":["https:\/\/rubikap.com\/product\/t-397-tulip-bardak-397ml\/"]}]},{"@type":"ImageObject","inLanguage":"en-US","@id":"https:\/\/rubikap.com\/product\/t-397-tulip-bardak-397ml\/#primaryimage","url":"https:\/\/rubikap.com\/wp-content\/uploads\/2022\/06\/T.397.jpg","contentUrl":"https:\/\/rubikap.com\/wp-content\/uploads\/2022\/06\/T.397.jpg","width":600,"height":600},{"@type":"BreadcrumbList","@id":"https:\/\/rubikap.com\/product\/t-397-tulip-bardak-397ml\/#breadcrumb","itemListElement":[{"@type":"ListItem","position":1,"name":"Anasayfa","item":"https:\/\/rubikap.com\/"},{"@type":"ListItem","position":2,"name":"Shop","item":"https:\/\/rubikap.com\/shop\/"},{"@type":"ListItem","position":3,"name":"T.397 Tulip Bardak 397ml"}]},{"@type":"WebSite","@id":"https:\/\/rubikap.com\/#website","url":"https:\/\/rubikap.com\/","name":"Rubikap","description":"","publisher":{"@id":"https:\/\/rubikap.com\/#organization"},"potentialAction":[{"@type":"SearchAction","target":{"@type":"EntryPoint","urlTemplate":"https:\/\/rubikap.com\/?s={search_term_string}"},"query-input":{"@type":"PropertyValueSpecification","valueRequired":true,"valueName":"search_term_string"}}],"inLanguage":"en-US"},{"@type":"Organization","@id":"https:\/\/rubikap.com\/#organization","name":"Rubikap","url":"https:\/\/rubikap.com\/","logo":{"@type":"ImageObject","inLanguage":"en-US","@id":"https:\/\/rubikap.com\/#\/schema\/logo\/image\/","url":"https:\/\/rubikap.com\/wp-content\/uploads\/2023\/05\/rubiakp-logo-e1683836552396.png","contentUrl":"https:\/\/rubikap.com\/wp-content\/uploads\/2023\/05\/rubiakp-logo-e1683836552396.png","width":1400,"height":420,"caption":"Rubikap"},"image":{"@id":"https:\/\/rubikap.com\/#\/schema\/logo\/image\/"},"sameAs":["https:\/\/www.facebook.com\/rubikapplastic\/","https:\/\/www.instagram.com\/rubikap\/","https:\/\/www.youtube.com\/channel\/UC1GiuVgjjGVTFags6eP43jA"]}]}},"_links":{"self":[{"href":"https:\/\/rubikap.com\/en\/wp-json\/wp\/v2\/product\/337","targetHints":{"allow":["GET"]}}],"collection":[{"href":"https:\/\/rubikap.com\/en\/wp-json\/wp\/v2\/product"}],"about":[{"href":"https:\/\/rubikap.com\/en\/wp-json\/wp\/v2\/types\/product"}],"wp:featuredmedia":[{"embeddable":true,"href":"https:\/\/rubikap.com\/en\/wp-json\/wp\/v2\/media\/374"}],"wp:attachment":[{"href":"https:\/\/rubikap.com\/en\/wp-json\/wp\/v2\/media?parent=337"}],"wp:term":[{"taxonomy":"product_brand","embeddable":true,"href":"https:\/\/rubikap.com\/en\/wp-json\/wp\/v2\/product_brand?post=337"},{"taxonomy":"product_cat","embeddable":true,"href":"https:\/\/rubikap.com\/en\/wp-json\/wp\/v2\/product_cat?post=337"},{"taxonomy":"product_tag","embeddable":true,"href":"https:\/\/rubikap.com\/en\/wp-json\/wp\/v2\/product_tag?post=337"}],"curies":[{"name":"wp","href":"https:\/\/api.w.org\/{rel}","templated":true}]}}