{"id":3345,"date":"2023-02-03T22:40:15","date_gmt":"2023-02-03T19:40:15","guid":{"rendered":"https:\/\/rubikap.com\/?post_type=product&#038;p=3345"},"modified":"2024-12-19T23:15:45","modified_gmt":"2024-12-19T20:15:45","slug":"ex-ps30-prizma-kirilmaz-shot-bardagi-20ml","status":"publish","type":"product","link":"https:\/\/rubikap.com\/en\/product\/ex-ps30-prizma-kirilmaz-shot-bardagi-20ml\/","title":{"rendered":"EX.PS30 Exclusive Prisma Shot Glass 20ml"},"content":{"rendered":"<p><a href=\"https:\/\/tr.wikipedia.org\/wiki\/Polikarbonat\" target=\"_blank\" rel=\"noopener\">Polycarbonate<\/a> <a href=\"https:\/\/rubikap.com\/en\/product-category\/cok-kullanimlik-urunler\/kirilmaz-bardak\/\" target=\"_blank\" rel=\"noopener\">unbreakable cups<\/a>have become increasingly popular in recent years and are used in homes, restaurants, cafes, hotels and other places. These cups are more durable and sturdier than other cups and are also more resistant to scratching and breaking. Because of these properties, polycarbonate cups are especially preferred for children and outdoor activities.<\/p>\n<p><a href=\"https:\/\/tr.wikipedia.org\/wiki\/Polikarbonat\" target=\"_blank\" rel=\"noopener\">Polycarbonate<\/a>is a durable and lightweight plastic material<\/p>\n<p><a href=\"https:\/\/tr.wikipedia.org\/wiki\/Polikarbonat\" target=\"_blank\" rel=\"noopener\">Polycarbonate<\/a> material is also high temperature resistant and scratch resistant.<\/p>\n<p><a href=\"https:\/\/tr.wikipedia.org\/wiki\/Polikarbonat\" target=\"_blank\" rel=\"noopener\">Polycarbonate<\/a> <a href=\"https:\/\/rubikap.com\/en\/product-category\/cok-kullanimlik-urunler\/kirilmaz-bardak\/\" target=\"_blank\" rel=\"noopener\">unbreakable cups<\/a>are more robust than traditional glass cups because the material is not brittle. Therefore, polycarbonate cups are a less fragile and less dangerous option compared to glass cups. Polycarbonate cups are more robust and lighter than glass compared to other plastic cups<\/p>\n<p><a href=\"https:\/\/tr.wikipedia.org\/wiki\/Polikarbonat\" target=\"_blank\" rel=\"noopener\">Polycarbonate<\/a> cups are also easier to wash and clean. Because they are scratch resistant, they do not tarnish over time like other plastic cups. Therefore, polycarbonate cups are a durable option that can be used for a long time.<\/p>\n<p>As a result, polycarbonate <a href=\"https:\/\/rubikap.com\/en\/product-category\/cok-kullanimlik-urunler\/kirilmaz-bardak\/\" target=\"_blank\" rel=\"noopener\">unbreakable cups<\/a>have become a popular choice because they are durable, lightweight and scratch-resistant. These glasses are suitable for use in homes, restaurants, cafes, hotels and other places.<\/p>","protected":false},"excerpt":{"rendered":"<table width=\"1050\">\n<tbody>\n<tr>\n<td width=\"347\"><strong>STOCK CODE<\/strong><\/td>\n<td width=\"697\">EX.PS30<\/td>\n<\/tr>\n<tr>\n<td width=\"347\"><strong>MAX. DIAMETER <\/strong><\/td>\n<td width=\"697\">41mm<\/td>\n<\/tr>\n<tr>\n<td width=\"347\"><strong>HEIGHT<\/strong><\/td>\n<td width=\"697\">49mm<\/td>\n<\/tr>\n<tr>\n<td width=\"347\"><strong>FULL SIZE<\/strong><\/td>\n<td width=\"697\">30ml<\/td>\n<\/tr>\n<tr>\n<td width=\"347\"><strong>TAP SIZE<\/strong><\/td>\n<td width=\"697\">20ml<\/td>\n<\/tr>\n<tr>\n<td width=\"347\"><strong>SCALE LINE<\/strong><\/td>\n<td width=\"697\">Yok<\/td>\n<\/tr>\n<tr>\n<td width=\"347\"><strong>WEIGHT<\/strong><\/td>\n<td width=\"697\">15gr<\/td>\n<\/tr>\n<tr>\n<td width=\"347\"><strong>MATERIAL<\/strong><\/td>\n<td width=\"697\">Polycarbonate<\/td>\n<\/tr>\n<tr>\n<td width=\"347\"><strong>COLORS<\/strong><\/td>\n<td width=\"697\">Clear<\/td>\n<\/tr>\n<tr>\n<td width=\"347\"><strong>QTY PCS IN BOX<\/strong><\/td>\n<td width=\"697\">210<\/td>\n<\/tr>\n<tr>\n<td width=\"347\"><strong>BOX SIZE <\/strong><\/td>\n<td width=\"697\">20x25x20 (cm)<\/td>\n<\/tr>\n<tr>\n<td width=\"347\"><strong>QTY OF PRODUCTS IN A PALLETE<\/strong><\/td>\n<td width=\"697\">39060<\/td>\n<\/tr>\n<tr>\n<td width=\"347\"><strong>PALLET SIZE <\/strong><\/td>\n<td width=\"697\">100x120x200 (cm)<\/td>\n<\/tr>\n<\/tbody>\n<\/table>\n<p>&nbsp;<\/p>\n<p>&nbsp;<\/p>","protected":false},"featured_media":3346,"template":"","meta":[],"product_brand":[],"product_cat":[21,20,121,122],"product_tag":[100,157,101,123,155,156,104,56],"class_list":{"0":"post-3345","1":"product","2":"type-product","3":"status-publish","4":"has-post-thumbnail","6":"product_cat-bardaklar-ve-kadehler","7":"product_cat-cok-kullanimlik-urunler","8":"product_cat-exclusive-serisi","9":"product_cat-kirilmaz-bardak","10":"product_tag-exclusive","11":"product_tag-glaser-aus-polycarbonat","12":"product_tag-kirilmaz-bardak","13":"product_tag-polikarbonat-bardak","14":"product_tag-polycarbonat-glaser","15":"product_tag-polycarbonate-cup","16":"product_tag-prizma","17":"product_tag-shot-bardagi","19":"first","20":"instock","21":"shipping-taxable","22":"product-type-simple"},"yoast_head":"<!-- This site is optimized with the Yoast SEO plugin v27.3 - https:\/\/yoast.com\/product\/yoast-seo-wordpress\/ -->\n<title>EX.PS30 Prizma K\u0131r\u0131lmaz Shot Barda\u011f\u0131 20ml - Prisma Tumbler- Exclusive Tumbler<\/title>\n<meta name=\"description\" content=\"Polikarbonat malzemeden \u00fcretilen k\u0131r\u0131lmaz bardak \u00fcr\u00fcnlerimiz y\u00fcksek darbe dayan\u0131m\u0131na sahiptir. Bardaklar\u0131m\u0131z da logolu bask\u0131 uygulamas\u0131nda kullan\u0131labilir.\" \/>\n<meta name=\"robots\" content=\"index, follow, max-snippet:-1, max-image-preview:large, max-video-preview:-1\" \/>\n<link rel=\"canonical\" href=\"https:\/\/rubikap.com\/en\/product\/ex-ps30-prizma-kirilmaz-shot-bardagi-20ml\/\" \/>\n<meta property=\"og:locale\" content=\"en_US\" \/>\n<meta property=\"og:type\" content=\"article\" \/>\n<meta property=\"og:title\" content=\"EX.PS30 Prizma K\u0131r\u0131lmaz Shot Barda\u011f\u0131 20ml - Prisma Tumbler- Exclusive Tumbler\" \/>\n<meta property=\"og:description\" content=\"Polikarbonat malzemeden \u00fcretilen k\u0131r\u0131lmaz bardak \u00fcr\u00fcnlerimiz y\u00fcksek darbe dayan\u0131m\u0131na sahiptir. Bardaklar\u0131m\u0131z da logolu bask\u0131 uygulamas\u0131nda kullan\u0131labilir.\" \/>\n<meta property=\"og:url\" content=\"https:\/\/rubikap.com\/en\/product\/ex-ps30-prizma-kirilmaz-shot-bardagi-20ml\/\" \/>\n<meta property=\"og:site_name\" content=\"Rubikap Plastic Tableware\" \/>\n<meta property=\"article:publisher\" content=\"https:\/\/www.facebook.com\/rubikapplastic\/\" \/>\n<meta property=\"article:modified_time\" content=\"2024-12-19T20:15:45+00:00\" \/>\n<meta property=\"og:image\" content=\"https:\/\/rubikap.com\/wp-content\/uploads\/2023\/02\/EX.PS30-Prizma-Kirilmaz-Shot-Bardagi.png\" \/>\n\t<meta property=\"og:image:width\" content=\"1100\" \/>\n\t<meta property=\"og:image:height\" content=\"1100\" \/>\n\t<meta property=\"og:image:type\" content=\"image\/png\" \/>\n<meta name=\"twitter:card\" content=\"summary_large_image\" \/>\n<meta name=\"twitter:label1\" content=\"Est. reading time\" \/>\n\t<meta name=\"twitter:data1\" content=\"2 minutes\" \/>\n<!-- \/ Yoast SEO plugin. -->","yoast_head_json":{"title":"EX.PS30 Prizma K\u0131r\u0131lmaz Shot Barda\u011f\u0131 20ml - Prisma Tumbler- Exclusive Tumbler","description":"Polikarbonat malzemeden \u00fcretilen k\u0131r\u0131lmaz bardak \u00fcr\u00fcnlerimiz y\u00fcksek darbe dayan\u0131m\u0131na sahiptir. Bardaklar\u0131m\u0131z da logolu bask\u0131 uygulamas\u0131nda kullan\u0131labilir.","robots":{"index":"index","follow":"follow","max-snippet":"max-snippet:-1","max-image-preview":"max-image-preview:large","max-video-preview":"max-video-preview:-1"},"canonical":"https:\/\/rubikap.com\/en\/product\/ex-ps30-prizma-kirilmaz-shot-bardagi-20ml\/","og_locale":"en_US","og_type":"article","og_title":"EX.PS30 Prizma K\u0131r\u0131lmaz Shot Barda\u011f\u0131 20ml - Prisma Tumbler- Exclusive Tumbler","og_description":"Polikarbonat malzemeden \u00fcretilen k\u0131r\u0131lmaz bardak \u00fcr\u00fcnlerimiz y\u00fcksek darbe dayan\u0131m\u0131na sahiptir. Bardaklar\u0131m\u0131z da logolu bask\u0131 uygulamas\u0131nda kullan\u0131labilir.","og_url":"https:\/\/rubikap.com\/en\/product\/ex-ps30-prizma-kirilmaz-shot-bardagi-20ml\/","og_site_name":"Rubikap Plastic Tableware","article_publisher":"https:\/\/www.facebook.com\/rubikapplastic\/","article_modified_time":"2024-12-19T20:15:45+00:00","og_image":[{"width":1100,"height":1100,"url":"https:\/\/rubikap.com\/wp-content\/uploads\/2023\/02\/EX.PS30-Prizma-Kirilmaz-Shot-Bardagi.png","type":"image\/png"}],"twitter_card":"summary_large_image","twitter_misc":{"Est. reading time":"2 minutes"},"schema":{"@context":"https:\/\/schema.org","@graph":[{"@type":"WebPage","@id":"https:\/\/rubikap.com\/product\/ex-ps30-prizma-kirilmaz-shot-bardagi-20ml\/","url":"https:\/\/rubikap.com\/product\/ex-ps30-prizma-kirilmaz-shot-bardagi-20ml\/","name":"EX.PS30 Prizma K\u0131r\u0131lmaz Shot Barda\u011f\u0131 20ml - Prisma Tumbler- Exclusive Tumbler","isPartOf":{"@id":"https:\/\/rubikap.com\/#website"},"primaryImageOfPage":{"@id":"https:\/\/rubikap.com\/product\/ex-ps30-prizma-kirilmaz-shot-bardagi-20ml\/#primaryimage"},"image":{"@id":"https:\/\/rubikap.com\/product\/ex-ps30-prizma-kirilmaz-shot-bardagi-20ml\/#primaryimage"},"thumbnailUrl":"https:\/\/rubikap.com\/wp-content\/uploads\/2023\/02\/EX.PS30-Prizma-Kirilmaz-Shot-Bardagi.png","datePublished":"2023-02-03T19:40:15+00:00","dateModified":"2024-12-19T20:15:45+00:00","description":"Polikarbonat malzemeden \u00fcretilen k\u0131r\u0131lmaz bardak \u00fcr\u00fcnlerimiz y\u00fcksek darbe dayan\u0131m\u0131na sahiptir. Bardaklar\u0131m\u0131z da logolu bask\u0131 uygulamas\u0131nda kullan\u0131labilir.","breadcrumb":{"@id":"https:\/\/rubikap.com\/product\/ex-ps30-prizma-kirilmaz-shot-bardagi-20ml\/#breadcrumb"},"inLanguage":"en-US","potentialAction":[{"@type":"ReadAction","target":["https:\/\/rubikap.com\/product\/ex-ps30-prizma-kirilmaz-shot-bardagi-20ml\/"]}]},{"@type":"ImageObject","inLanguage":"en-US","@id":"https:\/\/rubikap.com\/product\/ex-ps30-prizma-kirilmaz-shot-bardagi-20ml\/#primaryimage","url":"https:\/\/rubikap.com\/wp-content\/uploads\/2023\/02\/EX.PS30-Prizma-Kirilmaz-Shot-Bardagi.png","contentUrl":"https:\/\/rubikap.com\/wp-content\/uploads\/2023\/02\/EX.PS30-Prizma-Kirilmaz-Shot-Bardagi.png","width":1100,"height":1100,"caption":"EX.PS30 Prizma K\u0131r\u0131lmaz Shot Bardag\u0306\u0131"},{"@type":"BreadcrumbList","@id":"https:\/\/rubikap.com\/product\/ex-ps30-prizma-kirilmaz-shot-bardagi-20ml\/#breadcrumb","itemListElement":[{"@type":"ListItem","position":1,"name":"Anasayfa","item":"https:\/\/rubikap.com\/"},{"@type":"ListItem","position":2,"name":"Shop","item":"https:\/\/rubikap.com\/shop\/"},{"@type":"ListItem","position":3,"name":"EX.PS30 Prizma K\u0131r\u0131lmaz Shot Barda\u011f\u0131 20ml"}]},{"@type":"WebSite","@id":"https:\/\/rubikap.com\/#website","url":"https:\/\/rubikap.com\/","name":"Rubikap","description":"","publisher":{"@id":"https:\/\/rubikap.com\/#organization"},"potentialAction":[{"@type":"SearchAction","target":{"@type":"EntryPoint","urlTemplate":"https:\/\/rubikap.com\/?s={search_term_string}"},"query-input":{"@type":"PropertyValueSpecification","valueRequired":true,"valueName":"search_term_string"}}],"inLanguage":"en-US"},{"@type":"Organization","@id":"https:\/\/rubikap.com\/#organization","name":"Rubikap","url":"https:\/\/rubikap.com\/","logo":{"@type":"ImageObject","inLanguage":"en-US","@id":"https:\/\/rubikap.com\/#\/schema\/logo\/image\/","url":"https:\/\/rubikap.com\/wp-content\/uploads\/2023\/05\/rubiakp-logo-e1683836552396.png","contentUrl":"https:\/\/rubikap.com\/wp-content\/uploads\/2023\/05\/rubiakp-logo-e1683836552396.png","width":1400,"height":420,"caption":"Rubikap"},"image":{"@id":"https:\/\/rubikap.com\/#\/schema\/logo\/image\/"},"sameAs":["https:\/\/www.facebook.com\/rubikapplastic\/","https:\/\/www.instagram.com\/rubikap\/","https:\/\/www.youtube.com\/channel\/UC1GiuVgjjGVTFags6eP43jA"]}]}},"_links":{"self":[{"href":"https:\/\/rubikap.com\/en\/wp-json\/wp\/v2\/product\/3345","targetHints":{"allow":["GET"]}}],"collection":[{"href":"https:\/\/rubikap.com\/en\/wp-json\/wp\/v2\/product"}],"about":[{"href":"https:\/\/rubikap.com\/en\/wp-json\/wp\/v2\/types\/product"}],"wp:featuredmedia":[{"embeddable":true,"href":"https:\/\/rubikap.com\/en\/wp-json\/wp\/v2\/media\/3346"}],"wp:attachment":[{"href":"https:\/\/rubikap.com\/en\/wp-json\/wp\/v2\/media?parent=3345"}],"wp:term":[{"taxonomy":"product_brand","embeddable":true,"href":"https:\/\/rubikap.com\/en\/wp-json\/wp\/v2\/product_brand?post=3345"},{"taxonomy":"product_cat","embeddable":true,"href":"https:\/\/rubikap.com\/en\/wp-json\/wp\/v2\/product_cat?post=3345"},{"taxonomy":"product_tag","embeddable":true,"href":"https:\/\/rubikap.com\/en\/wp-json\/wp\/v2\/product_tag?post=3345"}],"curies":[{"name":"wp","href":"https:\/\/api.w.org\/{rel}","templated":true}]}}