{"id":334,"date":"2022-06-29T01:12:25","date_gmt":"2022-06-28T22:12:25","guid":{"rendered":"https:\/\/rubikap.com\/?post_type=product&#038;p=334"},"modified":"2024-12-20T00:41:05","modified_gmt":"2024-12-19T21:41:05","slug":"rt-l40-tender-kokteyl-bardagi-400ml-kapak","status":"publish","type":"product","link":"https:\/\/rubikap.com\/en\/product\/rt-l40-tender-kokteyl-bardagi-400ml-kapak\/","title":{"rendered":"RT.L40 Tender Cocktail Glass 400ml \u2013 Lid"},"content":{"rendered":"<p>Rubikap Tender Kokteyl Bardaklar\u0131 serimiz, \u00f6zellikle d\u0131\u015f mekan partilerinde kullanabilece\u011finiz \u00fcniversal festival bardaklar\u0131d\u0131r.<\/p>\n<p>Unbreakable <a href=\"https:\/\/tr.wikipedia.org\/wiki\/Polikarbonat\">polikarbon<\/a> yap\u0131lar\u0131 ve y\u0131kanabilir <a href=\"https:\/\/rubikap.com\/en\/product-category\/cok-kullanimlik-urunler\/\">\u00e7ok kullan\u0131ml\u0131k<\/a> \u00f6zellikleri ile<br \/>\npark, bah\u00e7e, stadyum konserlerinde s\u0131f\u0131r at\u0131k ile organizasyonlar\u0131n\u0131z\u0131 tamamlaman\u0131za imkan verir.<\/p>","protected":false},"excerpt":{"rendered":"<table width=\"1050\">\n<tbody>\n<tr>\n<td width=\"347\"><strong>STOCK CODE<\/strong><\/td>\n<td width=\"697\">RT.L40<\/td>\n<\/tr>\n<tr>\n<td width=\"347\"><strong>MAX. DIAMETER <\/strong><\/td>\n<td width=\"697\">77mm<\/td>\n<\/tr>\n<tr>\n<td width=\"347\"><strong>HEIGHT<\/strong><\/td>\n<td width=\"697\">17mm<\/td>\n<\/tr>\n<tr>\n<td width=\"347\"><strong>FULL SIZE<\/strong><\/td>\n<td width=\"697\">&#8211;<\/td>\n<\/tr>\n<tr>\n<td width=\"347\"><strong>TAP SIZE<\/strong><\/td>\n<td width=\"697\">&#8211;<\/td>\n<\/tr>\n<tr>\n<td width=\"347\"><strong>SCALE LINE<\/strong><\/td>\n<td width=\"697\">Yok<\/td>\n<\/tr>\n<tr>\n<td width=\"347\"><strong>WEIGHT<\/strong><\/td>\n<td width=\"697\">7,3gr<\/td>\n<\/tr>\n<tr>\n<td width=\"347\"><strong>MATERIAL<\/strong><\/td>\n<td width=\"697\">Polipropilen<\/td>\n<\/tr>\n<tr>\n<td width=\"347\"><strong>COLORS<\/strong><\/td>\n<td width=\"697\">Clear<\/td>\n<\/tr>\n<tr>\n<td width=\"347\"><strong>QTY PCS IN BOX<\/strong><\/td>\n<td width=\"697\">600<\/td>\n<\/tr>\n<tr>\n<td width=\"347\"><strong>BOX SIZE <\/strong><\/td>\n<td width=\"697\">40x31x26 (cm)<\/td>\n<\/tr>\n<tr>\n<td width=\"347\"><strong>QTY OF PRODUCTS IN A PALLETE<\/strong><\/td>\n<td width=\"697\">42000<\/td>\n<\/tr>\n<tr>\n<td width=\"347\"><strong>PALLET SIZE <\/strong><\/td>\n<td width=\"697\">104x124x200 (cm)<\/td>\n<\/tr>\n<\/tbody>\n<\/table>\n<p>&nbsp;<\/p>\n<p>&nbsp;<\/p>","protected":false},"featured_media":370,"template":"","meta":[],"product_brand":[],"product_cat":[162,41],"product_tag":[43],"class_list":{"0":"post-334","1":"product","2":"type-product","3":"status-publish","4":"has-post-thumbnail","6":"product_cat-kokteyl-bardagi","7":"product_cat-tender-cocktail","8":"product_tag-kokteyl-seti","10":"first","11":"instock","12":"shipping-taxable","13":"product-type-simple"},"yoast_head":"<!-- This site is optimized with the Yoast SEO plugin v27.3 - https:\/\/yoast.com\/product\/yoast-seo-wordpress\/ -->\n<title>RT.L40 Tender Kokteyl Barda\u011f\u0131 400ml - Kapak - Kokteyl Bardak Kapa\u011f\u0131<\/title>\n<meta name=\"description\" content=\"Rubikap Tender Kokteyl Bardak Kapa\u011f\u0131 k\u0131r\u0131lmaz polikarbon yap\u0131lar\u0131 ve \u00e7ok kullan\u0131ml\u0131k \u00f6zellikleri ile organizasyonlar\u0131 s\u0131f\u0131r at\u0131k ile tamamlar.\" \/>\n<meta name=\"robots\" content=\"index, follow, max-snippet:-1, max-image-preview:large, max-video-preview:-1\" \/>\n<link rel=\"canonical\" href=\"https:\/\/rubikap.com\/en\/product\/rt-l40-tender-kokteyl-bardagi-400ml-kapak\/\" \/>\n<meta property=\"og:locale\" content=\"en_US\" \/>\n<meta property=\"og:type\" content=\"article\" \/>\n<meta property=\"og:title\" content=\"RT.L40 Tender Kokteyl Barda\u011f\u0131 400ml - Kapak - Kokteyl Bardak Kapa\u011f\u0131\" \/>\n<meta property=\"og:description\" content=\"Rubikap Tender Kokteyl Bardak Kapa\u011f\u0131 k\u0131r\u0131lmaz polikarbon yap\u0131lar\u0131 ve \u00e7ok kullan\u0131ml\u0131k \u00f6zellikleri ile organizasyonlar\u0131 s\u0131f\u0131r at\u0131k ile tamamlar.\" \/>\n<meta property=\"og:url\" content=\"https:\/\/rubikap.com\/en\/product\/rt-l40-tender-kokteyl-bardagi-400ml-kapak\/\" \/>\n<meta property=\"og:site_name\" content=\"Rubikap Plastic Tableware\" \/>\n<meta property=\"article:publisher\" content=\"https:\/\/www.facebook.com\/rubikapplastic\/\" \/>\n<meta property=\"article:modified_time\" content=\"2024-12-19T21:41:05+00:00\" \/>\n<meta property=\"og:image\" content=\"https:\/\/rubikap.com\/wp-content\/uploads\/2022\/06\/RT.L40.jpg\" \/>\n\t<meta property=\"og:image:width\" content=\"600\" \/>\n\t<meta property=\"og:image:height\" content=\"600\" \/>\n\t<meta property=\"og:image:type\" content=\"image\/jpeg\" \/>\n<meta name=\"twitter:card\" content=\"summary_large_image\" \/>\n<meta name=\"twitter:label1\" content=\"Est. reading time\" \/>\n\t<meta name=\"twitter:data1\" content=\"1 minute\" \/>\n<!-- \/ Yoast SEO plugin. -->","yoast_head_json":{"title":"RT.L40 Tender Kokteyl Barda\u011f\u0131 400ml - Kapak - Kokteyl Bardak Kapa\u011f\u0131","description":"Rubikap Tender Kokteyl Bardak Kapa\u011f\u0131 k\u0131r\u0131lmaz polikarbon yap\u0131lar\u0131 ve \u00e7ok kullan\u0131ml\u0131k \u00f6zellikleri ile organizasyonlar\u0131 s\u0131f\u0131r at\u0131k ile tamamlar.","robots":{"index":"index","follow":"follow","max-snippet":"max-snippet:-1","max-image-preview":"max-image-preview:large","max-video-preview":"max-video-preview:-1"},"canonical":"https:\/\/rubikap.com\/en\/product\/rt-l40-tender-kokteyl-bardagi-400ml-kapak\/","og_locale":"en_US","og_type":"article","og_title":"RT.L40 Tender Kokteyl Barda\u011f\u0131 400ml - Kapak - Kokteyl Bardak Kapa\u011f\u0131","og_description":"Rubikap Tender Kokteyl Bardak Kapa\u011f\u0131 k\u0131r\u0131lmaz polikarbon yap\u0131lar\u0131 ve \u00e7ok kullan\u0131ml\u0131k \u00f6zellikleri ile organizasyonlar\u0131 s\u0131f\u0131r at\u0131k ile tamamlar.","og_url":"https:\/\/rubikap.com\/en\/product\/rt-l40-tender-kokteyl-bardagi-400ml-kapak\/","og_site_name":"Rubikap Plastic Tableware","article_publisher":"https:\/\/www.facebook.com\/rubikapplastic\/","article_modified_time":"2024-12-19T21:41:05+00:00","og_image":[{"width":600,"height":600,"url":"https:\/\/rubikap.com\/wp-content\/uploads\/2022\/06\/RT.L40.jpg","type":"image\/jpeg"}],"twitter_card":"summary_large_image","twitter_misc":{"Est. reading time":"1 minute"},"schema":{"@context":"https:\/\/schema.org","@graph":[{"@type":"WebPage","@id":"https:\/\/rubikap.com\/product\/rt-l40-tender-kokteyl-bardagi-400ml-kapak\/","url":"https:\/\/rubikap.com\/product\/rt-l40-tender-kokteyl-bardagi-400ml-kapak\/","name":"RT.L40 Tender Kokteyl Barda\u011f\u0131 400ml - Kapak - Kokteyl Bardak Kapa\u011f\u0131","isPartOf":{"@id":"https:\/\/rubikap.com\/#website"},"primaryImageOfPage":{"@id":"https:\/\/rubikap.com\/product\/rt-l40-tender-kokteyl-bardagi-400ml-kapak\/#primaryimage"},"image":{"@id":"https:\/\/rubikap.com\/product\/rt-l40-tender-kokteyl-bardagi-400ml-kapak\/#primaryimage"},"thumbnailUrl":"https:\/\/rubikap.com\/wp-content\/uploads\/2022\/06\/RT.L40.jpg","datePublished":"2022-06-28T22:12:25+00:00","dateModified":"2024-12-19T21:41:05+00:00","description":"Rubikap Tender Kokteyl Bardak Kapa\u011f\u0131 k\u0131r\u0131lmaz polikarbon yap\u0131lar\u0131 ve \u00e7ok kullan\u0131ml\u0131k \u00f6zellikleri ile organizasyonlar\u0131 s\u0131f\u0131r at\u0131k ile tamamlar.","breadcrumb":{"@id":"https:\/\/rubikap.com\/product\/rt-l40-tender-kokteyl-bardagi-400ml-kapak\/#breadcrumb"},"inLanguage":"en-US","potentialAction":[{"@type":"ReadAction","target":["https:\/\/rubikap.com\/product\/rt-l40-tender-kokteyl-bardagi-400ml-kapak\/"]}]},{"@type":"ImageObject","inLanguage":"en-US","@id":"https:\/\/rubikap.com\/product\/rt-l40-tender-kokteyl-bardagi-400ml-kapak\/#primaryimage","url":"https:\/\/rubikap.com\/wp-content\/uploads\/2022\/06\/RT.L40.jpg","contentUrl":"https:\/\/rubikap.com\/wp-content\/uploads\/2022\/06\/RT.L40.jpg","width":600,"height":600},{"@type":"BreadcrumbList","@id":"https:\/\/rubikap.com\/product\/rt-l40-tender-kokteyl-bardagi-400ml-kapak\/#breadcrumb","itemListElement":[{"@type":"ListItem","position":1,"name":"Anasayfa","item":"https:\/\/rubikap.com\/"},{"@type":"ListItem","position":2,"name":"Shop","item":"https:\/\/rubikap.com\/shop\/"},{"@type":"ListItem","position":3,"name":"RT.L40 Tender Kokteyl Barda\u011f\u0131 400ml &#8211; Kapak"}]},{"@type":"WebSite","@id":"https:\/\/rubikap.com\/#website","url":"https:\/\/rubikap.com\/","name":"Rubikap","description":"","publisher":{"@id":"https:\/\/rubikap.com\/#organization"},"potentialAction":[{"@type":"SearchAction","target":{"@type":"EntryPoint","urlTemplate":"https:\/\/rubikap.com\/?s={search_term_string}"},"query-input":{"@type":"PropertyValueSpecification","valueRequired":true,"valueName":"search_term_string"}}],"inLanguage":"en-US"},{"@type":"Organization","@id":"https:\/\/rubikap.com\/#organization","name":"Rubikap","url":"https:\/\/rubikap.com\/","logo":{"@type":"ImageObject","inLanguage":"en-US","@id":"https:\/\/rubikap.com\/#\/schema\/logo\/image\/","url":"https:\/\/rubikap.com\/wp-content\/uploads\/2023\/05\/rubiakp-logo-e1683836552396.png","contentUrl":"https:\/\/rubikap.com\/wp-content\/uploads\/2023\/05\/rubiakp-logo-e1683836552396.png","width":1400,"height":420,"caption":"Rubikap"},"image":{"@id":"https:\/\/rubikap.com\/#\/schema\/logo\/image\/"},"sameAs":["https:\/\/www.facebook.com\/rubikapplastic\/","https:\/\/www.instagram.com\/rubikap\/","https:\/\/www.youtube.com\/channel\/UC1GiuVgjjGVTFags6eP43jA"]}]}},"_links":{"self":[{"href":"https:\/\/rubikap.com\/en\/wp-json\/wp\/v2\/product\/334","targetHints":{"allow":["GET"]}}],"collection":[{"href":"https:\/\/rubikap.com\/en\/wp-json\/wp\/v2\/product"}],"about":[{"href":"https:\/\/rubikap.com\/en\/wp-json\/wp\/v2\/types\/product"}],"wp:featuredmedia":[{"embeddable":true,"href":"https:\/\/rubikap.com\/en\/wp-json\/wp\/v2\/media\/370"}],"wp:attachment":[{"href":"https:\/\/rubikap.com\/en\/wp-json\/wp\/v2\/media?parent=334"}],"wp:term":[{"taxonomy":"product_brand","embeddable":true,"href":"https:\/\/rubikap.com\/en\/wp-json\/wp\/v2\/product_brand?post=334"},{"taxonomy":"product_cat","embeddable":true,"href":"https:\/\/rubikap.com\/en\/wp-json\/wp\/v2\/product_cat?post=334"},{"taxonomy":"product_tag","embeddable":true,"href":"https:\/\/rubikap.com\/en\/wp-json\/wp\/v2\/product_tag?post=334"}],"curies":[{"name":"wp","href":"https:\/\/api.w.org\/{rel}","templated":true}]}}