{"id":291,"date":"2022-06-29T01:12:01","date_gmt":"2022-06-28T22:12:01","guid":{"rendered":"https:\/\/rubikap.com\/?post_type=product&#038;p=291"},"modified":"2024-12-19T23:51:04","modified_gmt":"2024-12-19T20:51:04","slug":"pm-b34-premium-bira-bardagi-340ml","status":"publish","type":"product","link":"https:\/\/rubikap.com\/en\/product\/pm-b34-premium-bira-bardagi-340ml\/","title":{"rendered":"PM.B34 Premium Beer Tumbler 340ml"},"content":{"rendered":"<p><span style=\"vertical-align: inherit;\"><span style=\"vertical-align: inherit;\">PM Serisi Premium Bira Barda\u011f\u0131 y\u00fcksek gramajl\u0131, a\u011f\u0131r yap\u0131lar\u0131yla,<\/span><\/span><br \/>\n<span style=\"vertical-align: inherit;\"><span style=\"vertical-align: inherit;\">cam g\u00f6r\u00fcn\u00fcm\u00fc ve cam hissine en yak\u0131n k\u0131r\u0131lmaz <\/span><\/span><a href=\"https:\/\/tr.wikipedia.org\/wiki\/Polikarbonat\"><span style=\"vertical-align: inherit;\"><span style=\"vertical-align: inherit;\">polikarbonat<\/span><\/span><\/a><span style=\"vertical-align: inherit;\"><span style=\"vertical-align: inherit;\"> \u00fcr\u00fcn grubumuzdur.<\/span><\/span><\/p>\n<p><span style=\"vertical-align: inherit;\"><span style=\"vertical-align: inherit;\">Dayan\u0131kl\u0131 polikarbonat yap\u0131s\u0131 ve modern \u00e7izgileri ile <\/span><\/span><a href=\"https:\/\/rubikap.com\/en\/product-category\/cok-kullanimlik-urunler\/\"><span style=\"vertical-align: inherit;\"><span style=\"vertical-align: inherit;\">\u00e7ok kullan\u0131ml\u0131k \u00fcr\u00fcnler<\/span><\/span><\/a><br \/>\n<span style=\"vertical-align: inherit;\"><span style=\"vertical-align: inherit;\">kullan\u0131c\u0131lar\u0131n her ortamda ilk tercihleri durumundad\u0131r.<\/span><\/span><\/p>","protected":false},"excerpt":{"rendered":"<table width=\"1050\">\n<tbody>\n<tr>\n<td width=\"347\"><strong>STOCK CODE<\/strong><\/td>\n<td width=\"697\">PM.B34<\/td>\n<\/tr>\n<tr>\n<td width=\"347\"><strong>MAX. DIAMETER <\/strong><\/td>\n<td width=\"697\">67mm<\/td>\n<\/tr>\n<tr>\n<td width=\"347\"><strong>HEIGHT<\/strong><\/td>\n<td width=\"697\">143mm<\/td>\n<\/tr>\n<tr>\n<td width=\"347\"><strong>FULL SIZE<\/strong><\/td>\n<td width=\"697\">340ml<\/td>\n<\/tr>\n<tr>\n<td width=\"347\"><strong>TAP SIZE<\/strong><\/td>\n<td width=\"697\">290ml<\/td>\n<\/tr>\n<tr>\n<td width=\"347\"><strong>SCALE LINE<\/strong><\/td>\n<td width=\"697\">Yok<\/td>\n<\/tr>\n<tr>\n<td width=\"347\"><strong>WEIGHT<\/strong><\/td>\n<td width=\"697\">133gr<\/td>\n<\/tr>\n<tr>\n<td width=\"347\"><strong>MATERIAL<\/strong><\/td>\n<td width=\"697\">Polycarbonate<\/td>\n<\/tr>\n<tr>\n<td width=\"347\"><strong>COLORS<\/strong><\/td>\n<td width=\"697\">Clear<\/td>\n<\/tr>\n<tr>\n<td width=\"347\"><strong>QTY PCS IN BOX<\/strong><\/td>\n<td width=\"697\">48<\/td>\n<\/tr>\n<tr>\n<td width=\"347\"><strong>BOX SIZE <\/strong><\/td>\n<td width=\"697\">40x30x36 (cm)<\/td>\n<\/tr>\n<tr>\n<td width=\"347\"><strong>QTY OF PRODUCTS IN A PALLETE<\/strong><\/td>\n<td width=\"697\">2400<\/td>\n<\/tr>\n<tr>\n<td width=\"347\"><strong>PALLET SIZE <\/strong><\/td>\n<td width=\"697\">100x120x200 (cm)<\/td>\n<\/tr>\n<\/tbody>\n<\/table>\n<p>&nbsp;<\/p>\n<p>&nbsp;<\/p>","protected":false},"featured_media":5547,"template":"","meta":[],"product_brand":[],"product_cat":[161,22],"product_tag":[30,101,136,123],"class_list":{"0":"post-291","1":"product","2":"type-product","3":"status-publish","4":"has-post-thumbnail","6":"product_cat-bira-bardagi","7":"product_cat-premium-serisi","8":"product_tag-bira-bardagi","9":"product_tag-kirilmaz-bardak","10":"product_tag-mika-bardak","11":"product_tag-polikarbonat-bardak","13":"first","14":"instock","15":"shipping-taxable","16":"product-type-simple"},"yoast_head":"<!-- This site is optimized with the Yoast SEO plugin v27.3 - https:\/\/yoast.com\/product\/yoast-seo-wordpress\/ -->\n<title>PM.B34 Premium Bira Barda\u011f\u0131 340ml - Rubikap Plastic Tableware - Premium Bira Bardak<\/title>\n<meta name=\"description\" content=\"PM Serisi Premium Bira Bardak y\u00fcksek gramajl\u0131, a\u011f\u0131r yap\u0131lar\u0131yla cam g\u00f6r\u00fcn\u00fcm\u00fc ve cam hissine en yak\u0131n k\u0131r\u0131lmaz polikarbonat \u00fcr\u00fcn grubumuzdur.\" \/>\n<meta name=\"robots\" content=\"index, follow, max-snippet:-1, max-image-preview:large, max-video-preview:-1\" \/>\n<link rel=\"canonical\" href=\"https:\/\/rubikap.com\/en\/product\/pm-b34-premium-bira-bardagi-340ml\/\" \/>\n<meta property=\"og:locale\" content=\"en_US\" \/>\n<meta property=\"og:type\" content=\"article\" \/>\n<meta property=\"og:title\" content=\"PM.B34 Premium Bira Barda\u011f\u0131 340ml - Rubikap Plastic Tableware - Premium Bira Bardak\" \/>\n<meta property=\"og:description\" content=\"PM Serisi Premium Bira Bardak y\u00fcksek gramajl\u0131, a\u011f\u0131r yap\u0131lar\u0131yla cam g\u00f6r\u00fcn\u00fcm\u00fc ve cam hissine en yak\u0131n k\u0131r\u0131lmaz polikarbonat \u00fcr\u00fcn grubumuzdur.\" \/>\n<meta property=\"og:url\" content=\"https:\/\/rubikap.com\/en\/product\/pm-b34-premium-bira-bardagi-340ml\/\" \/>\n<meta property=\"og:site_name\" content=\"Rubikap Plastic Tableware\" \/>\n<meta property=\"article:publisher\" content=\"https:\/\/www.facebook.com\/rubikapplastic\/\" \/>\n<meta property=\"article:modified_time\" content=\"2024-12-19T20:51:04+00:00\" \/>\n<meta property=\"og:image\" content=\"https:\/\/rubikap.com\/wp-content\/uploads\/2022\/06\/PM-B56-bira-bardagi.jpg\" \/>\n\t<meta property=\"og:image:width\" content=\"900\" \/>\n\t<meta property=\"og:image:height\" content=\"900\" \/>\n\t<meta property=\"og:image:type\" content=\"image\/jpeg\" \/>\n<meta name=\"twitter:card\" content=\"summary_large_image\" \/>\n<meta name=\"twitter:label1\" content=\"Est. reading time\" \/>\n\t<meta name=\"twitter:data1\" content=\"1 minute\" \/>\n<!-- \/ Yoast SEO plugin. -->","yoast_head_json":{"title":"PM.B34 Premium Bira Barda\u011f\u0131 340ml - Rubikap Plastic Tableware - Premium Bira Bardak","description":"PM Serisi Premium Bira Bardak y\u00fcksek gramajl\u0131, a\u011f\u0131r yap\u0131lar\u0131yla cam g\u00f6r\u00fcn\u00fcm\u00fc ve cam hissine en yak\u0131n k\u0131r\u0131lmaz polikarbonat \u00fcr\u00fcn grubumuzdur.","robots":{"index":"index","follow":"follow","max-snippet":"max-snippet:-1","max-image-preview":"max-image-preview:large","max-video-preview":"max-video-preview:-1"},"canonical":"https:\/\/rubikap.com\/en\/product\/pm-b34-premium-bira-bardagi-340ml\/","og_locale":"en_US","og_type":"article","og_title":"PM.B34 Premium Bira Barda\u011f\u0131 340ml - Rubikap Plastic Tableware - Premium Bira Bardak","og_description":"PM Serisi Premium Bira Bardak y\u00fcksek gramajl\u0131, a\u011f\u0131r yap\u0131lar\u0131yla cam g\u00f6r\u00fcn\u00fcm\u00fc ve cam hissine en yak\u0131n k\u0131r\u0131lmaz polikarbonat \u00fcr\u00fcn grubumuzdur.","og_url":"https:\/\/rubikap.com\/en\/product\/pm-b34-premium-bira-bardagi-340ml\/","og_site_name":"Rubikap Plastic Tableware","article_publisher":"https:\/\/www.facebook.com\/rubikapplastic\/","article_modified_time":"2024-12-19T20:51:04+00:00","og_image":[{"width":900,"height":900,"url":"https:\/\/rubikap.com\/wp-content\/uploads\/2022\/06\/PM-B56-bira-bardagi.jpg","type":"image\/jpeg"}],"twitter_card":"summary_large_image","twitter_misc":{"Est. reading time":"1 minute"},"schema":{"@context":"https:\/\/schema.org","@graph":[{"@type":"WebPage","@id":"https:\/\/rubikap.com\/product\/pm-b34-premium-bira-bardagi-340ml\/","url":"https:\/\/rubikap.com\/product\/pm-b34-premium-bira-bardagi-340ml\/","name":"PM.B34 Premium Bira Barda\u011f\u0131 340ml - Rubikap Plastic Tableware - Premium Bira Bardak","isPartOf":{"@id":"https:\/\/rubikap.com\/#website"},"primaryImageOfPage":{"@id":"https:\/\/rubikap.com\/product\/pm-b34-premium-bira-bardagi-340ml\/#primaryimage"},"image":{"@id":"https:\/\/rubikap.com\/product\/pm-b34-premium-bira-bardagi-340ml\/#primaryimage"},"thumbnailUrl":"https:\/\/rubikap.com\/wp-content\/uploads\/2022\/06\/PM-B56-bira-bardagi.jpg","datePublished":"2022-06-28T22:12:01+00:00","dateModified":"2024-12-19T20:51:04+00:00","description":"PM Serisi Premium Bira Bardak y\u00fcksek gramajl\u0131, a\u011f\u0131r yap\u0131lar\u0131yla cam g\u00f6r\u00fcn\u00fcm\u00fc ve cam hissine en yak\u0131n k\u0131r\u0131lmaz polikarbonat \u00fcr\u00fcn grubumuzdur.","breadcrumb":{"@id":"https:\/\/rubikap.com\/product\/pm-b34-premium-bira-bardagi-340ml\/#breadcrumb"},"inLanguage":"en-US","potentialAction":[{"@type":"ReadAction","target":["https:\/\/rubikap.com\/product\/pm-b34-premium-bira-bardagi-340ml\/"]}]},{"@type":"ImageObject","inLanguage":"en-US","@id":"https:\/\/rubikap.com\/product\/pm-b34-premium-bira-bardagi-340ml\/#primaryimage","url":"https:\/\/rubikap.com\/wp-content\/uploads\/2022\/06\/PM-B56-bira-bardagi.jpg","contentUrl":"https:\/\/rubikap.com\/wp-content\/uploads\/2022\/06\/PM-B56-bira-bardagi.jpg","width":900,"height":900},{"@type":"BreadcrumbList","@id":"https:\/\/rubikap.com\/product\/pm-b34-premium-bira-bardagi-340ml\/#breadcrumb","itemListElement":[{"@type":"ListItem","position":1,"name":"Anasayfa","item":"https:\/\/rubikap.com\/"},{"@type":"ListItem","position":2,"name":"Shop","item":"https:\/\/rubikap.com\/shop\/"},{"@type":"ListItem","position":3,"name":"PM.B34 Premium Bira Barda\u011f\u0131 340ml"}]},{"@type":"WebSite","@id":"https:\/\/rubikap.com\/#website","url":"https:\/\/rubikap.com\/","name":"Rubikap","description":"","publisher":{"@id":"https:\/\/rubikap.com\/#organization"},"potentialAction":[{"@type":"SearchAction","target":{"@type":"EntryPoint","urlTemplate":"https:\/\/rubikap.com\/?s={search_term_string}"},"query-input":{"@type":"PropertyValueSpecification","valueRequired":true,"valueName":"search_term_string"}}],"inLanguage":"en-US"},{"@type":"Organization","@id":"https:\/\/rubikap.com\/#organization","name":"Rubikap","url":"https:\/\/rubikap.com\/","logo":{"@type":"ImageObject","inLanguage":"en-US","@id":"https:\/\/rubikap.com\/#\/schema\/logo\/image\/","url":"https:\/\/rubikap.com\/wp-content\/uploads\/2023\/05\/rubiakp-logo-e1683836552396.png","contentUrl":"https:\/\/rubikap.com\/wp-content\/uploads\/2023\/05\/rubiakp-logo-e1683836552396.png","width":1400,"height":420,"caption":"Rubikap"},"image":{"@id":"https:\/\/rubikap.com\/#\/schema\/logo\/image\/"},"sameAs":["https:\/\/www.facebook.com\/rubikapplastic\/","https:\/\/www.instagram.com\/rubikap\/","https:\/\/www.youtube.com\/channel\/UC1GiuVgjjGVTFags6eP43jA"]}]}},"_links":{"self":[{"href":"https:\/\/rubikap.com\/en\/wp-json\/wp\/v2\/product\/291","targetHints":{"allow":["GET"]}}],"collection":[{"href":"https:\/\/rubikap.com\/en\/wp-json\/wp\/v2\/product"}],"about":[{"href":"https:\/\/rubikap.com\/en\/wp-json\/wp\/v2\/types\/product"}],"wp:featuredmedia":[{"embeddable":true,"href":"https:\/\/rubikap.com\/en\/wp-json\/wp\/v2\/media\/5547"}],"wp:attachment":[{"href":"https:\/\/rubikap.com\/en\/wp-json\/wp\/v2\/media?parent=291"}],"wp:term":[{"taxonomy":"product_brand","embeddable":true,"href":"https:\/\/rubikap.com\/en\/wp-json\/wp\/v2\/product_brand?post=291"},{"taxonomy":"product_cat","embeddable":true,"href":"https:\/\/rubikap.com\/en\/wp-json\/wp\/v2\/product_cat?post=291"},{"taxonomy":"product_tag","embeddable":true,"href":"https:\/\/rubikap.com\/en\/wp-json\/wp\/v2\/product_tag?post=291"}],"curies":[{"name":"wp","href":"https:\/\/api.w.org\/{rel}","templated":true}]}}