{"id":288,"date":"2022-06-29T01:12:00","date_gmt":"2022-06-28T22:12:00","guid":{"rendered":"https:\/\/rubikap.com\/?post_type=product&#038;p=288"},"modified":"2024-12-19T23:49:58","modified_gmt":"2024-12-19T20:49:58","slug":"pm-s33f-avanos-stoklanabilir-kumlu-bardak-330ml","status":"publish","type":"product","link":"https:\/\/rubikap.com\/en\/product\/pm-s33f-avanos-stoklanabilir-kumlu-bardak-330ml\/","title":{"rendered":"PM.S33F Avanos Frosted Tumbler 330ml"},"content":{"rendered":"<p>Avanos stoklanabilir kumlu bardak serimiz, yedi farkl\u0131 \u00e7e\u015fidiyle,<br \/>\n<a href=\"https:\/\/rubikap.com\/en\/product-category\/cok-kullanimlik-urunler\/bardaklar-ve-kadehler\/casablanca-serisi\/\">Premium<\/a> ve <a href=\"https:\/\/rubikap.com\/en\/casablanca-serisi\/\">Casablanca<\/a> serilerimizde mevcut olmayan ara hacimlerdeki<br \/>\nk\u0131r\u0131lmaz bardak ihtiya\u00e7lar\u0131n\u0131za \u00e7\u00f6z\u00fcm getirmektedir.<\/p>\n<p>\u00c7ok kullan\u0131ml\u0131k \u00fcr\u00fcnler kategorisine ait avanos serisi bardaklar\u0131m\u0131z <a href=\"https:\/\/tr.wikipedia.org\/wiki\/Polikarbonat\">polikarbonat<\/a> bardak \u00f6zelli\u011fi ile<br \/>\nt\u00fcm me\u015frubat, gazl\u0131 i\u00e7ecek, soda, alkoll\u00fc i\u00e7ecek ve meyve suyu sunumlar\u0131n\u0131zda g\u00fcvenle kullanabilirsiniz.<\/p>","protected":false},"excerpt":{"rendered":"<table width=\"1050\">\n<tbody>\n<tr>\n<td width=\"347\"><strong>STOCK CODE<\/strong><\/td>\n<td width=\"697\">PM.S33F<\/td>\n<\/tr>\n<tr>\n<td width=\"347\"><strong>MAX. DIAMETER <\/strong><\/td>\n<td width=\"697\">76mm<\/td>\n<\/tr>\n<tr>\n<td width=\"347\"><strong>HEIGHT<\/strong><\/td>\n<td width=\"697\">123mm<\/td>\n<\/tr>\n<tr>\n<td width=\"347\"><strong>FULL SIZE<\/strong><\/td>\n<td width=\"697\">330ml<\/td>\n<\/tr>\n<tr>\n<td width=\"347\"><strong>TAP SIZE<\/strong><\/td>\n<td width=\"697\">260ml<\/td>\n<\/tr>\n<tr>\n<td width=\"347\"><strong>SCALE LINE<\/strong><\/td>\n<td width=\"697\">Yok<\/td>\n<\/tr>\n<tr>\n<td width=\"347\"><strong>WEIGHT<\/strong><\/td>\n<td width=\"697\">87gr<\/td>\n<\/tr>\n<tr>\n<td width=\"347\"><strong>MATERIAL<\/strong><\/td>\n<td width=\"697\">Polycarbonate<\/td>\n<\/tr>\n<tr>\n<td width=\"347\"><strong>COLORS<\/strong><\/td>\n<td width=\"697\">Clear<\/td>\n<\/tr>\n<tr>\n<td width=\"347\"><strong>QTY PCS IN BOX<\/strong><\/td>\n<td width=\"697\">140<\/td>\n<\/tr>\n<tr>\n<td width=\"347\"><strong>BOX SIZE <\/strong><\/td>\n<td width=\"697\">40x30x36 (cm)<\/td>\n<\/tr>\n<tr>\n<td width=\"347\"><strong>QTY OF PRODUCTS IN A PALLETE<\/strong><\/td>\n<td width=\"697\">7000<\/td>\n<\/tr>\n<tr>\n<td width=\"347\"><strong>PALLET SIZE <\/strong><\/td>\n<td width=\"697\">100x120x200 (cm)<\/td>\n<\/tr>\n<\/tbody>\n<\/table>\n<p>&nbsp;<\/p>\n<p>&nbsp;<\/p>","protected":false},"featured_media":351,"template":"","meta":[],"product_brand":[],"product_cat":[38,162],"product_tag":[30,27,39,29],"class_list":{"0":"post-288","1":"product","2":"type-product","3":"status-publish","4":"has-post-thumbnail","6":"product_cat-avanos-serisi","7":"product_cat-kokteyl-bardagi","8":"product_tag-bira-bardagi","9":"product_tag-meyve-suyu-bardagi","10":"product_tag-soda-bardagi","11":"product_tag-su-bardagi","13":"first","14":"instock","15":"shipping-taxable","16":"product-type-simple"},"yoast_head":"<!-- This site is optimized with the Yoast SEO plugin v27.3 - https:\/\/yoast.com\/product\/yoast-seo-wordpress\/ -->\n<title>PM.S33F Avanos Stoklanabilir Kumlu Bardak 330ml Polikarbonat Bardak<\/title>\n<meta name=\"description\" content=\"Avanos k\u0131r\u0131lmaz kumlu bardak serimiz bardak ihtiya\u00e7lar\u0131n\u0131za \u00e7\u00f6z\u00fcm getirmektedir. Tamamen polikarbonat bardak yap\u0131s\u0131 ile kullan\u0131m pratikli\u011fi sa\u011flar.\" \/>\n<meta name=\"robots\" content=\"index, follow, max-snippet:-1, max-image-preview:large, max-video-preview:-1\" \/>\n<link rel=\"canonical\" href=\"https:\/\/rubikap.com\/en\/product\/pm-s33f-avanos-stoklanabilir-kumlu-bardak-330ml\/\" \/>\n<meta property=\"og:locale\" content=\"en_US\" \/>\n<meta property=\"og:type\" content=\"article\" \/>\n<meta property=\"og:title\" content=\"PM.S33F Avanos Stoklanabilir Kumlu Bardak 330ml Polikarbonat Bardak\" \/>\n<meta property=\"og:description\" content=\"Avanos k\u0131r\u0131lmaz kumlu bardak serimiz bardak ihtiya\u00e7lar\u0131n\u0131za \u00e7\u00f6z\u00fcm getirmektedir. Tamamen polikarbonat bardak yap\u0131s\u0131 ile kullan\u0131m pratikli\u011fi sa\u011flar.\" \/>\n<meta property=\"og:url\" content=\"https:\/\/rubikap.com\/en\/product\/pm-s33f-avanos-stoklanabilir-kumlu-bardak-330ml\/\" \/>\n<meta property=\"og:site_name\" content=\"Rubikap Plastic Tableware\" \/>\n<meta property=\"article:publisher\" content=\"https:\/\/www.facebook.com\/rubikapplastic\/\" \/>\n<meta property=\"article:modified_time\" content=\"2024-12-19T20:49:58+00:00\" \/>\n<meta property=\"og:image\" content=\"https:\/\/rubikap.com\/wp-content\/uploads\/2022\/06\/PM.S33F.png\" \/>\n\t<meta property=\"og:image:width\" content=\"600\" \/>\n\t<meta property=\"og:image:height\" content=\"600\" \/>\n\t<meta property=\"og:image:type\" content=\"image\/png\" \/>\n<meta name=\"twitter:card\" content=\"summary_large_image\" \/>\n<meta name=\"twitter:label1\" content=\"Est. reading time\" \/>\n\t<meta name=\"twitter:data1\" content=\"1 minute\" \/>\n<!-- \/ Yoast SEO plugin. -->","yoast_head_json":{"title":"PM.S33F Avanos Stoklanabilir Kumlu Bardak 330ml Polikarbonat Bardak","description":"Avanos k\u0131r\u0131lmaz kumlu bardak serimiz bardak ihtiya\u00e7lar\u0131n\u0131za \u00e7\u00f6z\u00fcm getirmektedir. Tamamen polikarbonat bardak yap\u0131s\u0131 ile kullan\u0131m pratikli\u011fi sa\u011flar.","robots":{"index":"index","follow":"follow","max-snippet":"max-snippet:-1","max-image-preview":"max-image-preview:large","max-video-preview":"max-video-preview:-1"},"canonical":"https:\/\/rubikap.com\/en\/product\/pm-s33f-avanos-stoklanabilir-kumlu-bardak-330ml\/","og_locale":"en_US","og_type":"article","og_title":"PM.S33F Avanos Stoklanabilir Kumlu Bardak 330ml Polikarbonat Bardak","og_description":"Avanos k\u0131r\u0131lmaz kumlu bardak serimiz bardak ihtiya\u00e7lar\u0131n\u0131za \u00e7\u00f6z\u00fcm getirmektedir. Tamamen polikarbonat bardak yap\u0131s\u0131 ile kullan\u0131m pratikli\u011fi sa\u011flar.","og_url":"https:\/\/rubikap.com\/en\/product\/pm-s33f-avanos-stoklanabilir-kumlu-bardak-330ml\/","og_site_name":"Rubikap Plastic Tableware","article_publisher":"https:\/\/www.facebook.com\/rubikapplastic\/","article_modified_time":"2024-12-19T20:49:58+00:00","og_image":[{"width":600,"height":600,"url":"https:\/\/rubikap.com\/wp-content\/uploads\/2022\/06\/PM.S33F.png","type":"image\/png"}],"twitter_card":"summary_large_image","twitter_misc":{"Est. reading time":"1 minute"},"schema":{"@context":"https:\/\/schema.org","@graph":[{"@type":"WebPage","@id":"https:\/\/rubikap.com\/product\/pm-s33f-avanos-stoklanabilir-kumlu-bardak-330ml\/","url":"https:\/\/rubikap.com\/product\/pm-s33f-avanos-stoklanabilir-kumlu-bardak-330ml\/","name":"PM.S33F Avanos Stoklanabilir Kumlu Bardak 330ml Polikarbonat Bardak","isPartOf":{"@id":"https:\/\/rubikap.com\/#website"},"primaryImageOfPage":{"@id":"https:\/\/rubikap.com\/product\/pm-s33f-avanos-stoklanabilir-kumlu-bardak-330ml\/#primaryimage"},"image":{"@id":"https:\/\/rubikap.com\/product\/pm-s33f-avanos-stoklanabilir-kumlu-bardak-330ml\/#primaryimage"},"thumbnailUrl":"https:\/\/rubikap.com\/wp-content\/uploads\/2022\/06\/PM.S33F.png","datePublished":"2022-06-28T22:12:00+00:00","dateModified":"2024-12-19T20:49:58+00:00","description":"Avanos k\u0131r\u0131lmaz kumlu bardak serimiz bardak ihtiya\u00e7lar\u0131n\u0131za \u00e7\u00f6z\u00fcm getirmektedir. Tamamen polikarbonat bardak yap\u0131s\u0131 ile kullan\u0131m pratikli\u011fi sa\u011flar.","breadcrumb":{"@id":"https:\/\/rubikap.com\/product\/pm-s33f-avanos-stoklanabilir-kumlu-bardak-330ml\/#breadcrumb"},"inLanguage":"en-US","potentialAction":[{"@type":"ReadAction","target":["https:\/\/rubikap.com\/product\/pm-s33f-avanos-stoklanabilir-kumlu-bardak-330ml\/"]}]},{"@type":"ImageObject","inLanguage":"en-US","@id":"https:\/\/rubikap.com\/product\/pm-s33f-avanos-stoklanabilir-kumlu-bardak-330ml\/#primaryimage","url":"https:\/\/rubikap.com\/wp-content\/uploads\/2022\/06\/PM.S33F.png","contentUrl":"https:\/\/rubikap.com\/wp-content\/uploads\/2022\/06\/PM.S33F.png","width":600,"height":600},{"@type":"BreadcrumbList","@id":"https:\/\/rubikap.com\/product\/pm-s33f-avanos-stoklanabilir-kumlu-bardak-330ml\/#breadcrumb","itemListElement":[{"@type":"ListItem","position":1,"name":"Anasayfa","item":"https:\/\/rubikap.com\/"},{"@type":"ListItem","position":2,"name":"Shop","item":"https:\/\/rubikap.com\/shop\/"},{"@type":"ListItem","position":3,"name":"PM.S33F Avanos Stoklanabilir Kumlu Bardak 330ml"}]},{"@type":"WebSite","@id":"https:\/\/rubikap.com\/#website","url":"https:\/\/rubikap.com\/","name":"Rubikap","description":"","publisher":{"@id":"https:\/\/rubikap.com\/#organization"},"potentialAction":[{"@type":"SearchAction","target":{"@type":"EntryPoint","urlTemplate":"https:\/\/rubikap.com\/?s={search_term_string}"},"query-input":{"@type":"PropertyValueSpecification","valueRequired":true,"valueName":"search_term_string"}}],"inLanguage":"en-US"},{"@type":"Organization","@id":"https:\/\/rubikap.com\/#organization","name":"Rubikap","url":"https:\/\/rubikap.com\/","logo":{"@type":"ImageObject","inLanguage":"en-US","@id":"https:\/\/rubikap.com\/#\/schema\/logo\/image\/","url":"https:\/\/rubikap.com\/wp-content\/uploads\/2023\/05\/rubiakp-logo-e1683836552396.png","contentUrl":"https:\/\/rubikap.com\/wp-content\/uploads\/2023\/05\/rubiakp-logo-e1683836552396.png","width":1400,"height":420,"caption":"Rubikap"},"image":{"@id":"https:\/\/rubikap.com\/#\/schema\/logo\/image\/"},"sameAs":["https:\/\/www.facebook.com\/rubikapplastic\/","https:\/\/www.instagram.com\/rubikap\/","https:\/\/www.youtube.com\/channel\/UC1GiuVgjjGVTFags6eP43jA"]}]}},"_links":{"self":[{"href":"https:\/\/rubikap.com\/en\/wp-json\/wp\/v2\/product\/288","targetHints":{"allow":["GET"]}}],"collection":[{"href":"https:\/\/rubikap.com\/en\/wp-json\/wp\/v2\/product"}],"about":[{"href":"https:\/\/rubikap.com\/en\/wp-json\/wp\/v2\/types\/product"}],"wp:featuredmedia":[{"embeddable":true,"href":"https:\/\/rubikap.com\/en\/wp-json\/wp\/v2\/media\/351"}],"wp:attachment":[{"href":"https:\/\/rubikap.com\/en\/wp-json\/wp\/v2\/media?parent=288"}],"wp:term":[{"taxonomy":"product_brand","embeddable":true,"href":"https:\/\/rubikap.com\/en\/wp-json\/wp\/v2\/product_brand?post=288"},{"taxonomy":"product_cat","embeddable":true,"href":"https:\/\/rubikap.com\/en\/wp-json\/wp\/v2\/product_cat?post=288"},{"taxonomy":"product_tag","embeddable":true,"href":"https:\/\/rubikap.com\/en\/wp-json\/wp\/v2\/product_tag?post=288"}],"curies":[{"name":"wp","href":"https:\/\/api.w.org\/{rel}","templated":true}]}}