{"id":232,"date":"2022-06-29T01:11:37","date_gmt":"2022-06-28T22:11:37","guid":{"rendered":"https:\/\/rubikap.com\/?post_type=product&#038;p=232"},"modified":"2024-12-19T23:45:47","modified_gmt":"2024-12-19T20:45:47","slug":"rcb-30-casablanca-bardak-300ml","status":"publish","type":"product","link":"https:\/\/rubikap.com\/en\/product\/rcb-30-casablanca-bardak-300ml\/","title":{"rendered":"RCB.30 Casablanca Tumbler 300ml"},"content":{"rendered":"<p><span style=\"vertical-align: inherit;\"><span style=\"vertical-align: inherit;\">RCB Casablanca Serisi Rubikap <a href=\"https:\/\/rubikap.com\/en\/product-category\/cok-kullanimlik-urunler\/\">\u00e7ok kullan\u0131ml\u0131k \u00fcr\u00fcnler<\/a> grubuna ait cam g\u00f6r\u00fcn\u00fcml\u00fc ekonomik bir seridir.<\/span><\/span><\/p>\n<p>Casablanca serisi bardaklar\u0131m\u0131z dayan\u0131kl\u0131 <a href=\"https:\/\/tr.wikipedia.org\/wiki\/Polikarbonat\">polikarbonat<\/a> yap\u0131s\u0131 ve \u015f\u0131k tasar\u0131m\u0131yla \u00e7ok\u00e7a tercih edilen bir bardak durumundad\u0131r.<\/p>","protected":false},"excerpt":{"rendered":"<table width=\"1050\">\n<tbody>\n<tr>\n<td width=\"347\"><strong>STOCK CODE<\/strong><\/td>\n<td width=\"697\">RCB.30<\/td>\n<\/tr>\n<tr>\n<td width=\"347\"><strong>MAX. DIAMETER <\/strong><\/td>\n<td width=\"697\">75mm<\/td>\n<\/tr>\n<tr>\n<td width=\"347\"><strong>HEIGHT<\/strong><\/td>\n<td width=\"697\">119mm<\/td>\n<\/tr>\n<tr>\n<td width=\"347\"><strong>FULL SIZE<\/strong><\/td>\n<td width=\"697\">300ml<\/td>\n<\/tr>\n<tr>\n<td width=\"347\"><strong>TAP SIZE<\/strong><\/td>\n<td width=\"697\">270ml<\/td>\n<\/tr>\n<tr>\n<td width=\"347\"><strong>SCALE LINE<\/strong><\/td>\n<td width=\"697\">Yok<\/td>\n<\/tr>\n<tr>\n<td width=\"347\"><strong>WEIGHT<\/strong><\/td>\n<td width=\"697\">79gr<\/td>\n<\/tr>\n<tr>\n<td width=\"347\"><strong>MATERIAL<\/strong><\/td>\n<td width=\"697\">Polycarbonate<\/td>\n<\/tr>\n<tr>\n<td width=\"347\"><strong>COLORS<\/strong><\/td>\n<td width=\"697\">\u015eeffaf, Beyaz<\/td>\n<\/tr>\n<tr>\n<td width=\"347\"><strong>QTY PCS IN BOX<\/strong><\/td>\n<td width=\"697\">100<\/td>\n<\/tr>\n<tr>\n<td width=\"347\"><strong>BOX SIZE <\/strong><\/td>\n<td width=\"697\">40x30x36 (cm)<\/td>\n<\/tr>\n<tr>\n<td width=\"347\"><strong>QTY OF PRODUCTS IN A PALLETE<\/strong><\/td>\n<td width=\"697\">5000<\/td>\n<\/tr>\n<tr>\n<td width=\"347\"><strong>PALLET SIZE <\/strong><\/td>\n<td width=\"697\">100x120x200 (cm)<\/td>\n<\/tr>\n<\/tbody>\n<\/table>\n<p>&nbsp;<\/p>\n<p>&nbsp;<\/p>","protected":false},"featured_media":315,"template":"","meta":[],"product_brand":[],"product_cat":[37],"product_tag":[30,26,27,29],"class_list":{"0":"post-232","1":"product","2":"type-product","3":"status-publish","4":"has-post-thumbnail","6":"product_cat-casablanca-serisi","7":"product_tag-bira-bardagi","8":"product_tag-kokteyl-bardagi","9":"product_tag-meyve-suyu-bardagi","10":"product_tag-su-bardagi","12":"first","13":"instock","14":"shipping-taxable","15":"product-type-simple"},"yoast_head":"<!-- This site is optimized with the Yoast SEO plugin v27.3 - https:\/\/yoast.com\/product\/yoast-seo-wordpress\/ -->\n<title>RCB.30 Casablanca Bardak 300ml - Casablanca Polikarbonat Bardak<\/title>\n<meta name=\"description\" content=\"RCB Casablanca Polikarbonat Bardak \u00e7ok kullan\u0131ml\u0131k \u00fcr\u00fcnler grubuna ait ekonomikdir. Casablanca bardaklar dayan\u0131kl\u0131 polikarbonat yap\u0131s\u0131yla tercih edilir.\" \/>\n<meta name=\"robots\" content=\"index, follow, max-snippet:-1, max-image-preview:large, max-video-preview:-1\" \/>\n<link rel=\"canonical\" href=\"https:\/\/rubikap.com\/en\/product\/rcb-30-casablanca-bardak-300ml\/\" \/>\n<meta property=\"og:locale\" content=\"en_US\" \/>\n<meta property=\"og:type\" content=\"article\" \/>\n<meta property=\"og:title\" content=\"RCB.30 Casablanca Bardak 300ml - Casablanca Polikarbonat Bardak\" \/>\n<meta property=\"og:description\" content=\"RCB Casablanca Polikarbonat Bardak \u00e7ok kullan\u0131ml\u0131k \u00fcr\u00fcnler grubuna ait ekonomikdir. Casablanca bardaklar dayan\u0131kl\u0131 polikarbonat yap\u0131s\u0131yla tercih edilir.\" \/>\n<meta property=\"og:url\" content=\"https:\/\/rubikap.com\/en\/product\/rcb-30-casablanca-bardak-300ml\/\" \/>\n<meta property=\"og:site_name\" content=\"Rubikap Plastic Tableware\" \/>\n<meta property=\"article:publisher\" content=\"https:\/\/www.facebook.com\/rubikapplastic\/\" \/>\n<meta property=\"article:modified_time\" content=\"2024-12-19T20:45:47+00:00\" \/>\n<meta property=\"og:image\" content=\"https:\/\/rubikap.com\/wp-content\/uploads\/2022\/06\/RCB.30.jpg\" \/>\n\t<meta property=\"og:image:width\" content=\"600\" \/>\n\t<meta property=\"og:image:height\" content=\"600\" \/>\n\t<meta property=\"og:image:type\" content=\"image\/jpeg\" \/>\n<meta name=\"twitter:card\" content=\"summary_large_image\" \/>\n<meta name=\"twitter:label1\" content=\"Est. reading time\" \/>\n\t<meta name=\"twitter:data1\" content=\"1 minute\" \/>\n<!-- \/ Yoast SEO plugin. -->","yoast_head_json":{"title":"RCB.30 Casablanca Bardak 300ml - Casablanca Polikarbonat Bardak","description":"RCB Casablanca Polikarbonat Bardak \u00e7ok kullan\u0131ml\u0131k \u00fcr\u00fcnler grubuna ait ekonomikdir. Casablanca bardaklar dayan\u0131kl\u0131 polikarbonat yap\u0131s\u0131yla tercih edilir.","robots":{"index":"index","follow":"follow","max-snippet":"max-snippet:-1","max-image-preview":"max-image-preview:large","max-video-preview":"max-video-preview:-1"},"canonical":"https:\/\/rubikap.com\/en\/product\/rcb-30-casablanca-bardak-300ml\/","og_locale":"en_US","og_type":"article","og_title":"RCB.30 Casablanca Bardak 300ml - Casablanca Polikarbonat Bardak","og_description":"RCB Casablanca Polikarbonat Bardak \u00e7ok kullan\u0131ml\u0131k \u00fcr\u00fcnler grubuna ait ekonomikdir. Casablanca bardaklar dayan\u0131kl\u0131 polikarbonat yap\u0131s\u0131yla tercih edilir.","og_url":"https:\/\/rubikap.com\/en\/product\/rcb-30-casablanca-bardak-300ml\/","og_site_name":"Rubikap Plastic Tableware","article_publisher":"https:\/\/www.facebook.com\/rubikapplastic\/","article_modified_time":"2024-12-19T20:45:47+00:00","og_image":[{"width":600,"height":600,"url":"https:\/\/rubikap.com\/wp-content\/uploads\/2022\/06\/RCB.30.jpg","type":"image\/jpeg"}],"twitter_card":"summary_large_image","twitter_misc":{"Est. reading time":"1 minute"},"schema":{"@context":"https:\/\/schema.org","@graph":[{"@type":"WebPage","@id":"https:\/\/rubikap.com\/product\/rcb-30-casablanca-bardak-300ml\/","url":"https:\/\/rubikap.com\/product\/rcb-30-casablanca-bardak-300ml\/","name":"RCB.30 Casablanca Bardak 300ml - Casablanca Polikarbonat Bardak","isPartOf":{"@id":"https:\/\/rubikap.com\/#website"},"primaryImageOfPage":{"@id":"https:\/\/rubikap.com\/product\/rcb-30-casablanca-bardak-300ml\/#primaryimage"},"image":{"@id":"https:\/\/rubikap.com\/product\/rcb-30-casablanca-bardak-300ml\/#primaryimage"},"thumbnailUrl":"https:\/\/rubikap.com\/wp-content\/uploads\/2022\/06\/RCB.30.jpg","datePublished":"2022-06-28T22:11:37+00:00","dateModified":"2024-12-19T20:45:47+00:00","description":"RCB Casablanca Polikarbonat Bardak \u00e7ok kullan\u0131ml\u0131k \u00fcr\u00fcnler grubuna ait ekonomikdir. Casablanca bardaklar dayan\u0131kl\u0131 polikarbonat yap\u0131s\u0131yla tercih edilir.","breadcrumb":{"@id":"https:\/\/rubikap.com\/product\/rcb-30-casablanca-bardak-300ml\/#breadcrumb"},"inLanguage":"en-US","potentialAction":[{"@type":"ReadAction","target":["https:\/\/rubikap.com\/product\/rcb-30-casablanca-bardak-300ml\/"]}]},{"@type":"ImageObject","inLanguage":"en-US","@id":"https:\/\/rubikap.com\/product\/rcb-30-casablanca-bardak-300ml\/#primaryimage","url":"https:\/\/rubikap.com\/wp-content\/uploads\/2022\/06\/RCB.30.jpg","contentUrl":"https:\/\/rubikap.com\/wp-content\/uploads\/2022\/06\/RCB.30.jpg","width":600,"height":600},{"@type":"BreadcrumbList","@id":"https:\/\/rubikap.com\/product\/rcb-30-casablanca-bardak-300ml\/#breadcrumb","itemListElement":[{"@type":"ListItem","position":1,"name":"Anasayfa","item":"https:\/\/rubikap.com\/"},{"@type":"ListItem","position":2,"name":"Shop","item":"https:\/\/rubikap.com\/shop\/"},{"@type":"ListItem","position":3,"name":"RCB.30 Casablanca Bardak 300ml"}]},{"@type":"WebSite","@id":"https:\/\/rubikap.com\/#website","url":"https:\/\/rubikap.com\/","name":"Rubikap","description":"","publisher":{"@id":"https:\/\/rubikap.com\/#organization"},"potentialAction":[{"@type":"SearchAction","target":{"@type":"EntryPoint","urlTemplate":"https:\/\/rubikap.com\/?s={search_term_string}"},"query-input":{"@type":"PropertyValueSpecification","valueRequired":true,"valueName":"search_term_string"}}],"inLanguage":"en-US"},{"@type":"Organization","@id":"https:\/\/rubikap.com\/#organization","name":"Rubikap","url":"https:\/\/rubikap.com\/","logo":{"@type":"ImageObject","inLanguage":"en-US","@id":"https:\/\/rubikap.com\/#\/schema\/logo\/image\/","url":"https:\/\/rubikap.com\/wp-content\/uploads\/2023\/05\/rubiakp-logo-e1683836552396.png","contentUrl":"https:\/\/rubikap.com\/wp-content\/uploads\/2023\/05\/rubiakp-logo-e1683836552396.png","width":1400,"height":420,"caption":"Rubikap"},"image":{"@id":"https:\/\/rubikap.com\/#\/schema\/logo\/image\/"},"sameAs":["https:\/\/www.facebook.com\/rubikapplastic\/","https:\/\/www.instagram.com\/rubikap\/","https:\/\/www.youtube.com\/channel\/UC1GiuVgjjGVTFags6eP43jA"]}]}},"_links":{"self":[{"href":"https:\/\/rubikap.com\/en\/wp-json\/wp\/v2\/product\/232","targetHints":{"allow":["GET"]}}],"collection":[{"href":"https:\/\/rubikap.com\/en\/wp-json\/wp\/v2\/product"}],"about":[{"href":"https:\/\/rubikap.com\/en\/wp-json\/wp\/v2\/types\/product"}],"wp:featuredmedia":[{"embeddable":true,"href":"https:\/\/rubikap.com\/en\/wp-json\/wp\/v2\/media\/315"}],"wp:attachment":[{"href":"https:\/\/rubikap.com\/en\/wp-json\/wp\/v2\/media?parent=232"}],"wp:term":[{"taxonomy":"product_brand","embeddable":true,"href":"https:\/\/rubikap.com\/en\/wp-json\/wp\/v2\/product_brand?post=232"},{"taxonomy":"product_cat","embeddable":true,"href":"https:\/\/rubikap.com\/en\/wp-json\/wp\/v2\/product_cat?post=232"},{"taxonomy":"product_tag","embeddable":true,"href":"https:\/\/rubikap.com\/en\/wp-json\/wp\/v2\/product_tag?post=232"}],"curies":[{"name":"wp","href":"https:\/\/api.w.org\/{rel}","templated":true}]}}