{"id":225,"date":"2022-06-29T01:11:36","date_gmt":"2022-06-28T22:11:36","guid":{"rendered":"https:\/\/rubikap.com\/?post_type=product&#038;p=225"},"modified":"2025-08-04T18:52:58","modified_gmt":"2025-08-04T15:52:58","slug":"gb-c18-flut-sampanya-bardagi-180ml","status":"publish","type":"product","link":"https:\/\/rubikap.com\/en\/product\/gb-c18-flut-sampanya-bardagi-180ml\/","title":{"rendered":"GB.C18 Flut Champagne 180ml"},"content":{"rendered":"<p><span style=\"vertical-align: inherit;\">PM Serisi Premium \u015eampanya Bardak y\u00fcksek gramajl\u0131, a\u011f\u0131r yap\u0131lar\u0131yla,<\/span><br \/>\n<span style=\"vertical-align: inherit;\">cam g\u00f6r\u00fcn\u00fcm\u00fc ve cam hissine en yak\u0131n k\u0131r\u0131lmaz <\/span><a href=\"https:\/\/tr.wikipedia.org\/wiki\/Polikarbonat\"><span style=\"vertical-align: inherit;\">polikarbonat<\/span><\/a><span style=\"vertical-align: inherit;\"> \u00fcr\u00fcn grubumuzdur.<\/span><\/p>\n<p><span style=\"vertical-align: inherit;\">Dayan\u0131kl\u0131 polikarbonat yap\u0131s\u0131 ve modern \u00e7izgileri ile <\/span><a href=\"https:\/\/rubikap.com\/en\/product-category\/cok-kullanimlik-urunler\/\"><span style=\"vertical-align: inherit;\">\u00e7ok kullan\u0131ml\u0131k \u00fcr\u00fcnler<\/span><\/a><br \/>\n<span style=\"vertical-align: inherit;\">kullan\u0131c\u0131lar\u0131n her ortamda ilk tercihleri durumundad\u0131r.<\/span><\/p>","protected":false},"excerpt":{"rendered":"<table width=\"1050\">\n<tbody>\n<tr>\n<td width=\"347\"><strong>STOCK CODE<\/strong><\/td>\n<td width=\"697\">GB.C18<\/td>\n<\/tr>\n<tr>\n<td width=\"347\"><strong>MAX. DIAMETER <\/strong><\/td>\n<td width=\"697\">54mm<\/td>\n<\/tr>\n<tr>\n<td width=\"347\"><strong>HEIGHT<\/strong><\/td>\n<td width=\"697\">216mm<\/td>\n<\/tr>\n<tr>\n<td width=\"347\"><strong>FULL SIZE<\/strong><\/td>\n<td width=\"697\">180ml<\/td>\n<\/tr>\n<tr>\n<td width=\"347\"><strong>TAP SIZE<\/strong><\/td>\n<td width=\"697\">150ml<\/td>\n<\/tr>\n<tr>\n<td width=\"347\"><strong>SCALE LINE<\/strong><\/td>\n<td width=\"697\">Yok<\/td>\n<\/tr>\n<tr>\n<td width=\"347\"><strong>WEIGHT<\/strong><\/td>\n<td width=\"697\">70gr<\/td>\n<\/tr>\n<tr>\n<td width=\"347\"><strong>MATERIAL<\/strong><\/td>\n<td width=\"697\">Polycarbonate<\/td>\n<\/tr>\n<tr>\n<td width=\"347\"><strong>COLORS<\/strong><\/td>\n<td width=\"697\">\u015eeffaf, Beyaz<\/td>\n<\/tr>\n<tr>\n<td width=\"347\"><strong>QTY PCS IN BOX<\/strong><\/td>\n<td width=\"697\">50<\/td>\n<\/tr>\n<tr>\n<td width=\"347\"><strong>BOX SIZE <\/strong><\/td>\n<td width=\"697\">30x50x26 (cm)<\/td>\n<\/tr>\n<tr>\n<td width=\"347\"><strong>QTY OF PRODUCTS IN A PALLETE<\/strong><\/td>\n<td width=\"697\">2800<\/td>\n<\/tr>\n<tr>\n<td width=\"347\"><strong>PALLET SIZE <\/strong><\/td>\n<td width=\"697\">100x120x200 (cm)<\/td>\n<\/tr>\n<\/tbody>\n<\/table>\n<p>&nbsp;<\/p>","protected":false},"featured_media":5523,"template":"","meta":[],"product_brand":[],"product_cat":[22],"product_tag":[30,101,26,123,33],"class_list":{"0":"post-225","1":"product","2":"type-product","3":"status-publish","4":"has-post-thumbnail","6":"product_cat-premium-serisi","7":"product_tag-bira-bardagi","8":"product_tag-kirilmaz-bardak","9":"product_tag-kokteyl-bardagi","10":"product_tag-polikarbonat-bardak","11":"product_tag-sampanya-bardagi","13":"first","14":"instock","15":"shipping-taxable","16":"product-type-simple"},"yoast_head":"<!-- This site is optimized with the Yoast SEO plugin v27.3 - https:\/\/yoast.com\/product\/yoast-seo-wordpress\/ -->\n<title>GB.C18 Fl\u00fct \u015eampanya Barda\u011f\u0131 180ml - Rubikap Plastic Tableware - \u015eampanya Bardak<\/title>\n<meta name=\"description\" content=\"PM Serisi Premium \u015eampanya Bardak y\u00fcksek gramajl\u0131, a\u011f\u0131r yap\u0131lar\u0131yla cam g\u00f6r\u00fcn\u00fcm\u00fc ve cam hissine en yak\u0131n k\u0131r\u0131lmaz polikarbonat \u00fcr\u00fcn grubumuzdur.\" \/>\n<meta name=\"robots\" content=\"index, follow, max-snippet:-1, max-image-preview:large, max-video-preview:-1\" \/>\n<link rel=\"canonical\" href=\"https:\/\/rubikap.com\/en\/product\/gb-c18-flut-sampanya-bardagi-180ml\/\" \/>\n<meta property=\"og:locale\" content=\"en_US\" \/>\n<meta property=\"og:type\" content=\"article\" \/>\n<meta property=\"og:title\" content=\"GB.C18 Fl\u00fct \u015eampanya Barda\u011f\u0131 180ml - Rubikap Plastic Tableware - \u015eampanya Bardak\" \/>\n<meta property=\"og:description\" content=\"PM Serisi Premium \u015eampanya Bardak y\u00fcksek gramajl\u0131, a\u011f\u0131r yap\u0131lar\u0131yla cam g\u00f6r\u00fcn\u00fcm\u00fc ve cam hissine en yak\u0131n k\u0131r\u0131lmaz polikarbonat \u00fcr\u00fcn grubumuzdur.\" \/>\n<meta property=\"og:url\" content=\"https:\/\/rubikap.com\/en\/product\/gb-c18-flut-sampanya-bardagi-180ml\/\" \/>\n<meta property=\"og:site_name\" content=\"Rubikap Plastic Tableware\" \/>\n<meta property=\"article:publisher\" content=\"https:\/\/www.facebook.com\/rubikapplastic\/\" \/>\n<meta property=\"article:modified_time\" content=\"2025-08-04T15:52:58+00:00\" \/>\n<meta property=\"og:image\" content=\"https:\/\/rubikap.com\/wp-content\/uploads\/2022\/06\/GB-C18-kadeh.jpg\" \/>\n\t<meta property=\"og:image:width\" content=\"900\" \/>\n\t<meta property=\"og:image:height\" content=\"900\" \/>\n\t<meta property=\"og:image:type\" content=\"image\/jpeg\" \/>\n<meta name=\"twitter:card\" content=\"summary_large_image\" \/>\n<meta name=\"twitter:label1\" content=\"Est. reading time\" \/>\n\t<meta name=\"twitter:data1\" content=\"1 minute\" \/>\n<!-- \/ Yoast SEO plugin. -->","yoast_head_json":{"title":"GB.C18 Fl\u00fct \u015eampanya Barda\u011f\u0131 180ml - Rubikap Plastic Tableware - \u015eampanya Bardak","description":"PM Serisi Premium \u015eampanya Bardak y\u00fcksek gramajl\u0131, a\u011f\u0131r yap\u0131lar\u0131yla cam g\u00f6r\u00fcn\u00fcm\u00fc ve cam hissine en yak\u0131n k\u0131r\u0131lmaz polikarbonat \u00fcr\u00fcn grubumuzdur.","robots":{"index":"index","follow":"follow","max-snippet":"max-snippet:-1","max-image-preview":"max-image-preview:large","max-video-preview":"max-video-preview:-1"},"canonical":"https:\/\/rubikap.com\/en\/product\/gb-c18-flut-sampanya-bardagi-180ml\/","og_locale":"en_US","og_type":"article","og_title":"GB.C18 Fl\u00fct \u015eampanya Barda\u011f\u0131 180ml - Rubikap Plastic Tableware - \u015eampanya Bardak","og_description":"PM Serisi Premium \u015eampanya Bardak y\u00fcksek gramajl\u0131, a\u011f\u0131r yap\u0131lar\u0131yla cam g\u00f6r\u00fcn\u00fcm\u00fc ve cam hissine en yak\u0131n k\u0131r\u0131lmaz polikarbonat \u00fcr\u00fcn grubumuzdur.","og_url":"https:\/\/rubikap.com\/en\/product\/gb-c18-flut-sampanya-bardagi-180ml\/","og_site_name":"Rubikap Plastic Tableware","article_publisher":"https:\/\/www.facebook.com\/rubikapplastic\/","article_modified_time":"2025-08-04T15:52:58+00:00","og_image":[{"width":900,"height":900,"url":"https:\/\/rubikap.com\/wp-content\/uploads\/2022\/06\/GB-C18-kadeh.jpg","type":"image\/jpeg"}],"twitter_card":"summary_large_image","twitter_misc":{"Est. reading time":"1 minute"},"schema":{"@context":"https:\/\/schema.org","@graph":[{"@type":"WebPage","@id":"https:\/\/rubikap.com\/product\/gb-c18-flut-sampanya-bardagi-180ml\/","url":"https:\/\/rubikap.com\/product\/gb-c18-flut-sampanya-bardagi-180ml\/","name":"GB.C18 Fl\u00fct \u015eampanya Barda\u011f\u0131 180ml - Rubikap Plastic Tableware - \u015eampanya Bardak","isPartOf":{"@id":"https:\/\/rubikap.com\/#website"},"primaryImageOfPage":{"@id":"https:\/\/rubikap.com\/product\/gb-c18-flut-sampanya-bardagi-180ml\/#primaryimage"},"image":{"@id":"https:\/\/rubikap.com\/product\/gb-c18-flut-sampanya-bardagi-180ml\/#primaryimage"},"thumbnailUrl":"https:\/\/rubikap.com\/wp-content\/uploads\/2022\/06\/GB-C18-kadeh.jpg","datePublished":"2022-06-28T22:11:36+00:00","dateModified":"2025-08-04T15:52:58+00:00","description":"PM Serisi Premium \u015eampanya Bardak y\u00fcksek gramajl\u0131, a\u011f\u0131r yap\u0131lar\u0131yla cam g\u00f6r\u00fcn\u00fcm\u00fc ve cam hissine en yak\u0131n k\u0131r\u0131lmaz polikarbonat \u00fcr\u00fcn grubumuzdur.","breadcrumb":{"@id":"https:\/\/rubikap.com\/product\/gb-c18-flut-sampanya-bardagi-180ml\/#breadcrumb"},"inLanguage":"en-US","potentialAction":[{"@type":"ReadAction","target":["https:\/\/rubikap.com\/product\/gb-c18-flut-sampanya-bardagi-180ml\/"]}]},{"@type":"ImageObject","inLanguage":"en-US","@id":"https:\/\/rubikap.com\/product\/gb-c18-flut-sampanya-bardagi-180ml\/#primaryimage","url":"https:\/\/rubikap.com\/wp-content\/uploads\/2022\/06\/GB-C18-kadeh.jpg","contentUrl":"https:\/\/rubikap.com\/wp-content\/uploads\/2022\/06\/GB-C18-kadeh.jpg","width":900,"height":900},{"@type":"BreadcrumbList","@id":"https:\/\/rubikap.com\/product\/gb-c18-flut-sampanya-bardagi-180ml\/#breadcrumb","itemListElement":[{"@type":"ListItem","position":1,"name":"Anasayfa","item":"https:\/\/rubikap.com\/"},{"@type":"ListItem","position":2,"name":"Shop","item":"https:\/\/rubikap.com\/shop\/"},{"@type":"ListItem","position":3,"name":"GB.C18 Fl\u00fct \u015eampanya Barda\u011f\u0131 180ml"}]},{"@type":"WebSite","@id":"https:\/\/rubikap.com\/#website","url":"https:\/\/rubikap.com\/","name":"Rubikap","description":"","publisher":{"@id":"https:\/\/rubikap.com\/#organization"},"potentialAction":[{"@type":"SearchAction","target":{"@type":"EntryPoint","urlTemplate":"https:\/\/rubikap.com\/?s={search_term_string}"},"query-input":{"@type":"PropertyValueSpecification","valueRequired":true,"valueName":"search_term_string"}}],"inLanguage":"en-US"},{"@type":"Organization","@id":"https:\/\/rubikap.com\/#organization","name":"Rubikap","url":"https:\/\/rubikap.com\/","logo":{"@type":"ImageObject","inLanguage":"en-US","@id":"https:\/\/rubikap.com\/#\/schema\/logo\/image\/","url":"https:\/\/rubikap.com\/wp-content\/uploads\/2023\/05\/rubiakp-logo-e1683836552396.png","contentUrl":"https:\/\/rubikap.com\/wp-content\/uploads\/2023\/05\/rubiakp-logo-e1683836552396.png","width":1400,"height":420,"caption":"Rubikap"},"image":{"@id":"https:\/\/rubikap.com\/#\/schema\/logo\/image\/"},"sameAs":["https:\/\/www.facebook.com\/rubikapplastic\/","https:\/\/www.instagram.com\/rubikap\/","https:\/\/www.youtube.com\/channel\/UC1GiuVgjjGVTFags6eP43jA"]}]}},"_links":{"self":[{"href":"https:\/\/rubikap.com\/en\/wp-json\/wp\/v2\/product\/225","targetHints":{"allow":["GET"]}}],"collection":[{"href":"https:\/\/rubikap.com\/en\/wp-json\/wp\/v2\/product"}],"about":[{"href":"https:\/\/rubikap.com\/en\/wp-json\/wp\/v2\/types\/product"}],"wp:featuredmedia":[{"embeddable":true,"href":"https:\/\/rubikap.com\/en\/wp-json\/wp\/v2\/media\/5523"}],"wp:attachment":[{"href":"https:\/\/rubikap.com\/en\/wp-json\/wp\/v2\/media?parent=225"}],"wp:term":[{"taxonomy":"product_brand","embeddable":true,"href":"https:\/\/rubikap.com\/en\/wp-json\/wp\/v2\/product_brand?post=225"},{"taxonomy":"product_cat","embeddable":true,"href":"https:\/\/rubikap.com\/en\/wp-json\/wp\/v2\/product_cat?post=225"},{"taxonomy":"product_tag","embeddable":true,"href":"https:\/\/rubikap.com\/en\/wp-json\/wp\/v2\/product_tag?post=225"}],"curies":[{"name":"wp","href":"https:\/\/api.w.org\/{rel}","templated":true}]}}