{"id":213,"date":"2022-06-29T01:11:35","date_gmt":"2022-06-28T22:11:35","guid":{"rendered":"https:\/\/rubikap.com\/?post_type=product&#038;p=213"},"modified":"2024-12-19T23:27:34","modified_gmt":"2024-12-19T20:27:34","slug":"pm-250-premium-bardak-250ml","status":"publish","type":"product","link":"https:\/\/rubikap.com\/en\/product\/pm-250-premium-bardak-250ml\/","title":{"rendered":"PM.250 Premium Tumbler 250ml"},"content":{"rendered":"<p>PM Serisi Premium Bardak ve Kadehlerimiz y\u00fcksek gramajl\u0131, a\u011f\u0131r yap\u0131lar\u0131yla,<br \/>\ncam g\u00f6r\u00fcn\u00fcm\u00fc ve cam hissine en yak\u0131n k\u0131r\u0131lmaz <a href=\"https:\/\/tr.wikipedia.org\/wiki\/Polikarbonat\" target=\"_blank\" rel=\"noopener\">polikarbonat<\/a> \u00fcr\u00fcn grubumuzdur.<\/p>\n<p><span class=\"s1\">Polikarbonat malzemeden \u00fcretilen k\u0131r\u0131lmaz bardak \u00fcr\u00fcnlerimiz <\/span><span class=\"s2\">y\u00fcksek darbe dayan\u0131m\u0131na sahiptir<\/span> ve modern \u00e7izgileri ile <a href=\"https:\/\/rubikap.com\/en\/product-category\/cok-kullanimlik-urunler\/\">\u00e7ok kullan\u0131ml\u0131k \u00fcr\u00fcnler<\/a><br \/>\nkullan\u0131c\u0131lar\u0131n her ortamda ilk tercihleri durumundad\u0131r.<\/p>","protected":false},"excerpt":{"rendered":"<table width=\"1050\">\n<tbody>\n<tr>\n<td width=\"347\"><strong>STOCK CODE<\/strong><\/td>\n<td width=\"697\">PM.250<\/td>\n<\/tr>\n<tr>\n<td width=\"347\"><strong>MAX. DIAMETER <\/strong><\/td>\n<td width=\"697\">84mm<\/td>\n<\/tr>\n<tr>\n<td width=\"347\"><strong>HEIGHT<\/strong><\/td>\n<td width=\"697\">90mm<\/td>\n<\/tr>\n<tr>\n<td width=\"347\"><strong>FULL SIZE<\/strong><\/td>\n<td width=\"697\">250ml<\/td>\n<\/tr>\n<tr>\n<td width=\"347\"><strong>TAP SIZE<\/strong><\/td>\n<td width=\"697\">230ml<\/td>\n<\/tr>\n<tr>\n<td width=\"347\"><strong>SCALE LINE<\/strong><\/td>\n<td width=\"697\">Yok<\/td>\n<\/tr>\n<tr>\n<td width=\"347\"><strong>WEIGHT<\/strong><\/td>\n<td width=\"697\">92gr<\/td>\n<\/tr>\n<tr>\n<td width=\"347\"><strong>MATERIAL<\/strong><\/td>\n<td width=\"697\">Polycarbonate<\/td>\n<\/tr>\n<tr>\n<td width=\"347\"><strong>COLORS<\/strong><\/td>\n<td width=\"697\">\u015eeffaf, Beyaz, Siyah, K\u0131rm\u0131z\u0131, Amber<\/td>\n<\/tr>\n<tr>\n<td width=\"347\"><strong>QTY PCS IN BOX<\/strong><\/td>\n<td width=\"697\">100<\/td>\n<\/tr>\n<tr>\n<td width=\"347\"><strong>BOX SIZE <\/strong><\/td>\n<td width=\"697\">40x30x36 (cm)<\/td>\n<\/tr>\n<tr>\n<td width=\"347\"><strong>QTY OF PRODUCTS IN A PALLETE<\/strong><\/td>\n<td width=\"697\">5000<\/td>\n<\/tr>\n<tr>\n<td width=\"347\"><strong>PALLET SIZE <\/strong><\/td>\n<td width=\"697\">100x120x200 (cm)<\/td>\n<\/tr>\n<\/tbody>\n<\/table>\n<p>&nbsp;<\/p>\n<p>&nbsp;<\/p>","protected":false},"featured_media":249,"template":"","meta":[],"product_brand":[],"product_cat":[122,22],"product_tag":[23,157,25,101,26,27,155,156,29,28],"class_list":{"0":"post-213","1":"product","2":"type-product","3":"status-publish","4":"has-post-thumbnail","6":"product_cat-kirilmaz-bardak","7":"product_cat-premium-serisi","8":"product_tag-cin-bardagi","9":"product_tag-glaser-aus-polycarbonat","10":"product_tag-kahve-bardagi","11":"product_tag-kirilmaz-bardak","12":"product_tag-kokteyl-bardagi","13":"product_tag-meyve-suyu-bardagi","14":"product_tag-polycarbonat-glaser","15":"product_tag-polycarbonate-cup","16":"product_tag-su-bardagi","17":"product_tag-votka-bardagi","19":"first","20":"instock","21":"shipping-taxable","22":"product-type-simple"},"yoast_head":"<!-- This site is optimized with the Yoast SEO plugin v27.3 - https:\/\/yoast.com\/product\/yoast-seo-wordpress\/ -->\n<title>PM.250 Premium Bardak 250ml - Rubikap Plastic Tableware - K\u0131r\u0131lmaz Bardak - Polikarbonat<\/title>\n<meta name=\"description\" content=\"PM Serisi \u00c7ok Kullan\u0131ml\u0131k Bardak ve Kadehlerimiz y\u00fcksek gramajl\u0131, a\u011f\u0131r yap\u0131lar\u0131yla cam g\u00f6r\u00fcn\u00fcm\u00fc ve polikarbonat k\u0131r\u0131lmaz bardak \u00fcr\u00fcnlerimizdir.\" \/>\n<meta name=\"robots\" content=\"index, follow, max-snippet:-1, max-image-preview:large, max-video-preview:-1\" \/>\n<link rel=\"canonical\" href=\"https:\/\/rubikap.com\/en\/product\/pm-250-premium-bardak-250ml\/\" \/>\n<meta property=\"og:locale\" content=\"en_US\" \/>\n<meta property=\"og:type\" content=\"article\" \/>\n<meta property=\"og:title\" content=\"PM.250 Premium Bardak 250ml - Rubikap Plastic Tableware - K\u0131r\u0131lmaz Bardak - Polikarbonat\" \/>\n<meta property=\"og:description\" content=\"PM Serisi \u00c7ok Kullan\u0131ml\u0131k Bardak ve Kadehlerimiz y\u00fcksek gramajl\u0131, a\u011f\u0131r yap\u0131lar\u0131yla cam g\u00f6r\u00fcn\u00fcm\u00fc ve polikarbonat k\u0131r\u0131lmaz bardak \u00fcr\u00fcnlerimizdir.\" \/>\n<meta property=\"og:url\" content=\"https:\/\/rubikap.com\/en\/product\/pm-250-premium-bardak-250ml\/\" \/>\n<meta property=\"og:site_name\" content=\"Rubikap Plastic Tableware\" \/>\n<meta property=\"article:publisher\" content=\"https:\/\/www.facebook.com\/rubikapplastic\/\" \/>\n<meta property=\"article:modified_time\" content=\"2024-12-19T20:27:34+00:00\" \/>\n<meta property=\"og:image\" content=\"https:\/\/rubikap.com\/wp-content\/uploads\/2022\/06\/PM.250.jpg\" \/>\n\t<meta property=\"og:image:width\" content=\"600\" \/>\n\t<meta property=\"og:image:height\" content=\"600\" \/>\n\t<meta property=\"og:image:type\" content=\"image\/jpeg\" \/>\n<meta name=\"twitter:card\" content=\"summary_large_image\" \/>\n<meta name=\"twitter:label1\" content=\"Est. reading time\" \/>\n\t<meta name=\"twitter:data1\" content=\"1 minute\" \/>\n<!-- \/ Yoast SEO plugin. -->","yoast_head_json":{"title":"PM.250 Premium Bardak 250ml - Rubikap Plastic Tableware - K\u0131r\u0131lmaz Bardak - Polikarbonat","description":"PM Serisi \u00c7ok Kullan\u0131ml\u0131k Bardak ve Kadehlerimiz y\u00fcksek gramajl\u0131, a\u011f\u0131r yap\u0131lar\u0131yla cam g\u00f6r\u00fcn\u00fcm\u00fc ve polikarbonat k\u0131r\u0131lmaz bardak \u00fcr\u00fcnlerimizdir.","robots":{"index":"index","follow":"follow","max-snippet":"max-snippet:-1","max-image-preview":"max-image-preview:large","max-video-preview":"max-video-preview:-1"},"canonical":"https:\/\/rubikap.com\/en\/product\/pm-250-premium-bardak-250ml\/","og_locale":"en_US","og_type":"article","og_title":"PM.250 Premium Bardak 250ml - Rubikap Plastic Tableware - K\u0131r\u0131lmaz Bardak - Polikarbonat","og_description":"PM Serisi \u00c7ok Kullan\u0131ml\u0131k Bardak ve Kadehlerimiz y\u00fcksek gramajl\u0131, a\u011f\u0131r yap\u0131lar\u0131yla cam g\u00f6r\u00fcn\u00fcm\u00fc ve polikarbonat k\u0131r\u0131lmaz bardak \u00fcr\u00fcnlerimizdir.","og_url":"https:\/\/rubikap.com\/en\/product\/pm-250-premium-bardak-250ml\/","og_site_name":"Rubikap Plastic Tableware","article_publisher":"https:\/\/www.facebook.com\/rubikapplastic\/","article_modified_time":"2024-12-19T20:27:34+00:00","og_image":[{"width":600,"height":600,"url":"https:\/\/rubikap.com\/wp-content\/uploads\/2022\/06\/PM.250.jpg","type":"image\/jpeg"}],"twitter_card":"summary_large_image","twitter_misc":{"Est. reading time":"1 minute"},"schema":{"@context":"https:\/\/schema.org","@graph":[{"@type":"WebPage","@id":"https:\/\/rubikap.com\/product\/pm-250-premium-bardak-250ml\/","url":"https:\/\/rubikap.com\/product\/pm-250-premium-bardak-250ml\/","name":"PM.250 Premium Bardak 250ml - Rubikap Plastic Tableware - K\u0131r\u0131lmaz Bardak - Polikarbonat","isPartOf":{"@id":"https:\/\/rubikap.com\/#website"},"primaryImageOfPage":{"@id":"https:\/\/rubikap.com\/product\/pm-250-premium-bardak-250ml\/#primaryimage"},"image":{"@id":"https:\/\/rubikap.com\/product\/pm-250-premium-bardak-250ml\/#primaryimage"},"thumbnailUrl":"https:\/\/rubikap.com\/wp-content\/uploads\/2022\/06\/PM.250.jpg","datePublished":"2022-06-28T22:11:35+00:00","dateModified":"2024-12-19T20:27:34+00:00","description":"PM Serisi \u00c7ok Kullan\u0131ml\u0131k Bardak ve Kadehlerimiz y\u00fcksek gramajl\u0131, a\u011f\u0131r yap\u0131lar\u0131yla cam g\u00f6r\u00fcn\u00fcm\u00fc ve polikarbonat k\u0131r\u0131lmaz bardak \u00fcr\u00fcnlerimizdir.","breadcrumb":{"@id":"https:\/\/rubikap.com\/product\/pm-250-premium-bardak-250ml\/#breadcrumb"},"inLanguage":"en-US","potentialAction":[{"@type":"ReadAction","target":["https:\/\/rubikap.com\/product\/pm-250-premium-bardak-250ml\/"]}]},{"@type":"ImageObject","inLanguage":"en-US","@id":"https:\/\/rubikap.com\/product\/pm-250-premium-bardak-250ml\/#primaryimage","url":"https:\/\/rubikap.com\/wp-content\/uploads\/2022\/06\/PM.250.jpg","contentUrl":"https:\/\/rubikap.com\/wp-content\/uploads\/2022\/06\/PM.250.jpg","width":600,"height":600},{"@type":"BreadcrumbList","@id":"https:\/\/rubikap.com\/product\/pm-250-premium-bardak-250ml\/#breadcrumb","itemListElement":[{"@type":"ListItem","position":1,"name":"Anasayfa","item":"https:\/\/rubikap.com\/"},{"@type":"ListItem","position":2,"name":"Shop","item":"https:\/\/rubikap.com\/shop\/"},{"@type":"ListItem","position":3,"name":"PM.250 Premium Bardak 250ml"}]},{"@type":"WebSite","@id":"https:\/\/rubikap.com\/#website","url":"https:\/\/rubikap.com\/","name":"Rubikap","description":"","publisher":{"@id":"https:\/\/rubikap.com\/#organization"},"potentialAction":[{"@type":"SearchAction","target":{"@type":"EntryPoint","urlTemplate":"https:\/\/rubikap.com\/?s={search_term_string}"},"query-input":{"@type":"PropertyValueSpecification","valueRequired":true,"valueName":"search_term_string"}}],"inLanguage":"en-US"},{"@type":"Organization","@id":"https:\/\/rubikap.com\/#organization","name":"Rubikap","url":"https:\/\/rubikap.com\/","logo":{"@type":"ImageObject","inLanguage":"en-US","@id":"https:\/\/rubikap.com\/#\/schema\/logo\/image\/","url":"https:\/\/rubikap.com\/wp-content\/uploads\/2023\/05\/rubiakp-logo-e1683836552396.png","contentUrl":"https:\/\/rubikap.com\/wp-content\/uploads\/2023\/05\/rubiakp-logo-e1683836552396.png","width":1400,"height":420,"caption":"Rubikap"},"image":{"@id":"https:\/\/rubikap.com\/#\/schema\/logo\/image\/"},"sameAs":["https:\/\/www.facebook.com\/rubikapplastic\/","https:\/\/www.instagram.com\/rubikap\/","https:\/\/www.youtube.com\/channel\/UC1GiuVgjjGVTFags6eP43jA"]}]}},"_links":{"self":[{"href":"https:\/\/rubikap.com\/en\/wp-json\/wp\/v2\/product\/213","targetHints":{"allow":["GET"]}}],"collection":[{"href":"https:\/\/rubikap.com\/en\/wp-json\/wp\/v2\/product"}],"about":[{"href":"https:\/\/rubikap.com\/en\/wp-json\/wp\/v2\/types\/product"}],"wp:featuredmedia":[{"embeddable":true,"href":"https:\/\/rubikap.com\/en\/wp-json\/wp\/v2\/media\/249"}],"wp:attachment":[{"href":"https:\/\/rubikap.com\/en\/wp-json\/wp\/v2\/media?parent=213"}],"wp:term":[{"taxonomy":"product_brand","embeddable":true,"href":"https:\/\/rubikap.com\/en\/wp-json\/wp\/v2\/product_brand?post=213"},{"taxonomy":"product_cat","embeddable":true,"href":"https:\/\/rubikap.com\/en\/wp-json\/wp\/v2\/product_cat?post=213"},{"taxonomy":"product_tag","embeddable":true,"href":"https:\/\/rubikap.com\/en\/wp-json\/wp\/v2\/product_tag?post=213"}],"curies":[{"name":"wp","href":"https:\/\/api.w.org\/{rel}","templated":true}]}}