{"id":854,"date":"2022-06-29T01:58:32","date_gmt":"2022-06-28T22:58:32","guid":{"rendered":"https:\/\/rubikap.com\/?page_id=854"},"modified":"2025-04-11T13:10:21","modified_gmt":"2025-04-11T10:10:21","slug":"s-s-s","status":"publish","type":"page","link":"https:\/\/rubikap.com\/en\/s-s-s\/","title":{"rendered":"S.S.S"},"content":{"rendered":"<section class=\"section\" id=\"section_1121915472\">\n\t\t<div class=\"section-bg fill\" >\n\t\t\t\t\t\t\t\t\t\n\t\t\t\n\n\t\t<\/div>\n\n\t\t\n\n\t\t<div class=\"section-content relative\">\n\t\t\t\n\n<div class=\"row\"  id=\"row-1867962507\">\n\n\n\t<div id=\"col-1217626206\" class=\"col small-12 large-12\"  >\n\t\t\t\t<div class=\"col-inner text-center\"  >\n\t\t\t\n\t\t\t\n\n<p><span style=\"color: #ed1c24;\">S.S.S<\/span><\/p>\n<h2 class=\"\"><strong>Frequently asked <span style=\"color: #ed1c24;\">Questions<\/span><\/strong><\/h2>\n<p>\u00a0<\/p>\n<div id=\"gtx-trans\" style=\"position: absolute; left: -38px; top: -4.88281px;\">\n<div class=\"gtx-trans-icon\">\u00a0<\/div>\n<\/div>\n\n\t\t<\/div>\n\t\t\t\t\t<\/div>\n\n\t\n\n<\/div>\n<div class=\"row row-full-width align-center row-box-shadow-1\"  id=\"row-1492159414\">\n\n\n\t<div id=\"col-671938425\" class=\"col medium-10 small-12 large-9\"  >\n\t\t\t\t<div class=\"col-inner\" style=\"background-color:rgb(255,255,255);\" >\n\t\t\t\n\t\t\t\n\n<div class=\"accordion\">\n\n\t<div id=\"accordion-1432419822\" class=\"accordion-item\">\n\t\t<a id=\"accordion-1432419822-label\" class=\"accordion-title plain active\" href=\"#accordion-item-rubikap-\u00fcr\u00fcnlerini-nereden-sat\u0131n-alabilirim?\" aria-expanded=\"true\" aria-controls=\"accordion-1432419822-content\">\n\t\t\t<button class=\"toggle\" aria-label=\"Toggle\"><i class=\"icon-angle-down\" aria-hidden=\"true\"><\/i><\/button>\n\t\t\t<span>Where can I buy Rubikap products?<\/span>\n\t\t<\/a>\n\t\t<div id=\"accordion-1432419822-content\" class=\"accordion-inner\" style=\"display: block;\" aria-labelledby=\"accordion-1432419822-label\">\n\t\t\t\n\n<p>You can purchase Rubikap products from our dealers located in many parts of Turkey, as well as from our authorized dealers through online sales channels.<br \/>You can contact us for detailed information about our dealers.<\/p>\n<div id=\"gtx-trans\" style=\"position: absolute; left: 530px; top: 77.5859px;\">\n<div class=\"gtx-trans-icon\">\u00a0<\/div>\n<\/div>\n\n\t\t<\/div>\n\t<\/div>\n\t\n\t<div id=\"accordion-3929759058\" class=\"accordion-item\">\n\t\t<a id=\"accordion-3929759058-label\" class=\"accordion-title plain\" href=\"#accordion-item-neden-rubikap?\" aria-expanded=\"false\" aria-controls=\"accordion-3929759058-content\">\n\t\t\t<button class=\"toggle\" aria-label=\"Toggle\"><i class=\"icon-angle-down\" aria-hidden=\"true\"><\/i><\/button>\n\t\t\t<span>Why Rubikap?<\/span>\n\t\t<\/a>\n\t\t<div id=\"accordion-3929759058-content\" class=\"accordion-inner\" aria-labelledby=\"accordion-3929759058-label\">\n\t\t\t\n\n<p>Rubikap is the first manufacturer in Turkey to produce unbreakable polycarbonate cups and reusable desktop equipment. With 34 years of production experience, Metplas A.\u015e. It is one of the brands of At the same time, Rubikap is one of the two European companies producing a wide range of both reusable and disposable desktop products. It is the only company in Turkey that produces both product groups.<\/p>\n\n\t\t<\/div>\n\t<\/div>\n\t\n\t<div id=\"accordion-1414783108\" class=\"accordion-item\">\n\t\t<a id=\"accordion-1414783108-label\" class=\"accordion-title plain\" href=\"#accordion-item-bayiniz-olabilirmiyiz?\" aria-expanded=\"false\" aria-controls=\"accordion-1414783108-content\">\n\t\t\t<button class=\"toggle\" aria-label=\"Toggle\"><i class=\"icon-angle-down\" aria-hidden=\"true\"><\/i><\/button>\n\t\t\t<span>Can we be your dealer?<\/span>\n\t\t<\/a>\n\t\t<div id=\"accordion-1414783108-content\" class=\"accordion-inner\" aria-labelledby=\"accordion-1414783108-label\">\n\t\t\t\n\n<p>In order to become our dealer to sell Rubikap brand products, you need to contact our sales team via e-mail or telephone. We have a b2b system that also provides services for our dealers and they can follow all the details about our products through this system.<\/p>\n<div id=\"gtx-trans\" style=\"position: absolute; left: 486px; top: 77.5859px;\">\n<div class=\"gtx-trans-icon\">\u00a0<\/div>\n<\/div>\n\n\t\t<\/div>\n\t<\/div>\n\t\n\t<div id=\"accordion-1531515215\" class=\"accordion-item\">\n\t\t<a id=\"accordion-1531515215-label\" class=\"accordion-title plain\" href=\"#accordion-item-\u00dcr\u00fcnlerinize-logo-bask\u0131-yap\u0131labilirmi?\" aria-expanded=\"false\" aria-controls=\"accordion-1531515215-content\">\n\t\t\t<button class=\"toggle\" aria-label=\"Toggle\"><i class=\"icon-angle-down\" aria-hidden=\"true\"><\/i><\/button>\n\t\t\t<span>Is it possible to print logo on your products?<\/span>\n\t\t<\/a>\n\t\t<div id=\"accordion-1531515215-content\" class=\"accordion-inner\" aria-labelledby=\"accordion-1531515215-label\">\n\t\t\t\n\n<p>Logo can be printed on all our products. Our products that we make a lot of logo printing; our unbreakable polycarbonate cups, plastic ice buckets, disposable cups and food containers. We have pad machines that can print in different numbers of colors and sizes.<\/p>\n\n\t\t<\/div>\n\t<\/div>\n\t\n\t<div id=\"accordion-3429490454\" class=\"accordion-item\">\n\t\t<a id=\"accordion-3429490454-label\" class=\"accordion-title plain\" href=\"#accordion-item-polikarbonat-k\u0131r\u0131lmaz-bardaklar-\u00e7evreye-zararl\u0131m\u0131?\" aria-expanded=\"false\" aria-controls=\"accordion-3429490454-content\">\n\t\t\t<button class=\"toggle\" aria-label=\"Toggle\"><i class=\"icon-angle-down\" aria-hidden=\"true\"><\/i><\/button>\n\t\t\t<span>Are polycarbonate unbreakable glasses harmful to the environment?<\/span>\n\t\t<\/a>\n\t\t<div id=\"accordion-3429490454-content\" class=\"accordion-inner\" aria-labelledby=\"accordion-3429490454-label\">\n\t\t\t\n\n<p>Polycarbonate unbreakable cups are the least harmful plastic cups for the environment. It is the most environmentally friendly product when compared to glass cups that will break during this period or cardboard cups to be used and thrown away, as it is washed and used many times (2000 \u2013 3000) even in the most intense areas of use and does not break. As with all plastic products, we can say that it is absolutely environmentally friendly when used consciously.<\/p>\n\n\t\t<\/div>\n\t<\/div>\n\t\n\t<div id=\"accordion-1595083289\" class=\"accordion-item\">\n\t\t<a id=\"accordion-1595083289-label\" class=\"accordion-title plain\" href=\"#accordion-item-y\u0131kanabilir-ps-\u00fcr\u00fcnler-sa\u011fl\u0131\u011fa-zararl\u0131m\u0131d\u0131r?\" aria-expanded=\"false\" aria-controls=\"accordion-1595083289-content\">\n\t\t\t<button class=\"toggle\" aria-label=\"Toggle\"><i class=\"icon-angle-down\" aria-hidden=\"true\"><\/i><\/button>\n\t\t\t<span>Are multi-use PS products harmful to health?<\/span>\n\t\t<\/a>\n\t\t<div id=\"accordion-1595083289-content\" class=\"accordion-inner\" aria-labelledby=\"accordion-1595083289-label\">\n\t\t\t\n\n<p>All of our washable PS cups, glasses, plates, and dessert bowls are made from food-safe types of polystyrene and polypropylene raw materials. You can find the Intertek test reports for all our products on our website. When purchasing products such as washable PS cups, please make sure to buy from companies that have certifications and have obtained the necessary ministry approvals.<\/p>\n\n\t\t<\/div>\n\t<\/div>\n\t\n\t<div id=\"accordion-3974057349\" class=\"accordion-item\">\n\t\t<a id=\"accordion-3974057349-label\" class=\"accordion-title plain\" href=\"#accordion-item-k\u0131r\u0131lmaz-bardaklar\u0131n\u0131z-y\u0131kanabilirmi?\" aria-expanded=\"false\" aria-controls=\"accordion-3974057349-content\">\n\t\t\t<button class=\"toggle\" aria-label=\"Toggle\"><i class=\"icon-angle-down\" aria-hidden=\"true\"><\/i><\/button>\n\t\t\t<span>Are your Unbreakable Glasses washable?<\/span>\n\t\t<\/a>\n\t\t<div id=\"accordion-3974057349-content\" class=\"accordion-inner\" aria-labelledby=\"accordion-3974057349-label\">\n\t\t\t\n\n<p>Yes, Rubikap brand unbreakable polycarbonate and tritan glasses are washable products. We recommend washing in industrial or household dishwashers. The products are durable between 2000 and 3000 washes according to the conditions of use.<\/p>\n\n\t\t<\/div>\n\t<\/div>\n\t\n\n<\/div>\n\n\t\t<\/div>\n\t\t\t\t\t<\/div>\n\n\t\n\n\n<style>\n#row-1492159414 > .col > .col-inner {\n  padding: 0px 0px 0px 0px;\n}\n@media (min-width:550px) {\n  #row-1492159414 > .col > .col-inner {\n    padding: 30px 30px 30px 30px;\n  }\n}\n<\/style>\n<\/div>\n\n\t\t<\/div>\n\n\t\t\n<style>\n#section_1121915472 {\n  padding-top: 60px;\n  padding-bottom: 60px;\n  background-color: rgb(255,255,255);\n}\n<\/style>\n\t<\/section>\n\t\n\n  <div class=\"banner has-hover\" id=\"banner-1997717036\">\n          <div class=\"banner-inner fill\">\n        <div class=\"banner-bg fill\" >\n            <img loading=\"lazy\" decoding=\"async\" width=\"1020\" height=\"413\" src=\"https:\/\/rubikap.com\/wp-content\/uploads\/2022\/06\/Diamond-Prizma-1024x415-1.jpeg\" class=\"bg attachment-large size-large\" alt=\"\" \/>                        <div class=\"overlay\"><\/div>            \n                    <\/div>\n\t\t\n        <div class=\"banner-layers container\">\n            <div class=\"fill banner-link\"><\/div>            \n\n   <div id=\"text-box-2037906777\" class=\"text-box banner-layer x5 md-x5 lg-x0 y90 md-y80 lg-y50 res-text\">\n                                <div class=\"text-box-content text dark\">\n              \n              <div class=\"text-inner text-left\">\n                  \n\n\t<div id=\"text-187156547\" class=\"text\">\n\t\t\n\n<h3><strong>Economical Solutions to<\/strong><\/h3>\n<h3><strong>Stylish Presentations<\/strong><\/h3>\n<p>By adding new research and development investments every day, it produces new products in line with the demands of its customers and makes a difference with new designs.<br \/>It has produced about 500 mold sets that can produce more than 2000 kinds of products with CNC machines in its own production line, and new molds are added to the molds every day.<\/p>\n<div id=\"gtx-trans\" style=\"position: absolute; left: -23px; top: 95.4375px;\">\n<div class=\"gtx-trans-icon\">\u00a0<\/div>\n<\/div>\n\t\t\n<style>\n#text-187156547 {\n  font-size: 0.75rem;\n}\n<\/style>\n\t<\/div>\n\t\n<a href=\"https:\/\/rubikap.com\/en\/product-category\/cok-kullanimlik-urunler\/\" class=\"button primary is-underline\" >\n\t\t<span>View Products<\/span>\n\t<i class=\"icon-angle-right\" aria-hidden=\"true\"><\/i><\/a>\n\n\n\n              <\/div>\n           <\/div>\n                            \n<style>\n#text-box-2037906777 {\n  width: 91%;\n}\n#text-box-2037906777 .text-box-content {\n  font-size: 100%;\n}\n@media (min-width:550px) {\n  #text-box-2037906777 {\n    width: 68%;\n  }\n}\n<\/style>\n    <\/div>\n \n\n        <\/div>\n      <\/div>\n\n            \n<style>\n#banner-1997717036 {\n  padding-top: 500px;\n  background-color: rgb(255, 255, 255);\n}\n#banner-1997717036 .overlay {\n  background-color: rgba(0, 0, 0, 0.244);\n}\n#banner-1997717036 .banner-bg img {\n  object-position: 41% 64%;\n}\n<\/style>\n  <\/div>\n\n\n\t<div id=\"gap-1626258360\" class=\"gap-element clearfix\" style=\"display:block; height:auto;\">\n\t\t\n<style>\n#gap-1626258360 {\n  padding-top: 30px;\n}\n<\/style>\n\t<\/div>\n\t\n\n\n\t<section class=\"section dark\" id=\"section_1050823692\">\n\t\t<div class=\"section-bg fill\" >\n\t\t\t\t\t\t\t\t\t\n\t\t\t\n\n\t\t<\/div>\n\n\t\t\n\n\t\t<div class=\"section-content relative\">\n\t\t\t\n\n\t<div id=\"gap-902788071\" class=\"gap-element clearfix\" style=\"display:block; height:auto;\">\n\t\t\n<style>\n#gap-902788071 {\n  padding-top: 30px;\n}\n<\/style>\n\t<\/div>\n\t\n\n<div class=\"row\"  id=\"row-1403700561\">\n\n\n\t<div id=\"col-811797008\" class=\"col medium-12 small-12 large-4\"  >\n\t\t\t\t<div class=\"col-inner\"  >\n\t\t\t\n\t\t\t\n\n\t<div class=\"img has-hover x md-x lg-x y md-y lg-y\" id=\"image_2093011092\">\n\t\t\t\t\t\t\t\t<div class=\"img-inner dark\" >\n\t\t\t<img loading=\"lazy\" decoding=\"async\" width=\"1020\" height=\"306\" src=\"https:\/\/rubikap.com\/wp-content\/uploads\/2023\/05\/rubiakp-logo-1400x420.png\" class=\"attachment-large size-large\" alt=\"\" srcset=\"https:\/\/rubikap.com\/wp-content\/uploads\/2023\/05\/rubiakp-logo-e1683836552396.png 1400w, https:\/\/rubikap.com\/wp-content\/uploads\/2023\/05\/rubiakp-logo-e1683836552396-800x240.png 800w, https:\/\/rubikap.com\/wp-content\/uploads\/2023\/05\/rubiakp-logo-e1683836552396-768x230.png 768w, https:\/\/rubikap.com\/wp-content\/uploads\/2023\/05\/rubiakp-logo-1536x461.png 1536w, https:\/\/rubikap.com\/wp-content\/uploads\/2023\/05\/rubiakp-logo-2048x614.png 2048w, https:\/\/rubikap.com\/wp-content\/uploads\/2023\/05\/rubiakp-logo-e1683836552396-18x5.png 18w, https:\/\/rubikap.com\/wp-content\/uploads\/2023\/05\/rubiakp-logo-e1683836552396-600x180.png 600w\" sizes=\"auto, (max-width: 1020px) 100vw, 1020px\" \/>\t\t\t\t\t\t\n\t\t\t\t\t<\/div>\n\t\t\t\t\t\t\t\t\n<style>\n#image_2093011092 {\n  width: 45%;\n}\n@media (min-width:550px) {\n  #image_2093011092 {\n    width: 25%;\n  }\n}\n@media (min-width:850px) {\n  #image_2093011092 {\n    width: 60%;\n  }\n}\n<\/style>\n\t<\/div>\n\t\n\n\t<div id=\"gap-1219674038\" class=\"gap-element clearfix\" style=\"display:block; height:auto;\">\n\t\t\n<style>\n#gap-1219674038 {\n  padding-top: 10px;\n}\n<\/style>\n\t<\/div>\n\t\n\n<p>Maltepe Mh. Hastane Yolu Sk.<br \/>No:1 34010 Zeytinburnu<br \/>\u0130stanbul \u2013 TURKEY<\/p>\n<a class=\"button white is-link is-small\" >\n\t<i class=\"icon-phone\" aria-hidden=\"true\"><\/i>\t<span>+90 212 567 35 36<\/span>\n\t<\/a>\n\n\n<a class=\"button white is-link is-small lowercase\" >\n\t<i class=\"icon-envelop\" aria-hidden=\"true\"><\/i>\t<span>info@rubikap.com<\/span>\n\t<\/a>\n\n\n\n\t\t<\/div>\n\t\t\t\t\t<\/div>\n\n\t\n\n\t<div id=\"col-961042610\" class=\"col medium-12 small-12 large-8\"  >\n\t\t\t\t<div class=\"col-inner\"  >\n\t\t\t\n\t\t\t\n\n<div class=\"row row-small\"  id=\"row-1515095818\">\n\n\n\t<div id=\"col-1726755962\" class=\"col medium-4 small-12 large-4\"  >\n\t\t\t\t<div class=\"col-inner\"  >\n\t\t\t\n\t\t\t\n\n<h4>Rubikap<\/h4>\n<ul>\n<li class=\"bullet-arrow\"><a href=\"https:\/\/rubikap.com\/en\/\"><span style=\"font-size: 12.96px;\">Home<\/span><\/a><\/li>\n<li class=\"bullet-arrow\"><a href=\"https:\/\/rubikap.com\/en\/hakkimizda\/\"><span style=\"font-size: 12.96px;\">About Us<\/span><\/a><\/li>\n<li class=\"bullet-arrow\"><a href=\"https:\/\/rubikap.com\/en\/sertifikalar\/\"><span style=\"font-size: 12.96px;\">Certificates<\/span><\/a><\/li>\n<li class=\"bullet-arrow\"><a href=\"https:\/\/rubikap.com\/en\/iletisim\/\">Contact<\/a><\/li>\n<\/ul>\n\n\t\t<\/div>\n\t\t\t\t\t<\/div>\n\n\t\n\n\t<div id=\"col-691340808\" class=\"col medium-4 small-12 large-4\"  >\n\t\t\t\t<div class=\"col-inner\"  >\n\t\t\t\n\t\t\t\n\n<h4>PRODUCT GROUPS<\/h4>\n<ul>\n<li class=\"bullet-arrow\"><a href=\"https:\/\/rubikap.com\/en\/product-category\/cok-kullanimlik-urunler\/\"><span style=\"font-size: 12.96px;\">Reusable Products<\/span><\/a><\/li>\n<li class=\"bullet-arrow\"><a href=\"https:\/\/rubikap.com\/en\/product-category\/tek-kullanimlik-urunler\/\"><span style=\"font-size: 12.96px;\">Multi-use PS Products<\/span><\/a><\/li>\n<li class=\"bullet-arrow\"><a href=\"https:\/\/rubikap.com\/en\/product-category\/cok-kullanimlik-urunler\/\"><span style=\"font-size: 12.96px;\">Unbreakable Glass<\/span><\/a><\/li>\n<\/ul>\n\n\t\t<\/div>\n\t\t\t\t\t<\/div>\n\n\t\n\n\t<div id=\"col-2032798124\" class=\"col medium-4 small-12 large-4\"  >\n\t\t\t\t<div class=\"col-inner\"  >\n\t\t\t\n\t\t\t\n\n<div class=\"row\"  id=\"row-1691716088\">\n\n\n\t<div id=\"col-1718541193\" class=\"col small-12 large-12\"  >\n\t\t\t\t<div class=\"col-inner\"  >\n\t\t\t\n\t\t\t\n\n<h4>Social Media<\/h4>\n<div class=\"social-icons follow-icons\" ><a href=\"https:\/\/www.facebook.com\/rubikapplastic\/\" target=\"_blank\" data-label=\"Facebook\" class=\"icon button circle is-outline tooltip facebook\" title=\"Follow on Facebook\" aria-label=\"Follow on Facebook\" rel=\"noopener nofollow\"><i class=\"icon-facebook\" aria-hidden=\"true\"><\/i><\/a><a href=\"https:\/\/www.instagram.com\/rubikap\/\" target=\"_blank\" data-label=\"Instagram\" class=\"icon button circle is-outline tooltip instagram\" title=\"Follow on Instagram\" aria-label=\"Follow on Instagram\" rel=\"noopener nofollow\"><i class=\"icon-instagram\" aria-hidden=\"true\"><\/i><\/a><a href=\"https:\/\/www.linkedin.com\/company\/rubikap\/\" data-label=\"LinkedIn\" target=\"_blank\" class=\"icon button circle is-outline tooltip linkedin\" title=\"Follow on LinkedIn\" aria-label=\"Follow on LinkedIn\" rel=\"noopener nofollow\"><i class=\"icon-linkedin\" aria-hidden=\"true\"><\/i><\/a><a href=\"https:\/\/www.youtube.com\/channel\/UC1GiuVgjjGVTFags6eP43jA\" data-label=\"YouTube\" target=\"_blank\" class=\"icon button circle is-outline tooltip youtube\" title=\"Follow on YouTube\" aria-label=\"Follow on YouTube\" rel=\"noopener nofollow\"><i class=\"icon-youtube\" aria-hidden=\"true\"><\/i><\/a><\/div>\n\n\n\t\t<\/div>\n\t\t\t\t\t<\/div>\n\n\t\n\n<\/div>\n\n\t\t<\/div>\n\t\t\t\t\t<\/div>\n\n\t\n\n<\/div>\n\n\t\t<\/div>\n\t\t\t\t\t<\/div>\n\n\t\n\n<\/div>\n\n\t\t<\/div>\n\n\t\t\n<style>\n#section_1050823692 {\n  padding-top: 30px;\n  padding-bottom: 30px;\n  background-color: #273647;\n}\n@media (min-width:550px) {\n  #section_1050823692 {\n    padding-top: 60px;\n    padding-bottom: 60px;\n  }\n}\n<\/style>\n\t<\/section>","protected":false},"excerpt":{"rendered":"","protected":false},"author":1,"featured_media":0,"parent":0,"menu_order":0,"comment_status":"closed","ping_status":"closed","template":"page-blank.php","meta":{"footnotes":""},"class_list":["post-854","page","type-page","status-publish","hentry"],"yoast_head":"<!-- This site is optimized with the Yoast SEO plugin v27.4 - https:\/\/yoast.com\/product\/yoast-seo-wordpress\/ -->\n<title>S.S.S - Rubikap Plastic Tableware<\/title>\n<meta name=\"robots\" content=\"index, follow, max-snippet:-1, max-image-preview:large, max-video-preview:-1\" \/>\n<link rel=\"canonical\" href=\"https:\/\/rubikap.com\/en\/s-s-s\/\" \/>\n<meta property=\"og:locale\" content=\"en_US\" \/>\n<meta property=\"og:type\" content=\"article\" \/>\n<meta property=\"og:title\" content=\"S.S.S - Rubikap Plastic Tableware\" \/>\n<meta property=\"og:url\" content=\"https:\/\/rubikap.com\/en\/s-s-s\/\" \/>\n<meta property=\"og:site_name\" content=\"Rubikap Plastic Tableware\" \/>\n<meta property=\"article:publisher\" content=\"https:\/\/www.facebook.com\/rubikapplastic\/\" \/>\n<meta property=\"article:modified_time\" content=\"2025-04-11T10:10:21+00:00\" \/>\n<meta property=\"og:image\" content=\"https:\/\/rubikap.com\/wp-content\/uploads\/2023\/05\/polikarbonat-kirilmaz-bardak-rubikap-prizmaa-serisi.png\" \/>\n\t<meta property=\"og:image:width\" content=\"1500\" \/>\n\t<meta property=\"og:image:height\" content=\"891\" \/>\n\t<meta property=\"og:image:type\" content=\"image\/png\" \/>\n<meta name=\"twitter:card\" content=\"summary_large_image\" \/>\n<meta name=\"twitter:label1\" content=\"Est. reading time\" \/>\n\t<meta name=\"twitter:data1\" content=\"4 minutes\" \/>\n<!-- \/ Yoast SEO plugin. -->","yoast_head_json":{"title":"S.S.S - Rubikap Plastic Tableware","robots":{"index":"index","follow":"follow","max-snippet":"max-snippet:-1","max-image-preview":"max-image-preview:large","max-video-preview":"max-video-preview:-1"},"canonical":"https:\/\/rubikap.com\/en\/s-s-s\/","og_locale":"en_US","og_type":"article","og_title":"S.S.S - Rubikap Plastic Tableware","og_url":"https:\/\/rubikap.com\/en\/s-s-s\/","og_site_name":"Rubikap Plastic Tableware","article_publisher":"https:\/\/www.facebook.com\/rubikapplastic\/","article_modified_time":"2025-04-11T10:10:21+00:00","og_image":[{"width":1500,"height":891,"url":"https:\/\/rubikap.com\/wp-content\/uploads\/2023\/05\/polikarbonat-kirilmaz-bardak-rubikap-prizmaa-serisi.png","type":"image\/png"}],"twitter_card":"summary_large_image","twitter_misc":{"Est. reading time":"4 minutes"},"schema":{"@context":"https:\/\/schema.org","@graph":[{"@type":"WebPage","@id":"https:\/\/rubikap.com\/s-s-s\/","url":"https:\/\/rubikap.com\/s-s-s\/","name":"S.S.S - Rubikap Plastic Tableware","isPartOf":{"@id":"https:\/\/rubikap.com\/#website"},"datePublished":"2022-06-28T22:58:32+00:00","dateModified":"2025-04-11T10:10:21+00:00","breadcrumb":{"@id":"https:\/\/rubikap.com\/s-s-s\/#breadcrumb"},"inLanguage":"en-US","potentialAction":[{"@type":"ReadAction","target":["https:\/\/rubikap.com\/s-s-s\/"]}]},{"@type":"BreadcrumbList","@id":"https:\/\/rubikap.com\/s-s-s\/#breadcrumb","itemListElement":[{"@type":"ListItem","position":1,"name":"Anasayfa","item":"https:\/\/rubikap.com\/"},{"@type":"ListItem","position":2,"name":"S.S.S"}]},{"@type":"WebSite","@id":"https:\/\/rubikap.com\/#website","url":"https:\/\/rubikap.com\/","name":"Rubikap","description":"","publisher":{"@id":"https:\/\/rubikap.com\/#organization"},"potentialAction":[{"@type":"SearchAction","target":{"@type":"EntryPoint","urlTemplate":"https:\/\/rubikap.com\/?s={search_term_string}"},"query-input":{"@type":"PropertyValueSpecification","valueRequired":true,"valueName":"search_term_string"}}],"inLanguage":"en-US"},{"@type":"Organization","@id":"https:\/\/rubikap.com\/#organization","name":"Rubikap","url":"https:\/\/rubikap.com\/","logo":{"@type":"ImageObject","inLanguage":"en-US","@id":"https:\/\/rubikap.com\/#\/schema\/logo\/image\/","url":"https:\/\/rubikap.com\/wp-content\/uploads\/2023\/05\/rubiakp-logo-e1683836552396.png","contentUrl":"https:\/\/rubikap.com\/wp-content\/uploads\/2023\/05\/rubiakp-logo-e1683836552396.png","width":1400,"height":420,"caption":"Rubikap"},"image":{"@id":"https:\/\/rubikap.com\/#\/schema\/logo\/image\/"},"sameAs":["https:\/\/www.facebook.com\/rubikapplastic\/","https:\/\/www.instagram.com\/rubikap\/","https:\/\/www.youtube.com\/channel\/UC1GiuVgjjGVTFags6eP43jA"]}]}},"_links":{"self":[{"href":"https:\/\/rubikap.com\/en\/wp-json\/wp\/v2\/pages\/854","targetHints":{"allow":["GET"]}}],"collection":[{"href":"https:\/\/rubikap.com\/en\/wp-json\/wp\/v2\/pages"}],"about":[{"href":"https:\/\/rubikap.com\/en\/wp-json\/wp\/v2\/types\/page"}],"author":[{"embeddable":true,"href":"https:\/\/rubikap.com\/en\/wp-json\/wp\/v2\/users\/1"}],"replies":[{"embeddable":true,"href":"https:\/\/rubikap.com\/en\/wp-json\/wp\/v2\/comments?post=854"}],"version-history":[{"count":14,"href":"https:\/\/rubikap.com\/en\/wp-json\/wp\/v2\/pages\/854\/revisions"}],"predecessor-version":[{"id":8641,"href":"https:\/\/rubikap.com\/en\/wp-json\/wp\/v2\/pages\/854\/revisions\/8641"}],"wp:attachment":[{"href":"https:\/\/rubikap.com\/en\/wp-json\/wp\/v2\/media?parent=854"}],"curies":[{"name":"wp","href":"https:\/\/api.w.org\/{rel}","templated":true}]}}