{"id":834,"date":"2022-06-29T01:44:37","date_gmt":"2022-06-28T22:44:37","guid":{"rendered":"https:\/\/rubikap.com\/?page_id=834"},"modified":"2025-04-11T13:13:03","modified_gmt":"2025-04-11T10:13:03","slug":"iletisim","status":"publish","type":"page","link":"https:\/\/rubikap.com\/en\/iletisim\/","title":{"rendered":"CONTACT"},"content":{"rendered":"<div class=\"banner has-hover\" id=\"banner-1804744333\">\n          <div class=\"banner-inner fill\">\n        <div class=\"banner-bg fill\" >\n            <img loading=\"lazy\" decoding=\"async\" width=\"1020\" height=\"711\" src=\"https:\/\/rubikap.com\/wp-content\/uploads\/2022\/06\/Rubikap-Plastic-1024x714-1.jpeg\" class=\"bg attachment-large size-large\" alt=\"\" \/>                        <div class=\"overlay\"><\/div>            \n                    <\/div>\n\t\t\n        <div class=\"banner-layers container\">\n            <div class=\"fill banner-link\"><\/div>            \n\n   <div id=\"text-box-982527248\" class=\"text-box banner-layer x50 md-x50 lg-x50 y35 md-y35 lg-y35 res-text\">\n                                <div class=\"text-box-content text dark\">\n              \n              <div class=\"text-inner text-center\">\n                  \n\n<h2 class=\"uppercase\"><strong>Contact Us<\/strong><\/h2>\n<div id=\"gtx-trans\" style=\"position: absolute; left: -38px; top: -4.88281px;\">\n<div class=\"gtx-trans-icon\">\u00a0<\/div>\n<\/div>\n\n              <\/div>\n           <\/div>\n                            \n<style>\n#text-box-982527248 {\n  width: 60%;\n}\n#text-box-982527248 .text-box-content {\n  font-size: 100%;\n}\n@media (min-width:550px) {\n  #text-box-982527248 {\n    width: 40%;\n  }\n}\n<\/style>\n    <\/div>\n \n\n        <\/div>\n      <\/div>\n\n            \n<style>\n#banner-1804744333 {\n  padding-top: 500px;\n}\n#banner-1804744333 .overlay {\n  background-color: rgba(0,0,0,.5);\n}\n<\/style>\n  <\/div>\n\n\n<div class=\"row row-large\" style=\"max-width:1400px\" id=\"row-782676898\">\n\n\n\t<div id=\"col-1894189725\" class=\"col small-12 large-12\"  >\n\t\t\t\t<div class=\"col-inner\" style=\"background-color:rgb(255, 255, 255);\" >\n\t\t\t\n\t\t\t\n\n<div class=\"row row-collapse row-full-width\"  id=\"row-1846605613\">\n\n\n\t<div id=\"col-1773906537\" class=\"col medium-6 small-12 large-6\"  >\n\t\t\t\t<div class=\"col-inner\"  >\n\t\t\t\n\t\t\t\n\n<h2><span style=\"font-size: 120%;\">Contact Information<\/span><\/h2>\n<div id=\"gtx-trans\" style=\"position: absolute; left: -38px; top: 54.2031px;\">\n<div class=\"gtx-trans-icon\">\u00a0<\/div>\n<\/div>\n\t<div id=\"gap-81731919\" class=\"gap-element clearfix\" style=\"display:block; height:auto;\">\n\t\t\n<style>\n#gap-81731919 {\n  padding-top: 20px;\n}\n@media (min-width:550px) {\n  #gap-81731919 {\n    padding-top: 20px;\n  }\n}\n@media (min-width:850px) {\n  #gap-81731919 {\n    padding-top: 30px;\n  }\n}\n<\/style>\n\t<\/div>\n\t\n\n<div class=\"row\"  id=\"row-1644501946\">\n\n\n\t<div id=\"col-1144116451\" class=\"col small-12 large-12\"  >\n\t\t\t\t<div class=\"col-inner\"  >\n\t\t\t\n\t\t\t\n\n<h3><strong>Factory &amp; Head Office<\/strong><\/h3>\n<p><strong>METPLAS Metal ve Plastik Sanayi Ticaret A.\u015e.<\/strong><br \/>Maltepe Mh. Hastane Yolu Sk. <br \/>No:1 34010 Zeytinburnu<br \/>\u0130stanbul &#8211; TURKEY<\/p>\n<p><strong>E-MAIL<\/strong><br \/>info@rubikap.com<\/p>\n<p><strong>TELEPHONE<\/strong><br \/><a href=\"tel:+902125673536\">+90 212 567 35 36<\/a><br \/><a href=\"tel:+902125013376\">+90 212 501 33 76<\/a><\/p>\n<h3><strong>Germany Office<\/strong><\/h3>\n<p><strong>Rubikap GmbH<\/strong><br \/>Bergheimer Stra\u00dfe 89\/1<br \/>69115 Heidelberg<\/p>\n<p><strong>E-MAIL<\/strong><br \/>export@rubikap.com<\/p>\n<p><strong>TELEPHONE<\/strong><br \/><a href=\"http:\/\/+49 176 80846542\" data-wplink-url-error=\"true\">+49 176 80846542<\/a><\/p>\n<div id=\"gtx-trans\" style=\"position: absolute; left: 37px; top: 225.875px;\">\n<div class=\"gtx-trans-icon\">\u00a0<\/div>\n<\/div>\n\n\t\t<\/div>\n\t\t\t\t\t<\/div>\n\n\t\n\n<\/div>\n\n\t\t<\/div>\n\t\t\t\t\n<style>\n#col-1773906537 > .col-inner {\n  padding: 0px 0px 0px 20px;\n}\n<\/style>\n\t<\/div>\n\n\t\n\n\t<div id=\"col-577552154\" class=\"col medium-6 small-12 large-6\"  >\n\t\t\t\t<div class=\"col-inner\"  >\n\t\t\t\n\t\t\t\n\n<h3><span style=\"font-size: 120%;\">Factory &amp; Head Office<\/span><\/h3>\n<div id=\"gtx-trans\" style=\"position: absolute; left: -23px; top: -4.38281px;\">\n<div class=\"gtx-trans-icon\">\u00a0<\/div>\n<\/div>\n\t<div id=\"gap-170224645\" class=\"gap-element clearfix\" style=\"display:block; height:auto;\">\n\t\t\n<style>\n#gap-170224645 {\n  padding-top: 20px;\n}\n@media (min-width:550px) {\n  #gap-170224645 {\n    padding-top: 20px;\n  }\n}\n@media (min-width:850px) {\n  #gap-170224645 {\n    padding-top: 30px;\n  }\n}\n<\/style>\n\t<\/div>\n\t\n\n<p><iframe src=\"https:\/\/www.google.com\/maps\/embed?pb=!1m18!1m12!1m3!1d3009.773720596325!2d28.90594591549229!3d41.03020622602382!2m3!1f0!2f0!3f0!3m2!1i1024!2i768!4f13.1!3m3!1m2!1s0x14caba5fa47253cb%3A0x8f202402777b5171!2sRubikap!5e0!3m2!1str!2str!4v1667524663395!5m2!1str!2str\" width=\"600\" height=\"450\" style=\"border:0;\" allowfullscreen=\"\" loading=\"lazy\" referrerpolicy=\"no-referrer-when-downgrade\"><\/iframe><\/p>\n\n\t\t<\/div>\n\t\t\t\t\t<\/div>\n\n\t\n\n\n<style>\n#row-1846605613 > .col > .col-inner {\n  padding: 0px 15px 0px 15px;\n}\n<\/style>\n<\/div>\n\n\t\t<\/div>\n\t\t\t\t\n<style>\n#col-1894189725 > .col-inner {\n  padding: 50px 20px 0px 20px;\n  margin: -0 0px 0px 0px;\n}\n@media (min-width:550px) {\n  #col-1894189725 > .col-inner {\n    padding: 50px 20px 30px 20px;\n    margin: 0 0px 0px 0px;\n  }\n}\n@media (min-width:850px) {\n  #col-1894189725 > .col-inner {\n    padding: 66px 5% 16px 5%;\n    margin: -135px 0px 0px 0px;\n  }\n}\n<\/style>\n\t<\/div>\n\n\t\n\n<\/div>\n\n\t<section class=\"section dark\" id=\"section_865723817\">\n\t\t<div class=\"section-bg fill\" >\n\t\t\t\t\t\t\t\t\t\n\t\t\t\n\n\t\t<\/div>\n\n\t\t\n\n\t\t<div class=\"section-content relative\">\n\t\t\t\n\n\t<div id=\"gap-686948497\" class=\"gap-element clearfix\" style=\"display:block; height:auto;\">\n\t\t\n<style>\n#gap-686948497 {\n  padding-top: 30px;\n}\n<\/style>\n\t<\/div>\n\t\n\n<div class=\"row\"  id=\"row-1727046444\">\n\n\n\t<div id=\"col-984088081\" class=\"col medium-12 small-12 large-4\"  >\n\t\t\t\t<div class=\"col-inner\"  >\n\t\t\t\n\t\t\t\n\n\t<div class=\"img has-hover x md-x lg-x y md-y lg-y\" id=\"image_588744596\">\n\t\t\t\t\t\t\t\t<div class=\"img-inner dark\" >\n\t\t\t<img loading=\"lazy\" decoding=\"async\" width=\"1020\" height=\"306\" src=\"https:\/\/rubikap.com\/wp-content\/uploads\/2023\/05\/rubiakp-logo-1400x420.png\" class=\"attachment-large size-large\" alt=\"\" srcset=\"https:\/\/rubikap.com\/wp-content\/uploads\/2023\/05\/rubiakp-logo-e1683836552396.png 1400w, https:\/\/rubikap.com\/wp-content\/uploads\/2023\/05\/rubiakp-logo-e1683836552396-800x240.png 800w, https:\/\/rubikap.com\/wp-content\/uploads\/2023\/05\/rubiakp-logo-e1683836552396-768x230.png 768w, https:\/\/rubikap.com\/wp-content\/uploads\/2023\/05\/rubiakp-logo-1536x461.png 1536w, https:\/\/rubikap.com\/wp-content\/uploads\/2023\/05\/rubiakp-logo-2048x614.png 2048w, https:\/\/rubikap.com\/wp-content\/uploads\/2023\/05\/rubiakp-logo-e1683836552396-18x5.png 18w, https:\/\/rubikap.com\/wp-content\/uploads\/2023\/05\/rubiakp-logo-e1683836552396-600x180.png 600w\" sizes=\"auto, (max-width: 1020px) 100vw, 1020px\" \/>\t\t\t\t\t\t\n\t\t\t\t\t<\/div>\n\t\t\t\t\t\t\t\t\n<style>\n#image_588744596 {\n  width: 45%;\n}\n@media (min-width:550px) {\n  #image_588744596 {\n    width: 25%;\n  }\n}\n@media (min-width:850px) {\n  #image_588744596 {\n    width: 60%;\n  }\n}\n<\/style>\n\t<\/div>\n\t\n\n\t<div id=\"gap-860028712\" class=\"gap-element clearfix\" style=\"display:block; height:auto;\">\n\t\t\n<style>\n#gap-860028712 {\n  padding-top: 10px;\n}\n<\/style>\n\t<\/div>\n\t\n\n<p>Maltepe Mh. Hastane Yolu Sk.<br \/>No:1 34010 Zeytinburnu<br \/>\u0130stanbul \u2013 TURKEY<\/p>\n<a class=\"button white is-link is-small\" >\n\t<i class=\"icon-phone\" aria-hidden=\"true\"><\/i>\t<span>+90 212 567 35 36<\/span>\n\t<\/a>\n\n\n<a class=\"button white is-link is-small lowercase\" >\n\t<i class=\"icon-envelop\" aria-hidden=\"true\"><\/i>\t<span>info@rubikap.com<\/span>\n\t<\/a>\n\n\n\n\t\t<\/div>\n\t\t\t\t\t<\/div>\n\n\t\n\n\t<div id=\"col-1906424115\" class=\"col medium-12 small-12 large-8\"  >\n\t\t\t\t<div class=\"col-inner\"  >\n\t\t\t\n\t\t\t\n\n<div class=\"row row-small\"  id=\"row-496829730\">\n\n\n\t<div id=\"col-1818863300\" class=\"col medium-4 small-12 large-4\"  >\n\t\t\t\t<div class=\"col-inner\"  >\n\t\t\t\n\t\t\t\n\n<h4>Rubikap<\/h4>\n<ul>\n<li class=\"bullet-arrow\"><a href=\"https:\/\/rubikap.com\/en\/\"><span style=\"font-size: 12.96px;\">Home<\/span><\/a><\/li>\n<li class=\"bullet-arrow\"><a href=\"https:\/\/rubikap.com\/en\/hakkimizda\/\"><span style=\"font-size: 12.96px;\">About Us<\/span><\/a><\/li>\n<li class=\"bullet-arrow\"><a href=\"https:\/\/rubikap.com\/en\/sertifikalar\/\"><span style=\"font-size: 12.96px;\">Certificates<\/span><\/a><\/li>\n<li class=\"bullet-arrow\"><a href=\"https:\/\/rubikap.com\/en\/iletisim\/\">Contact<\/a><\/li>\n<\/ul>\n\n\t\t<\/div>\n\t\t\t\t\t<\/div>\n\n\t\n\n\t<div id=\"col-1958958771\" class=\"col medium-4 small-12 large-4\"  >\n\t\t\t\t<div class=\"col-inner\"  >\n\t\t\t\n\t\t\t\n\n<h4>PRODUCT GROUPS<\/h4>\n<ul>\n<li class=\"bullet-arrow\"><a href=\"https:\/\/rubikap.com\/en\/product-category\/cok-kullanimlik-urunler\/\"><span style=\"font-size: 12.96px;\">Reusable Products<\/span><\/a><\/li>\n<li class=\"bullet-arrow\"><a href=\"https:\/\/rubikap.com\/en\/product-category\/tek-kullanimlik-urunler\/\"><span style=\"font-size: 12.96px;\">Multi-use PS Products<\/span><\/a><\/li>\n<li class=\"bullet-arrow\"><a href=\"https:\/\/rubikap.com\/en\/product-category\/cok-kullanimlik-urunler\/\"><span style=\"font-size: 12.96px;\">Unbreakable Glass<\/span><\/a><\/li>\n<\/ul>\n\n\t\t<\/div>\n\t\t\t\t\t<\/div>\n\n\t\n\n\t<div id=\"col-314875248\" class=\"col medium-4 small-12 large-4\"  >\n\t\t\t\t<div class=\"col-inner\"  >\n\t\t\t\n\t\t\t\n\n<div class=\"row\"  id=\"row-1424473803\">\n\n\n\t<div id=\"col-2096602733\" class=\"col small-12 large-12\"  >\n\t\t\t\t<div class=\"col-inner\"  >\n\t\t\t\n\t\t\t\n\n<h4>Social Media<\/h4>\n<div class=\"social-icons follow-icons\" ><a href=\"https:\/\/www.facebook.com\/rubikapplastic\/\" target=\"_blank\" data-label=\"Facebook\" class=\"icon button circle is-outline tooltip facebook\" title=\"Follow on Facebook\" aria-label=\"Follow on Facebook\" rel=\"noopener nofollow\"><i class=\"icon-facebook\" aria-hidden=\"true\"><\/i><\/a><a href=\"https:\/\/www.instagram.com\/rubikap\/\" target=\"_blank\" data-label=\"Instagram\" class=\"icon button circle is-outline tooltip instagram\" title=\"Follow on Instagram\" aria-label=\"Follow on Instagram\" rel=\"noopener nofollow\"><i class=\"icon-instagram\" aria-hidden=\"true\"><\/i><\/a><a href=\"https:\/\/www.linkedin.com\/company\/rubikap\/\" data-label=\"LinkedIn\" target=\"_blank\" class=\"icon button circle is-outline tooltip linkedin\" title=\"Follow on LinkedIn\" aria-label=\"Follow on LinkedIn\" rel=\"noopener nofollow\"><i class=\"icon-linkedin\" aria-hidden=\"true\"><\/i><\/a><a href=\"https:\/\/www.youtube.com\/channel\/UC1GiuVgjjGVTFags6eP43jA\" data-label=\"YouTube\" target=\"_blank\" class=\"icon button circle is-outline tooltip youtube\" title=\"Follow on YouTube\" aria-label=\"Follow on YouTube\" rel=\"noopener nofollow\"><i class=\"icon-youtube\" aria-hidden=\"true\"><\/i><\/a><\/div>\n\n\n\t\t<\/div>\n\t\t\t\t\t<\/div>\n\n\t\n\n<\/div>\n\n\t\t<\/div>\n\t\t\t\t\t<\/div>\n\n\t\n\n<\/div>\n\n\t\t<\/div>\n\t\t\t\t\t<\/div>\n\n\t\n\n<\/div>\n\n\t\t<\/div>\n\n\t\t\n<style>\n#section_865723817 {\n  padding-top: 30px;\n  padding-bottom: 30px;\n  background-color: #273647;\n}\n@media (min-width:550px) {\n  #section_865723817 {\n    padding-top: 60px;\n    padding-bottom: 60px;\n  }\n}\n<\/style>\n\t<\/section>","protected":false},"excerpt":{"rendered":"","protected":false},"author":1,"featured_media":0,"parent":0,"menu_order":0,"comment_status":"closed","ping_status":"closed","template":"page-blank.php","meta":{"footnotes":""},"class_list":["post-834","page","type-page","status-publish","hentry"],"yoast_head":"<!-- This site is optimized with the Yoast SEO plugin v27.4 - https:\/\/yoast.com\/product\/yoast-seo-wordpress\/ -->\n<title>\u0130LET\u0130\u015e\u0130M - Rubikap Plastic Tableware<\/title>\n<meta name=\"robots\" content=\"index, follow, max-snippet:-1, max-image-preview:large, max-video-preview:-1\" \/>\n<link rel=\"canonical\" href=\"https:\/\/rubikap.com\/en\/iletisim\/\" \/>\n<meta property=\"og:locale\" content=\"en_US\" \/>\n<meta property=\"og:type\" content=\"article\" \/>\n<meta property=\"og:title\" content=\"\u0130LET\u0130\u015e\u0130M - Rubikap Plastic Tableware\" \/>\n<meta property=\"og:url\" content=\"https:\/\/rubikap.com\/en\/iletisim\/\" \/>\n<meta property=\"og:site_name\" content=\"Rubikap Plastic Tableware\" \/>\n<meta property=\"article:publisher\" content=\"https:\/\/www.facebook.com\/rubikapplastic\/\" \/>\n<meta property=\"article:modified_time\" content=\"2025-04-11T10:13:03+00:00\" \/>\n<meta property=\"og:image\" content=\"https:\/\/rubikap.com\/wp-content\/uploads\/2023\/05\/polikarbonat-kirilmaz-bardak-rubikap-prizmaa-serisi.png\" \/>\n\t<meta property=\"og:image:width\" content=\"1500\" \/>\n\t<meta property=\"og:image:height\" content=\"891\" \/>\n\t<meta property=\"og:image:type\" content=\"image\/png\" \/>\n<meta name=\"twitter:card\" content=\"summary_large_image\" \/>\n<meta name=\"twitter:label1\" content=\"Est. reading time\" \/>\n\t<meta name=\"twitter:data1\" content=\"2 minutes\" \/>\n<!-- \/ Yoast SEO plugin. -->","yoast_head_json":{"title":"\u0130LET\u0130\u015e\u0130M - Rubikap Plastic Tableware","robots":{"index":"index","follow":"follow","max-snippet":"max-snippet:-1","max-image-preview":"max-image-preview:large","max-video-preview":"max-video-preview:-1"},"canonical":"https:\/\/rubikap.com\/en\/iletisim\/","og_locale":"en_US","og_type":"article","og_title":"\u0130LET\u0130\u015e\u0130M - Rubikap Plastic Tableware","og_url":"https:\/\/rubikap.com\/en\/iletisim\/","og_site_name":"Rubikap Plastic Tableware","article_publisher":"https:\/\/www.facebook.com\/rubikapplastic\/","article_modified_time":"2025-04-11T10:13:03+00:00","og_image":[{"width":1500,"height":891,"url":"https:\/\/rubikap.com\/wp-content\/uploads\/2023\/05\/polikarbonat-kirilmaz-bardak-rubikap-prizmaa-serisi.png","type":"image\/png"}],"twitter_card":"summary_large_image","twitter_misc":{"Est. reading time":"2 minutes"},"schema":{"@context":"https:\/\/schema.org","@graph":[{"@type":"WebPage","@id":"https:\/\/rubikap.com\/iletisim\/","url":"https:\/\/rubikap.com\/iletisim\/","name":"\u0130LET\u0130\u015e\u0130M - Rubikap Plastic Tableware","isPartOf":{"@id":"https:\/\/rubikap.com\/#website"},"datePublished":"2022-06-28T22:44:37+00:00","dateModified":"2025-04-11T10:13:03+00:00","breadcrumb":{"@id":"https:\/\/rubikap.com\/iletisim\/#breadcrumb"},"inLanguage":"en-US","potentialAction":[{"@type":"ReadAction","target":["https:\/\/rubikap.com\/iletisim\/"]}]},{"@type":"BreadcrumbList","@id":"https:\/\/rubikap.com\/iletisim\/#breadcrumb","itemListElement":[{"@type":"ListItem","position":1,"name":"Anasayfa","item":"https:\/\/rubikap.com\/"},{"@type":"ListItem","position":2,"name":"\u0130LET\u0130\u015e\u0130M"}]},{"@type":"WebSite","@id":"https:\/\/rubikap.com\/#website","url":"https:\/\/rubikap.com\/","name":"Rubikap","description":"","publisher":{"@id":"https:\/\/rubikap.com\/#organization"},"potentialAction":[{"@type":"SearchAction","target":{"@type":"EntryPoint","urlTemplate":"https:\/\/rubikap.com\/?s={search_term_string}"},"query-input":{"@type":"PropertyValueSpecification","valueRequired":true,"valueName":"search_term_string"}}],"inLanguage":"en-US"},{"@type":"Organization","@id":"https:\/\/rubikap.com\/#organization","name":"Rubikap","url":"https:\/\/rubikap.com\/","logo":{"@type":"ImageObject","inLanguage":"en-US","@id":"https:\/\/rubikap.com\/#\/schema\/logo\/image\/","url":"https:\/\/rubikap.com\/wp-content\/uploads\/2023\/05\/rubiakp-logo-e1683836552396.png","contentUrl":"https:\/\/rubikap.com\/wp-content\/uploads\/2023\/05\/rubiakp-logo-e1683836552396.png","width":1400,"height":420,"caption":"Rubikap"},"image":{"@id":"https:\/\/rubikap.com\/#\/schema\/logo\/image\/"},"sameAs":["https:\/\/www.facebook.com\/rubikapplastic\/","https:\/\/www.instagram.com\/rubikap\/","https:\/\/www.youtube.com\/channel\/UC1GiuVgjjGVTFags6eP43jA"]}]}},"_links":{"self":[{"href":"https:\/\/rubikap.com\/en\/wp-json\/wp\/v2\/pages\/834","targetHints":{"allow":["GET"]}}],"collection":[{"href":"https:\/\/rubikap.com\/en\/wp-json\/wp\/v2\/pages"}],"about":[{"href":"https:\/\/rubikap.com\/en\/wp-json\/wp\/v2\/types\/page"}],"author":[{"embeddable":true,"href":"https:\/\/rubikap.com\/en\/wp-json\/wp\/v2\/users\/1"}],"replies":[{"embeddable":true,"href":"https:\/\/rubikap.com\/en\/wp-json\/wp\/v2\/comments?post=834"}],"version-history":[{"count":16,"href":"https:\/\/rubikap.com\/en\/wp-json\/wp\/v2\/pages\/834\/revisions"}],"predecessor-version":[{"id":8643,"href":"https:\/\/rubikap.com\/en\/wp-json\/wp\/v2\/pages\/834\/revisions\/8643"}],"wp:attachment":[{"href":"https:\/\/rubikap.com\/en\/wp-json\/wp\/v2\/media?parent=834"}],"curies":[{"name":"wp","href":"https:\/\/api.w.org\/{rel}","templated":true}]}}